{"id":32497,"date":"2026-04-14T05:23:37","date_gmt":"2026-04-14T03:23:37","guid":{"rendered":"https:\/\/pagon24.pl\/?post_type=product&#038;p=32497"},"modified":"2026-04-14T05:24:47","modified_gmt":"2026-04-14T03:24:47","slug":"mundur-wyjsciowy-wojsk-ladowych","status":"publish","type":"product","link":"https:\/\/pagon24.pl\/en\/product\/mundur-wyjsciowy-wojsk-ladowych\/","title":{"rendered":"Mundur m\u0119ski wyj\u015bciowy Wojsk L\u0105dowych wz\u00f3r 101\/MON wz\u00f3r tabela"},"content":{"rendered":"<h2 class=\"wp-block-heading has-large-font-size\"><strong>Mundur m\u0119ski wyj\u015bciowy Wojsk L\u0105dowych wz\u00f3r 101\/MON wz\u00f3r tabela<\/strong><\/h2>\n<p><strong>Mundur wyj\u015bciowy wz. 101\/MON\u00a0<\/strong>to klasyka wojskowego umundurowania, kt\u00f3ra \u0142\u0105czy elegancj\u0119 z funkcjonalno\u015bci\u0105 i presti\u017cem. Wykonany z wysokiej jako\u015bci tkaniny w charakterystycznym kolorze\u00a0khaki, prezentuje si\u0119 wyj\u0105tkowo reprezentacyjnie\u00a0podczas pe\u0142nienia czynno\u015bci s\u0142u\u017cbowych. To oficjalny komplet wykonany\u00a0wed\u0142ug wzoru\u00a0<strong>MON<\/strong>,\u00a0wykorzystywany przez\u00a0<strong>\u017co\u0142nierzy Wojsk L\u0105dowych Si\u0142 Zbrojnych RP.<\/strong><\/p>\n<p>Dzi\u0119ki ponadczasowemu krojowi i zgodno\u015bci z aktualnymi normami wojska polskiego, mundur stanowi doskona\u0142y wyb\u00f3r zar\u00f3wno\u00a0<strong>dla \u017co\u0142nierzy czynnej s\u0142u\u017cby, jak i rezerwist\u00f3w oraz kolekcjoner\u00f3w umundurowania.<\/strong><\/p>\n<h3 class=\"wp-block-heading has-x-large-font-size\"><strong>Specyfikacja techniczna<\/strong><\/h3>\n<ul class=\"wp-block-list\">\n<li><strong>Wz\u00f3r: 101\/MON\u00a0(aktualny wz\u00f3r wyj\u015bciowy Wojsk L\u0105dowych)<\/strong><\/li>\n<li><strong>Komplet:<\/strong>\u00a0marynarka + spodnie<\/li>\n<li><strong>Materia\u0142:\u00a0<\/strong>wysokogatunkowa gabardyna mundurowa (odporna na zagniecenia)<\/li>\n<li><strong>Kolor:<\/strong>\u00a0khaki (zgodny z dokumentacj\u0105 MON)<\/li>\n<li><strong>Marynarka:<\/strong>\u00a0jednorz\u0119dowa, zapinana na 4 guziki mundurowe<\/li>\n<li><strong>4 kieszenie z patkami\u00a0i zapi\u0119ciem na guziki<\/strong><\/li>\n<li><strong>Naramienniki na guziki\u00a0\u2013<\/strong>\u00a0miejsce na stopie\u0144<\/li>\n<li><strong>Spodnie<\/strong>:\u00a0klasyczne, ze szlufkami pod pas o szeroko\u015bci do 5 cm<\/li>\n<li><strong>Produkt nowy:<\/strong>\u00a0wykonany wed\u0142ug wojskowej dokumentacji techniczno-technologicznej<\/li>\n<\/ul>\n<h3 class=\"wp-block-heading has-x-large-font-size\"><strong>Zalety<\/strong><\/h3>\n<ul class=\"wp-block-list\">\n<li><strong>Oficjalny wz\u00f3r MON<\/strong>\u00a0\u2013\u00a0idealny do codziennego pe\u0142nienia czynno\u015bci s\u0142u\u017cbowych<\/li>\n<li><strong>Wysoka jako\u015b\u0107 wykonania<\/strong>\u00a0\u2013 trwa\u0142y materia\u0142 i precyzyjne szycie<\/li>\n<li><strong>Szeroka gama rozmiar\u00f3w<\/strong>\u00a0\u2013 dopasowanie do ka\u017cdej sylwetki<\/li>\n<li><strong>\u0141atwy w utrzymaniu czysto\u015bci\u00a0<\/strong>\u2013 tkanina odporna na zabrudzenia i zagniecenia<\/li>\n<li><strong>Mo\u017cliwo\u015b\u0107 obszycia dystynkcji\u00a0<\/strong>\u2013 przygotowany na personalizacj\u0119 zgodn\u0105 z rang\u0105<\/li>\n<\/ul>\n<h3 class=\"wp-block-heading has-x-large-font-size\">Dodatkowe informacje<\/h3>\n<p><strong>\u2139\ufe0fOpcjonalna personalizacja\u00a0\u2013 mo\u017cliwo\u015b\u0107 obszycia stopniem s\u0142u\u017cbowym<\/strong>,<strong>\u00a0p\u0142atne osobno\u2139\ufe0f<\/strong><\/p>","protected":false},"excerpt":{"rendered":"<p>Mundur wyj\u015bciowy wz. 101\/MON\u00a0to klasyka wojskowego umundurowania, kt\u00f3ra \u0142\u0105czy elegancj\u0119 z funkcjonalno\u015bci\u0105 i presti\u017cem. Wykonany z wysokiej jako\u015bci tkaniny w charakterystycznym kolorze\u00a0khaki, prezentuje si\u0119 wyj\u0105tkowo reprezentacyjnie\u00a0podczas pe\u0142nienia czynno\u015bci s\u0142u\u017cbowych. To oficjalny komplet wykonany\u00a0wed\u0142ug wzoru MON,\u00a0wykorzystywany przez \u017co\u0142nierzy Wojsk L\u0105dowych Si\u0142 Zbrojnych RP.<\/p>\n<p>Wymiary tabelowe to:\u00a0<strong>SZER. KLATKI\/ WZROST\/ SZER. PASA\u00a0\u00a0<\/strong><\/p>","protected":false},"featured_media":32550,"comment_status":"open","ping_status":"closed","template":"","meta":[],"product_brand":[],"product_cat":[287,285],"product_tag":[],"class_list":{"0":"post-32497","1":"product","2":"type-product","3":"status-publish","4":"has-post-thumbnail","6":"product_cat-mundury-wojskowe","7":"product_cat-wojsko","9":"first","10":"instock","11":"taxable","12":"shipping-taxable","13":"purchasable","14":"product-type-variable"},"yoast_head":"<!-- This site is optimized with the Yoast SEO plugin v27.5 - https:\/\/yoast.com\/product\/yoast-seo-wordpress\/ -->\n<title>Mundur m\u0119ski wyj\u015bciowy Wojsk L\u0105dowych wz\u00f3r 101\/MON wz\u00f3r tabela - Pagon24.pl<\/title>\n<meta name=\"description\" content=\"Mundur wyj\u015bciowy wz. 101\/MON\u00a0to klasyka wojskowego umundurowania, kt\u00f3ra \u0142\u0105czy elegancj\u0119 z funkcjonalno\u015bci\u0105 i presti\u017cem. Oficialny wz\u00f3r MON\" \/>\n<meta name=\"robots\" content=\"index, follow, max-snippet:-1, max-image-preview:large, max-video-preview:-1\" \/>\n<link rel=\"canonical\" href=\"https:\/\/pagon24.pl\/en\/product\/mundur-wyjsciowy-wojsk-ladowych\/\" \/>\n<meta property=\"og:locale\" content=\"en_US\" \/>\n<meta property=\"og:type\" content=\"article\" \/>\n<meta property=\"og:title\" content=\"Mundur m\u0119ski wyj\u015bciowy Wojsk L\u0105dowych wz\u00f3r 101\/MON wz\u00f3r tabela - Pagon24.pl\" \/>\n<meta property=\"og:description\" content=\"Mundur wyj\u015bciowy wz. 101\/MON\u00a0to klasyka wojskowego umundurowania, kt\u00f3ra \u0142\u0105czy elegancj\u0119 z funkcjonalno\u015bci\u0105 i presti\u017cem. Oficialny wz\u00f3r MON\" \/>\n<meta property=\"og:url\" content=\"https:\/\/pagon24.pl\/en\/product\/mundur-wyjsciowy-wojsk-ladowych\/\" \/>\n<meta property=\"og:site_name\" content=\"Pagon24.pl\" \/>\n<meta property=\"article:modified_time\" content=\"2026-04-14T03:24:47+00:00\" \/>\n<meta property=\"og:image\" content=\"https:\/\/pagon24.pl\/wp-content\/uploads\/2026\/04\/mundur-meski-wyjsciowy-wojsk-ladowych-marynarka-2.jpg.webp\" \/>\n\t<meta property=\"og:image:width\" content=\"1400\" \/>\n\t<meta property=\"og:image:height\" content=\"1400\" \/>\n\t<meta property=\"og:image:type\" content=\"image\/webp\" \/>\n<meta name=\"twitter:card\" content=\"summary_large_image\" \/>\n<meta name=\"twitter:label1\" content=\"Est. reading time\" \/>\n\t<meta name=\"twitter:data1\" content=\"2 minutes\" \/>\n<script type=\"application\/ld+json\" class=\"yoast-schema-graph\">{\"@context\":\"https:\\\/\\\/schema.org\",\"@graph\":[{\"@type\":\"WebPage\",\"@id\":\"https:\\\/\\\/pagon24.pl\\\/produkt\\\/mundur-wyjsciowy-wojsk-ladowych\\\/\",\"url\":\"https:\\\/\\\/pagon24.pl\\\/produkt\\\/mundur-wyjsciowy-wojsk-ladowych\\\/\",\"name\":\"Mundur m\u0119ski wyj\u015bciowy Wojsk L\u0105dowych wz\u00f3r 101\\\/MON wz\u00f3r tabela - Pagon24.pl\",\"isPartOf\":{\"@id\":\"https:\\\/\\\/pagon24.pl\\\/#website\"},\"primaryImageOfPage\":{\"@id\":\"https:\\\/\\\/pagon24.pl\\\/produkt\\\/mundur-wyjsciowy-wojsk-ladowych\\\/#primaryimage\"},\"image\":{\"@id\":\"https:\\\/\\\/pagon24.pl\\\/produkt\\\/mundur-wyjsciowy-wojsk-ladowych\\\/#primaryimage\"},\"thumbnailUrl\":\"https:\\\/\\\/pagon24.pl\\\/wp-content\\\/uploads\\\/2026\\\/04\\\/mundur-meski-wyjsciowy-wojsk-ladowych-marynarka-2.jpg.webp\",\"datePublished\":\"2026-04-14T03:23:37+00:00\",\"dateModified\":\"2026-04-14T03:24:47+00:00\",\"description\":\"Mundur wyj\u015bciowy wz. 101\\\/MON\u00a0to klasyka wojskowego umundurowania, kt\u00f3ra \u0142\u0105czy elegancj\u0119 z funkcjonalno\u015bci\u0105 i presti\u017cem. Oficialny wz\u00f3r MON\",\"breadcrumb\":{\"@id\":\"https:\\\/\\\/pagon24.pl\\\/produkt\\\/mundur-wyjsciowy-wojsk-ladowych\\\/#breadcrumb\"},\"inLanguage\":\"en-US\",\"potentialAction\":[{\"@type\":\"ReadAction\",\"target\":[\"https:\\\/\\\/pagon24.pl\\\/produkt\\\/mundur-wyjsciowy-wojsk-ladowych\\\/\"]}]},{\"@type\":\"ImageObject\",\"inLanguage\":\"en-US\",\"@id\":\"https:\\\/\\\/pagon24.pl\\\/produkt\\\/mundur-wyjsciowy-wojsk-ladowych\\\/#primaryimage\",\"url\":\"https:\\\/\\\/pagon24.pl\\\/wp-content\\\/uploads\\\/2026\\\/04\\\/mundur-meski-wyjsciowy-wojsk-ladowych-marynarka-2.jpg.webp\",\"contentUrl\":\"https:\\\/\\\/pagon24.pl\\\/wp-content\\\/uploads\\\/2026\\\/04\\\/mundur-meski-wyjsciowy-wojsk-ladowych-marynarka-2.jpg.webp\",\"width\":1400,\"height\":1400,\"caption\":\"mundur m\u0119ski wyj\u015bciowy wojsk l\u0105dowych MON\"},{\"@type\":\"BreadcrumbList\",\"@id\":\"https:\\\/\\\/pagon24.pl\\\/produkt\\\/mundur-wyjsciowy-wojsk-ladowych\\\/#breadcrumb\",\"itemListElement\":[{\"@type\":\"ListItem\",\"position\":1,\"name\":\"Strona g\u0142\u00f3wna\",\"item\":\"https:\\\/\\\/pagon24.pl\\\/\"},{\"@type\":\"ListItem\",\"position\":2,\"name\":\"Katalog\",\"item\":\"https:\\\/\\\/pagon24.pl\\\/shop\\\/\"},{\"@type\":\"ListItem\",\"position\":3,\"name\":\"Mundur m\u0119ski wyj\u015bciowy Wojsk L\u0105dowych wz\u00f3r 101\\\/MON wz\u00f3r tabela\"}]},{\"@type\":\"WebSite\",\"@id\":\"https:\\\/\\\/pagon24.pl\\\/#website\",\"url\":\"https:\\\/\\\/pagon24.pl\\\/\",\"name\":\"Pagon24.pl\",\"description\":\"Sklep mundurowy we Wroc\u0142awiu\",\"publisher\":{\"@id\":\"https:\\\/\\\/pagon24.pl\\\/#organization\"},\"potentialAction\":[{\"@type\":\"SearchAction\",\"target\":{\"@type\":\"EntryPoint\",\"urlTemplate\":\"https:\\\/\\\/pagon24.pl\\\/?s={search_term_string}\"},\"query-input\":{\"@type\":\"PropertyValueSpecification\",\"valueRequired\":true,\"valueName\":\"search_term_string\"}}],\"inLanguage\":\"en-US\"},{\"@type\":\"Organization\",\"@id\":\"https:\\\/\\\/pagon24.pl\\\/#organization\",\"name\":\"Pagon24.pl\",\"url\":\"https:\\\/\\\/pagon24.pl\\\/\",\"logo\":{\"@type\":\"ImageObject\",\"inLanguage\":\"en-US\",\"@id\":\"https:\\\/\\\/pagon24.pl\\\/#\\\/schema\\\/logo\\\/image\\\/\",\"url\":\"https:\\\/\\\/pagon24.pl\\\/wp-content\\\/uploads\\\/2026\\\/03\\\/logo-pagon-granat.png\",\"contentUrl\":\"https:\\\/\\\/pagon24.pl\\\/wp-content\\\/uploads\\\/2026\\\/03\\\/logo-pagon-granat.png\",\"width\":569,\"height\":149,\"caption\":\"Pagon24.pl\"},\"image\":{\"@id\":\"https:\\\/\\\/pagon24.pl\\\/#\\\/schema\\\/logo\\\/image\\\/\"}}]}<\/script>\n<!-- \/ Yoast SEO plugin. -->","yoast_head_json":{"title":"Mundur m\u0119ski wyj\u015bciowy Wojsk L\u0105dowych wz\u00f3r 101\/MON wz\u00f3r tabela - Pagon24.pl","description":"Mundur wyj\u015bciowy wz. 101\/MON\u00a0to klasyka wojskowego umundurowania, kt\u00f3ra \u0142\u0105czy elegancj\u0119 z funkcjonalno\u015bci\u0105 i presti\u017cem. Oficialny wz\u00f3r MON","robots":{"index":"index","follow":"follow","max-snippet":"max-snippet:-1","max-image-preview":"max-image-preview:large","max-video-preview":"max-video-preview:-1"},"canonical":"https:\/\/pagon24.pl\/en\/product\/mundur-wyjsciowy-wojsk-ladowych\/","og_locale":"en_US","og_type":"article","og_title":"Mundur m\u0119ski wyj\u015bciowy Wojsk L\u0105dowych wz\u00f3r 101\/MON wz\u00f3r tabela - Pagon24.pl","og_description":"Mundur wyj\u015bciowy wz. 101\/MON\u00a0to klasyka wojskowego umundurowania, kt\u00f3ra \u0142\u0105czy elegancj\u0119 z funkcjonalno\u015bci\u0105 i presti\u017cem. Oficialny wz\u00f3r MON","og_url":"https:\/\/pagon24.pl\/en\/product\/mundur-wyjsciowy-wojsk-ladowych\/","og_site_name":"Pagon24.pl","article_modified_time":"2026-04-14T03:24:47+00:00","og_image":[{"width":1400,"height":1400,"url":"https:\/\/pagon24.pl\/wp-content\/uploads\/2026\/04\/mundur-meski-wyjsciowy-wojsk-ladowych-marynarka-2.jpg.webp","type":"image\/webp"}],"twitter_card":"summary_large_image","twitter_misc":{"Est. reading time":"2 minutes"},"schema":{"@context":"https:\/\/schema.org","@graph":[{"@type":"WebPage","@id":"https:\/\/pagon24.pl\/produkt\/mundur-wyjsciowy-wojsk-ladowych\/","url":"https:\/\/pagon24.pl\/produkt\/mundur-wyjsciowy-wojsk-ladowych\/","name":"Mundur m\u0119ski wyj\u015bciowy Wojsk L\u0105dowych wz\u00f3r 101\/MON wz\u00f3r tabela - Pagon24.pl","isPartOf":{"@id":"https:\/\/pagon24.pl\/#website"},"primaryImageOfPage":{"@id":"https:\/\/pagon24.pl\/produkt\/mundur-wyjsciowy-wojsk-ladowych\/#primaryimage"},"image":{"@id":"https:\/\/pagon24.pl\/produkt\/mundur-wyjsciowy-wojsk-ladowych\/#primaryimage"},"thumbnailUrl":"https:\/\/pagon24.pl\/wp-content\/uploads\/2026\/04\/mundur-meski-wyjsciowy-wojsk-ladowych-marynarka-2.jpg.webp","datePublished":"2026-04-14T03:23:37+00:00","dateModified":"2026-04-14T03:24:47+00:00","description":"Mundur wyj\u015bciowy wz. 101\/MON\u00a0to klasyka wojskowego umundurowania, kt\u00f3ra \u0142\u0105czy elegancj\u0119 z funkcjonalno\u015bci\u0105 i presti\u017cem. Oficialny wz\u00f3r MON","breadcrumb":{"@id":"https:\/\/pagon24.pl\/produkt\/mundur-wyjsciowy-wojsk-ladowych\/#breadcrumb"},"inLanguage":"en-US","potentialAction":[{"@type":"ReadAction","target":["https:\/\/pagon24.pl\/produkt\/mundur-wyjsciowy-wojsk-ladowych\/"]}]},{"@type":"ImageObject","inLanguage":"en-US","@id":"https:\/\/pagon24.pl\/produkt\/mundur-wyjsciowy-wojsk-ladowych\/#primaryimage","url":"https:\/\/pagon24.pl\/wp-content\/uploads\/2026\/04\/mundur-meski-wyjsciowy-wojsk-ladowych-marynarka-2.jpg.webp","contentUrl":"https:\/\/pagon24.pl\/wp-content\/uploads\/2026\/04\/mundur-meski-wyjsciowy-wojsk-ladowych-marynarka-2.jpg.webp","width":1400,"height":1400,"caption":"mundur m\u0119ski wyj\u015bciowy wojsk l\u0105dowych MON"},{"@type":"BreadcrumbList","@id":"https:\/\/pagon24.pl\/produkt\/mundur-wyjsciowy-wojsk-ladowych\/#breadcrumb","itemListElement":[{"@type":"ListItem","position":1,"name":"Strona g\u0142\u00f3wna","item":"https:\/\/pagon24.pl\/"},{"@type":"ListItem","position":2,"name":"Katalog","item":"https:\/\/pagon24.pl\/shop\/"},{"@type":"ListItem","position":3,"name":"Mundur m\u0119ski wyj\u015bciowy Wojsk L\u0105dowych wz\u00f3r 101\/MON wz\u00f3r tabela"}]},{"@type":"WebSite","@id":"https:\/\/pagon24.pl\/#website","url":"https:\/\/pagon24.pl\/","name":"Pagon24.pl","description":"Sklep mundurowy we Wroc\u0142awiu","publisher":{"@id":"https:\/\/pagon24.pl\/#organization"},"potentialAction":[{"@type":"SearchAction","target":{"@type":"EntryPoint","urlTemplate":"https:\/\/pagon24.pl\/?s={search_term_string}"},"query-input":{"@type":"PropertyValueSpecification","valueRequired":true,"valueName":"search_term_string"}}],"inLanguage":"en-US"},{"@type":"Organization","@id":"https:\/\/pagon24.pl\/#organization","name":"Pagon24.pl","url":"https:\/\/pagon24.pl\/","logo":{"@type":"ImageObject","inLanguage":"en-US","@id":"https:\/\/pagon24.pl\/#\/schema\/logo\/image\/","url":"https:\/\/pagon24.pl\/wp-content\/uploads\/2026\/03\/logo-pagon-granat.png","contentUrl":"https:\/\/pagon24.pl\/wp-content\/uploads\/2026\/03\/logo-pagon-granat.png","width":569,"height":149,"caption":"Pagon24.pl"},"image":{"@id":"https:\/\/pagon24.pl\/#\/schema\/logo\/image\/"}}]}},"_links":{"self":[{"href":"https:\/\/pagon24.pl\/en\/wp-json\/wp\/v2\/product\/32497","targetHints":{"allow":["GET"]}}],"collection":[{"href":"https:\/\/pagon24.pl\/en\/wp-json\/wp\/v2\/product"}],"about":[{"href":"https:\/\/pagon24.pl\/en\/wp-json\/wp\/v2\/types\/product"}],"replies":[{"embeddable":true,"href":"https:\/\/pagon24.pl\/en\/wp-json\/wp\/v2\/comments?post=32497"}],"version-history":[{"count":1,"href":"https:\/\/pagon24.pl\/en\/wp-json\/wp\/v2\/product\/32497\/revisions"}],"predecessor-version":[{"id":32553,"href":"https:\/\/pagon24.pl\/en\/wp-json\/wp\/v2\/product\/32497\/revisions\/32553"}],"wp:featuredmedia":[{"embeddable":true,"href":"https:\/\/pagon24.pl\/en\/wp-json\/wp\/v2\/media\/32550"}],"wp:attachment":[{"href":"https:\/\/pagon24.pl\/en\/wp-json\/wp\/v2\/media?parent=32497"}],"wp:term":[{"taxonomy":"product_brand","embeddable":true,"href":"https:\/\/pagon24.pl\/en\/wp-json\/wp\/v2\/product_brand?post=32497"},{"taxonomy":"product_cat","embeddable":true,"href":"https:\/\/pagon24.pl\/en\/wp-json\/wp\/v2\/product_cat?post=32497"},{"taxonomy":"product_tag","embeddable":true,"href":"https:\/\/pagon24.pl\/en\/wp-json\/wp\/v2\/product_tag?post=32497"}],"curies":[{"name":"wp","href":"https:\/\/api.w.org\/{rel}","templated":true}]}}