{"id":31310,"date":"2026-03-25T16:09:05","date_gmt":"2026-03-25T15:09:05","guid":{"rendered":"https:\/\/pagon24.pl\/?post_type=product&#038;p=31310"},"modified":"2026-03-27T10:22:35","modified_gmt":"2026-03-27T09:22:35","slug":"mundur-wyjsciowy-damski-wersja-tabelowa-kopia","status":"publish","type":"product","link":"https:\/\/pagon24.pl\/en\/product\/mundur-wyjsciowy-damski-wersja-tabelowa-kopia\/","title":{"rendered":"Mundur wyj\u015bciowy DAMSKI &#8211; WERSJA TABELOWA"},"content":{"rendered":"\t\t<div data-elementor-type=\"wp-post\" data-elementor-id=\"31310\" class=\"elementor elementor-31310\">\n\t\t\t\t<div class=\"wd-negative-gap elementor-element elementor-element-4cde15ca e-flex e-con-boxed e-con e-parent\" data-id=\"4cde15ca\" data-element_type=\"container\" data-e-type=\"container\">\n\t\t\t\t\t<div class=\"e-con-inner\">\n\t\t\t\t<div class=\"elementor-element elementor-element-45abc437 color-scheme-inherit text-left elementor-widget elementor-widget-text-editor\" data-id=\"45abc437\" data-element_type=\"widget\" data-e-type=\"widget\" data-widget_type=\"text-editor.default\">\n\t\t\t\t\t\t\t\t\t<h3 style=\"margin-bottom: 0.8em; color: #000000; font-family: 'Red Hat Display', sans-serif; font-weight: bold; line-height: 1.2; margin-block: 0px; text-wrap: balance; font-style: normal; font-variant-ligatures: normal; font-variant-caps: normal; text-transform: none; font-size: 19.703px !important;\"><strong><strong>Komplet kurtka gabardynowa z oznaczeniami i sp\u00f3dnica wyj\u015bciowa<\/strong>&nbsp;<strong>wz\u00f3r tabel<\/strong><\/strong>owy<\/h3>\n<p style=\"margin-bottom: 1.5em; margin-block: 0px; font-size: 15.897px; color: #000000; font-family: 'Red Hat Text', sans-serif; font-style: normal; font-variant-ligatures: normal; font-variant-caps: normal; font-weight: 400;\"><strong><strong>Kompletny mundur wyj\u015bciowy Policji<\/strong>&nbsp;\u2013&nbsp;<\/strong>nowy wz\u00f3r, wykonany \u015bci\u015ble&nbsp;<strong>wed\u0142ug obowi\u0105zuj\u0105cego umundurowania<\/strong>&nbsp;<strong>funkcjonariuszy Policji.<\/strong>&nbsp;Elegancka&nbsp;<strong>marynarka i sp\u00f3dnica&nbsp;<\/strong>w zestawie, uszyte&nbsp;z&nbsp;<strong>wysokiej jako\u015bci materia\u0142u gabardynowego. W komplecie&nbsp;elementy identyfikacyjne:<\/strong>&nbsp;<strong>znak przynale\u017cno\u015bci pa\u0144stwowej, korpus\u00f3wki (palemki), krokiewki i napis \u201ePolicja\u201d.&nbsp;<\/strong>Trwa\u0142e materia\u0142y i staranne wykonanie zapewniaj\u0105 najwy\u017csz\u0105 trwa\u0142o\u015b\u0107 munduru.<\/p><p style=\"margin-bottom: 1.5em; margin-block: 0px; font-size: 15.897px; color: #000000; font-family: 'Red Hat Text', sans-serif; font-style: normal; font-variant-ligatures: normal; font-variant-caps: normal; font-weight: 400;\"><br><\/p>\n<p style=\"margin-bottom: 1.5em; margin-block: 0px; font-size: 15.897px; color: #000000; font-family: 'Red Hat Text', sans-serif; font-style: normal; font-variant-ligatures: normal; font-variant-caps: normal; font-weight: 400;\">\n<\/p><h3 style=\"margin-top: 24px; margin-bottom: 24px; border-style: none; color: #000000; font-family: 'Red Hat Display', sans-serif; font-weight: bold; line-height: 1.2; margin-block: 0px; text-wrap: balance; font-style: normal; font-variant-ligatures: normal; font-variant-caps: normal; text-transform: none; font-size: 25.5386px !important;\"><strong>Specyfikacja techniczna<\/strong><\/h3>\n<ul style=\"margin-bottom: 1.5em; padding-left: 1.5em; margin-block: 0px; color: #000000; font-family: 'Red Hat Text', sans-serif; font-size: 15.897px; font-style: normal; font-variant-ligatures: normal; font-variant-caps: normal; font-weight: 400;\">\n<li style=\"margin-bottom: 0px;\"><strong>Kurtka (marynarka) wyj\u015bciowa gabardynowa Policji \u2013 damska<\/strong><\/li>\n<li style=\"margin-bottom: 0px;\"><strong>Sp\u00f3dnica<\/strong><\/li>\n<li style=\"margin-bottom: 0px;\"><strong>Sk\u0142ad materia\u0142u: 45% we\u0142na, 55% poliester<\/strong><\/li>\n<li><strong>Fason: dopasowany, wz\u00f3r wyj\u015bciowy<\/strong><\/li>\n<\/ul>\n<div><span style=\"color: #000000; font-family: Red Hat Text, sans-serif;\"><span style=\"font-size: 15.897px;\"><b>&nbsp;<\/b><\/span><\/span><\/div>\n<h3 style=\"margin-bottom: 1em; color: #000000; font-family: 'Red Hat Display', sans-serif; font-weight: bold; line-height: 1.2; margin-block: 0px; text-wrap: balance; font-style: normal; font-variant-ligatures: normal; font-variant-caps: normal; text-transform: none; font-size: 25.5386px !important;\"><strong>Zalety<\/strong><\/h3>\n<ul style=\"margin-bottom: 1.5em; padding-left: 1.5em; margin-block: 0px; color: #000000; font-family: 'Red Hat Text', sans-serif; font-size: 15.897px; font-style: normal; font-variant-ligatures: normal; font-variant-caps: normal; font-weight: 400;\">\n<li style=\"margin-bottom: 0px;\"><strong>Wykonanie wed\u0142ug norm Komendy G\u0142\u00f3wnej Policji<\/strong><\/li>\n<li style=\"margin-bottom: 0px;\"><strong>Nowy wz\u00f3r<\/strong>&nbsp;zgodny z aktualnym regulaminem umundurowania<\/li>\n<li style=\"margin-bottom: 0px;\"><strong>Marynarka i sp\u00f3dnica w komplecie&nbsp;<\/strong>\u2013&nbsp;<strong>kompletny mundur<\/strong><\/li>\n<li style=\"margin-bottom: 0px;\">Elementy identyfikacyjne w zestawie<\/li>\n<li>Profesjonalny wygl\u0105d i trwa\u0142o\u015b\u0107 materia\u0142u<\/li>\n<\/ul>\n<div><span style=\"color: #000000; font-family: Red Hat Text, sans-serif;\"><span style=\"font-size: 15.897px;\">&nbsp;<\/span><\/span><\/div>\n<h3 style=\"margin-bottom: 1em; color: #000000; font-family: 'Red Hat Display', sans-serif; font-weight: bold; line-height: 1.2; margin-block: 0px; text-wrap: balance; font-style: normal; font-variant-ligatures: normal; font-variant-caps: normal; text-transform: none; font-size: 25.5386px !important;\"><strong>Zestaw zawiera<\/strong><\/h3>\n<ul style=\"margin-bottom: 1.5em; padding-left: 1.5em; margin-block: 0px; color: #000000; font-family: 'Red Hat Text', sans-serif; font-size: 15.897px; font-style: normal; font-variant-ligatures: normal; font-variant-caps: normal; font-weight: 400;\">\n<li style=\"margin-bottom: 0px;\">Kurtka gabardynowa<\/li>\n<li style=\"margin-bottom: 0px;\">Spodnie gabardynowe&nbsp;<strong>z lampasem<\/strong><\/li>\n<li><strong>Nast\u0119puj\u0105ce&nbsp;elementy obszycia i oznaczenia<\/strong>:<br><ul style=\"margin-top: 0px; margin-bottom: 1.5em; padding-left: 1.5em;\">\n<li style=\"margin-bottom: 0px;\">znak przynale\u017cno\u015bci pa\u0144stwowej,<\/li>\n<li style=\"margin-bottom: 0px;\">korpus\u00f3wki\/ palemki,<\/li>\n<li style=\"margin-bottom: 0px;\">krokiewki,<\/li>\n<li>naszywka Policja<\/li>\n<\/ul>\n<\/li>\n<\/ul>\t\t\t\t\t\t\t\t<\/div>\n\t\t\t\t\t<\/div>\n\t\t\t\t<\/div>\n\t\t<div class=\"wd-negative-gap elementor-element elementor-element-75739d9 e-flex e-con-boxed e-con e-parent\" data-id=\"75739d9\" data-element_type=\"container\" data-e-type=\"container\">\n\t\t\t\t\t<div class=\"e-con-inner\">\n\t\t\t\t<div class=\"elementor-element elementor-element-710fc06 elementor-widget elementor-widget-wd_text_block\" data-id=\"710fc06\" data-element_type=\"widget\" data-e-type=\"widget\" data-widget_type=\"wd_text_block.default\">\n\t\t\t\t<div class=\"elementor-widget-container\">\n\t\t\t\t\t\t\t<div class=\"wd-text-block reset-last-child text-left\">\n\t\t\t\n\t\t\t<p style=\"margin-top: 24px; margin-bottom: 24px; border-style: none; margin-block: 0px; font-size: 15.897px; color: #000000; font-family: 'Red Hat Text', sans-serif; font-style: normal; font-variant-ligatures: normal; font-variant-caps: normal; font-weight: 400; white-space-collapse: collapse;\"><strong>Przedstawione kolory s\u0105 pogl\u0105dowe \u2013 mog\u0105 nieznacznie r\u00f3\u017cni\u0107 si\u0119 w zale\u017cno\u015bci od ustawie\u0144 monitora i obr\u00f3bki zdj\u0119\u0107.<\/strong><\/p><p style=\"margin-bottom: 1.5em; margin-block: 0px; font-size: 15.897px; color: #000000; font-family: 'Red Hat Text', sans-serif; font-style: normal; font-variant-ligatures: normal; font-variant-caps: normal; font-weight: 400; white-space-collapse: collapse;\"><strong>Rzeczywiste wymiary mog\u0105 si\u0119 r\u00f3\u017cni\u0107&nbsp;od podanych w opisie \u2013 tolerancja b\u0142\u0119du wynosi +\/- 5%.<\/strong><\/p><p style=\"margin-bottom: 1.5em; margin-block: 0px; font-size: 15.897px; color: #000000; font-family: 'Red Hat Text', sans-serif; font-style: normal; font-variant-ligatures: normal; font-variant-caps: normal; font-weight: 400; white-space-collapse: collapse;\">&nbsp;<span style=\"font-size: 14px; white-space-collapse: preserve; background-color: transparent; color: rgb(118, 118, 118);\"><\/span><\/p>\n\t\t\t\t\t<\/div>\n\t\t\t\t\t\t<\/div>\n\t\t\t\t<\/div>\n\t\t\t\t\t<\/div>\n\t\t\t\t<\/div>\n\t\t<div class=\"wd-negative-gap elementor-element elementor-element-e809f67 e-flex e-con-boxed e-con e-parent\" data-id=\"e809f67\" data-element_type=\"container\" data-e-type=\"container\">\n\t\t\t\t\t<div class=\"e-con-inner\">\n\t\t\t\t<div class=\"elementor-element elementor-element-0c43db5 elementor-widget elementor-widget-wd_text_block\" data-id=\"0c43db5\" data-element_type=\"widget\" data-e-type=\"widget\" data-widget_type=\"wd_text_block.default\">\n\t\t\t\t<div class=\"elementor-widget-container\">\n\t\t\t\t\t\t\t<div class=\"wd-text-block reset-last-child text-left\">\n\t\t\t\n\t\t\t<p>POUCZENIE:<\/p><p><strong>Art. 227 KK [Przyw\u0142aszczenie funkcji publicznej]<\/strong><\/p><p>Kto, podaj\u0105c si\u0119 za funkcjonariusza publicznego albo wyzyskuj\u0105c b\u0142\u0119dne prze\u015bwiadczenie o tym innej osoby, wykonuje czynno\u015b\u0107 zwi\u0105zan\u0105 z jego funkcj\u0105, podlega grzywnie, karze ograniczenia wolno\u015bci albo pozbawienia wolno\u015bci do roku.<\/p><p><strong>Art. 61 kw [Przyw\u0142aszczenie stanowiska, tytu\u0142u, stopnia]<\/strong><\/p><p>\u00a7 1. Kto przyw\u0142aszcza sobie stanowisko, tytu\u0142 lub stopie\u0144 albo publicznie u\u017cywa lub nosi odznaczenie, odznak\u0119, str\u00f3j lub mundur, do kt\u00f3rych nie ma prawa, podlega karze grzywny do 1000 z\u0142otych albo karze nagany.<\/p><p>\u00a7 2. Kto ustanawia, wytwarza, rozpowszechnia publicznie, u\u017cywa lub nosi: god\u0142o, chor\u0105giew albo inn\u0105 odznak\u0119 lub mundur, co do kt\u00f3rych zosta\u0142 wydany zakaz, albo odznak\u0119 lub mundur organizacji prawnie nieistniej\u0105cej, albo odznak\u0119 lub mundur, na kt\u00f3rych ustanowienie lub noszenie nie uzyskano wymaganego zezwolenia, podlega karze aresztu albo grzywny.<\/p><p>\u00a7 3. W razie pope\u0142nienia wykroczenia okre\u015blonego w \u00a7 1 mo\u017cna orzec, a w razie pope\u0142nienia wykroczenia okre\u015blonego w \u00a7 2 orzeka si\u0119 przepadek wymienionych w tych przepisach przedmiot\u00f3w, jak r\u00f3wnie\u017c innych przedmiot\u00f3w s\u0142u\u017c\u0105cych do pope\u0142nienia wykroczenia, takich jak piecz\u0119cie, stemple, papier firmowy lub bilety wizytowe, cho\u0107by nie stanowi\u0142y.<\/p>\n\t\t\t\t\t<\/div>\n\t\t\t\t\t\t<\/div>\n\t\t\t\t<\/div>\n\t\t\t\t\t<\/div>\n\t\t\t\t<\/div>\n\t\t\t\t<\/div>\n\t\t","protected":false},"excerpt":{"rendered":"<p>Elegancka\u00a0marynarka i sp\u00f3dnica\u00a0w zestawie, uszyte\u00a0z\u00a0wysokiej jako\u015bci materia\u0142u gabardynowego. W komplecie\u00a0elementy identyfikacyjne:\u00a0znak przynale\u017cno\u015bci pa\u0144stwowej, korpus\u00f3wki (palemki), krokiewki i napis \u201ePolicja\u201d.\u00a0Trwa\u0142e materia\u0142y i staranne wykonanie zapewniaj\u0105 najwy\u017csz\u0105 trwa\u0142o\u015b\u0107 munduru.<\/p>\n<p>Wymiary tabelowe to: <strong>SZER. KLATKI\/WZROST\/ SZER. PASA \/ SZER. BIODER\u00a0<\/strong><\/p>","protected":false},"featured_media":29193,"comment_status":"open","ping_status":"closed","template":"","meta":[],"product_brand":[],"product_cat":[76],"product_tag":[279,159,280],"class_list":{"0":"post-31310","1":"product","2":"type-product","3":"status-publish","4":"has-post-thumbnail","6":"product_cat-umundurowanie-wyjsciowe-policja","7":"product_tag-mundur-wyjsciowy-policji","8":"product_tag-policja","9":"product_tag-umundurowanie","11":"first","12":"instock","13":"taxable","14":"shipping-taxable","15":"purchasable","16":"product-type-variable"},"yoast_head":"<!-- This site is optimized with the Yoast SEO plugin v27.5 - https:\/\/yoast.com\/product\/yoast-seo-wordpress\/ -->\n<title>Mundur wyj\u015bciowy DAMSKI - WERSJA TABELOWA - Pagon24.pl<\/title>\n<meta name=\"description\" content=\"Mundur wyj\u015bciowy Policji - Nowy Wz\u00f3r uszyty wg. wytycznych MSWiA. Komplet marynarka i spodnie. Zestaw w pe\u0142ni obszyty gotowy do noszenia.\" \/>\n<meta name=\"robots\" content=\"index, follow, max-snippet:-1, max-image-preview:large, max-video-preview:-1\" \/>\n<link rel=\"canonical\" href=\"https:\/\/pagon24.pl\/en\/product\/mundur-wyjsciowy-damski-wersja-tabelowa-kopia\/\" \/>\n<meta property=\"og:locale\" content=\"en_US\" \/>\n<meta property=\"og:type\" content=\"article\" \/>\n<meta property=\"og:title\" content=\"Mundur wyj\u015bciowy DAMSKI - WERSJA TABELOWA - Pagon24.pl\" \/>\n<meta property=\"og:description\" content=\"Mundur wyj\u015bciowy Policji - Nowy Wz\u00f3r uszyty wg. wytycznych MSWiA. Komplet marynarka i spodnie. Zestaw w pe\u0142ni obszyty gotowy do noszenia.\" \/>\n<meta property=\"og:url\" content=\"https:\/\/pagon24.pl\/en\/product\/mundur-wyjsciowy-damski-wersja-tabelowa-kopia\/\" \/>\n<meta property=\"og:site_name\" content=\"Pagon24.pl\" \/>\n<meta property=\"article:modified_time\" content=\"2026-03-27T09:22:35+00:00\" \/>\n<meta property=\"og:image\" content=\"https:\/\/pagon24.pl\/wp-content\/uploads\/2026\/03\/mundur-damski-galowy-policja-s.jpg\" \/>\n\t<meta property=\"og:image:width\" content=\"1500\" \/>\n\t<meta property=\"og:image:height\" content=\"1500\" \/>\n\t<meta property=\"og:image:type\" content=\"image\/jpeg\" \/>\n<meta name=\"twitter:card\" content=\"summary_large_image\" \/>\n<meta name=\"twitter:label1\" content=\"Est. reading time\" \/>\n\t<meta name=\"twitter:data1\" content=\"3 minutes\" \/>\n<script type=\"application\/ld+json\" class=\"yoast-schema-graph\">{\"@context\":\"https:\\\/\\\/schema.org\",\"@graph\":[{\"@type\":\"WebPage\",\"@id\":\"https:\\\/\\\/pagon24.pl\\\/produkt\\\/mundur-wyjsciowy-damski-wersja-tabelowa-kopia\\\/\",\"url\":\"https:\\\/\\\/pagon24.pl\\\/produkt\\\/mundur-wyjsciowy-damski-wersja-tabelowa-kopia\\\/\",\"name\":\"Mundur wyj\u015bciowy DAMSKI - WERSJA TABELOWA - Pagon24.pl\",\"isPartOf\":{\"@id\":\"https:\\\/\\\/pagon24.pl\\\/#website\"},\"primaryImageOfPage\":{\"@id\":\"https:\\\/\\\/pagon24.pl\\\/produkt\\\/mundur-wyjsciowy-damski-wersja-tabelowa-kopia\\\/#primaryimage\"},\"image\":{\"@id\":\"https:\\\/\\\/pagon24.pl\\\/produkt\\\/mundur-wyjsciowy-damski-wersja-tabelowa-kopia\\\/#primaryimage\"},\"thumbnailUrl\":\"https:\\\/\\\/pagon24.pl\\\/wp-content\\\/uploads\\\/2026\\\/03\\\/mundur-damski-galowy-policja-s.jpg\",\"datePublished\":\"2026-03-25T15:09:05+00:00\",\"dateModified\":\"2026-03-27T09:22:35+00:00\",\"description\":\"Mundur wyj\u015bciowy Policji - Nowy Wz\u00f3r uszyty wg. wytycznych MSWiA. Komplet marynarka i spodnie. Zestaw w pe\u0142ni obszyty gotowy do noszenia.\",\"breadcrumb\":{\"@id\":\"https:\\\/\\\/pagon24.pl\\\/produkt\\\/mundur-wyjsciowy-damski-wersja-tabelowa-kopia\\\/#breadcrumb\"},\"inLanguage\":\"en-US\",\"potentialAction\":[{\"@type\":\"ReadAction\",\"target\":[\"https:\\\/\\\/pagon24.pl\\\/produkt\\\/mundur-wyjsciowy-damski-wersja-tabelowa-kopia\\\/\"]}]},{\"@type\":\"ImageObject\",\"inLanguage\":\"en-US\",\"@id\":\"https:\\\/\\\/pagon24.pl\\\/produkt\\\/mundur-wyjsciowy-damski-wersja-tabelowa-kopia\\\/#primaryimage\",\"url\":\"https:\\\/\\\/pagon24.pl\\\/wp-content\\\/uploads\\\/2026\\\/03\\\/mundur-damski-galowy-policja-s.jpg\",\"contentUrl\":\"https:\\\/\\\/pagon24.pl\\\/wp-content\\\/uploads\\\/2026\\\/03\\\/mundur-damski-galowy-policja-s.jpg\",\"width\":1500,\"height\":1500,\"caption\":\"Mundur Wyj\u015bciowy Policja - Nowy Wz\u00f3r\"},{\"@type\":\"BreadcrumbList\",\"@id\":\"https:\\\/\\\/pagon24.pl\\\/produkt\\\/mundur-wyjsciowy-damski-wersja-tabelowa-kopia\\\/#breadcrumb\",\"itemListElement\":[{\"@type\":\"ListItem\",\"position\":1,\"name\":\"Strona g\u0142\u00f3wna\",\"item\":\"https:\\\/\\\/pagon24.pl\\\/\"},{\"@type\":\"ListItem\",\"position\":2,\"name\":\"Katalog\",\"item\":\"https:\\\/\\\/pagon24.pl\\\/shop\\\/\"},{\"@type\":\"ListItem\",\"position\":3,\"name\":\"Mundur wyj\u015bciowy DAMSKI &#8211; WERSJA TABELOWA\"}]},{\"@type\":\"WebSite\",\"@id\":\"https:\\\/\\\/pagon24.pl\\\/#website\",\"url\":\"https:\\\/\\\/pagon24.pl\\\/\",\"name\":\"Pagon24.pl\",\"description\":\"Sklep mundurowy we Wroc\u0142awiu\",\"publisher\":{\"@id\":\"https:\\\/\\\/pagon24.pl\\\/#organization\"},\"potentialAction\":[{\"@type\":\"SearchAction\",\"target\":{\"@type\":\"EntryPoint\",\"urlTemplate\":\"https:\\\/\\\/pagon24.pl\\\/?s={search_term_string}\"},\"query-input\":{\"@type\":\"PropertyValueSpecification\",\"valueRequired\":true,\"valueName\":\"search_term_string\"}}],\"inLanguage\":\"en-US\"},{\"@type\":\"Organization\",\"@id\":\"https:\\\/\\\/pagon24.pl\\\/#organization\",\"name\":\"Pagon24.pl\",\"url\":\"https:\\\/\\\/pagon24.pl\\\/\",\"logo\":{\"@type\":\"ImageObject\",\"inLanguage\":\"en-US\",\"@id\":\"https:\\\/\\\/pagon24.pl\\\/#\\\/schema\\\/logo\\\/image\\\/\",\"url\":\"https:\\\/\\\/pagon24.pl\\\/wp-content\\\/uploads\\\/2026\\\/03\\\/logo-pagon-granat.png\",\"contentUrl\":\"https:\\\/\\\/pagon24.pl\\\/wp-content\\\/uploads\\\/2026\\\/03\\\/logo-pagon-granat.png\",\"width\":569,\"height\":149,\"caption\":\"Pagon24.pl\"},\"image\":{\"@id\":\"https:\\\/\\\/pagon24.pl\\\/#\\\/schema\\\/logo\\\/image\\\/\"}}]}<\/script>\n<!-- \/ Yoast SEO plugin. -->","yoast_head_json":{"title":"Mundur wyj\u015bciowy DAMSKI - WERSJA TABELOWA - Pagon24.pl","description":"Mundur wyj\u015bciowy Policji - Nowy Wz\u00f3r uszyty wg. wytycznych MSWiA. Komplet marynarka i spodnie. Zestaw w pe\u0142ni obszyty gotowy do noszenia.","robots":{"index":"index","follow":"follow","max-snippet":"max-snippet:-1","max-image-preview":"max-image-preview:large","max-video-preview":"max-video-preview:-1"},"canonical":"https:\/\/pagon24.pl\/en\/product\/mundur-wyjsciowy-damski-wersja-tabelowa-kopia\/","og_locale":"en_US","og_type":"article","og_title":"Mundur wyj\u015bciowy DAMSKI - WERSJA TABELOWA - Pagon24.pl","og_description":"Mundur wyj\u015bciowy Policji - Nowy Wz\u00f3r uszyty wg. wytycznych MSWiA. Komplet marynarka i spodnie. Zestaw w pe\u0142ni obszyty gotowy do noszenia.","og_url":"https:\/\/pagon24.pl\/en\/product\/mundur-wyjsciowy-damski-wersja-tabelowa-kopia\/","og_site_name":"Pagon24.pl","article_modified_time":"2026-03-27T09:22:35+00:00","og_image":[{"width":1500,"height":1500,"url":"https:\/\/pagon24.pl\/wp-content\/uploads\/2026\/03\/mundur-damski-galowy-policja-s.jpg","type":"image\/jpeg"}],"twitter_card":"summary_large_image","twitter_misc":{"Est. reading time":"3 minutes"},"schema":{"@context":"https:\/\/schema.org","@graph":[{"@type":"WebPage","@id":"https:\/\/pagon24.pl\/produkt\/mundur-wyjsciowy-damski-wersja-tabelowa-kopia\/","url":"https:\/\/pagon24.pl\/produkt\/mundur-wyjsciowy-damski-wersja-tabelowa-kopia\/","name":"Mundur wyj\u015bciowy DAMSKI - WERSJA TABELOWA - Pagon24.pl","isPartOf":{"@id":"https:\/\/pagon24.pl\/#website"},"primaryImageOfPage":{"@id":"https:\/\/pagon24.pl\/produkt\/mundur-wyjsciowy-damski-wersja-tabelowa-kopia\/#primaryimage"},"image":{"@id":"https:\/\/pagon24.pl\/produkt\/mundur-wyjsciowy-damski-wersja-tabelowa-kopia\/#primaryimage"},"thumbnailUrl":"https:\/\/pagon24.pl\/wp-content\/uploads\/2026\/03\/mundur-damski-galowy-policja-s.jpg","datePublished":"2026-03-25T15:09:05+00:00","dateModified":"2026-03-27T09:22:35+00:00","description":"Mundur wyj\u015bciowy Policji - Nowy Wz\u00f3r uszyty wg. wytycznych MSWiA. Komplet marynarka i spodnie. Zestaw w pe\u0142ni obszyty gotowy do noszenia.","breadcrumb":{"@id":"https:\/\/pagon24.pl\/produkt\/mundur-wyjsciowy-damski-wersja-tabelowa-kopia\/#breadcrumb"},"inLanguage":"en-US","potentialAction":[{"@type":"ReadAction","target":["https:\/\/pagon24.pl\/produkt\/mundur-wyjsciowy-damski-wersja-tabelowa-kopia\/"]}]},{"@type":"ImageObject","inLanguage":"en-US","@id":"https:\/\/pagon24.pl\/produkt\/mundur-wyjsciowy-damski-wersja-tabelowa-kopia\/#primaryimage","url":"https:\/\/pagon24.pl\/wp-content\/uploads\/2026\/03\/mundur-damski-galowy-policja-s.jpg","contentUrl":"https:\/\/pagon24.pl\/wp-content\/uploads\/2026\/03\/mundur-damski-galowy-policja-s.jpg","width":1500,"height":1500,"caption":"Mundur Wyj\u015bciowy Policja - Nowy Wz\u00f3r"},{"@type":"BreadcrumbList","@id":"https:\/\/pagon24.pl\/produkt\/mundur-wyjsciowy-damski-wersja-tabelowa-kopia\/#breadcrumb","itemListElement":[{"@type":"ListItem","position":1,"name":"Strona g\u0142\u00f3wna","item":"https:\/\/pagon24.pl\/"},{"@type":"ListItem","position":2,"name":"Katalog","item":"https:\/\/pagon24.pl\/shop\/"},{"@type":"ListItem","position":3,"name":"Mundur wyj\u015bciowy DAMSKI &#8211; WERSJA TABELOWA"}]},{"@type":"WebSite","@id":"https:\/\/pagon24.pl\/#website","url":"https:\/\/pagon24.pl\/","name":"Pagon24.pl","description":"Sklep mundurowy we Wroc\u0142awiu","publisher":{"@id":"https:\/\/pagon24.pl\/#organization"},"potentialAction":[{"@type":"SearchAction","target":{"@type":"EntryPoint","urlTemplate":"https:\/\/pagon24.pl\/?s={search_term_string}"},"query-input":{"@type":"PropertyValueSpecification","valueRequired":true,"valueName":"search_term_string"}}],"inLanguage":"en-US"},{"@type":"Organization","@id":"https:\/\/pagon24.pl\/#organization","name":"Pagon24.pl","url":"https:\/\/pagon24.pl\/","logo":{"@type":"ImageObject","inLanguage":"en-US","@id":"https:\/\/pagon24.pl\/#\/schema\/logo\/image\/","url":"https:\/\/pagon24.pl\/wp-content\/uploads\/2026\/03\/logo-pagon-granat.png","contentUrl":"https:\/\/pagon24.pl\/wp-content\/uploads\/2026\/03\/logo-pagon-granat.png","width":569,"height":149,"caption":"Pagon24.pl"},"image":{"@id":"https:\/\/pagon24.pl\/#\/schema\/logo\/image\/"}}]}},"_links":{"self":[{"href":"https:\/\/pagon24.pl\/en\/wp-json\/wp\/v2\/product\/31310","targetHints":{"allow":["GET"]}}],"collection":[{"href":"https:\/\/pagon24.pl\/en\/wp-json\/wp\/v2\/product"}],"about":[{"href":"https:\/\/pagon24.pl\/en\/wp-json\/wp\/v2\/types\/product"}],"replies":[{"embeddable":true,"href":"https:\/\/pagon24.pl\/en\/wp-json\/wp\/v2\/comments?post=31310"}],"version-history":[{"count":12,"href":"https:\/\/pagon24.pl\/en\/wp-json\/wp\/v2\/product\/31310\/revisions"}],"predecessor-version":[{"id":32324,"href":"https:\/\/pagon24.pl\/en\/wp-json\/wp\/v2\/product\/31310\/revisions\/32324"}],"wp:featuredmedia":[{"embeddable":true,"href":"https:\/\/pagon24.pl\/en\/wp-json\/wp\/v2\/media\/29193"}],"wp:attachment":[{"href":"https:\/\/pagon24.pl\/en\/wp-json\/wp\/v2\/media?parent=31310"}],"wp:term":[{"taxonomy":"product_brand","embeddable":true,"href":"https:\/\/pagon24.pl\/en\/wp-json\/wp\/v2\/product_brand?post=31310"},{"taxonomy":"product_cat","embeddable":true,"href":"https:\/\/pagon24.pl\/en\/wp-json\/wp\/v2\/product_cat?post=31310"},{"taxonomy":"product_tag","embeddable":true,"href":"https:\/\/pagon24.pl\/en\/wp-json\/wp\/v2\/product_tag?post=31310"}],"curies":[{"name":"wp","href":"https:\/\/api.w.org\/{rel}","templated":true}]}}