{"id":30891,"date":"2026-03-23T14:21:59","date_gmt":"2026-03-23T13:21:59","guid":{"rendered":"https:\/\/pagon24.pl\/?post_type=product&#038;p=30891"},"modified":"2026-04-20T21:52:59","modified_gmt":"2026-04-20T19:52:59","slug":"mundur-wyjsciowy-meski-szyty-na-miare","status":"publish","type":"product","link":"https:\/\/pagon24.pl\/en\/product\/mundur-wyjsciowy-meski-szyty-na-miare\/","title":{"rendered":"Mundur wyj\u015bciowy m\u0119ski &#8211; WERSJA TABELOWA"},"content":{"rendered":"<h3 class=\"wp-block-heading has-large-font-size\"><strong>Mundur wyj\u015bciowy Policji m\u0119ski nowy wz\u00f3r standard\u00a0<\/strong><\/h3>\n<h3 class=\"wp-block-heading has-large-font-size\"><strong>Komplet kurtka gabardynowa z oznaczeniami i spodnie wyj\u015bciowe\u00a0wz\u00f3r tabel<\/strong>owy<\/h3>\n<p><strong>Kompletny mundur wyj\u015bciowy Policji\u00a0\u2013\u00a0<\/strong>nowy wz\u00f3r, wykonany \u015bci\u015ble\u00a0<strong>wed\u0142ug obowi\u0105zuj\u0105cego umundurowania<\/strong>\u00a0<strong>funkcjonariuszy Policji.<\/strong><\/p>\n<p>Elegancka\u00a0<strong>marynarka i spodnie<\/strong>\u00a0w zestawie, uszyte\u00a0z\u00a0<strong>wysokiej jako\u015bci materia\u0142u gabardynowego. W komplecie\u00a0elementy identyfikacyjne:<\/strong>\u00a0<strong>znak przynale\u017cno\u015bci pa\u0144stwowej, korpus\u00f3wki (palemki), krokiewki i napis \u201ePolicja\u201d.\u00a0<\/strong>Trwa\u0142e materia\u0142y i staranne wykonanie zapewniaj\u0105 najwy\u017csz\u0105 trwa\u0142o\u015b\u0107 munduru.<\/p>\n<h3 class=\"wp-block-heading has-x-large-font-size\"><strong>Specyfikacja techniczna<\/strong><\/h3>\n<ul class=\"wp-block-list\">\n<li><strong>Kurtka (marynarka) wyj\u015bciowa gabardynowa Policji \u2013 m\u0119ska<\/strong><\/li>\n<li><strong>Spodnie gabardynowe<\/strong><\/li>\n<li><strong>Sk\u0142ad materia\u0142u: 45% we\u0142na, 55% poliester<\/strong><\/li>\n<li><strong>Fason: dopasowany, wz\u00f3r wyj\u015bciowy<\/strong><\/li>\n<li><strong>Tabela rozmiar\u00f3w standardowych <\/strong><\/li>\n<\/ul>\n<h3 class=\"wp-block-heading has-x-large-font-size\"><strong>Zestaw zawiera<\/strong><\/h3>\n<ul class=\"wp-block-list\">\n<li>Kurtka gabardynowa<\/li>\n<li>Spodnie gabardynowe\u00a0<strong>z lampasem<\/strong><\/li>\n<li><strong>Nast\u0119puj\u0105ce\u00a0elementy obszycia i oznaczenia<\/strong>:\n<ul class=\"wp-block-list\">\n<li>znak przynale\u017cno\u015bci pa\u0144stwowej,<\/li>\n<li>korpus\u00f3wki\/ palemki,<\/li>\n<li>krokiewki,<\/li>\n<li>naszywka Policja<\/li>\n<\/ul>\n<\/li>\n<\/ul>","protected":false},"excerpt":{"rendered":"<p>Elegancka\u00a0marynarka i spodnie\u00a0w zestawie, uszyte\u00a0z\u00a0wysokiej jako\u015bci materia\u0142u gabardynowego. W komplecie\u00a0elementy identyfikacyjne:\u00a0znak przynale\u017cno\u015bci pa\u0144stwowej, korpus\u00f3wki (palemki), krokiewki i napis \u201ePolicja\u201d.\u00a0Trwa\u0142e materia\u0142y i staranne wykonanie zapewniaj\u0105 najwy\u017csz\u0105 trwa\u0142o\u015b\u0107 munduru.<\/p>\n<p>Wymiary tabelowe to: <strong>WZROST\/ SZER. KLATKI\/ SZER. PASA\u00a0\u00a0<\/strong><\/p>","protected":false},"featured_media":29182,"comment_status":"open","ping_status":"closed","template":"","meta":[],"product_brand":[],"product_cat":[76],"product_tag":[279,159,280],"class_list":{"0":"post-30891","1":"product","2":"type-product","3":"status-publish","4":"has-post-thumbnail","6":"product_cat-umundurowanie-wyjsciowe-policja","7":"product_tag-mundur-wyjsciowy-policji","8":"product_tag-policja","9":"product_tag-umundurowanie","11":"first","12":"instock","13":"taxable","14":"shipping-taxable","15":"purchasable","16":"product-type-variable"},"yoast_head":"<!-- This site is optimized with the Yoast SEO plugin v27.5 - https:\/\/yoast.com\/product\/yoast-seo-wordpress\/ -->\n<title>Mundur wyj\u015bciowy m\u0119ski - WERSJA TABELOWA - Pagon24.pl<\/title>\n<meta name=\"description\" content=\"Mundur wyj\u015bciowy Policji - Nowy Wz\u00f3r uszyty wg. wytycznych MSWiA. Komplet marynarka i spodnie. Zestaw w pe\u0142ni obszyty gotowy do noszenia.\" \/>\n<meta name=\"robots\" content=\"index, follow, max-snippet:-1, max-image-preview:large, max-video-preview:-1\" \/>\n<link rel=\"canonical\" href=\"https:\/\/pagon24.pl\/en\/product\/mundur-wyjsciowy-meski-szyty-na-miare\/\" \/>\n<meta property=\"og:locale\" content=\"en_US\" \/>\n<meta property=\"og:type\" content=\"article\" \/>\n<meta property=\"og:title\" content=\"Mundur wyj\u015bciowy m\u0119ski - WERSJA TABELOWA - Pagon24.pl\" \/>\n<meta property=\"og:description\" content=\"Mundur wyj\u015bciowy Policji - Nowy Wz\u00f3r uszyty wg. wytycznych MSWiA. Komplet marynarka i spodnie. Zestaw w pe\u0142ni obszyty gotowy do noszenia.\" \/>\n<meta property=\"og:url\" content=\"https:\/\/pagon24.pl\/en\/product\/mundur-wyjsciowy-meski-szyty-na-miare\/\" \/>\n<meta property=\"og:site_name\" content=\"Pagon24.pl\" \/>\n<meta property=\"article:modified_time\" content=\"2026-04-20T19:52:59+00:00\" \/>\n<meta property=\"og:image\" content=\"https:\/\/pagon24.pl\/wp-content\/uploads\/2026\/03\/mundur-meski-policji-gabardyna-wyjsciowy-1.jpg\" \/>\n\t<meta property=\"og:image:width\" content=\"1200\" \/>\n\t<meta property=\"og:image:height\" content=\"1200\" \/>\n\t<meta property=\"og:image:type\" content=\"image\/jpeg\" \/>\n<meta name=\"twitter:card\" content=\"summary_large_image\" \/>\n<meta name=\"twitter:label1\" content=\"Est. reading time\" \/>\n\t<meta name=\"twitter:data1\" content=\"1 minute\" \/>\n<script type=\"application\/ld+json\" class=\"yoast-schema-graph\">{\"@context\":\"https:\\\/\\\/schema.org\",\"@graph\":[{\"@type\":\"WebPage\",\"@id\":\"https:\\\/\\\/pagon24.pl\\\/produkt\\\/mundur-wyjsciowy-meski-szyty-na-miare\\\/\",\"url\":\"https:\\\/\\\/pagon24.pl\\\/produkt\\\/mundur-wyjsciowy-meski-szyty-na-miare\\\/\",\"name\":\"Mundur wyj\u015bciowy m\u0119ski - WERSJA TABELOWA - Pagon24.pl\",\"isPartOf\":{\"@id\":\"https:\\\/\\\/pagon24.pl\\\/#website\"},\"primaryImageOfPage\":{\"@id\":\"https:\\\/\\\/pagon24.pl\\\/produkt\\\/mundur-wyjsciowy-meski-szyty-na-miare\\\/#primaryimage\"},\"image\":{\"@id\":\"https:\\\/\\\/pagon24.pl\\\/produkt\\\/mundur-wyjsciowy-meski-szyty-na-miare\\\/#primaryimage\"},\"thumbnailUrl\":\"https:\\\/\\\/pagon24.pl\\\/wp-content\\\/uploads\\\/2026\\\/03\\\/mundur-meski-policji-gabardyna-wyjsciowy-1.jpg\",\"datePublished\":\"2026-03-23T13:21:59+00:00\",\"dateModified\":\"2026-04-20T19:52:59+00:00\",\"description\":\"Mundur wyj\u015bciowy Policji - Nowy Wz\u00f3r uszyty wg. wytycznych MSWiA. Komplet marynarka i spodnie. Zestaw w pe\u0142ni obszyty gotowy do noszenia.\",\"breadcrumb\":{\"@id\":\"https:\\\/\\\/pagon24.pl\\\/produkt\\\/mundur-wyjsciowy-meski-szyty-na-miare\\\/#breadcrumb\"},\"inLanguage\":\"en-US\",\"potentialAction\":[{\"@type\":\"ReadAction\",\"target\":[\"https:\\\/\\\/pagon24.pl\\\/produkt\\\/mundur-wyjsciowy-meski-szyty-na-miare\\\/\"]}]},{\"@type\":\"ImageObject\",\"inLanguage\":\"en-US\",\"@id\":\"https:\\\/\\\/pagon24.pl\\\/produkt\\\/mundur-wyjsciowy-meski-szyty-na-miare\\\/#primaryimage\",\"url\":\"https:\\\/\\\/pagon24.pl\\\/wp-content\\\/uploads\\\/2026\\\/03\\\/mundur-meski-policji-gabardyna-wyjsciowy-1.jpg\",\"contentUrl\":\"https:\\\/\\\/pagon24.pl\\\/wp-content\\\/uploads\\\/2026\\\/03\\\/mundur-meski-policji-gabardyna-wyjsciowy-1.jpg\",\"width\":1200,\"height\":1200},{\"@type\":\"BreadcrumbList\",\"@id\":\"https:\\\/\\\/pagon24.pl\\\/produkt\\\/mundur-wyjsciowy-meski-szyty-na-miare\\\/#breadcrumb\",\"itemListElement\":[{\"@type\":\"ListItem\",\"position\":1,\"name\":\"Strona g\u0142\u00f3wna\",\"item\":\"https:\\\/\\\/pagon24.pl\\\/\"},{\"@type\":\"ListItem\",\"position\":2,\"name\":\"Katalog\",\"item\":\"https:\\\/\\\/pagon24.pl\\\/shop\\\/\"},{\"@type\":\"ListItem\",\"position\":3,\"name\":\"Mundur wyj\u015bciowy m\u0119ski &#8211; WERSJA TABELOWA\"}]},{\"@type\":\"WebSite\",\"@id\":\"https:\\\/\\\/pagon24.pl\\\/#website\",\"url\":\"https:\\\/\\\/pagon24.pl\\\/\",\"name\":\"Pagon24.pl\",\"description\":\"Sklep mundurowy we Wroc\u0142awiu\",\"publisher\":{\"@id\":\"https:\\\/\\\/pagon24.pl\\\/#organization\"},\"potentialAction\":[{\"@type\":\"SearchAction\",\"target\":{\"@type\":\"EntryPoint\",\"urlTemplate\":\"https:\\\/\\\/pagon24.pl\\\/?s={search_term_string}\"},\"query-input\":{\"@type\":\"PropertyValueSpecification\",\"valueRequired\":true,\"valueName\":\"search_term_string\"}}],\"inLanguage\":\"en-US\"},{\"@type\":\"Organization\",\"@id\":\"https:\\\/\\\/pagon24.pl\\\/#organization\",\"name\":\"Pagon24.pl\",\"url\":\"https:\\\/\\\/pagon24.pl\\\/\",\"logo\":{\"@type\":\"ImageObject\",\"inLanguage\":\"en-US\",\"@id\":\"https:\\\/\\\/pagon24.pl\\\/#\\\/schema\\\/logo\\\/image\\\/\",\"url\":\"https:\\\/\\\/pagon24.pl\\\/wp-content\\\/uploads\\\/2026\\\/03\\\/logo-pagon-granat.png\",\"contentUrl\":\"https:\\\/\\\/pagon24.pl\\\/wp-content\\\/uploads\\\/2026\\\/03\\\/logo-pagon-granat.png\",\"width\":569,\"height\":149,\"caption\":\"Pagon24.pl\"},\"image\":{\"@id\":\"https:\\\/\\\/pagon24.pl\\\/#\\\/schema\\\/logo\\\/image\\\/\"}}]}<\/script>\n<!-- \/ Yoast SEO plugin. -->","yoast_head_json":{"title":"Mundur wyj\u015bciowy m\u0119ski - WERSJA TABELOWA - Pagon24.pl","description":"Mundur wyj\u015bciowy Policji - Nowy Wz\u00f3r uszyty wg. wytycznych MSWiA. Komplet marynarka i spodnie. Zestaw w pe\u0142ni obszyty gotowy do noszenia.","robots":{"index":"index","follow":"follow","max-snippet":"max-snippet:-1","max-image-preview":"max-image-preview:large","max-video-preview":"max-video-preview:-1"},"canonical":"https:\/\/pagon24.pl\/en\/product\/mundur-wyjsciowy-meski-szyty-na-miare\/","og_locale":"en_US","og_type":"article","og_title":"Mundur wyj\u015bciowy m\u0119ski - WERSJA TABELOWA - Pagon24.pl","og_description":"Mundur wyj\u015bciowy Policji - Nowy Wz\u00f3r uszyty wg. wytycznych MSWiA. Komplet marynarka i spodnie. Zestaw w pe\u0142ni obszyty gotowy do noszenia.","og_url":"https:\/\/pagon24.pl\/en\/product\/mundur-wyjsciowy-meski-szyty-na-miare\/","og_site_name":"Pagon24.pl","article_modified_time":"2026-04-20T19:52:59+00:00","og_image":[{"width":1200,"height":1200,"url":"https:\/\/pagon24.pl\/wp-content\/uploads\/2026\/03\/mundur-meski-policji-gabardyna-wyjsciowy-1.jpg","type":"image\/jpeg"}],"twitter_card":"summary_large_image","twitter_misc":{"Est. reading time":"1 minute"},"schema":{"@context":"https:\/\/schema.org","@graph":[{"@type":"WebPage","@id":"https:\/\/pagon24.pl\/produkt\/mundur-wyjsciowy-meski-szyty-na-miare\/","url":"https:\/\/pagon24.pl\/produkt\/mundur-wyjsciowy-meski-szyty-na-miare\/","name":"Mundur wyj\u015bciowy m\u0119ski - WERSJA TABELOWA - Pagon24.pl","isPartOf":{"@id":"https:\/\/pagon24.pl\/#website"},"primaryImageOfPage":{"@id":"https:\/\/pagon24.pl\/produkt\/mundur-wyjsciowy-meski-szyty-na-miare\/#primaryimage"},"image":{"@id":"https:\/\/pagon24.pl\/produkt\/mundur-wyjsciowy-meski-szyty-na-miare\/#primaryimage"},"thumbnailUrl":"https:\/\/pagon24.pl\/wp-content\/uploads\/2026\/03\/mundur-meski-policji-gabardyna-wyjsciowy-1.jpg","datePublished":"2026-03-23T13:21:59+00:00","dateModified":"2026-04-20T19:52:59+00:00","description":"Mundur wyj\u015bciowy Policji - Nowy Wz\u00f3r uszyty wg. wytycznych MSWiA. Komplet marynarka i spodnie. Zestaw w pe\u0142ni obszyty gotowy do noszenia.","breadcrumb":{"@id":"https:\/\/pagon24.pl\/produkt\/mundur-wyjsciowy-meski-szyty-na-miare\/#breadcrumb"},"inLanguage":"en-US","potentialAction":[{"@type":"ReadAction","target":["https:\/\/pagon24.pl\/produkt\/mundur-wyjsciowy-meski-szyty-na-miare\/"]}]},{"@type":"ImageObject","inLanguage":"en-US","@id":"https:\/\/pagon24.pl\/produkt\/mundur-wyjsciowy-meski-szyty-na-miare\/#primaryimage","url":"https:\/\/pagon24.pl\/wp-content\/uploads\/2026\/03\/mundur-meski-policji-gabardyna-wyjsciowy-1.jpg","contentUrl":"https:\/\/pagon24.pl\/wp-content\/uploads\/2026\/03\/mundur-meski-policji-gabardyna-wyjsciowy-1.jpg","width":1200,"height":1200},{"@type":"BreadcrumbList","@id":"https:\/\/pagon24.pl\/produkt\/mundur-wyjsciowy-meski-szyty-na-miare\/#breadcrumb","itemListElement":[{"@type":"ListItem","position":1,"name":"Strona g\u0142\u00f3wna","item":"https:\/\/pagon24.pl\/"},{"@type":"ListItem","position":2,"name":"Katalog","item":"https:\/\/pagon24.pl\/shop\/"},{"@type":"ListItem","position":3,"name":"Mundur wyj\u015bciowy m\u0119ski &#8211; WERSJA TABELOWA"}]},{"@type":"WebSite","@id":"https:\/\/pagon24.pl\/#website","url":"https:\/\/pagon24.pl\/","name":"Pagon24.pl","description":"Sklep mundurowy we Wroc\u0142awiu","publisher":{"@id":"https:\/\/pagon24.pl\/#organization"},"potentialAction":[{"@type":"SearchAction","target":{"@type":"EntryPoint","urlTemplate":"https:\/\/pagon24.pl\/?s={search_term_string}"},"query-input":{"@type":"PropertyValueSpecification","valueRequired":true,"valueName":"search_term_string"}}],"inLanguage":"en-US"},{"@type":"Organization","@id":"https:\/\/pagon24.pl\/#organization","name":"Pagon24.pl","url":"https:\/\/pagon24.pl\/","logo":{"@type":"ImageObject","inLanguage":"en-US","@id":"https:\/\/pagon24.pl\/#\/schema\/logo\/image\/","url":"https:\/\/pagon24.pl\/wp-content\/uploads\/2026\/03\/logo-pagon-granat.png","contentUrl":"https:\/\/pagon24.pl\/wp-content\/uploads\/2026\/03\/logo-pagon-granat.png","width":569,"height":149,"caption":"Pagon24.pl"},"image":{"@id":"https:\/\/pagon24.pl\/#\/schema\/logo\/image\/"}}]}},"_links":{"self":[{"href":"https:\/\/pagon24.pl\/en\/wp-json\/wp\/v2\/product\/30891","targetHints":{"allow":["GET"]}}],"collection":[{"href":"https:\/\/pagon24.pl\/en\/wp-json\/wp\/v2\/product"}],"about":[{"href":"https:\/\/pagon24.pl\/en\/wp-json\/wp\/v2\/types\/product"}],"replies":[{"embeddable":true,"href":"https:\/\/pagon24.pl\/en\/wp-json\/wp\/v2\/comments?post=30891"}],"version-history":[{"count":3,"href":"https:\/\/pagon24.pl\/en\/wp-json\/wp\/v2\/product\/30891\/revisions"}],"predecessor-version":[{"id":31297,"href":"https:\/\/pagon24.pl\/en\/wp-json\/wp\/v2\/product\/30891\/revisions\/31297"}],"wp:featuredmedia":[{"embeddable":true,"href":"https:\/\/pagon24.pl\/en\/wp-json\/wp\/v2\/media\/29182"}],"wp:attachment":[{"href":"https:\/\/pagon24.pl\/en\/wp-json\/wp\/v2\/media?parent=30891"}],"wp:term":[{"taxonomy":"product_brand","embeddable":true,"href":"https:\/\/pagon24.pl\/en\/wp-json\/wp\/v2\/product_brand?post=30891"},{"taxonomy":"product_cat","embeddable":true,"href":"https:\/\/pagon24.pl\/en\/wp-json\/wp\/v2\/product_cat?post=30891"},{"taxonomy":"product_tag","embeddable":true,"href":"https:\/\/pagon24.pl\/en\/wp-json\/wp\/v2\/product_tag?post=30891"}],"curies":[{"name":"wp","href":"https:\/\/api.w.org\/{rel}","templated":true}]}}