{"id":30817,"date":"2026-03-22T18:49:44","date_gmt":"2026-03-22T17:49:44","guid":{"rendered":"https:\/\/pagon24.pl\/?post_type=product&#038;p=30817"},"modified":"2026-03-23T15:44:46","modified_gmt":"2026-03-23T14:44:46","slug":"koszula-damska-sluzbowa-granatowa-dlugi-rekaw-policja-kopia","status":"publish","type":"product","link":"https:\/\/pagon24.pl\/en\/product\/koszula-damska-sluzbowa-granatowa-dlugi-rekaw-policja-kopia\/","title":{"rendered":"Koszula Damska S\u0142u\u017cbowa Granatowa D\u0142ugi R\u0119kaw Policja (Kopia)"},"content":{"rendered":"<div class=\"wp-block-fsb-flexible-spacer fsb-flexible-spacer\" aria-hidden=\"true\">\n<div class=\"fsb-flexible-spacer__device fsb-flexible-spacer__device--lg\"><\/div>\n<\/div>\n<div class=\"alignwide is-style-minimal wp-block-woocommerce-product-details\" data-block-name=\"woocommerce\/product-details\">\n<div class=\"wc-block-product-description wp-block-woocommerce-product-description is-layout-flow wp-block-woocommerce-product-description-is-layout-flow\" data-block-name=\"woocommerce\/product-description\">\n<h2 class=\"wp-block-heading has-x-large-font-size\"><strong>Koszula damska s\u0142u\u017cbowa policyjna z kr\u00f3tkim r\u0119kawem <\/strong><\/h2>\n<p><strong>Profesjonalna koszula s\u0142u\u017cbowa Policji na kr\u00f3tki r\u0119kaw, wykonana z wytrzyma\u0142ej tkaniny<\/strong> 60% bawe\u0142ny i 40% poliestru. Zaprojektowana z my\u015bl\u0105 o intensywnej, ca\u0142odziennej s\u0142u\u017cbie \u2013 <strong>zapewnia komfort i swobod\u0119 ruch\u00f3w. Koszula zosta\u0142a wykonana wed\u0142ug standard\u00f3w umundurowania policyjnego.<\/strong><br \/>\n<strong>Model wyposa\u017cony jest w charakterystyczne napisy POLICJA (r\u0119kawy + pier\u015b), pagony na ramionach, klasyczny ko\u0142nierz z haftem oraz dwie praktyczne kieszenie z patkami.<\/strong><\/p>\n<h3 class=\"wp-block-heading has-x-large-font-size\"><strong>Specyfikacja techniczna<\/strong><\/h3>\n<ul class=\"wp-block-list\">\n<li><strong>Przeznaczenie:<\/strong> koszula s\u0142u\u017cbowa Policja<\/li>\n<li><strong>Kolor: <\/strong>granatowy \/ ciemnogranatowy<\/li>\n<li><strong>Materia\u0142:<\/strong> 60% bawe\u0142na, 40% poliester<\/li>\n<li><strong>R\u0119kaw:<\/strong> kr\u00f3tki<\/li>\n<li><strong>Kieszenie:<\/strong> dwie kieszenie na piersi z klapkami i guzikami<\/li>\n<li><strong>Ko\u0142nierz:<\/strong> klasyczny, z srebrnym haftem <strong>POLICJA<\/strong><\/li>\n<li><strong>Pagony:<\/strong> tak \u2013 przystosowane do zamocowania dystynkcji<\/li>\n<li><strong>Nadruki:<\/strong><\/li>\n<li>\u2003\u2013 odblaskowy napis \u201ePOLICJA\u201d nad lew\u0105 kieszeni\u0105<\/li>\n<li>\u2003\u2013 odblaskowe napisy \u201ePOLICJA\u201d na obu r\u0119kawach<\/li>\n<li><strong>Ty\u0142: <\/strong>ta\u015bma odblaskowa<\/li>\n<\/ul>\n<h3 class=\"wp-block-heading has-x-large-font-size\">Tabela z wymiarami<\/h3>\n<p><strong>Przedzia\u0142y wzrostu:<\/strong><\/p>\n<p><strong>Wariant A:\u00a0<\/strong>152-164cm<\/p>\n<p><strong>Wariant B:\u00a0<\/strong>165-173cm<\/p>\n<p><strong>Wariant C:\u00a0<\/strong>174-182cm<\/p>\n<div class=\"table-wrap\">\n<table class=\"size-table\" style=\"height: 331px;\" width=\"528\">\n<thead>\n<tr>\n<th>Wymiar<\/th>\n<th>Wariant<\/th>\n<th>35<\/th>\n<th>36<\/th>\n<th>37<\/th>\n<th>38<\/th>\n<th>39<\/th>\n<th>40<\/th>\n<th>41<\/th>\n<\/tr>\n<\/thead>\n<tbody>\n<tr>\n<td class=\"row-title\">Klatka<\/td>\n<td><\/td>\n<td>83<\/td>\n<td>87<\/td>\n<td>91<\/td>\n<td>95<\/td>\n<td>99<\/td>\n<td>103<\/td>\n<td>107<\/td>\n<\/tr>\n<tr>\n<td class=\"row-title\">Pas<\/td>\n<td><\/td>\n<td>75<\/td>\n<td>79<\/td>\n<td>83<\/td>\n<td>87<\/td>\n<td>91<\/td>\n<td>95<\/td>\n<td>99<\/td>\n<\/tr>\n<tr>\n<td class=\"row-title\">D\u00f3\u0142 koszuli<\/td>\n<td><\/td>\n<td>88<\/td>\n<td>92<\/td>\n<td>96<\/td>\n<td>100<\/td>\n<td>104<\/td>\n<td>108<\/td>\n<td>112<\/td>\n<\/tr>\n<tr>\n<td class=\"row-title\">D\u0142ugo\u015b\u0107 ty\u0142u<\/td>\n<td><\/td>\n<td>37<\/td>\n<td>38<\/td>\n<td>39<\/td>\n<td>40<\/td>\n<td>41<\/td>\n<td>42<\/td>\n<td>43<\/td>\n<\/tr>\n<tr>\n<td class=\"row-title\" rowspan=\"3\">D\u0142ugo\u015b\u0107 r\u0119kawa<\/td>\n<td>A<\/td>\n<td>22<\/td>\n<td>22,4<\/td>\n<td>22,8<\/td>\n<td>23,2<\/td>\n<td>23,6<\/td>\n<td>24<\/td>\n<td>24,4<\/td>\n<\/tr>\n<tr>\n<td>B<\/td>\n<td>25<\/td>\n<td>25,4<\/td>\n<td>25,8<\/td>\n<td>26,2<\/td>\n<td>26,6<\/td>\n<td>27<\/td>\n<td>27,4<\/td>\n<\/tr>\n<tr>\n<td>C<\/td>\n<td>28<\/td>\n<td>28,4<\/td>\n<td>28,8<\/td>\n<td>29,2<\/td>\n<td>29,6<\/td>\n<td>30<\/td>\n<td>30,4<\/td>\n<\/tr>\n<tr>\n<td class=\"row-title\" rowspan=\"3\">D\u0142ugo\u015b\u0107 koszuli<\/td>\n<td>A<\/td>\n<td>69<\/td>\n<td>69<\/td>\n<td>69<\/td>\n<td>69<\/td>\n<td>69<\/td>\n<td>69<\/td>\n<td>69<\/td>\n<\/tr>\n<tr>\n<td>B<\/td>\n<td>71<\/td>\n<td>71<\/td>\n<td>71<\/td>\n<td>71<\/td>\n<td>71<\/td>\n<td>71<\/td>\n<td>71<\/td>\n<\/tr>\n<tr>\n<td>C<\/td>\n<td>73<\/td>\n<td>73<\/td>\n<td>73<\/td>\n<td>73<\/td>\n<td>73<\/td>\n<td>73<\/td>\n<td>73<\/td>\n<\/tr>\n<\/tbody>\n<\/table>\n<\/div>\n<p><strong>*Zalecamy zmierzy\u0107 obw\u00f3d ko\u0142nierzyka oraz zapozna\u0107 si\u0119 z tabel\u0105 wymiar\u00f3w, gdy\u017c\u00a0 ka\u017cdy z rozmiar\u00f3w posiada trzy warianty d\u0142ugo\u015bci koszuli i r\u0119kawa (A, B, C), aby dobra\u0107 odpowiedni rozmiar, dopasowany do wzrostu.<\/strong><\/p>\n<\/div>\n<\/div>","protected":false},"excerpt":{"rendered":"<p>Koszula s\u0142u\u017cbowa Policji na kr\u00f3tki r\u0119kaw w kolorze ciemnogranatowym, wykonana z trwa\u0142ej tkaniny. Wyposa\u017cona w odblaskowe napisy POLICJA, pagony na dystynkcje, klasyczny ko\u0142nierz z haftem oraz dwie kieszenie z patkami. Zaprojektowana wed\u0142ug standard\u00f3w umundurowania policyjnego \u2013 idealna na sezon letni, zapewnia wygod\u0119, przewiewno\u015b\u0107 i profesjonalny wygl\u0105d podczas codziennej s\u0142u\u017cby.<\/p>","protected":false},"featured_media":29143,"comment_status":"open","ping_status":"closed","template":"","meta":[],"product_brand":[],"product_cat":[199,224,75,283],"product_tag":[],"class_list":{"0":"post-30817","1":"product","2":"type-product","3":"status-publish","4":"has-post-thumbnail","6":"product_cat-koszule-policyjne","7":"product_cat-koszule-damskie-policyjne","8":"product_cat-mundury-sluzbowe-policja","9":"product_cat-wyposazenie-dla-f-szy-wrd","11":"first","12":"instock","13":"taxable","14":"shipping-taxable","15":"purchasable","16":"product-type-variable"},"yoast_head":"<!-- This site is optimized with the Yoast SEO plugin v27.5 - https:\/\/yoast.com\/product\/yoast-seo-wordpress\/ -->\n<title>Koszula Damska S\u0142u\u017cbowa Granatowa D\u0142ugi R\u0119kaw Policja (Kopia) - Pagon24.pl<\/title>\n<meta name=\"robots\" content=\"index, follow, max-snippet:-1, max-image-preview:large, max-video-preview:-1\" \/>\n<link rel=\"canonical\" href=\"https:\/\/pagon24.pl\/en\/product\/koszula-damska-sluzbowa-granatowa-dlugi-rekaw-policja-kopia\/\" \/>\n<meta property=\"og:locale\" content=\"en_US\" \/>\n<meta property=\"og:type\" content=\"article\" \/>\n<meta property=\"og:title\" content=\"Koszula Damska S\u0142u\u017cbowa Granatowa D\u0142ugi R\u0119kaw Policja (Kopia) - Pagon24.pl\" \/>\n<meta property=\"og:description\" content=\"Koszula s\u0142u\u017cbowa Policji na kr\u00f3tki r\u0119kaw w kolorze ciemnogranatowym, wykonana z trwa\u0142ej tkaniny. Wyposa\u017cona w odblaskowe napisy POLICJA, pagony na dystynkcje, klasyczny ko\u0142nierz z haftem oraz dwie kieszenie z patkami. Zaprojektowana wed\u0142ug standard\u00f3w umundurowania policyjnego \u2013 idealna na sezon letni, zapewnia wygod\u0119, przewiewno\u015b\u0107 i profesjonalny wygl\u0105d podczas codziennej s\u0142u\u017cby.\" \/>\n<meta property=\"og:url\" content=\"https:\/\/pagon24.pl\/en\/product\/koszula-damska-sluzbowa-granatowa-dlugi-rekaw-policja-kopia\/\" \/>\n<meta property=\"og:site_name\" content=\"Pagon24.pl\" \/>\n<meta property=\"article:modified_time\" content=\"2026-03-23T14:44:46+00:00\" \/>\n<meta property=\"og:image\" content=\"https:\/\/pagon24.pl\/wp-content\/uploads\/2026\/03\/arans-koszula-policyjna-damska-dluga.jpg\" \/>\n\t<meta property=\"og:image:width\" content=\"1600\" \/>\n\t<meta property=\"og:image:height\" content=\"1600\" \/>\n\t<meta property=\"og:image:type\" content=\"image\/jpeg\" \/>\n<meta name=\"twitter:card\" content=\"summary_large_image\" \/>\n<meta name=\"twitter:label1\" content=\"Est. reading time\" \/>\n\t<meta name=\"twitter:data1\" content=\"2 minutes\" \/>\n<script type=\"application\/ld+json\" class=\"yoast-schema-graph\">{\"@context\":\"https:\\\/\\\/schema.org\",\"@graph\":[{\"@type\":\"WebPage\",\"@id\":\"https:\\\/\\\/pagon24.pl\\\/produkt\\\/koszula-damska-sluzbowa-granatowa-dlugi-rekaw-policja-kopia\\\/\",\"url\":\"https:\\\/\\\/pagon24.pl\\\/produkt\\\/koszula-damska-sluzbowa-granatowa-dlugi-rekaw-policja-kopia\\\/\",\"name\":\"Koszula Damska S\u0142u\u017cbowa Granatowa D\u0142ugi R\u0119kaw Policja (Kopia) - Pagon24.pl\",\"isPartOf\":{\"@id\":\"https:\\\/\\\/pagon24.pl\\\/#website\"},\"primaryImageOfPage\":{\"@id\":\"https:\\\/\\\/pagon24.pl\\\/produkt\\\/koszula-damska-sluzbowa-granatowa-dlugi-rekaw-policja-kopia\\\/#primaryimage\"},\"image\":{\"@id\":\"https:\\\/\\\/pagon24.pl\\\/produkt\\\/koszula-damska-sluzbowa-granatowa-dlugi-rekaw-policja-kopia\\\/#primaryimage\"},\"thumbnailUrl\":\"https:\\\/\\\/pagon24.pl\\\/wp-content\\\/uploads\\\/2026\\\/03\\\/arans-koszula-policyjna-damska-dluga.jpg\",\"datePublished\":\"2026-03-22T17:49:44+00:00\",\"dateModified\":\"2026-03-23T14:44:46+00:00\",\"breadcrumb\":{\"@id\":\"https:\\\/\\\/pagon24.pl\\\/produkt\\\/koszula-damska-sluzbowa-granatowa-dlugi-rekaw-policja-kopia\\\/#breadcrumb\"},\"inLanguage\":\"en-US\",\"potentialAction\":[{\"@type\":\"ReadAction\",\"target\":[\"https:\\\/\\\/pagon24.pl\\\/produkt\\\/koszula-damska-sluzbowa-granatowa-dlugi-rekaw-policja-kopia\\\/\"]}]},{\"@type\":\"ImageObject\",\"inLanguage\":\"en-US\",\"@id\":\"https:\\\/\\\/pagon24.pl\\\/produkt\\\/koszula-damska-sluzbowa-granatowa-dlugi-rekaw-policja-kopia\\\/#primaryimage\",\"url\":\"https:\\\/\\\/pagon24.pl\\\/wp-content\\\/uploads\\\/2026\\\/03\\\/arans-koszula-policyjna-damska-dluga.jpg\",\"contentUrl\":\"https:\\\/\\\/pagon24.pl\\\/wp-content\\\/uploads\\\/2026\\\/03\\\/arans-koszula-policyjna-damska-dluga.jpg\",\"width\":1600,\"height\":1600},{\"@type\":\"BreadcrumbList\",\"@id\":\"https:\\\/\\\/pagon24.pl\\\/produkt\\\/koszula-damska-sluzbowa-granatowa-dlugi-rekaw-policja-kopia\\\/#breadcrumb\",\"itemListElement\":[{\"@type\":\"ListItem\",\"position\":1,\"name\":\"Strona g\u0142\u00f3wna\",\"item\":\"https:\\\/\\\/pagon24.pl\\\/\"},{\"@type\":\"ListItem\",\"position\":2,\"name\":\"Katalog\",\"item\":\"https:\\\/\\\/pagon24.pl\\\/shop\\\/\"},{\"@type\":\"ListItem\",\"position\":3,\"name\":\"Koszula Damska S\u0142u\u017cbowa Granatowa D\u0142ugi R\u0119kaw Policja (Kopia)\"}]},{\"@type\":\"WebSite\",\"@id\":\"https:\\\/\\\/pagon24.pl\\\/#website\",\"url\":\"https:\\\/\\\/pagon24.pl\\\/\",\"name\":\"Pagon24.pl\",\"description\":\"Sklep mundurowy we Wroc\u0142awiu\",\"publisher\":{\"@id\":\"https:\\\/\\\/pagon24.pl\\\/#organization\"},\"potentialAction\":[{\"@type\":\"SearchAction\",\"target\":{\"@type\":\"EntryPoint\",\"urlTemplate\":\"https:\\\/\\\/pagon24.pl\\\/?s={search_term_string}\"},\"query-input\":{\"@type\":\"PropertyValueSpecification\",\"valueRequired\":true,\"valueName\":\"search_term_string\"}}],\"inLanguage\":\"en-US\"},{\"@type\":\"Organization\",\"@id\":\"https:\\\/\\\/pagon24.pl\\\/#organization\",\"name\":\"Pagon24.pl\",\"url\":\"https:\\\/\\\/pagon24.pl\\\/\",\"logo\":{\"@type\":\"ImageObject\",\"inLanguage\":\"en-US\",\"@id\":\"https:\\\/\\\/pagon24.pl\\\/#\\\/schema\\\/logo\\\/image\\\/\",\"url\":\"https:\\\/\\\/pagon24.pl\\\/wp-content\\\/uploads\\\/2026\\\/03\\\/logo-pagon-granat.png\",\"contentUrl\":\"https:\\\/\\\/pagon24.pl\\\/wp-content\\\/uploads\\\/2026\\\/03\\\/logo-pagon-granat.png\",\"width\":569,\"height\":149,\"caption\":\"Pagon24.pl\"},\"image\":{\"@id\":\"https:\\\/\\\/pagon24.pl\\\/#\\\/schema\\\/logo\\\/image\\\/\"}}]}<\/script>\n<!-- \/ Yoast SEO plugin. -->","yoast_head_json":{"title":"Koszula Damska S\u0142u\u017cbowa Granatowa D\u0142ugi R\u0119kaw Policja (Kopia) - Pagon24.pl","robots":{"index":"index","follow":"follow","max-snippet":"max-snippet:-1","max-image-preview":"max-image-preview:large","max-video-preview":"max-video-preview:-1"},"canonical":"https:\/\/pagon24.pl\/en\/product\/koszula-damska-sluzbowa-granatowa-dlugi-rekaw-policja-kopia\/","og_locale":"en_US","og_type":"article","og_title":"Koszula Damska S\u0142u\u017cbowa Granatowa D\u0142ugi R\u0119kaw Policja (Kopia) - Pagon24.pl","og_description":"Koszula s\u0142u\u017cbowa Policji na kr\u00f3tki r\u0119kaw w kolorze ciemnogranatowym, wykonana z trwa\u0142ej tkaniny. Wyposa\u017cona w odblaskowe napisy POLICJA, pagony na dystynkcje, klasyczny ko\u0142nierz z haftem oraz dwie kieszenie z patkami. Zaprojektowana wed\u0142ug standard\u00f3w umundurowania policyjnego \u2013 idealna na sezon letni, zapewnia wygod\u0119, przewiewno\u015b\u0107 i profesjonalny wygl\u0105d podczas codziennej s\u0142u\u017cby.","og_url":"https:\/\/pagon24.pl\/en\/product\/koszula-damska-sluzbowa-granatowa-dlugi-rekaw-policja-kopia\/","og_site_name":"Pagon24.pl","article_modified_time":"2026-03-23T14:44:46+00:00","og_image":[{"width":1600,"height":1600,"url":"https:\/\/pagon24.pl\/wp-content\/uploads\/2026\/03\/arans-koszula-policyjna-damska-dluga.jpg","type":"image\/jpeg"}],"twitter_card":"summary_large_image","twitter_misc":{"Est. reading time":"2 minutes"},"schema":{"@context":"https:\/\/schema.org","@graph":[{"@type":"WebPage","@id":"https:\/\/pagon24.pl\/produkt\/koszula-damska-sluzbowa-granatowa-dlugi-rekaw-policja-kopia\/","url":"https:\/\/pagon24.pl\/produkt\/koszula-damska-sluzbowa-granatowa-dlugi-rekaw-policja-kopia\/","name":"Koszula Damska S\u0142u\u017cbowa Granatowa D\u0142ugi R\u0119kaw Policja (Kopia) - Pagon24.pl","isPartOf":{"@id":"https:\/\/pagon24.pl\/#website"},"primaryImageOfPage":{"@id":"https:\/\/pagon24.pl\/produkt\/koszula-damska-sluzbowa-granatowa-dlugi-rekaw-policja-kopia\/#primaryimage"},"image":{"@id":"https:\/\/pagon24.pl\/produkt\/koszula-damska-sluzbowa-granatowa-dlugi-rekaw-policja-kopia\/#primaryimage"},"thumbnailUrl":"https:\/\/pagon24.pl\/wp-content\/uploads\/2026\/03\/arans-koszula-policyjna-damska-dluga.jpg","datePublished":"2026-03-22T17:49:44+00:00","dateModified":"2026-03-23T14:44:46+00:00","breadcrumb":{"@id":"https:\/\/pagon24.pl\/produkt\/koszula-damska-sluzbowa-granatowa-dlugi-rekaw-policja-kopia\/#breadcrumb"},"inLanguage":"en-US","potentialAction":[{"@type":"ReadAction","target":["https:\/\/pagon24.pl\/produkt\/koszula-damska-sluzbowa-granatowa-dlugi-rekaw-policja-kopia\/"]}]},{"@type":"ImageObject","inLanguage":"en-US","@id":"https:\/\/pagon24.pl\/produkt\/koszula-damska-sluzbowa-granatowa-dlugi-rekaw-policja-kopia\/#primaryimage","url":"https:\/\/pagon24.pl\/wp-content\/uploads\/2026\/03\/arans-koszula-policyjna-damska-dluga.jpg","contentUrl":"https:\/\/pagon24.pl\/wp-content\/uploads\/2026\/03\/arans-koszula-policyjna-damska-dluga.jpg","width":1600,"height":1600},{"@type":"BreadcrumbList","@id":"https:\/\/pagon24.pl\/produkt\/koszula-damska-sluzbowa-granatowa-dlugi-rekaw-policja-kopia\/#breadcrumb","itemListElement":[{"@type":"ListItem","position":1,"name":"Strona g\u0142\u00f3wna","item":"https:\/\/pagon24.pl\/"},{"@type":"ListItem","position":2,"name":"Katalog","item":"https:\/\/pagon24.pl\/shop\/"},{"@type":"ListItem","position":3,"name":"Koszula Damska S\u0142u\u017cbowa Granatowa D\u0142ugi R\u0119kaw Policja (Kopia)"}]},{"@type":"WebSite","@id":"https:\/\/pagon24.pl\/#website","url":"https:\/\/pagon24.pl\/","name":"Pagon24.pl","description":"Sklep mundurowy we Wroc\u0142awiu","publisher":{"@id":"https:\/\/pagon24.pl\/#organization"},"potentialAction":[{"@type":"SearchAction","target":{"@type":"EntryPoint","urlTemplate":"https:\/\/pagon24.pl\/?s={search_term_string}"},"query-input":{"@type":"PropertyValueSpecification","valueRequired":true,"valueName":"search_term_string"}}],"inLanguage":"en-US"},{"@type":"Organization","@id":"https:\/\/pagon24.pl\/#organization","name":"Pagon24.pl","url":"https:\/\/pagon24.pl\/","logo":{"@type":"ImageObject","inLanguage":"en-US","@id":"https:\/\/pagon24.pl\/#\/schema\/logo\/image\/","url":"https:\/\/pagon24.pl\/wp-content\/uploads\/2026\/03\/logo-pagon-granat.png","contentUrl":"https:\/\/pagon24.pl\/wp-content\/uploads\/2026\/03\/logo-pagon-granat.png","width":569,"height":149,"caption":"Pagon24.pl"},"image":{"@id":"https:\/\/pagon24.pl\/#\/schema\/logo\/image\/"}}]}},"_links":{"self":[{"href":"https:\/\/pagon24.pl\/en\/wp-json\/wp\/v2\/product\/30817","targetHints":{"allow":["GET"]}}],"collection":[{"href":"https:\/\/pagon24.pl\/en\/wp-json\/wp\/v2\/product"}],"about":[{"href":"https:\/\/pagon24.pl\/en\/wp-json\/wp\/v2\/types\/product"}],"replies":[{"embeddable":true,"href":"https:\/\/pagon24.pl\/en\/wp-json\/wp\/v2\/comments?post=30817"}],"version-history":[{"count":1,"href":"https:\/\/pagon24.pl\/en\/wp-json\/wp\/v2\/product\/30817\/revisions"}],"predecessor-version":[{"id":30845,"href":"https:\/\/pagon24.pl\/en\/wp-json\/wp\/v2\/product\/30817\/revisions\/30845"}],"wp:featuredmedia":[{"embeddable":true,"href":"https:\/\/pagon24.pl\/en\/wp-json\/wp\/v2\/media\/29143"}],"wp:attachment":[{"href":"https:\/\/pagon24.pl\/en\/wp-json\/wp\/v2\/media?parent=30817"}],"wp:term":[{"taxonomy":"product_brand","embeddable":true,"href":"https:\/\/pagon24.pl\/en\/wp-json\/wp\/v2\/product_brand?post=30817"},{"taxonomy":"product_cat","embeddable":true,"href":"https:\/\/pagon24.pl\/en\/wp-json\/wp\/v2\/product_cat?post=30817"},{"taxonomy":"product_tag","embeddable":true,"href":"https:\/\/pagon24.pl\/en\/wp-json\/wp\/v2\/product_tag?post=30817"}],"curies":[{"name":"wp","href":"https:\/\/api.w.org\/{rel}","templated":true}]}}