{"id":29944,"date":"2026-03-18T16:49:03","date_gmt":"2026-03-18T15:49:03","guid":{"rendered":"https:\/\/pagon24.pl\/?post_type=product&#038;p=29944"},"modified":"2026-03-18T16:49:04","modified_gmt":"2026-03-18T15:49:04","slug":"palemki-patka-znak-korpusu-policji-oficerskie-na-mundur","status":"publish","type":"product","link":"https:\/\/pagon24.pl\/en\/product\/palemki-patka-znak-korpusu-policji-oficerskie-na-mundur\/","title":{"rendered":"Palemki Patka Znak Korpusu Policji Oficerskie Na Mundur"},"content":{"rendered":"<h2 class=\"wp-block-heading has-x-large-font-size\"><strong>Przeznaczenie: Podkomisarz, Komisarz, Nadkomisarz, Podinspektor, M\u0142odszy Inspektor, Inspektor<\/strong><\/h2>\n<p><strong>Palemki patka Znak korpusu Policji, oficerskie na mundur (35x50mm)<\/strong><\/p>\n<p><strong>Profesjonalne oznaczenie dla oficer\u00f3w Policji<\/strong><\/p>\n<p>Patka oficerska przeznaczona dla policjant\u00f3w w\u00a0<strong>korpusie oficer\u00f3w Policji<\/strong>\u00a0<strong>(Podkomisarz, Komisarz, Nadkomisarz, Podinspektor, M\u0142odszy Inspektor, Inspektor).<\/strong><\/p>\n<p>Produkt wykonany w oparciu o najnowsze wytyczne, zapewniaj\u0105cy estetyczny wygl\u0105d i trwa\u0142o\u015b\u0107.<\/p>\n<p><strong>Produkt dost\u0119pny od r\u0119ki \u2013 szybka wysy\u0142ka!<\/strong><\/p>\n<h3 class=\"wp-block-heading has-x-large-font-size\">Specyfikacja techniczna<\/h3>\n<ul class=\"wp-block-list\">\n<li>Wymiary:\u00a0<strong>35\u00d750 mm<\/strong><\/li>\n<li>Kolor:\u00a0<strong>ciemnoniebieski<\/strong>\u00a0ze\u00a0<strong>srebrnym obramowaniem<\/strong><\/li>\n<li>Wysokiej jako\u015bci haft \u2013<strong> precyzyjne wykonanie<\/strong><\/li>\n<li>Trwa\u0142e materia\u0142y \u2013 <strong>odporno\u015b\u0107 na zu\u017cycie<\/strong><\/li>\n<\/ul>","protected":false},"excerpt":{"rendered":"<p>Patka oficerska przeznaczona dla policjant\u00f3w w korpusie oficer\u00f3w Policji (Podkomisarz, Komisarz, Nadkomisarz, Podinspektor, M\u0142odszy Inspektor, Inspektor).<\/p>","protected":false},"featured_media":29945,"comment_status":"open","ping_status":"closed","template":"","meta":[],"product_brand":[],"product_cat":[278],"product_tag":[],"class_list":{"0":"post-29944","1":"product","2":"type-product","3":"status-publish","4":"has-post-thumbnail","6":"product_cat-elementy-do-obszycia","8":"first","9":"instock","10":"taxable","11":"shipping-taxable","12":"purchasable","13":"product-type-simple"},"yoast_head":"<!-- This site is optimized with the Yoast SEO plugin v27.5 - https:\/\/yoast.com\/product\/yoast-seo-wordpress\/ -->\n<title>Palemki Patka Znak Korpusu Policji Oficerskie Na Mundur - Pagon24.pl<\/title>\n<meta name=\"robots\" content=\"index, follow, max-snippet:-1, max-image-preview:large, max-video-preview:-1\" \/>\n<link rel=\"canonical\" href=\"https:\/\/pagon24.pl\/en\/?product=palemki-patka-znak-korpusu-policji-oficerskie-na-mundur\" \/>\n<meta property=\"og:locale\" content=\"en_US\" \/>\n<meta property=\"og:type\" content=\"article\" \/>\n<meta property=\"og:title\" content=\"Palemki Patka Znak Korpusu Policji Oficerskie Na Mundur - Pagon24.pl\" \/>\n<meta property=\"og:description\" content=\"Patka oficerska przeznaczona dla policjant\u00f3w w korpusie oficer\u00f3w Policji (Podkomisarz, Komisarz, Nadkomisarz, Podinspektor, M\u0142odszy Inspektor, Inspektor).\" \/>\n<meta property=\"og:url\" content=\"https:\/\/pagon24.pl\/en\/?product=palemki-patka-znak-korpusu-policji-oficerskie-na-mundur\" \/>\n<meta property=\"og:site_name\" content=\"Pagon24.pl\" \/>\n<meta property=\"article:modified_time\" content=\"2026-03-18T15:49:04+00:00\" \/>\n<meta property=\"og:image\" content=\"https:\/\/pagon24.pl\/wp-content\/uploads\/2026\/03\/Palemki-Patka-Znak-Korpusu-Policji-Korpusowki-Oficerskie-Na-Mundur-1.jpeg\" \/>\n\t<meta property=\"og:image:width\" content=\"2560\" \/>\n\t<meta property=\"og:image:height\" content=\"2560\" \/>\n\t<meta property=\"og:image:type\" content=\"image\/jpeg\" \/>\n<meta name=\"twitter:card\" content=\"summary_large_image\" \/>\n<meta name=\"twitter:label1\" content=\"Est. reading time\" \/>\n\t<meta name=\"twitter:data1\" content=\"1 minute\" \/>\n<script type=\"application\/ld+json\" class=\"yoast-schema-graph\">{\"@context\":\"https:\\\/\\\/schema.org\",\"@graph\":[{\"@type\":\"WebPage\",\"@id\":\"https:\\\/\\\/pagon24.pl\\\/?product=palemki-patka-znak-korpusu-policji-oficerskie-na-mundur\",\"url\":\"https:\\\/\\\/pagon24.pl\\\/?product=palemki-patka-znak-korpusu-policji-oficerskie-na-mundur\",\"name\":\"Palemki Patka Znak Korpusu Policji Oficerskie Na Mundur - Pagon24.pl\",\"isPartOf\":{\"@id\":\"https:\\\/\\\/pagon24.pl\\\/#website\"},\"primaryImageOfPage\":{\"@id\":\"https:\\\/\\\/pagon24.pl\\\/?product=palemki-patka-znak-korpusu-policji-oficerskie-na-mundur#primaryimage\"},\"image\":{\"@id\":\"https:\\\/\\\/pagon24.pl\\\/?product=palemki-patka-znak-korpusu-policji-oficerskie-na-mundur#primaryimage\"},\"thumbnailUrl\":\"https:\\\/\\\/pagon24.pl\\\/wp-content\\\/uploads\\\/2026\\\/03\\\/Palemki-Patka-Znak-Korpusu-Policji-Korpusowki-Oficerskie-Na-Mundur-1.jpeg\",\"datePublished\":\"2026-03-18T15:49:03+00:00\",\"dateModified\":\"2026-03-18T15:49:04+00:00\",\"breadcrumb\":{\"@id\":\"https:\\\/\\\/pagon24.pl\\\/?product=palemki-patka-znak-korpusu-policji-oficerskie-na-mundur#breadcrumb\"},\"inLanguage\":\"en-US\",\"potentialAction\":[{\"@type\":\"ReadAction\",\"target\":[\"https:\\\/\\\/pagon24.pl\\\/?product=palemki-patka-znak-korpusu-policji-oficerskie-na-mundur\"]}]},{\"@type\":\"ImageObject\",\"inLanguage\":\"en-US\",\"@id\":\"https:\\\/\\\/pagon24.pl\\\/?product=palemki-patka-znak-korpusu-policji-oficerskie-na-mundur#primaryimage\",\"url\":\"https:\\\/\\\/pagon24.pl\\\/wp-content\\\/uploads\\\/2026\\\/03\\\/Palemki-Patka-Znak-Korpusu-Policji-Korpusowki-Oficerskie-Na-Mundur-1.jpeg\",\"contentUrl\":\"https:\\\/\\\/pagon24.pl\\\/wp-content\\\/uploads\\\/2026\\\/03\\\/Palemki-Patka-Znak-Korpusu-Policji-Korpusowki-Oficerskie-Na-Mundur-1.jpeg\",\"width\":2560,\"height\":2560,\"caption\":\"patki policyjne korpusu oficerskiego pagon24\"},{\"@type\":\"BreadcrumbList\",\"@id\":\"https:\\\/\\\/pagon24.pl\\\/?product=palemki-patka-znak-korpusu-policji-oficerskie-na-mundur#breadcrumb\",\"itemListElement\":[{\"@type\":\"ListItem\",\"position\":1,\"name\":\"Strona g\u0142\u00f3wna\",\"item\":\"https:\\\/\\\/pagon24.pl\\\/\"},{\"@type\":\"ListItem\",\"position\":2,\"name\":\"Katalog\",\"item\":\"https:\\\/\\\/pagon24.pl\\\/shop\\\/\"},{\"@type\":\"ListItem\",\"position\":3,\"name\":\"Palemki Patka Znak Korpusu Policji Oficerskie Na Mundur\"}]},{\"@type\":\"WebSite\",\"@id\":\"https:\\\/\\\/pagon24.pl\\\/#website\",\"url\":\"https:\\\/\\\/pagon24.pl\\\/\",\"name\":\"Pagon24.pl\",\"description\":\"Sklep mundurowy we Wroc\u0142awiu\",\"publisher\":{\"@id\":\"https:\\\/\\\/pagon24.pl\\\/#organization\"},\"potentialAction\":[{\"@type\":\"SearchAction\",\"target\":{\"@type\":\"EntryPoint\",\"urlTemplate\":\"https:\\\/\\\/pagon24.pl\\\/?s={search_term_string}\"},\"query-input\":{\"@type\":\"PropertyValueSpecification\",\"valueRequired\":true,\"valueName\":\"search_term_string\"}}],\"inLanguage\":\"en-US\"},{\"@type\":\"Organization\",\"@id\":\"https:\\\/\\\/pagon24.pl\\\/#organization\",\"name\":\"Pagon24.pl\",\"url\":\"https:\\\/\\\/pagon24.pl\\\/\",\"logo\":{\"@type\":\"ImageObject\",\"inLanguage\":\"en-US\",\"@id\":\"https:\\\/\\\/pagon24.pl\\\/#\\\/schema\\\/logo\\\/image\\\/\",\"url\":\"https:\\\/\\\/pagon24.pl\\\/wp-content\\\/uploads\\\/2026\\\/03\\\/logo-pagon-granat.png\",\"contentUrl\":\"https:\\\/\\\/pagon24.pl\\\/wp-content\\\/uploads\\\/2026\\\/03\\\/logo-pagon-granat.png\",\"width\":569,\"height\":149,\"caption\":\"Pagon24.pl\"},\"image\":{\"@id\":\"https:\\\/\\\/pagon24.pl\\\/#\\\/schema\\\/logo\\\/image\\\/\"}}]}<\/script>\n<!-- \/ Yoast SEO plugin. -->","yoast_head_json":{"title":"Palemki Patka Znak Korpusu Policji Oficerskie Na Mundur - Pagon24.pl","robots":{"index":"index","follow":"follow","max-snippet":"max-snippet:-1","max-image-preview":"max-image-preview:large","max-video-preview":"max-video-preview:-1"},"canonical":"https:\/\/pagon24.pl\/en\/?product=palemki-patka-znak-korpusu-policji-oficerskie-na-mundur","og_locale":"en_US","og_type":"article","og_title":"Palemki Patka Znak Korpusu Policji Oficerskie Na Mundur - Pagon24.pl","og_description":"Patka oficerska przeznaczona dla policjant\u00f3w w korpusie oficer\u00f3w Policji (Podkomisarz, Komisarz, Nadkomisarz, Podinspektor, M\u0142odszy Inspektor, Inspektor).","og_url":"https:\/\/pagon24.pl\/en\/?product=palemki-patka-znak-korpusu-policji-oficerskie-na-mundur","og_site_name":"Pagon24.pl","article_modified_time":"2026-03-18T15:49:04+00:00","og_image":[{"width":2560,"height":2560,"url":"https:\/\/pagon24.pl\/wp-content\/uploads\/2026\/03\/Palemki-Patka-Znak-Korpusu-Policji-Korpusowki-Oficerskie-Na-Mundur-1.jpeg","type":"image\/jpeg"}],"twitter_card":"summary_large_image","twitter_misc":{"Est. reading time":"1 minute"},"schema":{"@context":"https:\/\/schema.org","@graph":[{"@type":"WebPage","@id":"https:\/\/pagon24.pl\/?product=palemki-patka-znak-korpusu-policji-oficerskie-na-mundur","url":"https:\/\/pagon24.pl\/?product=palemki-patka-znak-korpusu-policji-oficerskie-na-mundur","name":"Palemki Patka Znak Korpusu Policji Oficerskie Na Mundur - Pagon24.pl","isPartOf":{"@id":"https:\/\/pagon24.pl\/#website"},"primaryImageOfPage":{"@id":"https:\/\/pagon24.pl\/?product=palemki-patka-znak-korpusu-policji-oficerskie-na-mundur#primaryimage"},"image":{"@id":"https:\/\/pagon24.pl\/?product=palemki-patka-znak-korpusu-policji-oficerskie-na-mundur#primaryimage"},"thumbnailUrl":"https:\/\/pagon24.pl\/wp-content\/uploads\/2026\/03\/Palemki-Patka-Znak-Korpusu-Policji-Korpusowki-Oficerskie-Na-Mundur-1.jpeg","datePublished":"2026-03-18T15:49:03+00:00","dateModified":"2026-03-18T15:49:04+00:00","breadcrumb":{"@id":"https:\/\/pagon24.pl\/?product=palemki-patka-znak-korpusu-policji-oficerskie-na-mundur#breadcrumb"},"inLanguage":"en-US","potentialAction":[{"@type":"ReadAction","target":["https:\/\/pagon24.pl\/?product=palemki-patka-znak-korpusu-policji-oficerskie-na-mundur"]}]},{"@type":"ImageObject","inLanguage":"en-US","@id":"https:\/\/pagon24.pl\/?product=palemki-patka-znak-korpusu-policji-oficerskie-na-mundur#primaryimage","url":"https:\/\/pagon24.pl\/wp-content\/uploads\/2026\/03\/Palemki-Patka-Znak-Korpusu-Policji-Korpusowki-Oficerskie-Na-Mundur-1.jpeg","contentUrl":"https:\/\/pagon24.pl\/wp-content\/uploads\/2026\/03\/Palemki-Patka-Znak-Korpusu-Policji-Korpusowki-Oficerskie-Na-Mundur-1.jpeg","width":2560,"height":2560,"caption":"patki policyjne korpusu oficerskiego pagon24"},{"@type":"BreadcrumbList","@id":"https:\/\/pagon24.pl\/?product=palemki-patka-znak-korpusu-policji-oficerskie-na-mundur#breadcrumb","itemListElement":[{"@type":"ListItem","position":1,"name":"Strona g\u0142\u00f3wna","item":"https:\/\/pagon24.pl\/"},{"@type":"ListItem","position":2,"name":"Katalog","item":"https:\/\/pagon24.pl\/shop\/"},{"@type":"ListItem","position":3,"name":"Palemki Patka Znak Korpusu Policji Oficerskie Na Mundur"}]},{"@type":"WebSite","@id":"https:\/\/pagon24.pl\/#website","url":"https:\/\/pagon24.pl\/","name":"Pagon24.pl","description":"Sklep mundurowy we Wroc\u0142awiu","publisher":{"@id":"https:\/\/pagon24.pl\/#organization"},"potentialAction":[{"@type":"SearchAction","target":{"@type":"EntryPoint","urlTemplate":"https:\/\/pagon24.pl\/?s={search_term_string}"},"query-input":{"@type":"PropertyValueSpecification","valueRequired":true,"valueName":"search_term_string"}}],"inLanguage":"en-US"},{"@type":"Organization","@id":"https:\/\/pagon24.pl\/#organization","name":"Pagon24.pl","url":"https:\/\/pagon24.pl\/","logo":{"@type":"ImageObject","inLanguage":"en-US","@id":"https:\/\/pagon24.pl\/#\/schema\/logo\/image\/","url":"https:\/\/pagon24.pl\/wp-content\/uploads\/2026\/03\/logo-pagon-granat.png","contentUrl":"https:\/\/pagon24.pl\/wp-content\/uploads\/2026\/03\/logo-pagon-granat.png","width":569,"height":149,"caption":"Pagon24.pl"},"image":{"@id":"https:\/\/pagon24.pl\/#\/schema\/logo\/image\/"}}]}},"_links":{"self":[{"href":"https:\/\/pagon24.pl\/en\/wp-json\/wp\/v2\/product\/29944","targetHints":{"allow":["GET"]}}],"collection":[{"href":"https:\/\/pagon24.pl\/en\/wp-json\/wp\/v2\/product"}],"about":[{"href":"https:\/\/pagon24.pl\/en\/wp-json\/wp\/v2\/types\/product"}],"replies":[{"embeddable":true,"href":"https:\/\/pagon24.pl\/en\/wp-json\/wp\/v2\/comments?post=29944"}],"version-history":[{"count":1,"href":"https:\/\/pagon24.pl\/en\/wp-json\/wp\/v2\/product\/29944\/revisions"}],"predecessor-version":[{"id":29946,"href":"https:\/\/pagon24.pl\/en\/wp-json\/wp\/v2\/product\/29944\/revisions\/29946"}],"wp:featuredmedia":[{"embeddable":true,"href":"https:\/\/pagon24.pl\/en\/wp-json\/wp\/v2\/media\/29945"}],"wp:attachment":[{"href":"https:\/\/pagon24.pl\/en\/wp-json\/wp\/v2\/media?parent=29944"}],"wp:term":[{"taxonomy":"product_brand","embeddable":true,"href":"https:\/\/pagon24.pl\/en\/wp-json\/wp\/v2\/product_brand?post=29944"},{"taxonomy":"product_cat","embeddable":true,"href":"https:\/\/pagon24.pl\/en\/wp-json\/wp\/v2\/product_cat?post=29944"},{"taxonomy":"product_tag","embeddable":true,"href":"https:\/\/pagon24.pl\/en\/wp-json\/wp\/v2\/product_tag?post=29944"}],"curies":[{"name":"wp","href":"https:\/\/api.w.org\/{rel}","templated":true}]}}