{"id":29935,"date":"2026-03-18T16:41:16","date_gmt":"2026-03-18T15:41:16","guid":{"rendered":"https:\/\/pagon24.pl\/?post_type=product&#038;p=29935"},"modified":"2026-03-18T16:41:16","modified_gmt":"2026-03-18T15:41:16","slug":"naszywka-napis-policja","status":"publish","type":"product","link":"https:\/\/pagon24.pl\/en\/product\/naszywka-napis-policja\/","title":{"rendered":"Naszywka napis Policja"},"content":{"rendered":"<h2 class=\"wp-block-heading has-x-large-font-size\"><strong>Emblemat naszywka z napisem \u201ePOLICJA\u201d w kszta\u0142cie \u0142uczka<\/strong><\/h2>\n<p><strong>Emblemat naszywka z napisem \u201ePOLICJA\u201d<\/strong> w <strong>kszta\u0142cie \u0142uczka<\/strong> to profesjonalnie wykonany dodatek przeznaczony<strong> do nowego munduru wyj\u015bciowego<\/strong> funkcjonariuszy Policji. Stanowi <strong>nieod\u0142\u0105czny element umundurowania<\/strong>, podkre\u015blaj\u0105c przynale\u017cno\u015b\u0107 s\u0142u\u017cbow\u0105 oraz <strong>dba\u0142o\u015b\u0107 o estetyk\u0119 i jednolito\u015b\u0107 stroju.\u200b<\/strong><\/p>\n<h3 class=\"wp-block-heading has-x-large-font-size\">Specyfikacja techniczna<\/h3>\n<ul class=\"wp-block-list\">\n<li><strong>Przeznaczenie:<\/strong> Nowy mundur wyj\u015bciowy Policji<\/li>\n<li><strong>Rodzaj haftu:<\/strong> Haft komputerowy<\/li>\n<li><strong>Materia\u0142 nici:<\/strong> Ni\u0107 metalizowana (srebrna)<\/li>\n<li><strong>Kolor napisu:<\/strong> Srebrny (metalizowany)<\/li>\n<li><strong>Kszta\u0142t: <\/strong>\u0141uk<\/li>\n<li><strong>Mocowanie:<\/strong> Do naszycia (bez rzepa)<\/li>\n<\/ul>","protected":false},"excerpt":{"rendered":"<p>Emblemat naszywka z napisem \u201ePOLICJA\u201d w kszta\u0142cie \u0142uczka to profesjonalnie wykonany dodatek przeznaczony do nowego munduru wyj\u015bciowego funkcjonariuszy Policji. Stanowi nieod\u0142\u0105czny element umundurowania, podkre\u015blaj\u0105c przynale\u017cno\u015b\u0107 s\u0142u\u017cbow\u0105 oraz dba\u0142o\u015b\u0107 o estetyk\u0119 i jednolito\u015b\u0107 stroju.\u200b<\/p>","protected":false},"featured_media":29936,"comment_status":"open","ping_status":"closed","template":"","meta":[],"product_brand":[],"product_cat":[278],"product_tag":[],"class_list":{"0":"post-29935","1":"product","2":"type-product","3":"status-publish","4":"has-post-thumbnail","6":"product_cat-elementy-do-obszycia","8":"first","9":"instock","10":"taxable","11":"shipping-taxable","12":"purchasable","13":"product-type-simple"},"yoast_head":"<!-- This site is optimized with the Yoast SEO plugin v27.5 - https:\/\/yoast.com\/product\/yoast-seo-wordpress\/ -->\n<title>Naszywka napis Policja - Pagon24.pl<\/title>\n<meta name=\"robots\" content=\"index, follow, max-snippet:-1, max-image-preview:large, max-video-preview:-1\" \/>\n<link rel=\"canonical\" href=\"https:\/\/pagon24.pl\/en\/?product=naszywka-napis-policja\" \/>\n<meta property=\"og:locale\" content=\"en_US\" \/>\n<meta property=\"og:type\" content=\"article\" \/>\n<meta property=\"og:title\" content=\"Naszywka napis Policja - Pagon24.pl\" \/>\n<meta property=\"og:description\" content=\"Emblemat naszywka z napisem \u201ePOLICJA\u201d w kszta\u0142cie \u0142uczka to profesjonalnie wykonany dodatek przeznaczony do nowego munduru wyj\u015bciowego funkcjonariuszy Policji. Stanowi nieod\u0142\u0105czny element umundurowania, podkre\u015blaj\u0105c przynale\u017cno\u015b\u0107 s\u0142u\u017cbow\u0105 oraz dba\u0142o\u015b\u0107 o estetyk\u0119 i jednolito\u015b\u0107 stroju.\u200b\" \/>\n<meta property=\"og:url\" content=\"https:\/\/pagon24.pl\/en\/?product=naszywka-napis-policja\" \/>\n<meta property=\"og:site_name\" content=\"Pagon24.pl\" \/>\n<meta property=\"og:image\" content=\"https:\/\/pagon24.pl\/wp-content\/uploads\/2026\/03\/naszywka-policja.jpg\" \/>\n\t<meta property=\"og:image:width\" content=\"1200\" \/>\n\t<meta property=\"og:image:height\" content=\"1200\" \/>\n\t<meta property=\"og:image:type\" content=\"image\/jpeg\" \/>\n<meta name=\"twitter:card\" content=\"summary_large_image\" \/>\n<meta name=\"twitter:label1\" content=\"Est. reading time\" \/>\n\t<meta name=\"twitter:data1\" content=\"1 minute\" \/>\n<script type=\"application\/ld+json\" class=\"yoast-schema-graph\">{\"@context\":\"https:\\\/\\\/schema.org\",\"@graph\":[{\"@type\":\"WebPage\",\"@id\":\"https:\\\/\\\/pagon24.pl\\\/?product=naszywka-napis-policja\",\"url\":\"https:\\\/\\\/pagon24.pl\\\/?product=naszywka-napis-policja\",\"name\":\"Naszywka napis Policja - Pagon24.pl\",\"isPartOf\":{\"@id\":\"https:\\\/\\\/pagon24.pl\\\/#website\"},\"primaryImageOfPage\":{\"@id\":\"https:\\\/\\\/pagon24.pl\\\/?product=naszywka-napis-policja#primaryimage\"},\"image\":{\"@id\":\"https:\\\/\\\/pagon24.pl\\\/?product=naszywka-napis-policja#primaryimage\"},\"thumbnailUrl\":\"https:\\\/\\\/pagon24.pl\\\/wp-content\\\/uploads\\\/2026\\\/03\\\/naszywka-policja.jpg\",\"datePublished\":\"2026-03-18T15:41:16+00:00\",\"breadcrumb\":{\"@id\":\"https:\\\/\\\/pagon24.pl\\\/?product=naszywka-napis-policja#breadcrumb\"},\"inLanguage\":\"en-US\",\"potentialAction\":[{\"@type\":\"ReadAction\",\"target\":[\"https:\\\/\\\/pagon24.pl\\\/?product=naszywka-napis-policja\"]}]},{\"@type\":\"ImageObject\",\"inLanguage\":\"en-US\",\"@id\":\"https:\\\/\\\/pagon24.pl\\\/?product=naszywka-napis-policja#primaryimage\",\"url\":\"https:\\\/\\\/pagon24.pl\\\/wp-content\\\/uploads\\\/2026\\\/03\\\/naszywka-policja.jpg\",\"contentUrl\":\"https:\\\/\\\/pagon24.pl\\\/wp-content\\\/uploads\\\/2026\\\/03\\\/naszywka-policja.jpg\",\"width\":1200,\"height\":1200,\"caption\":\"naszywka policyjna pagon24\"},{\"@type\":\"BreadcrumbList\",\"@id\":\"https:\\\/\\\/pagon24.pl\\\/?product=naszywka-napis-policja#breadcrumb\",\"itemListElement\":[{\"@type\":\"ListItem\",\"position\":1,\"name\":\"Strona g\u0142\u00f3wna\",\"item\":\"https:\\\/\\\/pagon24.pl\\\/\"},{\"@type\":\"ListItem\",\"position\":2,\"name\":\"Katalog\",\"item\":\"https:\\\/\\\/pagon24.pl\\\/shop\\\/\"},{\"@type\":\"ListItem\",\"position\":3,\"name\":\"Naszywka napis Policja\"}]},{\"@type\":\"WebSite\",\"@id\":\"https:\\\/\\\/pagon24.pl\\\/#website\",\"url\":\"https:\\\/\\\/pagon24.pl\\\/\",\"name\":\"Pagon24.pl\",\"description\":\"Sklep mundurowy we Wroc\u0142awiu\",\"publisher\":{\"@id\":\"https:\\\/\\\/pagon24.pl\\\/#organization\"},\"potentialAction\":[{\"@type\":\"SearchAction\",\"target\":{\"@type\":\"EntryPoint\",\"urlTemplate\":\"https:\\\/\\\/pagon24.pl\\\/?s={search_term_string}\"},\"query-input\":{\"@type\":\"PropertyValueSpecification\",\"valueRequired\":true,\"valueName\":\"search_term_string\"}}],\"inLanguage\":\"en-US\"},{\"@type\":\"Organization\",\"@id\":\"https:\\\/\\\/pagon24.pl\\\/#organization\",\"name\":\"Pagon24.pl\",\"url\":\"https:\\\/\\\/pagon24.pl\\\/\",\"logo\":{\"@type\":\"ImageObject\",\"inLanguage\":\"en-US\",\"@id\":\"https:\\\/\\\/pagon24.pl\\\/#\\\/schema\\\/logo\\\/image\\\/\",\"url\":\"https:\\\/\\\/pagon24.pl\\\/wp-content\\\/uploads\\\/2026\\\/03\\\/logo-pagon-granat.png\",\"contentUrl\":\"https:\\\/\\\/pagon24.pl\\\/wp-content\\\/uploads\\\/2026\\\/03\\\/logo-pagon-granat.png\",\"width\":569,\"height\":149,\"caption\":\"Pagon24.pl\"},\"image\":{\"@id\":\"https:\\\/\\\/pagon24.pl\\\/#\\\/schema\\\/logo\\\/image\\\/\"}}]}<\/script>\n<!-- \/ Yoast SEO plugin. -->","yoast_head_json":{"title":"Naszywka napis Policja - Pagon24.pl","robots":{"index":"index","follow":"follow","max-snippet":"max-snippet:-1","max-image-preview":"max-image-preview:large","max-video-preview":"max-video-preview:-1"},"canonical":"https:\/\/pagon24.pl\/en\/?product=naszywka-napis-policja","og_locale":"en_US","og_type":"article","og_title":"Naszywka napis Policja - Pagon24.pl","og_description":"Emblemat naszywka z napisem \u201ePOLICJA\u201d w kszta\u0142cie \u0142uczka to profesjonalnie wykonany dodatek przeznaczony do nowego munduru wyj\u015bciowego funkcjonariuszy Policji. Stanowi nieod\u0142\u0105czny element umundurowania, podkre\u015blaj\u0105c przynale\u017cno\u015b\u0107 s\u0142u\u017cbow\u0105 oraz dba\u0142o\u015b\u0107 o estetyk\u0119 i jednolito\u015b\u0107 stroju.\u200b","og_url":"https:\/\/pagon24.pl\/en\/?product=naszywka-napis-policja","og_site_name":"Pagon24.pl","og_image":[{"width":1200,"height":1200,"url":"https:\/\/pagon24.pl\/wp-content\/uploads\/2026\/03\/naszywka-policja.jpg","type":"image\/jpeg"}],"twitter_card":"summary_large_image","twitter_misc":{"Est. reading time":"1 minute"},"schema":{"@context":"https:\/\/schema.org","@graph":[{"@type":"WebPage","@id":"https:\/\/pagon24.pl\/?product=naszywka-napis-policja","url":"https:\/\/pagon24.pl\/?product=naszywka-napis-policja","name":"Naszywka napis Policja - Pagon24.pl","isPartOf":{"@id":"https:\/\/pagon24.pl\/#website"},"primaryImageOfPage":{"@id":"https:\/\/pagon24.pl\/?product=naszywka-napis-policja#primaryimage"},"image":{"@id":"https:\/\/pagon24.pl\/?product=naszywka-napis-policja#primaryimage"},"thumbnailUrl":"https:\/\/pagon24.pl\/wp-content\/uploads\/2026\/03\/naszywka-policja.jpg","datePublished":"2026-03-18T15:41:16+00:00","breadcrumb":{"@id":"https:\/\/pagon24.pl\/?product=naszywka-napis-policja#breadcrumb"},"inLanguage":"en-US","potentialAction":[{"@type":"ReadAction","target":["https:\/\/pagon24.pl\/?product=naszywka-napis-policja"]}]},{"@type":"ImageObject","inLanguage":"en-US","@id":"https:\/\/pagon24.pl\/?product=naszywka-napis-policja#primaryimage","url":"https:\/\/pagon24.pl\/wp-content\/uploads\/2026\/03\/naszywka-policja.jpg","contentUrl":"https:\/\/pagon24.pl\/wp-content\/uploads\/2026\/03\/naszywka-policja.jpg","width":1200,"height":1200,"caption":"naszywka policyjna pagon24"},{"@type":"BreadcrumbList","@id":"https:\/\/pagon24.pl\/?product=naszywka-napis-policja#breadcrumb","itemListElement":[{"@type":"ListItem","position":1,"name":"Strona g\u0142\u00f3wna","item":"https:\/\/pagon24.pl\/"},{"@type":"ListItem","position":2,"name":"Katalog","item":"https:\/\/pagon24.pl\/shop\/"},{"@type":"ListItem","position":3,"name":"Naszywka napis Policja"}]},{"@type":"WebSite","@id":"https:\/\/pagon24.pl\/#website","url":"https:\/\/pagon24.pl\/","name":"Pagon24.pl","description":"Sklep mundurowy we Wroc\u0142awiu","publisher":{"@id":"https:\/\/pagon24.pl\/#organization"},"potentialAction":[{"@type":"SearchAction","target":{"@type":"EntryPoint","urlTemplate":"https:\/\/pagon24.pl\/?s={search_term_string}"},"query-input":{"@type":"PropertyValueSpecification","valueRequired":true,"valueName":"search_term_string"}}],"inLanguage":"en-US"},{"@type":"Organization","@id":"https:\/\/pagon24.pl\/#organization","name":"Pagon24.pl","url":"https:\/\/pagon24.pl\/","logo":{"@type":"ImageObject","inLanguage":"en-US","@id":"https:\/\/pagon24.pl\/#\/schema\/logo\/image\/","url":"https:\/\/pagon24.pl\/wp-content\/uploads\/2026\/03\/logo-pagon-granat.png","contentUrl":"https:\/\/pagon24.pl\/wp-content\/uploads\/2026\/03\/logo-pagon-granat.png","width":569,"height":149,"caption":"Pagon24.pl"},"image":{"@id":"https:\/\/pagon24.pl\/#\/schema\/logo\/image\/"}}]}},"_links":{"self":[{"href":"https:\/\/pagon24.pl\/en\/wp-json\/wp\/v2\/product\/29935","targetHints":{"allow":["GET"]}}],"collection":[{"href":"https:\/\/pagon24.pl\/en\/wp-json\/wp\/v2\/product"}],"about":[{"href":"https:\/\/pagon24.pl\/en\/wp-json\/wp\/v2\/types\/product"}],"replies":[{"embeddable":true,"href":"https:\/\/pagon24.pl\/en\/wp-json\/wp\/v2\/comments?post=29935"}],"version-history":[{"count":1,"href":"https:\/\/pagon24.pl\/en\/wp-json\/wp\/v2\/product\/29935\/revisions"}],"predecessor-version":[{"id":29937,"href":"https:\/\/pagon24.pl\/en\/wp-json\/wp\/v2\/product\/29935\/revisions\/29937"}],"wp:featuredmedia":[{"embeddable":true,"href":"https:\/\/pagon24.pl\/en\/wp-json\/wp\/v2\/media\/29936"}],"wp:attachment":[{"href":"https:\/\/pagon24.pl\/en\/wp-json\/wp\/v2\/media?parent=29935"}],"wp:term":[{"taxonomy":"product_brand","embeddable":true,"href":"https:\/\/pagon24.pl\/en\/wp-json\/wp\/v2\/product_brand?post=29935"},{"taxonomy":"product_cat","embeddable":true,"href":"https:\/\/pagon24.pl\/en\/wp-json\/wp\/v2\/product_cat?post=29935"},{"taxonomy":"product_tag","embeddable":true,"href":"https:\/\/pagon24.pl\/en\/wp-json\/wp\/v2\/product_tag?post=29935"}],"curies":[{"name":"wp","href":"https:\/\/api.w.org\/{rel}","templated":true}]}}