{"id":29906,"date":"2026-03-18T16:21:45","date_gmt":"2026-03-18T15:21:45","guid":{"rendered":"https:\/\/pagon24.pl\/?post_type=product&#038;p=29906"},"modified":"2026-04-23T12:49:46","modified_gmt":"2026-04-23T10:49:46","slug":"koszulka-t-shirt-policja-100-bawelna-granatowa-odblaskowa","status":"publish","type":"product","link":"https:\/\/pagon24.pl\/en\/product\/koszulka-t-shirt-policja-100-bawelna-granatowa-odblaskowa\/","title":{"rendered":"Koszulka T Shirt Policja 100% Bawe\u0142na Granatowa Odblaskowa"},"content":{"rendered":"<h3 class=\"wp-block-heading has-x-large-font-size\"><strong>Koszulka T-Shirt 100% Bawe\u0142na Granatowa Odblaskow<\/strong>y Napis POLICJA<\/h3>\n<p><strong>Profesjonalna koszulka T-shirt POLICJA<\/strong> przeznaczona dla funkcjonariuszy oraz pracownik\u00f3w s\u0142u\u017cb mundurowych. To <strong>oryginalny element umundurowania policyjnego<\/strong>, wykonany <strong>wed\u0142ug oficjalnych wytycznych KGP.<\/strong> Koszulka uszyta jest z <strong>wysokogatunkowej 100% bawe\u0142ny<\/strong>, co zapewnia wysoki komfort noszenia, przewiewno\u015b\u0107 i trwa\u0142o\u015b\u0107 nawet przy intensywnym u\u017cytkowaniu.<\/p>\n<p>Na przodzie, tyle oraz na r\u0119kawach umieszczono <strong>odblaskowy napis POLICJA<\/strong>, wykonany trwa\u0142\u0105 metod\u0105 termotransferu, co gwarantuje <strong>doskona\u0142\u0105 widoczno\u015b\u0107<\/strong> w ka\u017cdych warunkach o\u015bwietleniowych. <strong>Klasyczny, lekko dopasowany kr\u00f3j<\/strong> zapewnia swobod\u0119 ruch\u00f3w i wygodne dopasowanie do sylwetki.<\/p>\n<p>Idealna do codziennej s\u0142u\u017cby, szkole\u0144 oraz trening\u00f3w. To <strong>oryginalna koszulka policyjna<\/strong>, kt\u00f3ra \u0142\u0105czy <strong>funkcjonalno\u015b\u0107, estetyk\u0119 i zgodno\u015b\u0107 z wymaganiami s\u0142u\u017cbowymi<\/strong>.<\/p>\n<h3 class=\"wp-block-heading has-x-large-font-size\">Specyfikacja techniczna<\/h3>\n<ul class=\"wp-block-list\">\n<li><strong>Miejsce nadruku<\/strong>:\u00a0prz\u00f3d + ty\u0142 + 2 r\u0119kawki<\/li>\n<li><strong>Materia\u0142: 100%\u00a0bawe\u0142na, jako\u015b\u0107 pierwsza<\/strong><\/li>\n<li><strong>Kolor:\u00a0<\/strong>granatowy, barwa oficjalna Policji<\/li>\n<li><strong>Kr\u00f3j:\u00a0<\/strong>m\u0119ski \/ unisex, klasyczny, kr\u00f3tki r\u0119kaw<\/li>\n<li><strong>Gramatura:<\/strong>\u00a0198,5g\/m\u00b2<\/li>\n<li><strong>Nadruki:<\/strong>\u00a0odblaskowe napisy \u201c<strong>POLICJA<\/strong>\u201d umieszczone z przodu (na piersi), z ty\u0142u (na plecach) oraz na obu ramionach (g\u00f3rna cz\u0119\u015b\u0107 r\u0119kaw\u00f3w).<\/li>\n<li><strong>Kolor nadruku:<\/strong>\u00a0srebrny odblaskowy<\/li>\n<li><strong>Zgodno\u015b\u0107:<\/strong>\u00a0wyr\u00f3b spe\u0142nia oficjalne wymagania Komendy G\u0142\u00f3wnej Policji (KGP).<\/li>\n<\/ul>","protected":false},"excerpt":{"rendered":"<p>Profesjonalna koszulka T-shirt POLICJA przeznaczona dla funkcjonariuszy oraz pracownik\u00f3w s\u0142u\u017cb mundurowych. To oryginalny element umundurowania policyjnego, wykonany wed\u0142ug oficjalnych wytycznych KGP. Koszulka uszyta jest z wysokogatunkowej 100% bawe\u0142ny, co zapewnia wysoki komfort noszenia, przewiewno\u015b\u0107 i trwa\u0142o\u015b\u0107 nawet przy intensywnym u\u017cytkowaniu.<\/p>","protected":false},"featured_media":29390,"comment_status":"open","ping_status":"closed","template":"","meta":[],"product_brand":[],"product_cat":[80],"product_tag":[],"class_list":{"0":"post-29906","1":"product","2":"type-product","3":"status-publish","4":"has-post-thumbnail","6":"product_cat-koszulki-policyjne","8":"first","9":"instock","10":"taxable","11":"shipping-taxable","12":"purchasable","13":"product-type-variable","14":"has-default-attributes"},"yoast_head":"<!-- This site is optimized with the Yoast SEO plugin v27.5 - https:\/\/yoast.com\/product\/yoast-seo-wordpress\/ -->\n<title>Koszulka T Shirt Policja 100% Bawe\u0142na Granatowa Odblaskowa - Pagon24.pl<\/title>\n<meta name=\"description\" content=\"T-shirt Policja, 100% bawe\u0142na. Nadruki odblaskowe. Wykonanie zgodne z wytycznymi MSWiA. Koszulka t-shirt najwy\u017cszej jako\u015bci.\" \/>\n<meta name=\"robots\" content=\"index, follow, max-snippet:-1, max-image-preview:large, max-video-preview:-1\" \/>\n<link rel=\"canonical\" href=\"https:\/\/pagon24.pl\/en\/product\/koszulka-t-shirt-policja-100-bawelna-granatowa-odblaskowa\/\" \/>\n<meta property=\"og:locale\" content=\"en_US\" \/>\n<meta property=\"og:type\" content=\"article\" \/>\n<meta property=\"og:title\" content=\"Koszulka T Shirt Policja 100% Bawe\u0142na Granatowa Odblaskowa - Pagon24.pl\" \/>\n<meta property=\"og:description\" content=\"T-shirt Policja, 100% bawe\u0142na. Nadruki odblaskowe. Wykonanie zgodne z wytycznymi MSWiA. Koszulka t-shirt najwy\u017cszej jako\u015bci.\" \/>\n<meta property=\"og:url\" content=\"https:\/\/pagon24.pl\/en\/product\/koszulka-t-shirt-policja-100-bawelna-granatowa-odblaskowa\/\" \/>\n<meta property=\"og:site_name\" content=\"Pagon24.pl\" \/>\n<meta property=\"article:modified_time\" content=\"2026-04-23T10:49:46+00:00\" \/>\n<meta property=\"og:image\" content=\"https:\/\/pagon24.pl\/wp-content\/uploads\/2026\/03\/MINI-POLICJA-THSIRT-GRANATOWY-NOWE-1.jpg\" \/>\n\t<meta property=\"og:image:width\" content=\"1600\" \/>\n\t<meta property=\"og:image:height\" content=\"1600\" \/>\n\t<meta property=\"og:image:type\" content=\"image\/jpeg\" \/>\n<meta name=\"twitter:card\" content=\"summary_large_image\" \/>\n<meta name=\"twitter:label1\" content=\"Est. reading time\" \/>\n\t<meta name=\"twitter:data1\" content=\"2 minutes\" \/>\n<script type=\"application\/ld+json\" class=\"yoast-schema-graph\">{\"@context\":\"https:\\\/\\\/schema.org\",\"@graph\":[{\"@type\":\"WebPage\",\"@id\":\"https:\\\/\\\/pagon24.pl\\\/produkt\\\/koszulka-t-shirt-policja-100-bawelna-granatowa-odblaskowa\\\/\",\"url\":\"https:\\\/\\\/pagon24.pl\\\/produkt\\\/koszulka-t-shirt-policja-100-bawelna-granatowa-odblaskowa\\\/\",\"name\":\"Koszulka T Shirt Policja 100% Bawe\u0142na Granatowa Odblaskowa - Pagon24.pl\",\"isPartOf\":{\"@id\":\"https:\\\/\\\/pagon24.pl\\\/#website\"},\"primaryImageOfPage\":{\"@id\":\"https:\\\/\\\/pagon24.pl\\\/produkt\\\/koszulka-t-shirt-policja-100-bawelna-granatowa-odblaskowa\\\/#primaryimage\"},\"image\":{\"@id\":\"https:\\\/\\\/pagon24.pl\\\/produkt\\\/koszulka-t-shirt-policja-100-bawelna-granatowa-odblaskowa\\\/#primaryimage\"},\"thumbnailUrl\":\"https:\\\/\\\/pagon24.pl\\\/wp-content\\\/uploads\\\/2026\\\/03\\\/MINI-POLICJA-THSIRT-GRANATOWY-NOWE-1.jpg\",\"datePublished\":\"2026-03-18T15:21:45+00:00\",\"dateModified\":\"2026-04-23T10:49:46+00:00\",\"description\":\"T-shirt Policja, 100% bawe\u0142na. Nadruki odblaskowe. Wykonanie zgodne z wytycznymi MSWiA. Koszulka t-shirt najwy\u017cszej jako\u015bci.\",\"breadcrumb\":{\"@id\":\"https:\\\/\\\/pagon24.pl\\\/produkt\\\/koszulka-t-shirt-policja-100-bawelna-granatowa-odblaskowa\\\/#breadcrumb\"},\"inLanguage\":\"en-US\",\"potentialAction\":[{\"@type\":\"ReadAction\",\"target\":[\"https:\\\/\\\/pagon24.pl\\\/produkt\\\/koszulka-t-shirt-policja-100-bawelna-granatowa-odblaskowa\\\/\"]}]},{\"@type\":\"ImageObject\",\"inLanguage\":\"en-US\",\"@id\":\"https:\\\/\\\/pagon24.pl\\\/produkt\\\/koszulka-t-shirt-policja-100-bawelna-granatowa-odblaskowa\\\/#primaryimage\",\"url\":\"https:\\\/\\\/pagon24.pl\\\/wp-content\\\/uploads\\\/2026\\\/03\\\/MINI-POLICJA-THSIRT-GRANATOWY-NOWE-1.jpg\",\"contentUrl\":\"https:\\\/\\\/pagon24.pl\\\/wp-content\\\/uploads\\\/2026\\\/03\\\/MINI-POLICJA-THSIRT-GRANATOWY-NOWE-1.jpg\",\"width\":1600,\"height\":1600,\"caption\":\"T-shirt policyjny pagon24\"},{\"@type\":\"BreadcrumbList\",\"@id\":\"https:\\\/\\\/pagon24.pl\\\/produkt\\\/koszulka-t-shirt-policja-100-bawelna-granatowa-odblaskowa\\\/#breadcrumb\",\"itemListElement\":[{\"@type\":\"ListItem\",\"position\":1,\"name\":\"Strona g\u0142\u00f3wna\",\"item\":\"https:\\\/\\\/pagon24.pl\\\/\"},{\"@type\":\"ListItem\",\"position\":2,\"name\":\"Katalog\",\"item\":\"https:\\\/\\\/pagon24.pl\\\/shop\\\/\"},{\"@type\":\"ListItem\",\"position\":3,\"name\":\"Koszulka T Shirt Policja 100% Bawe\u0142na Granatowa Odblaskowa\"}]},{\"@type\":\"WebSite\",\"@id\":\"https:\\\/\\\/pagon24.pl\\\/#website\",\"url\":\"https:\\\/\\\/pagon24.pl\\\/\",\"name\":\"Pagon24.pl\",\"description\":\"Sklep mundurowy we Wroc\u0142awiu\",\"publisher\":{\"@id\":\"https:\\\/\\\/pagon24.pl\\\/#organization\"},\"potentialAction\":[{\"@type\":\"SearchAction\",\"target\":{\"@type\":\"EntryPoint\",\"urlTemplate\":\"https:\\\/\\\/pagon24.pl\\\/?s={search_term_string}\"},\"query-input\":{\"@type\":\"PropertyValueSpecification\",\"valueRequired\":true,\"valueName\":\"search_term_string\"}}],\"inLanguage\":\"en-US\"},{\"@type\":\"Organization\",\"@id\":\"https:\\\/\\\/pagon24.pl\\\/#organization\",\"name\":\"Pagon24.pl\",\"url\":\"https:\\\/\\\/pagon24.pl\\\/\",\"logo\":{\"@type\":\"ImageObject\",\"inLanguage\":\"en-US\",\"@id\":\"https:\\\/\\\/pagon24.pl\\\/#\\\/schema\\\/logo\\\/image\\\/\",\"url\":\"https:\\\/\\\/pagon24.pl\\\/wp-content\\\/uploads\\\/2026\\\/03\\\/logo-pagon-granat.png\",\"contentUrl\":\"https:\\\/\\\/pagon24.pl\\\/wp-content\\\/uploads\\\/2026\\\/03\\\/logo-pagon-granat.png\",\"width\":569,\"height\":149,\"caption\":\"Pagon24.pl\"},\"image\":{\"@id\":\"https:\\\/\\\/pagon24.pl\\\/#\\\/schema\\\/logo\\\/image\\\/\"}}]}<\/script>\n<!-- \/ Yoast SEO plugin. -->","yoast_head_json":{"title":"Koszulka T Shirt Policja 100% Bawe\u0142na Granatowa Odblaskowa - Pagon24.pl","description":"T-shirt Policja, 100% bawe\u0142na. Nadruki odblaskowe. Wykonanie zgodne z wytycznymi MSWiA. Koszulka t-shirt najwy\u017cszej jako\u015bci.","robots":{"index":"index","follow":"follow","max-snippet":"max-snippet:-1","max-image-preview":"max-image-preview:large","max-video-preview":"max-video-preview:-1"},"canonical":"https:\/\/pagon24.pl\/en\/product\/koszulka-t-shirt-policja-100-bawelna-granatowa-odblaskowa\/","og_locale":"en_US","og_type":"article","og_title":"Koszulka T Shirt Policja 100% Bawe\u0142na Granatowa Odblaskowa - Pagon24.pl","og_description":"T-shirt Policja, 100% bawe\u0142na. Nadruki odblaskowe. Wykonanie zgodne z wytycznymi MSWiA. Koszulka t-shirt najwy\u017cszej jako\u015bci.","og_url":"https:\/\/pagon24.pl\/en\/product\/koszulka-t-shirt-policja-100-bawelna-granatowa-odblaskowa\/","og_site_name":"Pagon24.pl","article_modified_time":"2026-04-23T10:49:46+00:00","og_image":[{"width":1600,"height":1600,"url":"https:\/\/pagon24.pl\/wp-content\/uploads\/2026\/03\/MINI-POLICJA-THSIRT-GRANATOWY-NOWE-1.jpg","type":"image\/jpeg"}],"twitter_card":"summary_large_image","twitter_misc":{"Est. reading time":"2 minutes"},"schema":{"@context":"https:\/\/schema.org","@graph":[{"@type":"WebPage","@id":"https:\/\/pagon24.pl\/produkt\/koszulka-t-shirt-policja-100-bawelna-granatowa-odblaskowa\/","url":"https:\/\/pagon24.pl\/produkt\/koszulka-t-shirt-policja-100-bawelna-granatowa-odblaskowa\/","name":"Koszulka T Shirt Policja 100% Bawe\u0142na Granatowa Odblaskowa - Pagon24.pl","isPartOf":{"@id":"https:\/\/pagon24.pl\/#website"},"primaryImageOfPage":{"@id":"https:\/\/pagon24.pl\/produkt\/koszulka-t-shirt-policja-100-bawelna-granatowa-odblaskowa\/#primaryimage"},"image":{"@id":"https:\/\/pagon24.pl\/produkt\/koszulka-t-shirt-policja-100-bawelna-granatowa-odblaskowa\/#primaryimage"},"thumbnailUrl":"https:\/\/pagon24.pl\/wp-content\/uploads\/2026\/03\/MINI-POLICJA-THSIRT-GRANATOWY-NOWE-1.jpg","datePublished":"2026-03-18T15:21:45+00:00","dateModified":"2026-04-23T10:49:46+00:00","description":"T-shirt Policja, 100% bawe\u0142na. Nadruki odblaskowe. Wykonanie zgodne z wytycznymi MSWiA. Koszulka t-shirt najwy\u017cszej jako\u015bci.","breadcrumb":{"@id":"https:\/\/pagon24.pl\/produkt\/koszulka-t-shirt-policja-100-bawelna-granatowa-odblaskowa\/#breadcrumb"},"inLanguage":"en-US","potentialAction":[{"@type":"ReadAction","target":["https:\/\/pagon24.pl\/produkt\/koszulka-t-shirt-policja-100-bawelna-granatowa-odblaskowa\/"]}]},{"@type":"ImageObject","inLanguage":"en-US","@id":"https:\/\/pagon24.pl\/produkt\/koszulka-t-shirt-policja-100-bawelna-granatowa-odblaskowa\/#primaryimage","url":"https:\/\/pagon24.pl\/wp-content\/uploads\/2026\/03\/MINI-POLICJA-THSIRT-GRANATOWY-NOWE-1.jpg","contentUrl":"https:\/\/pagon24.pl\/wp-content\/uploads\/2026\/03\/MINI-POLICJA-THSIRT-GRANATOWY-NOWE-1.jpg","width":1600,"height":1600,"caption":"T-shirt policyjny pagon24"},{"@type":"BreadcrumbList","@id":"https:\/\/pagon24.pl\/produkt\/koszulka-t-shirt-policja-100-bawelna-granatowa-odblaskowa\/#breadcrumb","itemListElement":[{"@type":"ListItem","position":1,"name":"Strona g\u0142\u00f3wna","item":"https:\/\/pagon24.pl\/"},{"@type":"ListItem","position":2,"name":"Katalog","item":"https:\/\/pagon24.pl\/shop\/"},{"@type":"ListItem","position":3,"name":"Koszulka T Shirt Policja 100% Bawe\u0142na Granatowa Odblaskowa"}]},{"@type":"WebSite","@id":"https:\/\/pagon24.pl\/#website","url":"https:\/\/pagon24.pl\/","name":"Pagon24.pl","description":"Sklep mundurowy we Wroc\u0142awiu","publisher":{"@id":"https:\/\/pagon24.pl\/#organization"},"potentialAction":[{"@type":"SearchAction","target":{"@type":"EntryPoint","urlTemplate":"https:\/\/pagon24.pl\/?s={search_term_string}"},"query-input":{"@type":"PropertyValueSpecification","valueRequired":true,"valueName":"search_term_string"}}],"inLanguage":"en-US"},{"@type":"Organization","@id":"https:\/\/pagon24.pl\/#organization","name":"Pagon24.pl","url":"https:\/\/pagon24.pl\/","logo":{"@type":"ImageObject","inLanguage":"en-US","@id":"https:\/\/pagon24.pl\/#\/schema\/logo\/image\/","url":"https:\/\/pagon24.pl\/wp-content\/uploads\/2026\/03\/logo-pagon-granat.png","contentUrl":"https:\/\/pagon24.pl\/wp-content\/uploads\/2026\/03\/logo-pagon-granat.png","width":569,"height":149,"caption":"Pagon24.pl"},"image":{"@id":"https:\/\/pagon24.pl\/#\/schema\/logo\/image\/"}}]}},"_links":{"self":[{"href":"https:\/\/pagon24.pl\/en\/wp-json\/wp\/v2\/product\/29906","targetHints":{"allow":["GET"]}}],"collection":[{"href":"https:\/\/pagon24.pl\/en\/wp-json\/wp\/v2\/product"}],"about":[{"href":"https:\/\/pagon24.pl\/en\/wp-json\/wp\/v2\/types\/product"}],"replies":[{"embeddable":true,"href":"https:\/\/pagon24.pl\/en\/wp-json\/wp\/v2\/comments?post=29906"}],"version-history":[{"count":2,"href":"https:\/\/pagon24.pl\/en\/wp-json\/wp\/v2\/product\/29906\/revisions"}],"predecessor-version":[{"id":32562,"href":"https:\/\/pagon24.pl\/en\/wp-json\/wp\/v2\/product\/29906\/revisions\/32562"}],"wp:featuredmedia":[{"embeddable":true,"href":"https:\/\/pagon24.pl\/en\/wp-json\/wp\/v2\/media\/29390"}],"wp:attachment":[{"href":"https:\/\/pagon24.pl\/en\/wp-json\/wp\/v2\/media?parent=29906"}],"wp:term":[{"taxonomy":"product_brand","embeddable":true,"href":"https:\/\/pagon24.pl\/en\/wp-json\/wp\/v2\/product_brand?post=29906"},{"taxonomy":"product_cat","embeddable":true,"href":"https:\/\/pagon24.pl\/en\/wp-json\/wp\/v2\/product_cat?post=29906"},{"taxonomy":"product_tag","embeddable":true,"href":"https:\/\/pagon24.pl\/en\/wp-json\/wp\/v2\/product_tag?post=29906"}],"curies":[{"name":"wp","href":"https:\/\/api.w.org\/{rel}","templated":true}]}}