{"id":29828,"date":"2026-03-18T15:53:40","date_gmt":"2026-03-18T14:53:40","guid":{"rendered":"https:\/\/pagon24.pl\/?post_type=product&#038;p=29828"},"modified":"2026-03-23T15:44:47","modified_gmt":"2026-03-23T14:44:47","slug":"koszula-meska-sluzbowa-granatowa-krotki-rekaw-policja","status":"publish","type":"product","link":"https:\/\/pagon24.pl\/en\/product\/koszula-meska-sluzbowa-granatowa-krotki-rekaw-policja\/","title":{"rendered":"Koszula M\u0119ska S\u0142u\u017cbowa Granatowa Kr\u00f3tki R\u0119kaw Policja"},"content":{"rendered":"<h2 class=\"wp-block-heading has-x-large-font-size\"><strong>Koszula m\u0119ska s\u0142u\u017cbowa policyjna z kr\u00f3tkim r\u0119kawem <\/strong><\/h2>\n<p><strong>Profesjonalna koszula s\u0142u\u017cbowa Policji na kr\u00f3tki r\u0119kaw, wykonana z wytrzyma\u0142ej tkaniny<\/strong> 60% bawe\u0142ny i 40% poliestru. Zaprojektowana z my\u015bl\u0105 o intensywnej, ca\u0142odziennej s\u0142u\u017cbie \u2013 <strong>zapewnia komfort i swobod\u0119 ruch\u00f3w. Koszula zosta\u0142a wykonana wed\u0142ug standard\u00f3w umundurowania policyjnego.<\/strong><br \/>\n<strong>Model wyposa\u017cony jest w charakterystyczne napisy POLICJA (r\u0119kawy + pier\u015b), pagony na ramionach, klasyczny ko\u0142nierz z haftem oraz dwie praktyczne kieszenie z patkami.<\/strong><\/p>\n<h3 class=\"wp-block-heading has-x-large-font-size\"><strong>Specyfikacja<\/strong><\/h3>\n<ul class=\"wp-block-list\">\n<li><strong>Przeznaczenie:<\/strong> koszula s\u0142u\u017cbowa Policja<\/li>\n<li><strong>Kolor: <\/strong>granatowy \/ ciemnogranatowy<\/li>\n<li><strong>Materia\u0142:<\/strong> 60% bawe\u0142na, 40% poliester<\/li>\n<li><strong>R\u0119kaw:<\/strong> kr\u00f3tki<\/li>\n<li><strong>Kieszenie:<\/strong> dwie kieszenie na piersi z klapkami i guzikami<\/li>\n<li><strong>Ko\u0142nierz:<\/strong> klasyczny, z srebrnym haftem <strong>POLICJA<\/strong><\/li>\n<li><strong>Pagony:<\/strong> tak \u2013 przystosowane do zamocowania dystynkcji<\/li>\n<li><strong>Nadruki:<\/strong><\/li>\n<li>\u2003\u2013 odblaskowy napis \u201ePOLICJA\u201d nad lew\u0105 kieszeni\u0105<\/li>\n<li>\u2003\u2013 odblaskowe napisy \u201ePOLICJA\u201d na obu r\u0119kawach<\/li>\n<li><strong>Ty\u0142: <\/strong>ta\u015bma odblaskowa<\/li>\n<\/ul>\n<h3 class=\"wp-block-heading has-x-large-font-size\">Tabela z wymiarami<\/h3>\n<p><strong>Przedzia\u0142y wzrostu:<\/strong><\/p>\n<p><strong>Wariant A:\u00a0<\/strong>160-175cm<\/p>\n<p><strong>Wariant B:<\/strong>\u00a0176-185cm<\/p>\n<p><strong>Wariant C:<\/strong>\u00a0186-200cm<\/p>\n<div class=\"table-wrap\">\n<table class=\"size-table\">\n<thead>\n<tr>\n<th>Wymiar<\/th>\n<th>Wariant<\/th>\n<th>37<\/th>\n<th>38<\/th>\n<th>39<\/th>\n<th>40<\/th>\n<th>41<\/th>\n<th>42<\/th>\n<th>43<\/th>\n<th>44<\/th>\n<th>45<\/th>\n<\/tr>\n<\/thead>\n<tbody>\n<tr>\n<td class=\"row-title\">Klatka<\/td>\n<td><\/td>\n<td>106<\/td>\n<td>110<\/td>\n<td>114<\/td>\n<td>118<\/td>\n<td>122<\/td>\n<td>126<\/td>\n<td>130<\/td>\n<td>134<\/td>\n<td>138<\/td>\n<\/tr>\n<tr>\n<td class=\"row-title\">Pas<\/td>\n<td><\/td>\n<td>98<\/td>\n<td>102<\/td>\n<td>106<\/td>\n<td>110<\/td>\n<td>114<\/td>\n<td>118<\/td>\n<td>122<\/td>\n<td>126<\/td>\n<td>130<\/td>\n<\/tr>\n<tr>\n<td class=\"row-title\">D\u00f3\u0142 koszuli<\/td>\n<td><\/td>\n<td>104<\/td>\n<td>108<\/td>\n<td>112<\/td>\n<td>116<\/td>\n<td>120<\/td>\n<td>124<\/td>\n<td>128<\/td>\n<td>132<\/td>\n<td>136<\/td>\n<\/tr>\n<tr>\n<td class=\"row-title\" rowspan=\"3\">D\u0142ugo\u015b\u0107 koszuli<\/td>\n<td>A<\/td>\n<td>74,5<\/td>\n<td>74,7<\/td>\n<td>74,9<\/td>\n<td>75,1<\/td>\n<td>75,3<\/td>\n<td>75,5<\/td>\n<td>75,7<\/td>\n<td>75,9<\/td>\n<td>76,1<\/td>\n<\/tr>\n<tr>\n<td>B<\/td>\n<td>77,5<\/td>\n<td>77,7<\/td>\n<td>77,9<\/td>\n<td>78,1<\/td>\n<td>78,3<\/td>\n<td>78,5<\/td>\n<td>78,7<\/td>\n<td>78,9<\/td>\n<td>79,1<\/td>\n<\/tr>\n<tr>\n<td>C<\/td>\n<td>80,5<\/td>\n<td>80,7<\/td>\n<td>80,9<\/td>\n<td>81,1<\/td>\n<td>81,3<\/td>\n<td>81,5<\/td>\n<td>81,7<\/td>\n<td>81,9<\/td>\n<td>82,1<\/td>\n<\/tr>\n<tr>\n<td class=\"row-title\" rowspan=\"3\">D\u0142. r\u0119kawa<\/td>\n<td>A<\/td>\n<td>25<\/td>\n<td>25<\/td>\n<td>25<\/td>\n<td>25<\/td>\n<td>25<\/td>\n<td>25<\/td>\n<td>25<\/td>\n<td>25<\/td>\n<td>25<\/td>\n<\/tr>\n<tr>\n<td>B<\/td>\n<td>27<\/td>\n<td>27<\/td>\n<td>27<\/td>\n<td>27<\/td>\n<td>27<\/td>\n<td>27<\/td>\n<td>27<\/td>\n<td>27<\/td>\n<td>27<\/td>\n<\/tr>\n<tr>\n<td>C<\/td>\n<td>29<\/td>\n<td>29<\/td>\n<td>29<\/td>\n<td>29<\/td>\n<td>29<\/td>\n<td>29<\/td>\n<td>29<\/td>\n<td>29<\/td>\n<td>29<\/td>\n<\/tr>\n<tr>\n<td class=\"row-title\">D\u0142ugo\u015b\u0107 ty\u0142u<\/td>\n<td><\/td>\n<td>44,8<\/td>\n<td>45,9<\/td>\n<td>47<\/td>\n<td>48,1<\/td>\n<td>49,2<\/td>\n<td>50,3<\/td>\n<td>51,4<\/td>\n<td>52,5<\/td>\n<td>53,6<\/td>\n<\/tr>\n<\/tbody>\n<\/table>\n<\/div>\n<p><strong>*Zalecamy zmierzy\u0107 obw\u00f3d ko\u0142nierzyka oraz zapozna\u0107 si\u0119 z tabel\u0105 wymiar\u00f3w, gdy\u017c\u00a0 ka\u017cdy z rozmiar\u00f3w posiada trzy warianty d\u0142ugo\u015bci koszuli i r\u0119kawa (A, B, C), aby dobra\u0107 odpowiedni rozmiar, dopasowany do wzrostu.<\/strong><\/p>","protected":false},"excerpt":{"rendered":"<p>Koszula s\u0142u\u017cbowa Policji na kr\u00f3tki r\u0119kaw w kolorze ciemnogranatowym, wykonana z trwa\u0142ej tkaniny. Wyposa\u017cona w odblaskowe napisy POLICJA, pagony na dystynkcje, klasyczny ko\u0142nierz z haftem oraz dwie kieszenie z patkami. Zaprojektowana wed\u0142ug standard\u00f3w umundurowania policyjnego \u2013 idealna na sezon letni, zapewnia wygod\u0119, przewiewno\u015b\u0107 i profesjonalny wygl\u0105d podczas codziennej s\u0142u\u017cby.<\/p>","protected":false},"featured_media":29162,"comment_status":"open","ping_status":"closed","template":"","meta":[],"product_brand":[],"product_cat":[199,225,75,283],"product_tag":[],"class_list":{"0":"post-29828","1":"product","2":"type-product","3":"status-publish","4":"has-post-thumbnail","6":"product_cat-koszule-policyjne","7":"product_cat-koszule-meskie-policyjne","8":"product_cat-mundury-sluzbowe-policja","9":"product_cat-wyposazenie-dla-f-szy-wrd","11":"first","12":"instock","13":"taxable","14":"shipping-taxable","15":"purchasable","16":"product-type-variable"},"yoast_head":"<!-- This site is optimized with the Yoast SEO plugin v27.5 - https:\/\/yoast.com\/product\/yoast-seo-wordpress\/ -->\n<title>Koszula M\u0119ska S\u0142u\u017cbowa Granatowa Kr\u00f3tki R\u0119kaw Policja - Pagon24.pl<\/title>\n<meta name=\"robots\" content=\"index, follow, max-snippet:-1, max-image-preview:large, max-video-preview:-1\" \/>\n<link rel=\"canonical\" href=\"https:\/\/pagon24.pl\/en\/product\/koszula-meska-sluzbowa-granatowa-krotki-rekaw-policja\/\" \/>\n<meta property=\"og:locale\" content=\"en_US\" \/>\n<meta property=\"og:type\" content=\"article\" \/>\n<meta property=\"og:title\" content=\"Koszula M\u0119ska S\u0142u\u017cbowa Granatowa Kr\u00f3tki R\u0119kaw Policja - Pagon24.pl\" \/>\n<meta property=\"og:description\" content=\"Koszula s\u0142u\u017cbowa Policji na kr\u00f3tki r\u0119kaw w kolorze ciemnogranatowym, wykonana z trwa\u0142ej tkaniny. Wyposa\u017cona w odblaskowe napisy POLICJA, pagony na dystynkcje, klasyczny ko\u0142nierz z haftem oraz dwie kieszenie z patkami. Zaprojektowana wed\u0142ug standard\u00f3w umundurowania policyjnego \u2013 idealna na sezon letni, zapewnia wygod\u0119, przewiewno\u015b\u0107 i profesjonalny wygl\u0105d podczas codziennej s\u0142u\u017cby.\" \/>\n<meta property=\"og:url\" content=\"https:\/\/pagon24.pl\/en\/product\/koszula-meska-sluzbowa-granatowa-krotki-rekaw-policja\/\" \/>\n<meta property=\"og:site_name\" content=\"Pagon24.pl\" \/>\n<meta property=\"article:modified_time\" content=\"2026-03-23T14:44:47+00:00\" \/>\n<meta property=\"og:image\" content=\"https:\/\/pagon24.pl\/wp-content\/uploads\/2026\/03\/koszula-krotki-rekaw-policja-meska-6.jpg\" \/>\n\t<meta property=\"og:image:width\" content=\"1200\" \/>\n\t<meta property=\"og:image:height\" content=\"1200\" \/>\n\t<meta property=\"og:image:type\" content=\"image\/jpeg\" \/>\n<meta name=\"twitter:card\" content=\"summary_large_image\" \/>\n<meta name=\"twitter:label1\" content=\"Est. reading time\" \/>\n\t<meta name=\"twitter:data1\" content=\"2 minutes\" \/>\n<script type=\"application\/ld+json\" class=\"yoast-schema-graph\">{\"@context\":\"https:\\\/\\\/schema.org\",\"@graph\":[{\"@type\":\"WebPage\",\"@id\":\"https:\\\/\\\/pagon24.pl\\\/produkt\\\/koszula-meska-sluzbowa-granatowa-krotki-rekaw-policja\\\/\",\"url\":\"https:\\\/\\\/pagon24.pl\\\/produkt\\\/koszula-meska-sluzbowa-granatowa-krotki-rekaw-policja\\\/\",\"name\":\"Koszula M\u0119ska S\u0142u\u017cbowa Granatowa Kr\u00f3tki R\u0119kaw Policja - Pagon24.pl\",\"isPartOf\":{\"@id\":\"https:\\\/\\\/pagon24.pl\\\/#website\"},\"primaryImageOfPage\":{\"@id\":\"https:\\\/\\\/pagon24.pl\\\/produkt\\\/koszula-meska-sluzbowa-granatowa-krotki-rekaw-policja\\\/#primaryimage\"},\"image\":{\"@id\":\"https:\\\/\\\/pagon24.pl\\\/produkt\\\/koszula-meska-sluzbowa-granatowa-krotki-rekaw-policja\\\/#primaryimage\"},\"thumbnailUrl\":\"https:\\\/\\\/pagon24.pl\\\/wp-content\\\/uploads\\\/2026\\\/03\\\/koszula-krotki-rekaw-policja-meska-6.jpg\",\"datePublished\":\"2026-03-18T14:53:40+00:00\",\"dateModified\":\"2026-03-23T14:44:47+00:00\",\"breadcrumb\":{\"@id\":\"https:\\\/\\\/pagon24.pl\\\/produkt\\\/koszula-meska-sluzbowa-granatowa-krotki-rekaw-policja\\\/#breadcrumb\"},\"inLanguage\":\"en-US\",\"potentialAction\":[{\"@type\":\"ReadAction\",\"target\":[\"https:\\\/\\\/pagon24.pl\\\/produkt\\\/koszula-meska-sluzbowa-granatowa-krotki-rekaw-policja\\\/\"]}]},{\"@type\":\"ImageObject\",\"inLanguage\":\"en-US\",\"@id\":\"https:\\\/\\\/pagon24.pl\\\/produkt\\\/koszula-meska-sluzbowa-granatowa-krotki-rekaw-policja\\\/#primaryimage\",\"url\":\"https:\\\/\\\/pagon24.pl\\\/wp-content\\\/uploads\\\/2026\\\/03\\\/koszula-krotki-rekaw-policja-meska-6.jpg\",\"contentUrl\":\"https:\\\/\\\/pagon24.pl\\\/wp-content\\\/uploads\\\/2026\\\/03\\\/koszula-krotki-rekaw-policja-meska-6.jpg\",\"width\":1200,\"height\":1200,\"caption\":\"koszula policyjna m\u0119ska pagon24\"},{\"@type\":\"BreadcrumbList\",\"@id\":\"https:\\\/\\\/pagon24.pl\\\/produkt\\\/koszula-meska-sluzbowa-granatowa-krotki-rekaw-policja\\\/#breadcrumb\",\"itemListElement\":[{\"@type\":\"ListItem\",\"position\":1,\"name\":\"Strona g\u0142\u00f3wna\",\"item\":\"https:\\\/\\\/pagon24.pl\\\/\"},{\"@type\":\"ListItem\",\"position\":2,\"name\":\"Katalog\",\"item\":\"https:\\\/\\\/pagon24.pl\\\/shop\\\/\"},{\"@type\":\"ListItem\",\"position\":3,\"name\":\"Koszula M\u0119ska S\u0142u\u017cbowa Granatowa Kr\u00f3tki R\u0119kaw Policja\"}]},{\"@type\":\"WebSite\",\"@id\":\"https:\\\/\\\/pagon24.pl\\\/#website\",\"url\":\"https:\\\/\\\/pagon24.pl\\\/\",\"name\":\"Pagon24.pl\",\"description\":\"Sklep mundurowy we Wroc\u0142awiu\",\"publisher\":{\"@id\":\"https:\\\/\\\/pagon24.pl\\\/#organization\"},\"potentialAction\":[{\"@type\":\"SearchAction\",\"target\":{\"@type\":\"EntryPoint\",\"urlTemplate\":\"https:\\\/\\\/pagon24.pl\\\/?s={search_term_string}\"},\"query-input\":{\"@type\":\"PropertyValueSpecification\",\"valueRequired\":true,\"valueName\":\"search_term_string\"}}],\"inLanguage\":\"en-US\"},{\"@type\":\"Organization\",\"@id\":\"https:\\\/\\\/pagon24.pl\\\/#organization\",\"name\":\"Pagon24.pl\",\"url\":\"https:\\\/\\\/pagon24.pl\\\/\",\"logo\":{\"@type\":\"ImageObject\",\"inLanguage\":\"en-US\",\"@id\":\"https:\\\/\\\/pagon24.pl\\\/#\\\/schema\\\/logo\\\/image\\\/\",\"url\":\"https:\\\/\\\/pagon24.pl\\\/wp-content\\\/uploads\\\/2026\\\/03\\\/logo-pagon-granat.png\",\"contentUrl\":\"https:\\\/\\\/pagon24.pl\\\/wp-content\\\/uploads\\\/2026\\\/03\\\/logo-pagon-granat.png\",\"width\":569,\"height\":149,\"caption\":\"Pagon24.pl\"},\"image\":{\"@id\":\"https:\\\/\\\/pagon24.pl\\\/#\\\/schema\\\/logo\\\/image\\\/\"}}]}<\/script>\n<!-- \/ Yoast SEO plugin. -->","yoast_head_json":{"title":"Koszula M\u0119ska S\u0142u\u017cbowa Granatowa Kr\u00f3tki R\u0119kaw Policja - Pagon24.pl","robots":{"index":"index","follow":"follow","max-snippet":"max-snippet:-1","max-image-preview":"max-image-preview:large","max-video-preview":"max-video-preview:-1"},"canonical":"https:\/\/pagon24.pl\/en\/product\/koszula-meska-sluzbowa-granatowa-krotki-rekaw-policja\/","og_locale":"en_US","og_type":"article","og_title":"Koszula M\u0119ska S\u0142u\u017cbowa Granatowa Kr\u00f3tki R\u0119kaw Policja - Pagon24.pl","og_description":"Koszula s\u0142u\u017cbowa Policji na kr\u00f3tki r\u0119kaw w kolorze ciemnogranatowym, wykonana z trwa\u0142ej tkaniny. Wyposa\u017cona w odblaskowe napisy POLICJA, pagony na dystynkcje, klasyczny ko\u0142nierz z haftem oraz dwie kieszenie z patkami. Zaprojektowana wed\u0142ug standard\u00f3w umundurowania policyjnego \u2013 idealna na sezon letni, zapewnia wygod\u0119, przewiewno\u015b\u0107 i profesjonalny wygl\u0105d podczas codziennej s\u0142u\u017cby.","og_url":"https:\/\/pagon24.pl\/en\/product\/koszula-meska-sluzbowa-granatowa-krotki-rekaw-policja\/","og_site_name":"Pagon24.pl","article_modified_time":"2026-03-23T14:44:47+00:00","og_image":[{"width":1200,"height":1200,"url":"https:\/\/pagon24.pl\/wp-content\/uploads\/2026\/03\/koszula-krotki-rekaw-policja-meska-6.jpg","type":"image\/jpeg"}],"twitter_card":"summary_large_image","twitter_misc":{"Est. reading time":"2 minutes"},"schema":{"@context":"https:\/\/schema.org","@graph":[{"@type":"WebPage","@id":"https:\/\/pagon24.pl\/produkt\/koszula-meska-sluzbowa-granatowa-krotki-rekaw-policja\/","url":"https:\/\/pagon24.pl\/produkt\/koszula-meska-sluzbowa-granatowa-krotki-rekaw-policja\/","name":"Koszula M\u0119ska S\u0142u\u017cbowa Granatowa Kr\u00f3tki R\u0119kaw Policja - Pagon24.pl","isPartOf":{"@id":"https:\/\/pagon24.pl\/#website"},"primaryImageOfPage":{"@id":"https:\/\/pagon24.pl\/produkt\/koszula-meska-sluzbowa-granatowa-krotki-rekaw-policja\/#primaryimage"},"image":{"@id":"https:\/\/pagon24.pl\/produkt\/koszula-meska-sluzbowa-granatowa-krotki-rekaw-policja\/#primaryimage"},"thumbnailUrl":"https:\/\/pagon24.pl\/wp-content\/uploads\/2026\/03\/koszula-krotki-rekaw-policja-meska-6.jpg","datePublished":"2026-03-18T14:53:40+00:00","dateModified":"2026-03-23T14:44:47+00:00","breadcrumb":{"@id":"https:\/\/pagon24.pl\/produkt\/koszula-meska-sluzbowa-granatowa-krotki-rekaw-policja\/#breadcrumb"},"inLanguage":"en-US","potentialAction":[{"@type":"ReadAction","target":["https:\/\/pagon24.pl\/produkt\/koszula-meska-sluzbowa-granatowa-krotki-rekaw-policja\/"]}]},{"@type":"ImageObject","inLanguage":"en-US","@id":"https:\/\/pagon24.pl\/produkt\/koszula-meska-sluzbowa-granatowa-krotki-rekaw-policja\/#primaryimage","url":"https:\/\/pagon24.pl\/wp-content\/uploads\/2026\/03\/koszula-krotki-rekaw-policja-meska-6.jpg","contentUrl":"https:\/\/pagon24.pl\/wp-content\/uploads\/2026\/03\/koszula-krotki-rekaw-policja-meska-6.jpg","width":1200,"height":1200,"caption":"koszula policyjna m\u0119ska pagon24"},{"@type":"BreadcrumbList","@id":"https:\/\/pagon24.pl\/produkt\/koszula-meska-sluzbowa-granatowa-krotki-rekaw-policja\/#breadcrumb","itemListElement":[{"@type":"ListItem","position":1,"name":"Strona g\u0142\u00f3wna","item":"https:\/\/pagon24.pl\/"},{"@type":"ListItem","position":2,"name":"Katalog","item":"https:\/\/pagon24.pl\/shop\/"},{"@type":"ListItem","position":3,"name":"Koszula M\u0119ska S\u0142u\u017cbowa Granatowa Kr\u00f3tki R\u0119kaw Policja"}]},{"@type":"WebSite","@id":"https:\/\/pagon24.pl\/#website","url":"https:\/\/pagon24.pl\/","name":"Pagon24.pl","description":"Sklep mundurowy we Wroc\u0142awiu","publisher":{"@id":"https:\/\/pagon24.pl\/#organization"},"potentialAction":[{"@type":"SearchAction","target":{"@type":"EntryPoint","urlTemplate":"https:\/\/pagon24.pl\/?s={search_term_string}"},"query-input":{"@type":"PropertyValueSpecification","valueRequired":true,"valueName":"search_term_string"}}],"inLanguage":"en-US"},{"@type":"Organization","@id":"https:\/\/pagon24.pl\/#organization","name":"Pagon24.pl","url":"https:\/\/pagon24.pl\/","logo":{"@type":"ImageObject","inLanguage":"en-US","@id":"https:\/\/pagon24.pl\/#\/schema\/logo\/image\/","url":"https:\/\/pagon24.pl\/wp-content\/uploads\/2026\/03\/logo-pagon-granat.png","contentUrl":"https:\/\/pagon24.pl\/wp-content\/uploads\/2026\/03\/logo-pagon-granat.png","width":569,"height":149,"caption":"Pagon24.pl"},"image":{"@id":"https:\/\/pagon24.pl\/#\/schema\/logo\/image\/"}}]}},"_links":{"self":[{"href":"https:\/\/pagon24.pl\/en\/wp-json\/wp\/v2\/product\/29828","targetHints":{"allow":["GET"]}}],"collection":[{"href":"https:\/\/pagon24.pl\/en\/wp-json\/wp\/v2\/product"}],"about":[{"href":"https:\/\/pagon24.pl\/en\/wp-json\/wp\/v2\/types\/product"}],"replies":[{"embeddable":true,"href":"https:\/\/pagon24.pl\/en\/wp-json\/wp\/v2\/comments?post=29828"}],"version-history":[{"count":1,"href":"https:\/\/pagon24.pl\/en\/wp-json\/wp\/v2\/product\/29828\/revisions"}],"predecessor-version":[{"id":29853,"href":"https:\/\/pagon24.pl\/en\/wp-json\/wp\/v2\/product\/29828\/revisions\/29853"}],"wp:featuredmedia":[{"embeddable":true,"href":"https:\/\/pagon24.pl\/en\/wp-json\/wp\/v2\/media\/29162"}],"wp:attachment":[{"href":"https:\/\/pagon24.pl\/en\/wp-json\/wp\/v2\/media?parent=29828"}],"wp:term":[{"taxonomy":"product_brand","embeddable":true,"href":"https:\/\/pagon24.pl\/en\/wp-json\/wp\/v2\/product_brand?post=29828"},{"taxonomy":"product_cat","embeddable":true,"href":"https:\/\/pagon24.pl\/en\/wp-json\/wp\/v2\/product_cat?post=29828"},{"taxonomy":"product_tag","embeddable":true,"href":"https:\/\/pagon24.pl\/en\/wp-json\/wp\/v2\/product_tag?post=29828"}],"curies":[{"name":"wp","href":"https:\/\/api.w.org\/{rel}","templated":true}]}}