{"id":29796,"date":"2026-03-18T15:32:04","date_gmt":"2026-03-18T14:32:04","guid":{"rendered":"https:\/\/pagon24.pl\/?post_type=product&#038;p=29796"},"modified":"2026-03-18T15:32:04","modified_gmt":"2026-03-18T14:32:04","slug":"pasek-do-czapki-oficerskiej-wyjsciowej-gabardynowej-policji-srebrny","status":"publish","type":"product","link":"https:\/\/pagon24.pl\/en\/product\/pasek-do-czapki-oficerskiej-wyjsciowej-gabardynowej-policji-srebrny\/","title":{"rendered":"Pasek do czapki oficerskiej wyj\u015bciowej gabardynowej Policji srebrny"},"content":{"rendered":"<h3 class=\"wp-block-heading has-x-large-font-size\"><strong>Pasek do czapki oficerskiej wyj\u015bciowej gabardynowej policji srebrny<\/strong><\/h3>\n<h3 class=\"wp-block-heading has-x-large-font-size\">Przeznaczony dla korpus\u00f3w:<\/h3>\n<p><strong>Oficerowie m\u0142odsi:<\/strong>\u00a0podkomisarze, komisarze, nadkomisarze<\/p>\n<p><strong>Oficerowie starsi:<\/strong>\u00a0podinspektorzy, inspektorzy m\u0142odsi, inspektorzy<\/p>\n<p>&nbsp;<\/p>\n<p><strong>Elegancki pasek oficerski\u00a0<\/strong>przeznaczony do\u00a0<strong>czapki wyj\u015bciowej gabardynowej Policji.<\/strong>\u00a0Wykonany z wysokiej jako\u015bci <strong>srebrnej ta\u015bmy <\/strong>z charakterystycznym\u00a0<strong>niebieskim akcentem<\/strong>, podkre\u015blaj\u0105cym policyjny charakter nakrycia g\u0142owy. Pasek wyposa\u017cony w <strong>solidne\u00a0oczka metalowe<\/strong>\u00a0umo\u017cliwiaj\u0105ce\u00a0<strong>\u0142atwe mocowanie do czapki oraz przesuwane uchwyty stabilizuj\u0105ce.<\/strong><\/p>\n<p>Ten element galowego umundurowania stanowi\u00a0<strong>nieodzowny detal wyko\u0144czenia czapki oficerskiej policji<\/strong>, wykonany <strong>wed\u0142ug\u00a0oficjalnych norm KGP<\/strong>,\u00a0u\u017cywany w Policji. Dzi\u0119ki\u00a0precyzyjnemu wykonaniu oraz trwa\u0142ym materia\u0142om,\u00a0pasek zachowuje estetyczny wygl\u0105d przez d\u0142ugi czas, idealnie sprawdzaj\u0105c si\u0119 podczas uroczysto\u015bci, apeli i oficjalnych wyst\u0105pie\u0144.<\/p>\n<h3 class=\"wp-block-heading has-x-large-font-size\">Specyfikacja<\/h3>\n<ul class=\"wp-block-list\">\n<li><strong>Przeznaczenie<\/strong>: do czapki wyj\u015bciowej gabardynowej oficera Policji<\/li>\n<li><strong>Kolor<\/strong>: srebrny<\/li>\n<li><strong>Elementy przesuwane stabilizuj\u0105ce pasek [szlufki]<\/strong><\/li>\n<li><strong>Wykonanie zgodne z obowi\u0105zuj\u0105cymi przepisami ubiorczymi Policji<\/strong><\/li>\n<\/ul>\n","protected":false},"excerpt":{"rendered":"<p>Elegancki pasek oficerski przeznaczony do czapki wyj\u015bciowej gabardynowej Policji. Wykonany z wysokiej jako\u015bci srebrnej ta\u015bmy z charakterystycznym niebieskim akcentem, podkre\u015blaj\u0105cym policyjny charakter nakrycia g\u0142owy. Pasek wyposa\u017cony w solidne oczka metalowe umo\u017cliwiaj\u0105ce \u0142atwe mocowanie do czapki oraz przesuwane uchwyty stabilizuj\u0105ce. Ten element galowego umundurowania stanowi nieodzowny detal wyko\u0144czenia czapki oficerskiej policji, wykonany wed\u0142ug oficjalnych norm KGP, u\u017cywany w Policji. Dzi\u0119ki precyzyjnemu wykonaniu oraz trwa\u0142ym materia\u0142om, pasek zachowuje estetyczny wygl\u0105d przez d\u0142ugi czas, idealnie sprawdzaj\u0105c si\u0119 podczas uroczysto\u015bci, apeli i oficjalnych wyst\u0105pie\u0144.<\/p>","protected":false},"featured_media":29307,"comment_status":"open","ping_status":"closed","template":"","meta":[],"product_brand":[],"product_cat":[188],"product_tag":[],"class_list":{"0":"post-29796","1":"product","2":"type-product","3":"status-publish","4":"has-post-thumbnail","6":"product_cat-nakrycia-glowy","8":"first","9":"instock","10":"taxable","11":"shipping-taxable","12":"purchasable","13":"product-type-simple"},"yoast_head":"<!-- This site is optimized with the Yoast SEO plugin v27.5 - https:\/\/yoast.com\/product\/yoast-seo-wordpress\/ -->\n<title>Pasek do czapki oficerskiej wyj\u015bciowej gabardynowej Policji srebrny - Pagon24.pl<\/title>\n<meta name=\"robots\" content=\"index, follow, max-snippet:-1, max-image-preview:large, max-video-preview:-1\" \/>\n<link rel=\"canonical\" href=\"https:\/\/pagon24.pl\/en\/?product=pasek-do-czapki-oficerskiej-wyjsciowej-gabardynowej-policji-srebrny\" \/>\n<meta property=\"og:locale\" content=\"en_US\" \/>\n<meta property=\"og:type\" content=\"article\" \/>\n<meta property=\"og:title\" content=\"Pasek do czapki oficerskiej wyj\u015bciowej gabardynowej Policji srebrny - Pagon24.pl\" \/>\n<meta property=\"og:description\" content=\"Elegancki pasek oficerski przeznaczony do czapki wyj\u015bciowej gabardynowej Policji. Wykonany z wysokiej jako\u015bci srebrnej ta\u015bmy z charakterystycznym niebieskim akcentem, podkre\u015blaj\u0105cym policyjny charakter nakrycia g\u0142owy. Pasek wyposa\u017cony w solidne oczka metalowe umo\u017cliwiaj\u0105ce \u0142atwe mocowanie do czapki oraz przesuwane uchwyty stabilizuj\u0105ce. Ten element galowego umundurowania stanowi nieodzowny detal wyko\u0144czenia czapki oficerskiej policji, wykonany wed\u0142ug oficjalnych norm KGP, u\u017cywany w Policji. Dzi\u0119ki precyzyjnemu wykonaniu oraz trwa\u0142ym materia\u0142om, pasek zachowuje estetyczny wygl\u0105d przez d\u0142ugi czas, idealnie sprawdzaj\u0105c si\u0119 podczas uroczysto\u015bci, apeli i oficjalnych wyst\u0105pie\u0144.\" \/>\n<meta property=\"og:url\" content=\"https:\/\/pagon24.pl\/en\/?product=pasek-do-czapki-oficerskiej-wyjsciowej-gabardynowej-policji-srebrny\" \/>\n<meta property=\"og:site_name\" content=\"Pagon24.pl\" \/>\n<meta property=\"og:image\" content=\"https:\/\/pagon24.pl\/wp-content\/uploads\/2026\/03\/pasek-srebrny-oficerski-do-czapk2-2000-policja.jpg\" \/>\n\t<meta property=\"og:image:width\" content=\"2000\" \/>\n\t<meta property=\"og:image:height\" content=\"1246\" \/>\n\t<meta property=\"og:image:type\" content=\"image\/jpeg\" \/>\n<meta name=\"twitter:card\" content=\"summary_large_image\" \/>\n<meta name=\"twitter:label1\" content=\"Est. reading time\" \/>\n\t<meta name=\"twitter:data1\" content=\"1 minute\" \/>\n<script type=\"application\/ld+json\" class=\"yoast-schema-graph\">{\"@context\":\"https:\\\/\\\/schema.org\",\"@graph\":[{\"@type\":\"WebPage\",\"@id\":\"https:\\\/\\\/pagon24.pl\\\/?product=pasek-do-czapki-oficerskiej-wyjsciowej-gabardynowej-policji-srebrny\",\"url\":\"https:\\\/\\\/pagon24.pl\\\/?product=pasek-do-czapki-oficerskiej-wyjsciowej-gabardynowej-policji-srebrny\",\"name\":\"Pasek do czapki oficerskiej wyj\u015bciowej gabardynowej Policji srebrny - Pagon24.pl\",\"isPartOf\":{\"@id\":\"https:\\\/\\\/pagon24.pl\\\/#website\"},\"primaryImageOfPage\":{\"@id\":\"https:\\\/\\\/pagon24.pl\\\/?product=pasek-do-czapki-oficerskiej-wyjsciowej-gabardynowej-policji-srebrny#primaryimage\"},\"image\":{\"@id\":\"https:\\\/\\\/pagon24.pl\\\/?product=pasek-do-czapki-oficerskiej-wyjsciowej-gabardynowej-policji-srebrny#primaryimage\"},\"thumbnailUrl\":\"https:\\\/\\\/pagon24.pl\\\/wp-content\\\/uploads\\\/2026\\\/03\\\/pasek-srebrny-oficerski-do-czapk2-2000-policja.jpg\",\"datePublished\":\"2026-03-18T14:32:04+00:00\",\"breadcrumb\":{\"@id\":\"https:\\\/\\\/pagon24.pl\\\/?product=pasek-do-czapki-oficerskiej-wyjsciowej-gabardynowej-policji-srebrny#breadcrumb\"},\"inLanguage\":\"en-US\",\"potentialAction\":[{\"@type\":\"ReadAction\",\"target\":[\"https:\\\/\\\/pagon24.pl\\\/?product=pasek-do-czapki-oficerskiej-wyjsciowej-gabardynowej-policji-srebrny\"]}]},{\"@type\":\"ImageObject\",\"inLanguage\":\"en-US\",\"@id\":\"https:\\\/\\\/pagon24.pl\\\/?product=pasek-do-czapki-oficerskiej-wyjsciowej-gabardynowej-policji-srebrny#primaryimage\",\"url\":\"https:\\\/\\\/pagon24.pl\\\/wp-content\\\/uploads\\\/2026\\\/03\\\/pasek-srebrny-oficerski-do-czapk2-2000-policja.jpg\",\"contentUrl\":\"https:\\\/\\\/pagon24.pl\\\/wp-content\\\/uploads\\\/2026\\\/03\\\/pasek-srebrny-oficerski-do-czapk2-2000-policja.jpg\",\"width\":2000,\"height\":1246,\"caption\":\"pasek do czapki policyjnej oficerskiej pagon24\"},{\"@type\":\"BreadcrumbList\",\"@id\":\"https:\\\/\\\/pagon24.pl\\\/?product=pasek-do-czapki-oficerskiej-wyjsciowej-gabardynowej-policji-srebrny#breadcrumb\",\"itemListElement\":[{\"@type\":\"ListItem\",\"position\":1,\"name\":\"Strona g\u0142\u00f3wna\",\"item\":\"https:\\\/\\\/pagon24.pl\\\/\"},{\"@type\":\"ListItem\",\"position\":2,\"name\":\"Katalog\",\"item\":\"https:\\\/\\\/pagon24.pl\\\/shop\\\/\"},{\"@type\":\"ListItem\",\"position\":3,\"name\":\"Pasek do czapki oficerskiej wyj\u015bciowej gabardynowej Policji srebrny\"}]},{\"@type\":\"WebSite\",\"@id\":\"https:\\\/\\\/pagon24.pl\\\/#website\",\"url\":\"https:\\\/\\\/pagon24.pl\\\/\",\"name\":\"Pagon24.pl\",\"description\":\"Sklep mundurowy we Wroc\u0142awiu\",\"publisher\":{\"@id\":\"https:\\\/\\\/pagon24.pl\\\/#organization\"},\"potentialAction\":[{\"@type\":\"SearchAction\",\"target\":{\"@type\":\"EntryPoint\",\"urlTemplate\":\"https:\\\/\\\/pagon24.pl\\\/?s={search_term_string}\"},\"query-input\":{\"@type\":\"PropertyValueSpecification\",\"valueRequired\":true,\"valueName\":\"search_term_string\"}}],\"inLanguage\":\"en-US\"},{\"@type\":\"Organization\",\"@id\":\"https:\\\/\\\/pagon24.pl\\\/#organization\",\"name\":\"Pagon24.pl\",\"url\":\"https:\\\/\\\/pagon24.pl\\\/\",\"logo\":{\"@type\":\"ImageObject\",\"inLanguage\":\"en-US\",\"@id\":\"https:\\\/\\\/pagon24.pl\\\/#\\\/schema\\\/logo\\\/image\\\/\",\"url\":\"https:\\\/\\\/pagon24.pl\\\/wp-content\\\/uploads\\\/2026\\\/03\\\/logo-pagon-granat.png\",\"contentUrl\":\"https:\\\/\\\/pagon24.pl\\\/wp-content\\\/uploads\\\/2026\\\/03\\\/logo-pagon-granat.png\",\"width\":569,\"height\":149,\"caption\":\"Pagon24.pl\"},\"image\":{\"@id\":\"https:\\\/\\\/pagon24.pl\\\/#\\\/schema\\\/logo\\\/image\\\/\"}}]}<\/script>\n<!-- \/ Yoast SEO plugin. -->","yoast_head_json":{"title":"Pasek do czapki oficerskiej wyj\u015bciowej gabardynowej Policji srebrny - Pagon24.pl","robots":{"index":"index","follow":"follow","max-snippet":"max-snippet:-1","max-image-preview":"max-image-preview:large","max-video-preview":"max-video-preview:-1"},"canonical":"https:\/\/pagon24.pl\/en\/?product=pasek-do-czapki-oficerskiej-wyjsciowej-gabardynowej-policji-srebrny","og_locale":"en_US","og_type":"article","og_title":"Pasek do czapki oficerskiej wyj\u015bciowej gabardynowej Policji srebrny - Pagon24.pl","og_description":"Elegancki pasek oficerski przeznaczony do czapki wyj\u015bciowej gabardynowej Policji. Wykonany z wysokiej jako\u015bci srebrnej ta\u015bmy z charakterystycznym niebieskim akcentem, podkre\u015blaj\u0105cym policyjny charakter nakrycia g\u0142owy. Pasek wyposa\u017cony w solidne oczka metalowe umo\u017cliwiaj\u0105ce \u0142atwe mocowanie do czapki oraz przesuwane uchwyty stabilizuj\u0105ce. Ten element galowego umundurowania stanowi nieodzowny detal wyko\u0144czenia czapki oficerskiej policji, wykonany wed\u0142ug oficjalnych norm KGP, u\u017cywany w Policji. Dzi\u0119ki precyzyjnemu wykonaniu oraz trwa\u0142ym materia\u0142om, pasek zachowuje estetyczny wygl\u0105d przez d\u0142ugi czas, idealnie sprawdzaj\u0105c si\u0119 podczas uroczysto\u015bci, apeli i oficjalnych wyst\u0105pie\u0144.","og_url":"https:\/\/pagon24.pl\/en\/?product=pasek-do-czapki-oficerskiej-wyjsciowej-gabardynowej-policji-srebrny","og_site_name":"Pagon24.pl","og_image":[{"width":2000,"height":1246,"url":"https:\/\/pagon24.pl\/wp-content\/uploads\/2026\/03\/pasek-srebrny-oficerski-do-czapk2-2000-policja.jpg","type":"image\/jpeg"}],"twitter_card":"summary_large_image","twitter_misc":{"Est. reading time":"1 minute"},"schema":{"@context":"https:\/\/schema.org","@graph":[{"@type":"WebPage","@id":"https:\/\/pagon24.pl\/?product=pasek-do-czapki-oficerskiej-wyjsciowej-gabardynowej-policji-srebrny","url":"https:\/\/pagon24.pl\/?product=pasek-do-czapki-oficerskiej-wyjsciowej-gabardynowej-policji-srebrny","name":"Pasek do czapki oficerskiej wyj\u015bciowej gabardynowej Policji srebrny - Pagon24.pl","isPartOf":{"@id":"https:\/\/pagon24.pl\/#website"},"primaryImageOfPage":{"@id":"https:\/\/pagon24.pl\/?product=pasek-do-czapki-oficerskiej-wyjsciowej-gabardynowej-policji-srebrny#primaryimage"},"image":{"@id":"https:\/\/pagon24.pl\/?product=pasek-do-czapki-oficerskiej-wyjsciowej-gabardynowej-policji-srebrny#primaryimage"},"thumbnailUrl":"https:\/\/pagon24.pl\/wp-content\/uploads\/2026\/03\/pasek-srebrny-oficerski-do-czapk2-2000-policja.jpg","datePublished":"2026-03-18T14:32:04+00:00","breadcrumb":{"@id":"https:\/\/pagon24.pl\/?product=pasek-do-czapki-oficerskiej-wyjsciowej-gabardynowej-policji-srebrny#breadcrumb"},"inLanguage":"en-US","potentialAction":[{"@type":"ReadAction","target":["https:\/\/pagon24.pl\/?product=pasek-do-czapki-oficerskiej-wyjsciowej-gabardynowej-policji-srebrny"]}]},{"@type":"ImageObject","inLanguage":"en-US","@id":"https:\/\/pagon24.pl\/?product=pasek-do-czapki-oficerskiej-wyjsciowej-gabardynowej-policji-srebrny#primaryimage","url":"https:\/\/pagon24.pl\/wp-content\/uploads\/2026\/03\/pasek-srebrny-oficerski-do-czapk2-2000-policja.jpg","contentUrl":"https:\/\/pagon24.pl\/wp-content\/uploads\/2026\/03\/pasek-srebrny-oficerski-do-czapk2-2000-policja.jpg","width":2000,"height":1246,"caption":"pasek do czapki policyjnej oficerskiej pagon24"},{"@type":"BreadcrumbList","@id":"https:\/\/pagon24.pl\/?product=pasek-do-czapki-oficerskiej-wyjsciowej-gabardynowej-policji-srebrny#breadcrumb","itemListElement":[{"@type":"ListItem","position":1,"name":"Strona g\u0142\u00f3wna","item":"https:\/\/pagon24.pl\/"},{"@type":"ListItem","position":2,"name":"Katalog","item":"https:\/\/pagon24.pl\/shop\/"},{"@type":"ListItem","position":3,"name":"Pasek do czapki oficerskiej wyj\u015bciowej gabardynowej Policji srebrny"}]},{"@type":"WebSite","@id":"https:\/\/pagon24.pl\/#website","url":"https:\/\/pagon24.pl\/","name":"Pagon24.pl","description":"Sklep mundurowy we Wroc\u0142awiu","publisher":{"@id":"https:\/\/pagon24.pl\/#organization"},"potentialAction":[{"@type":"SearchAction","target":{"@type":"EntryPoint","urlTemplate":"https:\/\/pagon24.pl\/?s={search_term_string}"},"query-input":{"@type":"PropertyValueSpecification","valueRequired":true,"valueName":"search_term_string"}}],"inLanguage":"en-US"},{"@type":"Organization","@id":"https:\/\/pagon24.pl\/#organization","name":"Pagon24.pl","url":"https:\/\/pagon24.pl\/","logo":{"@type":"ImageObject","inLanguage":"en-US","@id":"https:\/\/pagon24.pl\/#\/schema\/logo\/image\/","url":"https:\/\/pagon24.pl\/wp-content\/uploads\/2026\/03\/logo-pagon-granat.png","contentUrl":"https:\/\/pagon24.pl\/wp-content\/uploads\/2026\/03\/logo-pagon-granat.png","width":569,"height":149,"caption":"Pagon24.pl"},"image":{"@id":"https:\/\/pagon24.pl\/#\/schema\/logo\/image\/"}}]}},"_links":{"self":[{"href":"https:\/\/pagon24.pl\/en\/wp-json\/wp\/v2\/product\/29796","targetHints":{"allow":["GET"]}}],"collection":[{"href":"https:\/\/pagon24.pl\/en\/wp-json\/wp\/v2\/product"}],"about":[{"href":"https:\/\/pagon24.pl\/en\/wp-json\/wp\/v2\/types\/product"}],"replies":[{"embeddable":true,"href":"https:\/\/pagon24.pl\/en\/wp-json\/wp\/v2\/comments?post=29796"}],"version-history":[{"count":1,"href":"https:\/\/pagon24.pl\/en\/wp-json\/wp\/v2\/product\/29796\/revisions"}],"predecessor-version":[{"id":29797,"href":"https:\/\/pagon24.pl\/en\/wp-json\/wp\/v2\/product\/29796\/revisions\/29797"}],"wp:featuredmedia":[{"embeddable":true,"href":"https:\/\/pagon24.pl\/en\/wp-json\/wp\/v2\/media\/29307"}],"wp:attachment":[{"href":"https:\/\/pagon24.pl\/en\/wp-json\/wp\/v2\/media?parent=29796"}],"wp:term":[{"taxonomy":"product_brand","embeddable":true,"href":"https:\/\/pagon24.pl\/en\/wp-json\/wp\/v2\/product_brand?post=29796"},{"taxonomy":"product_cat","embeddable":true,"href":"https:\/\/pagon24.pl\/en\/wp-json\/wp\/v2\/product_cat?post=29796"},{"taxonomy":"product_tag","embeddable":true,"href":"https:\/\/pagon24.pl\/en\/wp-json\/wp\/v2\/product_tag?post=29796"}],"curies":[{"name":"wp","href":"https:\/\/api.w.org\/{rel}","templated":true}]}}