{"id":29794,"date":"2026-03-18T15:30:18","date_gmt":"2026-03-18T14:30:18","guid":{"rendered":"https:\/\/pagon24.pl\/?post_type=product&#038;p=29794"},"modified":"2026-03-18T15:30:18","modified_gmt":"2026-03-18T14:30:18","slug":"pasek-do-czapki-podoficerskiej-wyjsciowej-gabardynowej-policji-skora","status":"publish","type":"product","link":"https:\/\/pagon24.pl\/en\/product\/pasek-do-czapki-podoficerskiej-wyjsciowej-gabardynowej-policji-skora\/","title":{"rendered":"Pasek do czapki podoficerskiej wyj\u015bciowej gabardynowej Policji sk\u00f3ra"},"content":{"rendered":"<h3 class=\"wp-block-heading has-x-large-font-size\"><strong>Pasek do czapki podoficerskiej wyj\u015bciowej gabardynowej Policji sk\u00f3ra<\/strong><\/h3>\n<h3 class=\"wp-block-heading has-x-large-font-size\">Przeznaczony dla korpus\u00f3w:<\/h3>\n<p><strong>Szeregowych<\/strong> \u2013 Posterunkowy, Starszy Posterunkowy<\/p>\n<p><strong>Podoficer\u00f3w <\/strong>\u2013\u00a0 Sier\u017cant, Starszy Sier\u017cant, Sier\u017cant Sztabowy<\/p>\n<p><strong>Aspirant\u00f3w <\/strong>\u2013\u00a0M\u0142odszy aspirant, Aspirant, Starszy Aspirant, Aspirant Sztabowy<\/p>\n<p><strong>Elegancki pasek podoficerski\u00a0<\/strong>przeznaczony <strong>do\u00a0czapki wyj\u015bciowej gabardynowej Policji.<\/strong>\u00a0Wykonany z wysokiej jako\u015bci\u00a0<strong>naturalnej sk\u00f3ry w kolorze czarnym<\/strong>, podkre\u015blaj\u0105cym policyjny charakter nakrycia g\u0142owy. Pasek wyposa\u017cony w solidne\u00a0<strong>oczka metalowe<\/strong>\u00a0umo\u017cliwiaj\u0105ce\u00a0<strong>\u0142atwe mocowanie do czapki <\/strong>oraz <strong>przesuwane uchwyty stabilizuj\u0105ce.<\/strong><\/p>\n<p>Ten element galowego umundurowania stanowi<strong>\u00a0nieodzowny detal wyko\u0144czenia<\/strong> czapki <strong>podoficerskiej policji,<\/strong> wykonany <strong>wed\u0142ug\u00a0oficjalnych norm KGP<\/strong>,\u00a0u\u017cywany w Policji. Dzi\u0119ki\u00a0<strong>precyzyjnemu wykonaniu oraz trwa\u0142ym materia\u0142om<\/strong>,\u00a0pasek zachowuje estetyczny wygl\u0105d przez d\u0142ugi czas, idealnie sprawdzaj\u0105c si\u0119 podczas uroczysto\u015bci, apeli i oficjalnych wyst\u0105pie\u0144.<\/p>\n<h3 class=\"wp-block-heading has-x-large-font-size\">Specyfikacja<\/h3>\n<ul class=\"wp-block-list\">\n<li><strong>Przeznaczenie<\/strong>: do czapki wyj\u015bciowej gabardynowej podoficera Policji<\/li>\n<li><strong>Kolor<\/strong>: czarny<\/li>\n<li><strong>Elementy przesuwane stabilizuj\u0105ce pasek [szlufki]<\/strong><\/li>\n<li><strong>Wykonanie zgodne z obowi\u0105zuj\u0105cymi przepisami ubiorczymi Policji<\/strong><\/li>\n<\/ul>\n","protected":false},"excerpt":{"rendered":"<p>Elegancki pasek podoficerski przeznaczony do czapki wyj\u015bciowej gabardynowej Policji. Wykonany z wysokiej jako\u015bci naturalnej sk\u00f3ry w kolorze czarnym, podkre\u015blaj\u0105cym policyjny charakter nakrycia g\u0142owy. Pasek wyposa\u017cony w solidne oczka metalowe umo\u017cliwiaj\u0105ce \u0142atwe mocowanie do czapki oraz przesuwane uchwyty stabilizuj\u0105ce. Ten element galowego umundurowania stanowi nieodzowny detal wyko\u0144czenia czapki podoficerskiej policji, wykonany wed\u0142ug oficjalnych norm KGP, u\u017cywany w Policji. Dzi\u0119ki precyzyjnemu wykonaniu oraz trwa\u0142ym materia\u0142om, pasek zachowuje estetyczny wygl\u0105d przez d\u0142ugi czas, idealnie sprawdzaj\u0105c si\u0119 podczas uroczysto\u015bci, apeli i oficjalnych wyst\u0105pie\u0144.<\/p>","protected":false},"featured_media":29303,"comment_status":"open","ping_status":"closed","template":"","meta":[],"product_brand":[],"product_cat":[188],"product_tag":[],"class_list":{"0":"post-29794","1":"product","2":"type-product","3":"status-publish","4":"has-post-thumbnail","6":"product_cat-nakrycia-glowy","8":"first","9":"instock","10":"taxable","11":"shipping-taxable","12":"purchasable","13":"product-type-simple"},"yoast_head":"<!-- This site is optimized with the Yoast SEO plugin v27.5 - https:\/\/yoast.com\/product\/yoast-seo-wordpress\/ -->\n<title>Pasek do czapki podoficerskiej wyj\u015bciowej gabardynowej Policji sk\u00f3ra - Pagon24.pl<\/title>\n<meta name=\"robots\" content=\"index, follow, max-snippet:-1, max-image-preview:large, max-video-preview:-1\" \/>\n<link rel=\"canonical\" href=\"https:\/\/pagon24.pl\/en\/?product=pasek-do-czapki-podoficerskiej-wyjsciowej-gabardynowej-policji-skora\" \/>\n<meta property=\"og:locale\" content=\"en_US\" \/>\n<meta property=\"og:type\" content=\"article\" \/>\n<meta property=\"og:title\" content=\"Pasek do czapki podoficerskiej wyj\u015bciowej gabardynowej Policji sk\u00f3ra - Pagon24.pl\" \/>\n<meta property=\"og:description\" content=\"Elegancki pasek podoficerski przeznaczony do czapki wyj\u015bciowej gabardynowej Policji. Wykonany z wysokiej jako\u015bci naturalnej sk\u00f3ry w kolorze czarnym, podkre\u015blaj\u0105cym policyjny charakter nakrycia g\u0142owy. Pasek wyposa\u017cony w solidne oczka metalowe umo\u017cliwiaj\u0105ce \u0142atwe mocowanie do czapki oraz przesuwane uchwyty stabilizuj\u0105ce. Ten element galowego umundurowania stanowi nieodzowny detal wyko\u0144czenia czapki podoficerskiej policji, wykonany wed\u0142ug oficjalnych norm KGP, u\u017cywany w Policji. Dzi\u0119ki precyzyjnemu wykonaniu oraz trwa\u0142ym materia\u0142om, pasek zachowuje estetyczny wygl\u0105d przez d\u0142ugi czas, idealnie sprawdzaj\u0105c si\u0119 podczas uroczysto\u015bci, apeli i oficjalnych wyst\u0105pie\u0144.\" \/>\n<meta property=\"og:url\" content=\"https:\/\/pagon24.pl\/en\/?product=pasek-do-czapki-podoficerskiej-wyjsciowej-gabardynowej-policji-skora\" \/>\n<meta property=\"og:site_name\" content=\"Pagon24.pl\" \/>\n<meta property=\"og:image\" content=\"https:\/\/pagon24.pl\/wp-content\/uploads\/2026\/03\/mini.jpg\" \/>\n\t<meta property=\"og:image:width\" content=\"2560\" \/>\n\t<meta property=\"og:image:height\" content=\"2560\" \/>\n\t<meta property=\"og:image:type\" content=\"image\/jpeg\" \/>\n<meta name=\"twitter:card\" content=\"summary_large_image\" \/>\n<meta name=\"twitter:label1\" content=\"Est. reading time\" \/>\n\t<meta name=\"twitter:data1\" content=\"1 minute\" \/>\n<script type=\"application\/ld+json\" class=\"yoast-schema-graph\">{\"@context\":\"https:\\\/\\\/schema.org\",\"@graph\":[{\"@type\":\"WebPage\",\"@id\":\"https:\\\/\\\/pagon24.pl\\\/?product=pasek-do-czapki-podoficerskiej-wyjsciowej-gabardynowej-policji-skora\",\"url\":\"https:\\\/\\\/pagon24.pl\\\/?product=pasek-do-czapki-podoficerskiej-wyjsciowej-gabardynowej-policji-skora\",\"name\":\"Pasek do czapki podoficerskiej wyj\u015bciowej gabardynowej Policji sk\u00f3ra - Pagon24.pl\",\"isPartOf\":{\"@id\":\"https:\\\/\\\/pagon24.pl\\\/#website\"},\"primaryImageOfPage\":{\"@id\":\"https:\\\/\\\/pagon24.pl\\\/?product=pasek-do-czapki-podoficerskiej-wyjsciowej-gabardynowej-policji-skora#primaryimage\"},\"image\":{\"@id\":\"https:\\\/\\\/pagon24.pl\\\/?product=pasek-do-czapki-podoficerskiej-wyjsciowej-gabardynowej-policji-skora#primaryimage\"},\"thumbnailUrl\":\"https:\\\/\\\/pagon24.pl\\\/wp-content\\\/uploads\\\/2026\\\/03\\\/mini.jpg\",\"datePublished\":\"2026-03-18T14:30:18+00:00\",\"breadcrumb\":{\"@id\":\"https:\\\/\\\/pagon24.pl\\\/?product=pasek-do-czapki-podoficerskiej-wyjsciowej-gabardynowej-policji-skora#breadcrumb\"},\"inLanguage\":\"en-US\",\"potentialAction\":[{\"@type\":\"ReadAction\",\"target\":[\"https:\\\/\\\/pagon24.pl\\\/?product=pasek-do-czapki-podoficerskiej-wyjsciowej-gabardynowej-policji-skora\"]}]},{\"@type\":\"ImageObject\",\"inLanguage\":\"en-US\",\"@id\":\"https:\\\/\\\/pagon24.pl\\\/?product=pasek-do-czapki-podoficerskiej-wyjsciowej-gabardynowej-policji-skora#primaryimage\",\"url\":\"https:\\\/\\\/pagon24.pl\\\/wp-content\\\/uploads\\\/2026\\\/03\\\/mini.jpg\",\"contentUrl\":\"https:\\\/\\\/pagon24.pl\\\/wp-content\\\/uploads\\\/2026\\\/03\\\/mini.jpg\",\"width\":2560,\"height\":2560,\"caption\":\"pasek do czapki policyjnej sk\u00f3rzany pagon24\"},{\"@type\":\"BreadcrumbList\",\"@id\":\"https:\\\/\\\/pagon24.pl\\\/?product=pasek-do-czapki-podoficerskiej-wyjsciowej-gabardynowej-policji-skora#breadcrumb\",\"itemListElement\":[{\"@type\":\"ListItem\",\"position\":1,\"name\":\"Strona g\u0142\u00f3wna\",\"item\":\"https:\\\/\\\/pagon24.pl\\\/\"},{\"@type\":\"ListItem\",\"position\":2,\"name\":\"Katalog\",\"item\":\"https:\\\/\\\/pagon24.pl\\\/shop\\\/\"},{\"@type\":\"ListItem\",\"position\":3,\"name\":\"Pasek do czapki podoficerskiej wyj\u015bciowej gabardynowej Policji sk\u00f3ra\"}]},{\"@type\":\"WebSite\",\"@id\":\"https:\\\/\\\/pagon24.pl\\\/#website\",\"url\":\"https:\\\/\\\/pagon24.pl\\\/\",\"name\":\"Pagon24.pl\",\"description\":\"Sklep mundurowy we Wroc\u0142awiu\",\"publisher\":{\"@id\":\"https:\\\/\\\/pagon24.pl\\\/#organization\"},\"potentialAction\":[{\"@type\":\"SearchAction\",\"target\":{\"@type\":\"EntryPoint\",\"urlTemplate\":\"https:\\\/\\\/pagon24.pl\\\/?s={search_term_string}\"},\"query-input\":{\"@type\":\"PropertyValueSpecification\",\"valueRequired\":true,\"valueName\":\"search_term_string\"}}],\"inLanguage\":\"en-US\"},{\"@type\":\"Organization\",\"@id\":\"https:\\\/\\\/pagon24.pl\\\/#organization\",\"name\":\"Pagon24.pl\",\"url\":\"https:\\\/\\\/pagon24.pl\\\/\",\"logo\":{\"@type\":\"ImageObject\",\"inLanguage\":\"en-US\",\"@id\":\"https:\\\/\\\/pagon24.pl\\\/#\\\/schema\\\/logo\\\/image\\\/\",\"url\":\"https:\\\/\\\/pagon24.pl\\\/wp-content\\\/uploads\\\/2026\\\/03\\\/logo-pagon-granat.png\",\"contentUrl\":\"https:\\\/\\\/pagon24.pl\\\/wp-content\\\/uploads\\\/2026\\\/03\\\/logo-pagon-granat.png\",\"width\":569,\"height\":149,\"caption\":\"Pagon24.pl\"},\"image\":{\"@id\":\"https:\\\/\\\/pagon24.pl\\\/#\\\/schema\\\/logo\\\/image\\\/\"}}]}<\/script>\n<!-- \/ Yoast SEO plugin. -->","yoast_head_json":{"title":"Pasek do czapki podoficerskiej wyj\u015bciowej gabardynowej Policji sk\u00f3ra - Pagon24.pl","robots":{"index":"index","follow":"follow","max-snippet":"max-snippet:-1","max-image-preview":"max-image-preview:large","max-video-preview":"max-video-preview:-1"},"canonical":"https:\/\/pagon24.pl\/en\/?product=pasek-do-czapki-podoficerskiej-wyjsciowej-gabardynowej-policji-skora","og_locale":"en_US","og_type":"article","og_title":"Pasek do czapki podoficerskiej wyj\u015bciowej gabardynowej Policji sk\u00f3ra - Pagon24.pl","og_description":"Elegancki pasek podoficerski przeznaczony do czapki wyj\u015bciowej gabardynowej Policji. Wykonany z wysokiej jako\u015bci naturalnej sk\u00f3ry w kolorze czarnym, podkre\u015blaj\u0105cym policyjny charakter nakrycia g\u0142owy. Pasek wyposa\u017cony w solidne oczka metalowe umo\u017cliwiaj\u0105ce \u0142atwe mocowanie do czapki oraz przesuwane uchwyty stabilizuj\u0105ce. Ten element galowego umundurowania stanowi nieodzowny detal wyko\u0144czenia czapki podoficerskiej policji, wykonany wed\u0142ug oficjalnych norm KGP, u\u017cywany w Policji. Dzi\u0119ki precyzyjnemu wykonaniu oraz trwa\u0142ym materia\u0142om, pasek zachowuje estetyczny wygl\u0105d przez d\u0142ugi czas, idealnie sprawdzaj\u0105c si\u0119 podczas uroczysto\u015bci, apeli i oficjalnych wyst\u0105pie\u0144.","og_url":"https:\/\/pagon24.pl\/en\/?product=pasek-do-czapki-podoficerskiej-wyjsciowej-gabardynowej-policji-skora","og_site_name":"Pagon24.pl","og_image":[{"width":2560,"height":2560,"url":"https:\/\/pagon24.pl\/wp-content\/uploads\/2026\/03\/mini.jpg","type":"image\/jpeg"}],"twitter_card":"summary_large_image","twitter_misc":{"Est. reading time":"1 minute"},"schema":{"@context":"https:\/\/schema.org","@graph":[{"@type":"WebPage","@id":"https:\/\/pagon24.pl\/?product=pasek-do-czapki-podoficerskiej-wyjsciowej-gabardynowej-policji-skora","url":"https:\/\/pagon24.pl\/?product=pasek-do-czapki-podoficerskiej-wyjsciowej-gabardynowej-policji-skora","name":"Pasek do czapki podoficerskiej wyj\u015bciowej gabardynowej Policji sk\u00f3ra - Pagon24.pl","isPartOf":{"@id":"https:\/\/pagon24.pl\/#website"},"primaryImageOfPage":{"@id":"https:\/\/pagon24.pl\/?product=pasek-do-czapki-podoficerskiej-wyjsciowej-gabardynowej-policji-skora#primaryimage"},"image":{"@id":"https:\/\/pagon24.pl\/?product=pasek-do-czapki-podoficerskiej-wyjsciowej-gabardynowej-policji-skora#primaryimage"},"thumbnailUrl":"https:\/\/pagon24.pl\/wp-content\/uploads\/2026\/03\/mini.jpg","datePublished":"2026-03-18T14:30:18+00:00","breadcrumb":{"@id":"https:\/\/pagon24.pl\/?product=pasek-do-czapki-podoficerskiej-wyjsciowej-gabardynowej-policji-skora#breadcrumb"},"inLanguage":"en-US","potentialAction":[{"@type":"ReadAction","target":["https:\/\/pagon24.pl\/?product=pasek-do-czapki-podoficerskiej-wyjsciowej-gabardynowej-policji-skora"]}]},{"@type":"ImageObject","inLanguage":"en-US","@id":"https:\/\/pagon24.pl\/?product=pasek-do-czapki-podoficerskiej-wyjsciowej-gabardynowej-policji-skora#primaryimage","url":"https:\/\/pagon24.pl\/wp-content\/uploads\/2026\/03\/mini.jpg","contentUrl":"https:\/\/pagon24.pl\/wp-content\/uploads\/2026\/03\/mini.jpg","width":2560,"height":2560,"caption":"pasek do czapki policyjnej sk\u00f3rzany pagon24"},{"@type":"BreadcrumbList","@id":"https:\/\/pagon24.pl\/?product=pasek-do-czapki-podoficerskiej-wyjsciowej-gabardynowej-policji-skora#breadcrumb","itemListElement":[{"@type":"ListItem","position":1,"name":"Strona g\u0142\u00f3wna","item":"https:\/\/pagon24.pl\/"},{"@type":"ListItem","position":2,"name":"Katalog","item":"https:\/\/pagon24.pl\/shop\/"},{"@type":"ListItem","position":3,"name":"Pasek do czapki podoficerskiej wyj\u015bciowej gabardynowej Policji sk\u00f3ra"}]},{"@type":"WebSite","@id":"https:\/\/pagon24.pl\/#website","url":"https:\/\/pagon24.pl\/","name":"Pagon24.pl","description":"Sklep mundurowy we Wroc\u0142awiu","publisher":{"@id":"https:\/\/pagon24.pl\/#organization"},"potentialAction":[{"@type":"SearchAction","target":{"@type":"EntryPoint","urlTemplate":"https:\/\/pagon24.pl\/?s={search_term_string}"},"query-input":{"@type":"PropertyValueSpecification","valueRequired":true,"valueName":"search_term_string"}}],"inLanguage":"en-US"},{"@type":"Organization","@id":"https:\/\/pagon24.pl\/#organization","name":"Pagon24.pl","url":"https:\/\/pagon24.pl\/","logo":{"@type":"ImageObject","inLanguage":"en-US","@id":"https:\/\/pagon24.pl\/#\/schema\/logo\/image\/","url":"https:\/\/pagon24.pl\/wp-content\/uploads\/2026\/03\/logo-pagon-granat.png","contentUrl":"https:\/\/pagon24.pl\/wp-content\/uploads\/2026\/03\/logo-pagon-granat.png","width":569,"height":149,"caption":"Pagon24.pl"},"image":{"@id":"https:\/\/pagon24.pl\/#\/schema\/logo\/image\/"}}]}},"_links":{"self":[{"href":"https:\/\/pagon24.pl\/en\/wp-json\/wp\/v2\/product\/29794","targetHints":{"allow":["GET"]}}],"collection":[{"href":"https:\/\/pagon24.pl\/en\/wp-json\/wp\/v2\/product"}],"about":[{"href":"https:\/\/pagon24.pl\/en\/wp-json\/wp\/v2\/types\/product"}],"replies":[{"embeddable":true,"href":"https:\/\/pagon24.pl\/en\/wp-json\/wp\/v2\/comments?post=29794"}],"version-history":[{"count":1,"href":"https:\/\/pagon24.pl\/en\/wp-json\/wp\/v2\/product\/29794\/revisions"}],"predecessor-version":[{"id":29795,"href":"https:\/\/pagon24.pl\/en\/wp-json\/wp\/v2\/product\/29794\/revisions\/29795"}],"wp:featuredmedia":[{"embeddable":true,"href":"https:\/\/pagon24.pl\/en\/wp-json\/wp\/v2\/media\/29303"}],"wp:attachment":[{"href":"https:\/\/pagon24.pl\/en\/wp-json\/wp\/v2\/media?parent=29794"}],"wp:term":[{"taxonomy":"product_brand","embeddable":true,"href":"https:\/\/pagon24.pl\/en\/wp-json\/wp\/v2\/product_brand?post=29794"},{"taxonomy":"product_cat","embeddable":true,"href":"https:\/\/pagon24.pl\/en\/wp-json\/wp\/v2\/product_cat?post=29794"},{"taxonomy":"product_tag","embeddable":true,"href":"https:\/\/pagon24.pl\/en\/wp-json\/wp\/v2\/product_tag?post=29794"}],"curies":[{"name":"wp","href":"https:\/\/api.w.org\/{rel}","templated":true}]}}