{"id":29782,"date":"2026-03-18T15:26:51","date_gmt":"2026-03-18T14:26:51","guid":{"rendered":"https:\/\/pagon24.pl\/?post_type=product&#038;p=29782"},"modified":"2026-03-18T15:26:51","modified_gmt":"2026-03-18T14:26:51","slug":"glowka-do-czapki-garnizonowej-gabardynowej-funkcjonariusza-policji-wrd","status":"publish","type":"product","link":"https:\/\/pagon24.pl\/en\/product\/glowka-do-czapki-garnizonowej-gabardynowej-funkcjonariusza-policji-wrd\/","title":{"rendered":"G\u0142\u00f3wka do czapki garnizonowej gabardynowej funkcjonariusza Policji WRD"},"content":{"rendered":"<h3 class=\"wp-block-heading has-x-large-font-size\"><strong>G\u0142\u00f3wka do oficjalnej wyj\u015bciowej czapki s\u0142u\u017cbowej wykonany wed\u0142ug norm KGP \u2013 Wydzia\u0142 Ruchu Drogowego<\/strong><\/h3>\n<p><strong>Nowy wz\u00f3r<\/strong>\u00a0wykonany\u00a0<strong>wed\u0142ug specyfikacji technicznej KGP<\/strong>\u00a0i\u00a0<strong>obowi\u0105zuj\u0105cego<\/strong>\u00a0<strong>rozporz\u0105dzenia<\/strong>. Uszyta <strong>z tkaniny gabardynowej<\/strong>. Mocowana z przodu za pomoc\u0105 metalowego or\u0142a (dost\u0119pny osobno lub w komplecie z czapk\u0105), z ty\u0142u na nap.<strong> Rozmiar nale\u017cy dopasowa\u0107 do czapki wyj\u015bciowej<\/strong>. Stworzona specjalnie dla\u00a0<strong>funkcjonariuszy WRD Policji.<\/strong><\/p>\n<h2 class=\"wp-block-heading\"><strong>Specyfikacja techniczna<\/strong><\/h2>\n<ul class=\"wp-block-list\">\n<li><strong>Materia\u0142<\/strong>: gabardyna<\/li>\n<li><strong>Wywietrzniki<\/strong>: 2 sztuki po bokach<\/li>\n<li><strong>Kolor:<\/strong>\u00a0bia\u0142y<\/li>\n<li><strong>Przeznaczenie<\/strong>: dla funkcjonariuszy Wydzia\u0142u Ruchu Drogowego Policji<\/li>\n<\/ul>","protected":false},"excerpt":{"rendered":"<p>G\u0142\u00f3wka do oficjalnej wyj\u015bciowej czapki s\u0142u\u017cbowej wykonany wed\u0142ug norm KGP \u2013 Wydzia\u0142 Ruchu Drogowego Nowy wz\u00f3r wykonany wed\u0142ug specyfikacji technicznej KGP.<\/p>","protected":false},"featured_media":29099,"comment_status":"open","ping_status":"closed","template":"","meta":[],"product_brand":[],"product_cat":[188],"product_tag":[],"class_list":{"0":"post-29782","1":"product","2":"type-product","3":"status-publish","4":"has-post-thumbnail","6":"product_cat-nakrycia-glowy","8":"first","9":"instock","10":"taxable","11":"shipping-taxable","12":"purchasable","13":"product-type-variable"},"yoast_head":"<!-- This site is optimized with the Yoast SEO plugin v27.5 - https:\/\/yoast.com\/product\/yoast-seo-wordpress\/ -->\n<title>G\u0142\u00f3wka do czapki garnizonowej gabardynowej funkcjonariusza Policji WRD - Pagon24.pl<\/title>\n<meta name=\"robots\" content=\"index, follow, max-snippet:-1, max-image-preview:large, max-video-preview:-1\" \/>\n<link rel=\"canonical\" href=\"https:\/\/pagon24.pl\/en\/?product=glowka-do-czapki-garnizonowej-gabardynowej-funkcjonariusza-policji-wrd\" \/>\n<meta property=\"og:locale\" content=\"en_US\" \/>\n<meta property=\"og:type\" content=\"article\" \/>\n<meta property=\"og:title\" content=\"G\u0142\u00f3wka do czapki garnizonowej gabardynowej funkcjonariusza Policji WRD - Pagon24.pl\" \/>\n<meta property=\"og:description\" content=\"G\u0142\u00f3wka do oficjalnej wyj\u015bciowej czapki s\u0142u\u017cbowej wykonany wed\u0142ug norm KGP \u2013 Wydzia\u0142 Ruchu Drogowego Nowy wz\u00f3r wykonany wed\u0142ug specyfikacji technicznej KGP.\" \/>\n<meta property=\"og:url\" content=\"https:\/\/pagon24.pl\/en\/?product=glowka-do-czapki-garnizonowej-gabardynowej-funkcjonariusza-policji-wrd\" \/>\n<meta property=\"og:site_name\" content=\"Pagon24.pl\" \/>\n<meta property=\"og:image\" content=\"https:\/\/pagon24.pl\/wp-content\/uploads\/2026\/03\/glowka-cien-nowe-2560-biala-policja-wrd-1.jpg\" \/>\n\t<meta property=\"og:image:width\" content=\"2560\" \/>\n\t<meta property=\"og:image:height\" content=\"2560\" \/>\n\t<meta property=\"og:image:type\" content=\"image\/jpeg\" \/>\n<meta name=\"twitter:card\" content=\"summary_large_image\" \/>\n<meta name=\"twitter:label1\" content=\"Est. reading time\" \/>\n\t<meta name=\"twitter:data1\" content=\"1 minute\" \/>\n<script type=\"application\/ld+json\" class=\"yoast-schema-graph\">{\"@context\":\"https:\\\/\\\/schema.org\",\"@graph\":[{\"@type\":\"WebPage\",\"@id\":\"https:\\\/\\\/pagon24.pl\\\/?product=glowka-do-czapki-garnizonowej-gabardynowej-funkcjonariusza-policji-wrd\",\"url\":\"https:\\\/\\\/pagon24.pl\\\/?product=glowka-do-czapki-garnizonowej-gabardynowej-funkcjonariusza-policji-wrd\",\"name\":\"G\u0142\u00f3wka do czapki garnizonowej gabardynowej funkcjonariusza Policji WRD - Pagon24.pl\",\"isPartOf\":{\"@id\":\"https:\\\/\\\/pagon24.pl\\\/#website\"},\"primaryImageOfPage\":{\"@id\":\"https:\\\/\\\/pagon24.pl\\\/?product=glowka-do-czapki-garnizonowej-gabardynowej-funkcjonariusza-policji-wrd#primaryimage\"},\"image\":{\"@id\":\"https:\\\/\\\/pagon24.pl\\\/?product=glowka-do-czapki-garnizonowej-gabardynowej-funkcjonariusza-policji-wrd#primaryimage\"},\"thumbnailUrl\":\"https:\\\/\\\/pagon24.pl\\\/wp-content\\\/uploads\\\/2026\\\/03\\\/glowka-cien-nowe-2560-biala-policja-wrd-1.jpg\",\"datePublished\":\"2026-03-18T14:26:51+00:00\",\"breadcrumb\":{\"@id\":\"https:\\\/\\\/pagon24.pl\\\/?product=glowka-do-czapki-garnizonowej-gabardynowej-funkcjonariusza-policji-wrd#breadcrumb\"},\"inLanguage\":\"en-US\",\"potentialAction\":[{\"@type\":\"ReadAction\",\"target\":[\"https:\\\/\\\/pagon24.pl\\\/?product=glowka-do-czapki-garnizonowej-gabardynowej-funkcjonariusza-policji-wrd\"]}]},{\"@type\":\"ImageObject\",\"inLanguage\":\"en-US\",\"@id\":\"https:\\\/\\\/pagon24.pl\\\/?product=glowka-do-czapki-garnizonowej-gabardynowej-funkcjonariusza-policji-wrd#primaryimage\",\"url\":\"https:\\\/\\\/pagon24.pl\\\/wp-content\\\/uploads\\\/2026\\\/03\\\/glowka-cien-nowe-2560-biala-policja-wrd-1.jpg\",\"contentUrl\":\"https:\\\/\\\/pagon24.pl\\\/wp-content\\\/uploads\\\/2026\\\/03\\\/glowka-cien-nowe-2560-biala-policja-wrd-1.jpg\",\"width\":2560,\"height\":2560,\"caption\":\"g\u0142\u00f3wka do czapki policyjnej wrd pagon24\"},{\"@type\":\"BreadcrumbList\",\"@id\":\"https:\\\/\\\/pagon24.pl\\\/?product=glowka-do-czapki-garnizonowej-gabardynowej-funkcjonariusza-policji-wrd#breadcrumb\",\"itemListElement\":[{\"@type\":\"ListItem\",\"position\":1,\"name\":\"Strona g\u0142\u00f3wna\",\"item\":\"https:\\\/\\\/pagon24.pl\\\/\"},{\"@type\":\"ListItem\",\"position\":2,\"name\":\"Katalog\",\"item\":\"https:\\\/\\\/pagon24.pl\\\/shop\\\/\"},{\"@type\":\"ListItem\",\"position\":3,\"name\":\"G\u0142\u00f3wka do czapki garnizonowej gabardynowej funkcjonariusza Policji WRD\"}]},{\"@type\":\"WebSite\",\"@id\":\"https:\\\/\\\/pagon24.pl\\\/#website\",\"url\":\"https:\\\/\\\/pagon24.pl\\\/\",\"name\":\"Pagon24.pl\",\"description\":\"Sklep mundurowy we Wroc\u0142awiu\",\"publisher\":{\"@id\":\"https:\\\/\\\/pagon24.pl\\\/#organization\"},\"potentialAction\":[{\"@type\":\"SearchAction\",\"target\":{\"@type\":\"EntryPoint\",\"urlTemplate\":\"https:\\\/\\\/pagon24.pl\\\/?s={search_term_string}\"},\"query-input\":{\"@type\":\"PropertyValueSpecification\",\"valueRequired\":true,\"valueName\":\"search_term_string\"}}],\"inLanguage\":\"en-US\"},{\"@type\":\"Organization\",\"@id\":\"https:\\\/\\\/pagon24.pl\\\/#organization\",\"name\":\"Pagon24.pl\",\"url\":\"https:\\\/\\\/pagon24.pl\\\/\",\"logo\":{\"@type\":\"ImageObject\",\"inLanguage\":\"en-US\",\"@id\":\"https:\\\/\\\/pagon24.pl\\\/#\\\/schema\\\/logo\\\/image\\\/\",\"url\":\"https:\\\/\\\/pagon24.pl\\\/wp-content\\\/uploads\\\/2026\\\/03\\\/logo-pagon-granat.png\",\"contentUrl\":\"https:\\\/\\\/pagon24.pl\\\/wp-content\\\/uploads\\\/2026\\\/03\\\/logo-pagon-granat.png\",\"width\":569,\"height\":149,\"caption\":\"Pagon24.pl\"},\"image\":{\"@id\":\"https:\\\/\\\/pagon24.pl\\\/#\\\/schema\\\/logo\\\/image\\\/\"}}]}<\/script>\n<!-- \/ Yoast SEO plugin. -->","yoast_head_json":{"title":"G\u0142\u00f3wka do czapki garnizonowej gabardynowej funkcjonariusza Policji WRD - Pagon24.pl","robots":{"index":"index","follow":"follow","max-snippet":"max-snippet:-1","max-image-preview":"max-image-preview:large","max-video-preview":"max-video-preview:-1"},"canonical":"https:\/\/pagon24.pl\/en\/?product=glowka-do-czapki-garnizonowej-gabardynowej-funkcjonariusza-policji-wrd","og_locale":"en_US","og_type":"article","og_title":"G\u0142\u00f3wka do czapki garnizonowej gabardynowej funkcjonariusza Policji WRD - Pagon24.pl","og_description":"G\u0142\u00f3wka do oficjalnej wyj\u015bciowej czapki s\u0142u\u017cbowej wykonany wed\u0142ug norm KGP \u2013 Wydzia\u0142 Ruchu Drogowego Nowy wz\u00f3r wykonany wed\u0142ug specyfikacji technicznej KGP.","og_url":"https:\/\/pagon24.pl\/en\/?product=glowka-do-czapki-garnizonowej-gabardynowej-funkcjonariusza-policji-wrd","og_site_name":"Pagon24.pl","og_image":[{"width":2560,"height":2560,"url":"https:\/\/pagon24.pl\/wp-content\/uploads\/2026\/03\/glowka-cien-nowe-2560-biala-policja-wrd-1.jpg","type":"image\/jpeg"}],"twitter_card":"summary_large_image","twitter_misc":{"Est. reading time":"1 minute"},"schema":{"@context":"https:\/\/schema.org","@graph":[{"@type":"WebPage","@id":"https:\/\/pagon24.pl\/?product=glowka-do-czapki-garnizonowej-gabardynowej-funkcjonariusza-policji-wrd","url":"https:\/\/pagon24.pl\/?product=glowka-do-czapki-garnizonowej-gabardynowej-funkcjonariusza-policji-wrd","name":"G\u0142\u00f3wka do czapki garnizonowej gabardynowej funkcjonariusza Policji WRD - Pagon24.pl","isPartOf":{"@id":"https:\/\/pagon24.pl\/#website"},"primaryImageOfPage":{"@id":"https:\/\/pagon24.pl\/?product=glowka-do-czapki-garnizonowej-gabardynowej-funkcjonariusza-policji-wrd#primaryimage"},"image":{"@id":"https:\/\/pagon24.pl\/?product=glowka-do-czapki-garnizonowej-gabardynowej-funkcjonariusza-policji-wrd#primaryimage"},"thumbnailUrl":"https:\/\/pagon24.pl\/wp-content\/uploads\/2026\/03\/glowka-cien-nowe-2560-biala-policja-wrd-1.jpg","datePublished":"2026-03-18T14:26:51+00:00","breadcrumb":{"@id":"https:\/\/pagon24.pl\/?product=glowka-do-czapki-garnizonowej-gabardynowej-funkcjonariusza-policji-wrd#breadcrumb"},"inLanguage":"en-US","potentialAction":[{"@type":"ReadAction","target":["https:\/\/pagon24.pl\/?product=glowka-do-czapki-garnizonowej-gabardynowej-funkcjonariusza-policji-wrd"]}]},{"@type":"ImageObject","inLanguage":"en-US","@id":"https:\/\/pagon24.pl\/?product=glowka-do-czapki-garnizonowej-gabardynowej-funkcjonariusza-policji-wrd#primaryimage","url":"https:\/\/pagon24.pl\/wp-content\/uploads\/2026\/03\/glowka-cien-nowe-2560-biala-policja-wrd-1.jpg","contentUrl":"https:\/\/pagon24.pl\/wp-content\/uploads\/2026\/03\/glowka-cien-nowe-2560-biala-policja-wrd-1.jpg","width":2560,"height":2560,"caption":"g\u0142\u00f3wka do czapki policyjnej wrd pagon24"},{"@type":"BreadcrumbList","@id":"https:\/\/pagon24.pl\/?product=glowka-do-czapki-garnizonowej-gabardynowej-funkcjonariusza-policji-wrd#breadcrumb","itemListElement":[{"@type":"ListItem","position":1,"name":"Strona g\u0142\u00f3wna","item":"https:\/\/pagon24.pl\/"},{"@type":"ListItem","position":2,"name":"Katalog","item":"https:\/\/pagon24.pl\/shop\/"},{"@type":"ListItem","position":3,"name":"G\u0142\u00f3wka do czapki garnizonowej gabardynowej funkcjonariusza Policji WRD"}]},{"@type":"WebSite","@id":"https:\/\/pagon24.pl\/#website","url":"https:\/\/pagon24.pl\/","name":"Pagon24.pl","description":"Sklep mundurowy we Wroc\u0142awiu","publisher":{"@id":"https:\/\/pagon24.pl\/#organization"},"potentialAction":[{"@type":"SearchAction","target":{"@type":"EntryPoint","urlTemplate":"https:\/\/pagon24.pl\/?s={search_term_string}"},"query-input":{"@type":"PropertyValueSpecification","valueRequired":true,"valueName":"search_term_string"}}],"inLanguage":"en-US"},{"@type":"Organization","@id":"https:\/\/pagon24.pl\/#organization","name":"Pagon24.pl","url":"https:\/\/pagon24.pl\/","logo":{"@type":"ImageObject","inLanguage":"en-US","@id":"https:\/\/pagon24.pl\/#\/schema\/logo\/image\/","url":"https:\/\/pagon24.pl\/wp-content\/uploads\/2026\/03\/logo-pagon-granat.png","contentUrl":"https:\/\/pagon24.pl\/wp-content\/uploads\/2026\/03\/logo-pagon-granat.png","width":569,"height":149,"caption":"Pagon24.pl"},"image":{"@id":"https:\/\/pagon24.pl\/#\/schema\/logo\/image\/"}}]}},"_links":{"self":[{"href":"https:\/\/pagon24.pl\/en\/wp-json\/wp\/v2\/product\/29782","targetHints":{"allow":["GET"]}}],"collection":[{"href":"https:\/\/pagon24.pl\/en\/wp-json\/wp\/v2\/product"}],"about":[{"href":"https:\/\/pagon24.pl\/en\/wp-json\/wp\/v2\/types\/product"}],"replies":[{"embeddable":true,"href":"https:\/\/pagon24.pl\/en\/wp-json\/wp\/v2\/comments?post=29782"}],"version-history":[{"count":1,"href":"https:\/\/pagon24.pl\/en\/wp-json\/wp\/v2\/product\/29782\/revisions"}],"predecessor-version":[{"id":29793,"href":"https:\/\/pagon24.pl\/en\/wp-json\/wp\/v2\/product\/29782\/revisions\/29793"}],"wp:featuredmedia":[{"embeddable":true,"href":"https:\/\/pagon24.pl\/en\/wp-json\/wp\/v2\/media\/29099"}],"wp:attachment":[{"href":"https:\/\/pagon24.pl\/en\/wp-json\/wp\/v2\/media?parent=29782"}],"wp:term":[{"taxonomy":"product_brand","embeddable":true,"href":"https:\/\/pagon24.pl\/en\/wp-json\/wp\/v2\/product_brand?post=29782"},{"taxonomy":"product_cat","embeddable":true,"href":"https:\/\/pagon24.pl\/en\/wp-json\/wp\/v2\/product_cat?post=29782"},{"taxonomy":"product_tag","embeddable":true,"href":"https:\/\/pagon24.pl\/en\/wp-json\/wp\/v2\/product_tag?post=29782"}],"curies":[{"name":"wp","href":"https:\/\/api.w.org\/{rel}","templated":true}]}}