{"id":29770,"date":"2026-03-18T15:21:19","date_gmt":"2026-03-18T14:21:19","guid":{"rendered":"https:\/\/pagon24.pl\/?post_type=product&#038;p=29770"},"modified":"2026-03-18T15:21:19","modified_gmt":"2026-03-18T14:21:19","slug":"furazerka-policji-czapka-policyjna","status":"publish","type":"product","link":"https:\/\/pagon24.pl\/en\/product\/furazerka-policji-czapka-policyjna\/","title":{"rendered":"Fura\u017cerka Policji czapka policyjna"},"content":{"rendered":"<h3 class=\"wp-block-heading has-x-large-font-size\"><strong>Fura\u017cerka Policji czapka policyjna<\/strong><\/h3>\n<p><strong>Fura\u017cerka policyjna<\/strong>\u00a0to istotny element <strong>nowego\u00a0munduru\u00a0\u0107wiczebnego<\/strong>, wykonana\u00a0<strong>wed\u0142ug oficjalnych norm KGP<\/strong>.\u00a0Uszyta z trwa\u0142ego materia\u0142u\u00a0<strong>rip-stop, <\/strong>zapewnia\u00a0<strong>odporno\u015b\u0107 na uszkodzenia<\/strong> i<strong> intensywne u\u017cytkowanie<\/strong>. Precyzyjnie\u00a0<strong>haftowany orze\u0142\u00a0<\/strong>podkre\u015bla profesjonalny charakter i dba\u0142o\u015b\u0107 o detale. Dzi\u0119ki\u00a0ergonomicznemu krojowi\u00a0<strong>fura\u017cerka idealnie dopasowuje si\u0119 do g\u0142owy<\/strong>, gwarantuj\u0105c komfort noszenia podczas codziennej s\u0142u\u017cby.<\/p>\n<h3 class=\"wp-block-heading has-x-large-font-size\">Specyfikacja techniczna<\/h3>\n<ul class=\"wp-block-list\">\n<li><strong>Materia\u0142:<\/strong>\u00a0Rip-stop (50% bawe\u0142na, 50% poliester)<\/li>\n<li><strong>Kolor:<\/strong>\u00a0Granatowy, odpowiedni dla umundurowania funkcjonariusza Policji<\/li>\n<li><strong>Oznaczenie:<\/strong>\u00a0Haftowany orze\u0142 na froncie<\/li>\n<li><strong>Wysoka odporno\u015b\u0107 na dzia\u0142anie czynnik\u00f3w zewn\u0119trznych<\/strong><\/li>\n<\/ul>","protected":false},"excerpt":{"rendered":"<p>Fura\u017cerka policyjna to istotny element nowego munduru \u0107wiczebnego, wykonana wed\u0142ug oficjalnych norm KGP.<\/p>","protected":false},"featured_media":29111,"comment_status":"open","ping_status":"closed","template":"","meta":[],"product_brand":[],"product_cat":[188],"product_tag":[],"class_list":{"0":"post-29770","1":"product","2":"type-product","3":"status-publish","4":"has-post-thumbnail","6":"product_cat-nakrycia-glowy","8":"first","9":"instock","10":"taxable","11":"shipping-taxable","12":"purchasable","13":"product-type-variable"},"yoast_head":"<!-- This site is optimized with the Yoast SEO plugin v27.5 - https:\/\/yoast.com\/product\/yoast-seo-wordpress\/ -->\n<title>Fura\u017cerka Policji czapka policyjna - Pagon24.pl<\/title>\n<meta name=\"robots\" content=\"index, follow, max-snippet:-1, max-image-preview:large, max-video-preview:-1\" \/>\n<link rel=\"canonical\" href=\"https:\/\/pagon24.pl\/en\/?product=furazerka-policji-czapka-policyjna\" \/>\n<meta property=\"og:locale\" content=\"en_US\" \/>\n<meta property=\"og:type\" content=\"article\" \/>\n<meta property=\"og:title\" content=\"Fura\u017cerka Policji czapka policyjna - Pagon24.pl\" \/>\n<meta property=\"og:description\" content=\"Fura\u017cerka policyjna to istotny element nowego munduru \u0107wiczebnego, wykonana wed\u0142ug oficjalnych norm KGP.\" \/>\n<meta property=\"og:url\" content=\"https:\/\/pagon24.pl\/en\/?product=furazerka-policji-czapka-policyjna\" \/>\n<meta property=\"og:site_name\" content=\"Pagon24.pl\" \/>\n<meta property=\"og:image\" content=\"https:\/\/pagon24.pl\/wp-content\/uploads\/2026\/03\/furazerka-policja-czapka-do-munduru-cwiczebnego-1.jpg\" \/>\n\t<meta property=\"og:image:width\" content=\"2000\" \/>\n\t<meta property=\"og:image:height\" content=\"2000\" \/>\n\t<meta property=\"og:image:type\" content=\"image\/jpeg\" \/>\n<meta name=\"twitter:card\" content=\"summary_large_image\" \/>\n<meta name=\"twitter:label1\" content=\"Est. reading time\" \/>\n\t<meta name=\"twitter:data1\" content=\"1 minute\" \/>\n<script type=\"application\/ld+json\" class=\"yoast-schema-graph\">{\"@context\":\"https:\\\/\\\/schema.org\",\"@graph\":[{\"@type\":\"WebPage\",\"@id\":\"https:\\\/\\\/pagon24.pl\\\/?product=furazerka-policji-czapka-policyjna\",\"url\":\"https:\\\/\\\/pagon24.pl\\\/?product=furazerka-policji-czapka-policyjna\",\"name\":\"Fura\u017cerka Policji czapka policyjna - Pagon24.pl\",\"isPartOf\":{\"@id\":\"https:\\\/\\\/pagon24.pl\\\/#website\"},\"primaryImageOfPage\":{\"@id\":\"https:\\\/\\\/pagon24.pl\\\/?product=furazerka-policji-czapka-policyjna#primaryimage\"},\"image\":{\"@id\":\"https:\\\/\\\/pagon24.pl\\\/?product=furazerka-policji-czapka-policyjna#primaryimage\"},\"thumbnailUrl\":\"https:\\\/\\\/pagon24.pl\\\/wp-content\\\/uploads\\\/2026\\\/03\\\/furazerka-policja-czapka-do-munduru-cwiczebnego-1.jpg\",\"datePublished\":\"2026-03-18T14:21:19+00:00\",\"breadcrumb\":{\"@id\":\"https:\\\/\\\/pagon24.pl\\\/?product=furazerka-policji-czapka-policyjna#breadcrumb\"},\"inLanguage\":\"en-US\",\"potentialAction\":[{\"@type\":\"ReadAction\",\"target\":[\"https:\\\/\\\/pagon24.pl\\\/?product=furazerka-policji-czapka-policyjna\"]}]},{\"@type\":\"ImageObject\",\"inLanguage\":\"en-US\",\"@id\":\"https:\\\/\\\/pagon24.pl\\\/?product=furazerka-policji-czapka-policyjna#primaryimage\",\"url\":\"https:\\\/\\\/pagon24.pl\\\/wp-content\\\/uploads\\\/2026\\\/03\\\/furazerka-policja-czapka-do-munduru-cwiczebnego-1.jpg\",\"contentUrl\":\"https:\\\/\\\/pagon24.pl\\\/wp-content\\\/uploads\\\/2026\\\/03\\\/furazerka-policja-czapka-do-munduru-cwiczebnego-1.jpg\",\"width\":2000,\"height\":2000,\"caption\":\"fura\u017cerka policyjna pagon24\"},{\"@type\":\"BreadcrumbList\",\"@id\":\"https:\\\/\\\/pagon24.pl\\\/?product=furazerka-policji-czapka-policyjna#breadcrumb\",\"itemListElement\":[{\"@type\":\"ListItem\",\"position\":1,\"name\":\"Strona g\u0142\u00f3wna\",\"item\":\"https:\\\/\\\/pagon24.pl\\\/\"},{\"@type\":\"ListItem\",\"position\":2,\"name\":\"Katalog\",\"item\":\"https:\\\/\\\/pagon24.pl\\\/shop\\\/\"},{\"@type\":\"ListItem\",\"position\":3,\"name\":\"Fura\u017cerka Policji czapka policyjna\"}]},{\"@type\":\"WebSite\",\"@id\":\"https:\\\/\\\/pagon24.pl\\\/#website\",\"url\":\"https:\\\/\\\/pagon24.pl\\\/\",\"name\":\"Pagon24.pl\",\"description\":\"Sklep mundurowy we Wroc\u0142awiu\",\"publisher\":{\"@id\":\"https:\\\/\\\/pagon24.pl\\\/#organization\"},\"potentialAction\":[{\"@type\":\"SearchAction\",\"target\":{\"@type\":\"EntryPoint\",\"urlTemplate\":\"https:\\\/\\\/pagon24.pl\\\/?s={search_term_string}\"},\"query-input\":{\"@type\":\"PropertyValueSpecification\",\"valueRequired\":true,\"valueName\":\"search_term_string\"}}],\"inLanguage\":\"en-US\"},{\"@type\":\"Organization\",\"@id\":\"https:\\\/\\\/pagon24.pl\\\/#organization\",\"name\":\"Pagon24.pl\",\"url\":\"https:\\\/\\\/pagon24.pl\\\/\",\"logo\":{\"@type\":\"ImageObject\",\"inLanguage\":\"en-US\",\"@id\":\"https:\\\/\\\/pagon24.pl\\\/#\\\/schema\\\/logo\\\/image\\\/\",\"url\":\"https:\\\/\\\/pagon24.pl\\\/wp-content\\\/uploads\\\/2026\\\/03\\\/logo-pagon-granat.png\",\"contentUrl\":\"https:\\\/\\\/pagon24.pl\\\/wp-content\\\/uploads\\\/2026\\\/03\\\/logo-pagon-granat.png\",\"width\":569,\"height\":149,\"caption\":\"Pagon24.pl\"},\"image\":{\"@id\":\"https:\\\/\\\/pagon24.pl\\\/#\\\/schema\\\/logo\\\/image\\\/\"}}]}<\/script>\n<!-- \/ Yoast SEO plugin. -->","yoast_head_json":{"title":"Fura\u017cerka Policji czapka policyjna - Pagon24.pl","robots":{"index":"index","follow":"follow","max-snippet":"max-snippet:-1","max-image-preview":"max-image-preview:large","max-video-preview":"max-video-preview:-1"},"canonical":"https:\/\/pagon24.pl\/en\/?product=furazerka-policji-czapka-policyjna","og_locale":"en_US","og_type":"article","og_title":"Fura\u017cerka Policji czapka policyjna - Pagon24.pl","og_description":"Fura\u017cerka policyjna to istotny element nowego munduru \u0107wiczebnego, wykonana wed\u0142ug oficjalnych norm KGP.","og_url":"https:\/\/pagon24.pl\/en\/?product=furazerka-policji-czapka-policyjna","og_site_name":"Pagon24.pl","og_image":[{"width":2000,"height":2000,"url":"https:\/\/pagon24.pl\/wp-content\/uploads\/2026\/03\/furazerka-policja-czapka-do-munduru-cwiczebnego-1.jpg","type":"image\/jpeg"}],"twitter_card":"summary_large_image","twitter_misc":{"Est. reading time":"1 minute"},"schema":{"@context":"https:\/\/schema.org","@graph":[{"@type":"WebPage","@id":"https:\/\/pagon24.pl\/?product=furazerka-policji-czapka-policyjna","url":"https:\/\/pagon24.pl\/?product=furazerka-policji-czapka-policyjna","name":"Fura\u017cerka Policji czapka policyjna - Pagon24.pl","isPartOf":{"@id":"https:\/\/pagon24.pl\/#website"},"primaryImageOfPage":{"@id":"https:\/\/pagon24.pl\/?product=furazerka-policji-czapka-policyjna#primaryimage"},"image":{"@id":"https:\/\/pagon24.pl\/?product=furazerka-policji-czapka-policyjna#primaryimage"},"thumbnailUrl":"https:\/\/pagon24.pl\/wp-content\/uploads\/2026\/03\/furazerka-policja-czapka-do-munduru-cwiczebnego-1.jpg","datePublished":"2026-03-18T14:21:19+00:00","breadcrumb":{"@id":"https:\/\/pagon24.pl\/?product=furazerka-policji-czapka-policyjna#breadcrumb"},"inLanguage":"en-US","potentialAction":[{"@type":"ReadAction","target":["https:\/\/pagon24.pl\/?product=furazerka-policji-czapka-policyjna"]}]},{"@type":"ImageObject","inLanguage":"en-US","@id":"https:\/\/pagon24.pl\/?product=furazerka-policji-czapka-policyjna#primaryimage","url":"https:\/\/pagon24.pl\/wp-content\/uploads\/2026\/03\/furazerka-policja-czapka-do-munduru-cwiczebnego-1.jpg","contentUrl":"https:\/\/pagon24.pl\/wp-content\/uploads\/2026\/03\/furazerka-policja-czapka-do-munduru-cwiczebnego-1.jpg","width":2000,"height":2000,"caption":"fura\u017cerka policyjna pagon24"},{"@type":"BreadcrumbList","@id":"https:\/\/pagon24.pl\/?product=furazerka-policji-czapka-policyjna#breadcrumb","itemListElement":[{"@type":"ListItem","position":1,"name":"Strona g\u0142\u00f3wna","item":"https:\/\/pagon24.pl\/"},{"@type":"ListItem","position":2,"name":"Katalog","item":"https:\/\/pagon24.pl\/shop\/"},{"@type":"ListItem","position":3,"name":"Fura\u017cerka Policji czapka policyjna"}]},{"@type":"WebSite","@id":"https:\/\/pagon24.pl\/#website","url":"https:\/\/pagon24.pl\/","name":"Pagon24.pl","description":"Sklep mundurowy we Wroc\u0142awiu","publisher":{"@id":"https:\/\/pagon24.pl\/#organization"},"potentialAction":[{"@type":"SearchAction","target":{"@type":"EntryPoint","urlTemplate":"https:\/\/pagon24.pl\/?s={search_term_string}"},"query-input":{"@type":"PropertyValueSpecification","valueRequired":true,"valueName":"search_term_string"}}],"inLanguage":"en-US"},{"@type":"Organization","@id":"https:\/\/pagon24.pl\/#organization","name":"Pagon24.pl","url":"https:\/\/pagon24.pl\/","logo":{"@type":"ImageObject","inLanguage":"en-US","@id":"https:\/\/pagon24.pl\/#\/schema\/logo\/image\/","url":"https:\/\/pagon24.pl\/wp-content\/uploads\/2026\/03\/logo-pagon-granat.png","contentUrl":"https:\/\/pagon24.pl\/wp-content\/uploads\/2026\/03\/logo-pagon-granat.png","width":569,"height":149,"caption":"Pagon24.pl"},"image":{"@id":"https:\/\/pagon24.pl\/#\/schema\/logo\/image\/"}}]}},"_links":{"self":[{"href":"https:\/\/pagon24.pl\/en\/wp-json\/wp\/v2\/product\/29770","targetHints":{"allow":["GET"]}}],"collection":[{"href":"https:\/\/pagon24.pl\/en\/wp-json\/wp\/v2\/product"}],"about":[{"href":"https:\/\/pagon24.pl\/en\/wp-json\/wp\/v2\/types\/product"}],"replies":[{"embeddable":true,"href":"https:\/\/pagon24.pl\/en\/wp-json\/wp\/v2\/comments?post=29770"}],"version-history":[{"count":1,"href":"https:\/\/pagon24.pl\/en\/wp-json\/wp\/v2\/product\/29770\/revisions"}],"predecessor-version":[{"id":29781,"href":"https:\/\/pagon24.pl\/en\/wp-json\/wp\/v2\/product\/29770\/revisions\/29781"}],"wp:featuredmedia":[{"embeddable":true,"href":"https:\/\/pagon24.pl\/en\/wp-json\/wp\/v2\/media\/29111"}],"wp:attachment":[{"href":"https:\/\/pagon24.pl\/en\/wp-json\/wp\/v2\/media?parent=29770"}],"wp:term":[{"taxonomy":"product_brand","embeddable":true,"href":"https:\/\/pagon24.pl\/en\/wp-json\/wp\/v2\/product_brand?post=29770"},{"taxonomy":"product_cat","embeddable":true,"href":"https:\/\/pagon24.pl\/en\/wp-json\/wp\/v2\/product_cat?post=29770"},{"taxonomy":"product_tag","embeddable":true,"href":"https:\/\/pagon24.pl\/en\/wp-json\/wp\/v2\/product_tag?post=29770"}],"curies":[{"name":"wp","href":"https:\/\/api.w.org\/{rel}","templated":true}]}}