{"id":29746,"date":"2026-03-18T15:11:58","date_gmt":"2026-03-18T14:11:58","guid":{"rendered":"https:\/\/pagon24.pl\/?post_type=product&#038;p=29746"},"modified":"2026-04-29T14:41:28","modified_gmt":"2026-04-29T12:41:28","slug":"czapka-garnizonowa-gabardynowa-oficera-policji","status":"publish","type":"product","link":"https:\/\/pagon24.pl\/en\/product\/czapka-garnizonowa-gabardynowa-oficera-policji\/","title":{"rendered":"Czapka garnizonowa gabardynowa oficera Policji"},"content":{"rendered":"<h2 class=\"wp-block-heading has-x-large-font-size\">Oficjalna\u00a0czapka policyjna dla\u00a0korpusu:<\/h2>\n<p><strong>Czapka garnizonowa gabardynowa<\/strong>\u00a0dla <strong>funkcjonariusza Policji<\/strong>\u00a0to element umundurowania s\u0142u\u017cbowego, wykonany\u00a0<strong>wed\u0142ug norm Komendy G\u0142\u00f3wnej Policji.<\/strong>\u00a0Stanowi nieodzowny dodatek do munduru, zapewniaj\u0105c schludny i profesjonalny wygl\u0105d.<strong>\u00a0Starannie uszyta<\/strong>\u00a0z wytrzyma\u0142ego materia\u0142u, podkre\u015bla rang\u0119 i przynale\u017cno\u015b\u0107 s\u0142u\u017cbow\u0105 funkcjonariusza.\u00a0<strong>W zestawie pasek oraz metalowy orze\u0142ek.<\/strong><\/p>\n<h3 class=\"wp-block-heading has-x-large-font-size\">Specyfikacja techniczna<\/h3>\n<ul class=\"wp-block-list\">\n<li><strong>Materia\u0142<\/strong>: gabardyna<\/li>\n<li><strong>Orze\u0142ek<\/strong>: metalowy, w zestawie<\/li>\n<li><strong>Pasek:<\/strong> do czapki oficerskiej \u2013 na dwa guziki<\/li>\n<li><strong>Wywietrzniki:<\/strong> 2 sztuki po bokach<\/li>\n<li><strong>Kolor g\u0142\u00f3wki:<\/strong> granatowy<\/li>\n<\/ul>\n<h3 class=\"wp-block-heading has-x-large-font-size\"><strong>Przeznaczenie:<\/strong> <strong> korpus oficer\u00f3w m\u0142odszych i starszych<\/strong><\/h3>\n<ul class=\"wp-block-list\">\n<li>podkomisarz<\/li>\n<li>komisarz<\/li>\n<li>nadkomisarz<\/li>\n<li>podinspektor<\/li>\n<li>m\u0142odszy inspektor<\/li>\n<li>inspektor<\/li>\n<\/ul>","protected":false},"excerpt":{"rendered":"<p>Czapka garnizonowa gabardynowa dla oficera Policji to element ubioru, wykonany wed\u0142ug norm Komendy G\u0142\u00f3wnej Policji. Stanowi nieodzowny dodatek do stroju galowego oraz wyj\u015bciowego, zapewniaj\u0105c schludny i profesjonalny wygl\u0105d. Starannie uszyta z wytrzyma\u0142ego materia\u0142u, podkre\u015bla rang\u0119 i przynale\u017cno\u015b\u0107 s\u0142u\u017cbow\u0105 funkcjonariusza. W zestawie pasek oraz metalowy orze\u0142ek.<\/p>","protected":false},"featured_media":29090,"comment_status":"open","ping_status":"closed","template":"","meta":[],"product_brand":[],"product_cat":[188],"product_tag":[],"class_list":{"0":"post-29746","1":"product","2":"type-product","3":"status-publish","4":"has-post-thumbnail","6":"product_cat-nakrycia-glowy","8":"first","9":"instock","10":"taxable","11":"shipping-taxable","12":"purchasable","13":"product-type-variable"},"yoast_head":"<!-- This site is optimized with the Yoast SEO plugin v27.5 - https:\/\/yoast.com\/product\/yoast-seo-wordpress\/ -->\n<title>Czapka garnizonowa gabardynowa oficera Policji - Pagon24.pl<\/title>\n<meta name=\"robots\" content=\"index, follow, max-snippet:-1, max-image-preview:large, max-video-preview:-1\" \/>\n<link rel=\"canonical\" href=\"https:\/\/pagon24.pl\/en\/product\/czapka-garnizonowa-gabardynowa-oficera-policji\/\" \/>\n<meta property=\"og:locale\" content=\"en_US\" \/>\n<meta property=\"og:type\" content=\"article\" \/>\n<meta property=\"og:title\" content=\"Czapka garnizonowa gabardynowa oficera Policji - Pagon24.pl\" \/>\n<meta property=\"og:description\" content=\"Czapka garnizonowa gabardynowa dla oficera Policji to element ubioru, wykonany wed\u0142ug norm Komendy G\u0142\u00f3wnej Policji. Stanowi nieodzowny dodatek do stroju galowego oraz wyj\u015bciowego, zapewniaj\u0105c schludny i profesjonalny wygl\u0105d. Starannie uszyta z wytrzyma\u0142ego materia\u0142u, podkre\u015bla rang\u0119 i przynale\u017cno\u015b\u0107 s\u0142u\u017cbow\u0105 funkcjonariusza. W zestawie pasek oraz metalowy orze\u0142ek.\" \/>\n<meta property=\"og:url\" content=\"https:\/\/pagon24.pl\/en\/product\/czapka-garnizonowa-gabardynowa-oficera-policji\/\" \/>\n<meta property=\"og:site_name\" content=\"Pagon24.pl\" \/>\n<meta property=\"article:modified_time\" content=\"2026-04-29T12:41:28+00:00\" \/>\n<meta property=\"og:image\" content=\"https:\/\/pagon24.pl\/wp-content\/uploads\/2026\/03\/Czapka-garnizonowa-gabardynowa-oficer-mlodszy-starszy-Policji-60.webp\" \/>\n\t<meta property=\"og:image:width\" content=\"1919\" \/>\n\t<meta property=\"og:image:height\" content=\"1920\" \/>\n\t<meta property=\"og:image:type\" content=\"image\/webp\" \/>\n<meta name=\"twitter:card\" content=\"summary_large_image\" \/>\n<meta name=\"twitter:label1\" content=\"Est. reading time\" \/>\n\t<meta name=\"twitter:data1\" content=\"1 minute\" \/>\n<script type=\"application\/ld+json\" class=\"yoast-schema-graph\">{\"@context\":\"https:\\\/\\\/schema.org\",\"@graph\":[{\"@type\":\"WebPage\",\"@id\":\"https:\\\/\\\/pagon24.pl\\\/produkt\\\/czapka-garnizonowa-gabardynowa-oficera-policji\\\/\",\"url\":\"https:\\\/\\\/pagon24.pl\\\/produkt\\\/czapka-garnizonowa-gabardynowa-oficera-policji\\\/\",\"name\":\"Czapka garnizonowa gabardynowa oficera Policji - Pagon24.pl\",\"isPartOf\":{\"@id\":\"https:\\\/\\\/pagon24.pl\\\/#website\"},\"primaryImageOfPage\":{\"@id\":\"https:\\\/\\\/pagon24.pl\\\/produkt\\\/czapka-garnizonowa-gabardynowa-oficera-policji\\\/#primaryimage\"},\"image\":{\"@id\":\"https:\\\/\\\/pagon24.pl\\\/produkt\\\/czapka-garnizonowa-gabardynowa-oficera-policji\\\/#primaryimage\"},\"thumbnailUrl\":\"https:\\\/\\\/pagon24.pl\\\/wp-content\\\/uploads\\\/2026\\\/03\\\/Czapka-garnizonowa-gabardynowa-oficer-mlodszy-starszy-Policji-60.webp\",\"datePublished\":\"2026-03-18T14:11:58+00:00\",\"dateModified\":\"2026-04-29T12:41:28+00:00\",\"breadcrumb\":{\"@id\":\"https:\\\/\\\/pagon24.pl\\\/produkt\\\/czapka-garnizonowa-gabardynowa-oficera-policji\\\/#breadcrumb\"},\"inLanguage\":\"en-US\",\"potentialAction\":[{\"@type\":\"ReadAction\",\"target\":[\"https:\\\/\\\/pagon24.pl\\\/produkt\\\/czapka-garnizonowa-gabardynowa-oficera-policji\\\/\"]}]},{\"@type\":\"ImageObject\",\"inLanguage\":\"en-US\",\"@id\":\"https:\\\/\\\/pagon24.pl\\\/produkt\\\/czapka-garnizonowa-gabardynowa-oficera-policji\\\/#primaryimage\",\"url\":\"https:\\\/\\\/pagon24.pl\\\/wp-content\\\/uploads\\\/2026\\\/03\\\/Czapka-garnizonowa-gabardynowa-oficer-mlodszy-starszy-Policji-60.webp\",\"contentUrl\":\"https:\\\/\\\/pagon24.pl\\\/wp-content\\\/uploads\\\/2026\\\/03\\\/Czapka-garnizonowa-gabardynowa-oficer-mlodszy-starszy-Policji-60.webp\",\"width\":1919,\"height\":1920,\"caption\":\"d781ec311686f8de06637c3b45f64ea143d6f45f1557151716d180aa6b33ecd283c876fbd44319f07a86aaf97f33669d1a620b486be1cc70bd38d9cacfea49a259a9285d89a3992a22524f9768116566\"},{\"@type\":\"BreadcrumbList\",\"@id\":\"https:\\\/\\\/pagon24.pl\\\/produkt\\\/czapka-garnizonowa-gabardynowa-oficera-policji\\\/#breadcrumb\",\"itemListElement\":[{\"@type\":\"ListItem\",\"position\":1,\"name\":\"Strona g\u0142\u00f3wna\",\"item\":\"https:\\\/\\\/pagon24.pl\\\/\"},{\"@type\":\"ListItem\",\"position\":2,\"name\":\"Katalog\",\"item\":\"https:\\\/\\\/pagon24.pl\\\/shop\\\/\"},{\"@type\":\"ListItem\",\"position\":3,\"name\":\"Czapka garnizonowa gabardynowa oficera Policji\"}]},{\"@type\":\"WebSite\",\"@id\":\"https:\\\/\\\/pagon24.pl\\\/#website\",\"url\":\"https:\\\/\\\/pagon24.pl\\\/\",\"name\":\"Pagon24.pl\",\"description\":\"Sklep mundurowy we Wroc\u0142awiu\",\"publisher\":{\"@id\":\"https:\\\/\\\/pagon24.pl\\\/#organization\"},\"potentialAction\":[{\"@type\":\"SearchAction\",\"target\":{\"@type\":\"EntryPoint\",\"urlTemplate\":\"https:\\\/\\\/pagon24.pl\\\/?s={search_term_string}\"},\"query-input\":{\"@type\":\"PropertyValueSpecification\",\"valueRequired\":true,\"valueName\":\"search_term_string\"}}],\"inLanguage\":\"en-US\"},{\"@type\":\"Organization\",\"@id\":\"https:\\\/\\\/pagon24.pl\\\/#organization\",\"name\":\"Pagon24.pl\",\"url\":\"https:\\\/\\\/pagon24.pl\\\/\",\"logo\":{\"@type\":\"ImageObject\",\"inLanguage\":\"en-US\",\"@id\":\"https:\\\/\\\/pagon24.pl\\\/#\\\/schema\\\/logo\\\/image\\\/\",\"url\":\"https:\\\/\\\/pagon24.pl\\\/wp-content\\\/uploads\\\/2026\\\/03\\\/logo-pagon-granat.png\",\"contentUrl\":\"https:\\\/\\\/pagon24.pl\\\/wp-content\\\/uploads\\\/2026\\\/03\\\/logo-pagon-granat.png\",\"width\":569,\"height\":149,\"caption\":\"Pagon24.pl\"},\"image\":{\"@id\":\"https:\\\/\\\/pagon24.pl\\\/#\\\/schema\\\/logo\\\/image\\\/\"}}]}<\/script>\n<!-- \/ Yoast SEO plugin. -->","yoast_head_json":{"title":"Czapka garnizonowa gabardynowa oficera Policji - Pagon24.pl","robots":{"index":"index","follow":"follow","max-snippet":"max-snippet:-1","max-image-preview":"max-image-preview:large","max-video-preview":"max-video-preview:-1"},"canonical":"https:\/\/pagon24.pl\/en\/product\/czapka-garnizonowa-gabardynowa-oficera-policji\/","og_locale":"en_US","og_type":"article","og_title":"Czapka garnizonowa gabardynowa oficera Policji - Pagon24.pl","og_description":"Czapka garnizonowa gabardynowa dla oficera Policji to element ubioru, wykonany wed\u0142ug norm Komendy G\u0142\u00f3wnej Policji. Stanowi nieodzowny dodatek do stroju galowego oraz wyj\u015bciowego, zapewniaj\u0105c schludny i profesjonalny wygl\u0105d. Starannie uszyta z wytrzyma\u0142ego materia\u0142u, podkre\u015bla rang\u0119 i przynale\u017cno\u015b\u0107 s\u0142u\u017cbow\u0105 funkcjonariusza. W zestawie pasek oraz metalowy orze\u0142ek.","og_url":"https:\/\/pagon24.pl\/en\/product\/czapka-garnizonowa-gabardynowa-oficera-policji\/","og_site_name":"Pagon24.pl","article_modified_time":"2026-04-29T12:41:28+00:00","og_image":[{"width":1919,"height":1920,"url":"https:\/\/pagon24.pl\/wp-content\/uploads\/2026\/03\/Czapka-garnizonowa-gabardynowa-oficer-mlodszy-starszy-Policji-60.webp","type":"image\/webp"}],"twitter_card":"summary_large_image","twitter_misc":{"Est. reading time":"1 minute"},"schema":{"@context":"https:\/\/schema.org","@graph":[{"@type":"WebPage","@id":"https:\/\/pagon24.pl\/produkt\/czapka-garnizonowa-gabardynowa-oficera-policji\/","url":"https:\/\/pagon24.pl\/produkt\/czapka-garnizonowa-gabardynowa-oficera-policji\/","name":"Czapka garnizonowa gabardynowa oficera Policji - Pagon24.pl","isPartOf":{"@id":"https:\/\/pagon24.pl\/#website"},"primaryImageOfPage":{"@id":"https:\/\/pagon24.pl\/produkt\/czapka-garnizonowa-gabardynowa-oficera-policji\/#primaryimage"},"image":{"@id":"https:\/\/pagon24.pl\/produkt\/czapka-garnizonowa-gabardynowa-oficera-policji\/#primaryimage"},"thumbnailUrl":"https:\/\/pagon24.pl\/wp-content\/uploads\/2026\/03\/Czapka-garnizonowa-gabardynowa-oficer-mlodszy-starszy-Policji-60.webp","datePublished":"2026-03-18T14:11:58+00:00","dateModified":"2026-04-29T12:41:28+00:00","breadcrumb":{"@id":"https:\/\/pagon24.pl\/produkt\/czapka-garnizonowa-gabardynowa-oficera-policji\/#breadcrumb"},"inLanguage":"en-US","potentialAction":[{"@type":"ReadAction","target":["https:\/\/pagon24.pl\/produkt\/czapka-garnizonowa-gabardynowa-oficera-policji\/"]}]},{"@type":"ImageObject","inLanguage":"en-US","@id":"https:\/\/pagon24.pl\/produkt\/czapka-garnizonowa-gabardynowa-oficera-policji\/#primaryimage","url":"https:\/\/pagon24.pl\/wp-content\/uploads\/2026\/03\/Czapka-garnizonowa-gabardynowa-oficer-mlodszy-starszy-Policji-60.webp","contentUrl":"https:\/\/pagon24.pl\/wp-content\/uploads\/2026\/03\/Czapka-garnizonowa-gabardynowa-oficer-mlodszy-starszy-Policji-60.webp","width":1919,"height":1920,"caption":"d781ec311686f8de06637c3b45f64ea143d6f45f1557151716d180aa6b33ecd283c876fbd44319f07a86aaf97f33669d1a620b486be1cc70bd38d9cacfea49a259a9285d89a3992a22524f9768116566"},{"@type":"BreadcrumbList","@id":"https:\/\/pagon24.pl\/produkt\/czapka-garnizonowa-gabardynowa-oficera-policji\/#breadcrumb","itemListElement":[{"@type":"ListItem","position":1,"name":"Strona g\u0142\u00f3wna","item":"https:\/\/pagon24.pl\/"},{"@type":"ListItem","position":2,"name":"Katalog","item":"https:\/\/pagon24.pl\/shop\/"},{"@type":"ListItem","position":3,"name":"Czapka garnizonowa gabardynowa oficera Policji"}]},{"@type":"WebSite","@id":"https:\/\/pagon24.pl\/#website","url":"https:\/\/pagon24.pl\/","name":"Pagon24.pl","description":"Sklep mundurowy we Wroc\u0142awiu","publisher":{"@id":"https:\/\/pagon24.pl\/#organization"},"potentialAction":[{"@type":"SearchAction","target":{"@type":"EntryPoint","urlTemplate":"https:\/\/pagon24.pl\/?s={search_term_string}"},"query-input":{"@type":"PropertyValueSpecification","valueRequired":true,"valueName":"search_term_string"}}],"inLanguage":"en-US"},{"@type":"Organization","@id":"https:\/\/pagon24.pl\/#organization","name":"Pagon24.pl","url":"https:\/\/pagon24.pl\/","logo":{"@type":"ImageObject","inLanguage":"en-US","@id":"https:\/\/pagon24.pl\/#\/schema\/logo\/image\/","url":"https:\/\/pagon24.pl\/wp-content\/uploads\/2026\/03\/logo-pagon-granat.png","contentUrl":"https:\/\/pagon24.pl\/wp-content\/uploads\/2026\/03\/logo-pagon-granat.png","width":569,"height":149,"caption":"Pagon24.pl"},"image":{"@id":"https:\/\/pagon24.pl\/#\/schema\/logo\/image\/"}}]}},"_links":{"self":[{"href":"https:\/\/pagon24.pl\/en\/wp-json\/wp\/v2\/product\/29746","targetHints":{"allow":["GET"]}}],"collection":[{"href":"https:\/\/pagon24.pl\/en\/wp-json\/wp\/v2\/product"}],"about":[{"href":"https:\/\/pagon24.pl\/en\/wp-json\/wp\/v2\/types\/product"}],"replies":[{"embeddable":true,"href":"https:\/\/pagon24.pl\/en\/wp-json\/wp\/v2\/comments?post=29746"}],"version-history":[{"count":1,"href":"https:\/\/pagon24.pl\/en\/wp-json\/wp\/v2\/product\/29746\/revisions"}],"predecessor-version":[{"id":29757,"href":"https:\/\/pagon24.pl\/en\/wp-json\/wp\/v2\/product\/29746\/revisions\/29757"}],"wp:featuredmedia":[{"embeddable":true,"href":"https:\/\/pagon24.pl\/en\/wp-json\/wp\/v2\/media\/29090"}],"wp:attachment":[{"href":"https:\/\/pagon24.pl\/en\/wp-json\/wp\/v2\/media?parent=29746"}],"wp:term":[{"taxonomy":"product_brand","embeddable":true,"href":"https:\/\/pagon24.pl\/en\/wp-json\/wp\/v2\/product_brand?post=29746"},{"taxonomy":"product_cat","embeddable":true,"href":"https:\/\/pagon24.pl\/en\/wp-json\/wp\/v2\/product_cat?post=29746"},{"taxonomy":"product_tag","embeddable":true,"href":"https:\/\/pagon24.pl\/en\/wp-json\/wp\/v2\/product_tag?post=29746"}],"curies":[{"name":"wp","href":"https:\/\/api.w.org\/{rel}","templated":true}]}}