{"id":29734,"date":"2026-03-18T15:05:36","date_gmt":"2026-03-18T14:05:36","guid":{"rendered":"https:\/\/pagon24.pl\/?post_type=product&#038;p=29734"},"modified":"2026-04-29T14:42:19","modified_gmt":"2026-04-29T12:42:19","slug":"czapka-gabardynowa-wyjsciowa-galowa-szeregowy-podoficer-aspirant-policji","status":"publish","type":"product","link":"https:\/\/pagon24.pl\/en\/product\/czapka-gabardynowa-wyjsciowa-galowa-szeregowy-podoficer-aspirant-policji\/","title":{"rendered":"Czapka gabardynowa wyj\u015bciowa galowa szeregowy podoficer aspirant Policji"},"content":{"rendered":"<h2 class=\"wp-block-heading has-x-large-font-size\">Oficjalna\u00a0czapka policyjna dla\u00a0korpusu: szeregowych, podoficer\u00f3w, aspirant\u00f3w, wykonana wed\u0142ug norm KGP<\/h2>\n<p><strong>Czapka garnizonowa gabardynowa\u00a0dla\u00a0funkcjonariusza Policji<\/strong>\u00a0to\u00a0element umundurowania, wykonany <strong>wed\u0142ug norm\u00a0Komendy G\u0142\u00f3wnej Policji.<\/strong>\u00a0Stanowi nieodzowny dodatek do\u00a0stroju galowego i wyj\u015bciowego, zapewniaj\u0105c<strong> schludny i profesjonalny wygl\u0105d<\/strong>.\u00a0Starannie <strong>uszyta\u00a0z wytrzyma\u0142ego materia\u0142u, podkre\u015bla rang\u0119<\/strong> i przynale\u017cno\u015b\u0107 s\u0142u\u017cbow\u0105 funkcjonariusza.<\/p>\n<h3 class=\"wp-block-heading has-x-large-font-size\">Specyfikacja<\/h3>\n<ul class=\"wp-block-list\">\n<li><strong>Materia\u0142<\/strong>: gabardyna<\/li>\n<li><strong>Orze\u0142ek<\/strong>: metalowy, w zestawie<\/li>\n<li><strong>Pasek:<\/strong> do czapki podoficerskiej \u2013 na dwa guziki<\/li>\n<li><strong>Wywietrzniki:<\/strong> 2 sztuki po bokach<\/li>\n<li><strong>Kolor g\u0142\u00f3wki:<\/strong>\u00a0granatowy<\/li>\n<\/ul>\n<h3 class=\"wp-block-heading has-x-large-font-size\"><strong>Przeznaczenie:<\/strong> <strong>dla podoficer\u00f3w Policji<\/strong><\/h3>\n<ul class=\"wp-block-list\">\n<li>posterunkowy,<\/li>\n<li>starszy posterunkowy,<\/li>\n<li>sier\u017cant,<\/li>\n<li>starszy sier\u017cant,<\/li>\n<li>sier\u017cant sztabowy,<\/li>\n<li>m\u0142odszy aspirant,<\/li>\n<li>aspirant,<\/li>\n<li>starszy aspirant,<\/li>\n<li>starszy aspirant sztabowy.<\/li>\n<\/ul>","protected":false},"excerpt":{"rendered":"<p>Czapka garnizonowa gabardynowa dla podoficera Policji to element ubioru, wykonany wed\u0142ug norm Komendy G\u0142\u00f3wnej Policji. Stanowi nieodzowny dodatek do stroju galowego oraz wyj\u015bciowego, zapewniaj\u0105c schludny i profesjonalny wygl\u0105d. Starannie uszyta z wytrzyma\u0142ego materia\u0142u, podkre\u015bla rang\u0119 i przynale\u017cno\u015b\u0107 s\u0142u\u017cbow\u0105 funkcjonariusza. W zestawie pasek oraz metalowy orze\u0142ek.<\/p>","protected":false},"featured_media":29095,"comment_status":"open","ping_status":"closed","template":"","meta":[],"product_brand":[],"product_cat":[188],"product_tag":[],"class_list":{"0":"post-29734","1":"product","2":"type-product","3":"status-publish","4":"has-post-thumbnail","6":"product_cat-nakrycia-glowy","8":"first","9":"instock","10":"taxable","11":"shipping-taxable","12":"purchasable","13":"product-type-variable"},"yoast_head":"<!-- This site is optimized with the Yoast SEO plugin v27.5 - https:\/\/yoast.com\/product\/yoast-seo-wordpress\/ -->\n<title>Czapka gabardynowa wyj\u015bciowa galowa szeregowy podoficer aspirant Policji - Pagon24.pl<\/title>\n<meta name=\"robots\" content=\"index, follow, max-snippet:-1, max-image-preview:large, max-video-preview:-1\" \/>\n<link rel=\"canonical\" href=\"https:\/\/pagon24.pl\/en\/product\/czapka-gabardynowa-wyjsciowa-galowa-szeregowy-podoficer-aspirant-policji\/\" \/>\n<meta property=\"og:locale\" content=\"en_US\" \/>\n<meta property=\"og:type\" content=\"article\" \/>\n<meta property=\"og:title\" content=\"Czapka gabardynowa wyj\u015bciowa galowa szeregowy podoficer aspirant Policji - Pagon24.pl\" \/>\n<meta property=\"og:description\" content=\"Czapka garnizonowa gabardynowa dla podoficera Policji to element ubioru, wykonany wed\u0142ug norm Komendy G\u0142\u00f3wnej Policji. Stanowi nieodzowny dodatek do stroju galowego oraz wyj\u015bciowego, zapewniaj\u0105c schludny i profesjonalny wygl\u0105d. Starannie uszyta z wytrzyma\u0142ego materia\u0142u, podkre\u015bla rang\u0119 i przynale\u017cno\u015b\u0107 s\u0142u\u017cbow\u0105 funkcjonariusza. W zestawie pasek oraz metalowy orze\u0142ek.\" \/>\n<meta property=\"og:url\" content=\"https:\/\/pagon24.pl\/en\/product\/czapka-gabardynowa-wyjsciowa-galowa-szeregowy-podoficer-aspirant-policji\/\" \/>\n<meta property=\"og:site_name\" content=\"Pagon24.pl\" \/>\n<meta property=\"article:modified_time\" content=\"2026-04-29T12:42:19+00:00\" \/>\n<meta property=\"og:image\" content=\"https:\/\/pagon24.pl\/wp-content\/uploads\/2026\/03\/Czapka-garnizonowa-gabardynowa-szeregowy-podoficer-aspirant-Policji-1.jpeg\" \/>\n\t<meta property=\"og:image:width\" content=\"2560\" \/>\n\t<meta property=\"og:image:height\" content=\"2560\" \/>\n\t<meta property=\"og:image:type\" content=\"image\/jpeg\" \/>\n<meta name=\"twitter:card\" content=\"summary_large_image\" \/>\n<meta name=\"twitter:label1\" content=\"Est. reading time\" \/>\n\t<meta name=\"twitter:data1\" content=\"1 minute\" \/>\n<script type=\"application\/ld+json\" class=\"yoast-schema-graph\">{\"@context\":\"https:\\\/\\\/schema.org\",\"@graph\":[{\"@type\":\"WebPage\",\"@id\":\"https:\\\/\\\/pagon24.pl\\\/produkt\\\/czapka-gabardynowa-wyjsciowa-galowa-szeregowy-podoficer-aspirant-policji\\\/\",\"url\":\"https:\\\/\\\/pagon24.pl\\\/produkt\\\/czapka-gabardynowa-wyjsciowa-galowa-szeregowy-podoficer-aspirant-policji\\\/\",\"name\":\"Czapka gabardynowa wyj\u015bciowa galowa szeregowy podoficer aspirant Policji - Pagon24.pl\",\"isPartOf\":{\"@id\":\"https:\\\/\\\/pagon24.pl\\\/#website\"},\"primaryImageOfPage\":{\"@id\":\"https:\\\/\\\/pagon24.pl\\\/produkt\\\/czapka-gabardynowa-wyjsciowa-galowa-szeregowy-podoficer-aspirant-policji\\\/#primaryimage\"},\"image\":{\"@id\":\"https:\\\/\\\/pagon24.pl\\\/produkt\\\/czapka-gabardynowa-wyjsciowa-galowa-szeregowy-podoficer-aspirant-policji\\\/#primaryimage\"},\"thumbnailUrl\":\"https:\\\/\\\/pagon24.pl\\\/wp-content\\\/uploads\\\/2026\\\/03\\\/Czapka-garnizonowa-gabardynowa-szeregowy-podoficer-aspirant-Policji-1.jpeg\",\"datePublished\":\"2026-03-18T14:05:36+00:00\",\"dateModified\":\"2026-04-29T12:42:19+00:00\",\"breadcrumb\":{\"@id\":\"https:\\\/\\\/pagon24.pl\\\/produkt\\\/czapka-gabardynowa-wyjsciowa-galowa-szeregowy-podoficer-aspirant-policji\\\/#breadcrumb\"},\"inLanguage\":\"en-US\",\"potentialAction\":[{\"@type\":\"ReadAction\",\"target\":[\"https:\\\/\\\/pagon24.pl\\\/produkt\\\/czapka-gabardynowa-wyjsciowa-galowa-szeregowy-podoficer-aspirant-policji\\\/\"]}]},{\"@type\":\"ImageObject\",\"inLanguage\":\"en-US\",\"@id\":\"https:\\\/\\\/pagon24.pl\\\/produkt\\\/czapka-gabardynowa-wyjsciowa-galowa-szeregowy-podoficer-aspirant-policji\\\/#primaryimage\",\"url\":\"https:\\\/\\\/pagon24.pl\\\/wp-content\\\/uploads\\\/2026\\\/03\\\/Czapka-garnizonowa-gabardynowa-szeregowy-podoficer-aspirant-Policji-1.jpeg\",\"contentUrl\":\"https:\\\/\\\/pagon24.pl\\\/wp-content\\\/uploads\\\/2026\\\/03\\\/Czapka-garnizonowa-gabardynowa-szeregowy-podoficer-aspirant-Policji-1.jpeg\",\"width\":2560,\"height\":2560,\"caption\":\"adbdf170a8d1d5f4a4501827799442618676306b361dd308cb9ac75be278e67b1b8516f962bc517edbbfdd146811bbe2dd535e4fb722c054d7b1e8e344eba2a1c6f4b7374e9853d37be0f5c3ab7a3f85\"},{\"@type\":\"BreadcrumbList\",\"@id\":\"https:\\\/\\\/pagon24.pl\\\/produkt\\\/czapka-gabardynowa-wyjsciowa-galowa-szeregowy-podoficer-aspirant-policji\\\/#breadcrumb\",\"itemListElement\":[{\"@type\":\"ListItem\",\"position\":1,\"name\":\"Strona g\u0142\u00f3wna\",\"item\":\"https:\\\/\\\/pagon24.pl\\\/\"},{\"@type\":\"ListItem\",\"position\":2,\"name\":\"Katalog\",\"item\":\"https:\\\/\\\/pagon24.pl\\\/shop\\\/\"},{\"@type\":\"ListItem\",\"position\":3,\"name\":\"Czapka gabardynowa wyj\u015bciowa galowa szeregowy podoficer aspirant Policji\"}]},{\"@type\":\"WebSite\",\"@id\":\"https:\\\/\\\/pagon24.pl\\\/#website\",\"url\":\"https:\\\/\\\/pagon24.pl\\\/\",\"name\":\"Pagon24.pl\",\"description\":\"Sklep mundurowy we Wroc\u0142awiu\",\"publisher\":{\"@id\":\"https:\\\/\\\/pagon24.pl\\\/#organization\"},\"potentialAction\":[{\"@type\":\"SearchAction\",\"target\":{\"@type\":\"EntryPoint\",\"urlTemplate\":\"https:\\\/\\\/pagon24.pl\\\/?s={search_term_string}\"},\"query-input\":{\"@type\":\"PropertyValueSpecification\",\"valueRequired\":true,\"valueName\":\"search_term_string\"}}],\"inLanguage\":\"en-US\"},{\"@type\":\"Organization\",\"@id\":\"https:\\\/\\\/pagon24.pl\\\/#organization\",\"name\":\"Pagon24.pl\",\"url\":\"https:\\\/\\\/pagon24.pl\\\/\",\"logo\":{\"@type\":\"ImageObject\",\"inLanguage\":\"en-US\",\"@id\":\"https:\\\/\\\/pagon24.pl\\\/#\\\/schema\\\/logo\\\/image\\\/\",\"url\":\"https:\\\/\\\/pagon24.pl\\\/wp-content\\\/uploads\\\/2026\\\/03\\\/logo-pagon-granat.png\",\"contentUrl\":\"https:\\\/\\\/pagon24.pl\\\/wp-content\\\/uploads\\\/2026\\\/03\\\/logo-pagon-granat.png\",\"width\":569,\"height\":149,\"caption\":\"Pagon24.pl\"},\"image\":{\"@id\":\"https:\\\/\\\/pagon24.pl\\\/#\\\/schema\\\/logo\\\/image\\\/\"}}]}<\/script>\n<!-- \/ Yoast SEO plugin. -->","yoast_head_json":{"title":"Czapka gabardynowa wyj\u015bciowa galowa szeregowy podoficer aspirant Policji - Pagon24.pl","robots":{"index":"index","follow":"follow","max-snippet":"max-snippet:-1","max-image-preview":"max-image-preview:large","max-video-preview":"max-video-preview:-1"},"canonical":"https:\/\/pagon24.pl\/en\/product\/czapka-gabardynowa-wyjsciowa-galowa-szeregowy-podoficer-aspirant-policji\/","og_locale":"en_US","og_type":"article","og_title":"Czapka gabardynowa wyj\u015bciowa galowa szeregowy podoficer aspirant Policji - Pagon24.pl","og_description":"Czapka garnizonowa gabardynowa dla podoficera Policji to element ubioru, wykonany wed\u0142ug norm Komendy G\u0142\u00f3wnej Policji. Stanowi nieodzowny dodatek do stroju galowego oraz wyj\u015bciowego, zapewniaj\u0105c schludny i profesjonalny wygl\u0105d. Starannie uszyta z wytrzyma\u0142ego materia\u0142u, podkre\u015bla rang\u0119 i przynale\u017cno\u015b\u0107 s\u0142u\u017cbow\u0105 funkcjonariusza. W zestawie pasek oraz metalowy orze\u0142ek.","og_url":"https:\/\/pagon24.pl\/en\/product\/czapka-gabardynowa-wyjsciowa-galowa-szeregowy-podoficer-aspirant-policji\/","og_site_name":"Pagon24.pl","article_modified_time":"2026-04-29T12:42:19+00:00","og_image":[{"width":2560,"height":2560,"url":"https:\/\/pagon24.pl\/wp-content\/uploads\/2026\/03\/Czapka-garnizonowa-gabardynowa-szeregowy-podoficer-aspirant-Policji-1.jpeg","type":"image\/jpeg"}],"twitter_card":"summary_large_image","twitter_misc":{"Est. reading time":"1 minute"},"schema":{"@context":"https:\/\/schema.org","@graph":[{"@type":"WebPage","@id":"https:\/\/pagon24.pl\/produkt\/czapka-gabardynowa-wyjsciowa-galowa-szeregowy-podoficer-aspirant-policji\/","url":"https:\/\/pagon24.pl\/produkt\/czapka-gabardynowa-wyjsciowa-galowa-szeregowy-podoficer-aspirant-policji\/","name":"Czapka gabardynowa wyj\u015bciowa galowa szeregowy podoficer aspirant Policji - Pagon24.pl","isPartOf":{"@id":"https:\/\/pagon24.pl\/#website"},"primaryImageOfPage":{"@id":"https:\/\/pagon24.pl\/produkt\/czapka-gabardynowa-wyjsciowa-galowa-szeregowy-podoficer-aspirant-policji\/#primaryimage"},"image":{"@id":"https:\/\/pagon24.pl\/produkt\/czapka-gabardynowa-wyjsciowa-galowa-szeregowy-podoficer-aspirant-policji\/#primaryimage"},"thumbnailUrl":"https:\/\/pagon24.pl\/wp-content\/uploads\/2026\/03\/Czapka-garnizonowa-gabardynowa-szeregowy-podoficer-aspirant-Policji-1.jpeg","datePublished":"2026-03-18T14:05:36+00:00","dateModified":"2026-04-29T12:42:19+00:00","breadcrumb":{"@id":"https:\/\/pagon24.pl\/produkt\/czapka-gabardynowa-wyjsciowa-galowa-szeregowy-podoficer-aspirant-policji\/#breadcrumb"},"inLanguage":"en-US","potentialAction":[{"@type":"ReadAction","target":["https:\/\/pagon24.pl\/produkt\/czapka-gabardynowa-wyjsciowa-galowa-szeregowy-podoficer-aspirant-policji\/"]}]},{"@type":"ImageObject","inLanguage":"en-US","@id":"https:\/\/pagon24.pl\/produkt\/czapka-gabardynowa-wyjsciowa-galowa-szeregowy-podoficer-aspirant-policji\/#primaryimage","url":"https:\/\/pagon24.pl\/wp-content\/uploads\/2026\/03\/Czapka-garnizonowa-gabardynowa-szeregowy-podoficer-aspirant-Policji-1.jpeg","contentUrl":"https:\/\/pagon24.pl\/wp-content\/uploads\/2026\/03\/Czapka-garnizonowa-gabardynowa-szeregowy-podoficer-aspirant-Policji-1.jpeg","width":2560,"height":2560,"caption":"adbdf170a8d1d5f4a4501827799442618676306b361dd308cb9ac75be278e67b1b8516f962bc517edbbfdd146811bbe2dd535e4fb722c054d7b1e8e344eba2a1c6f4b7374e9853d37be0f5c3ab7a3f85"},{"@type":"BreadcrumbList","@id":"https:\/\/pagon24.pl\/produkt\/czapka-gabardynowa-wyjsciowa-galowa-szeregowy-podoficer-aspirant-policji\/#breadcrumb","itemListElement":[{"@type":"ListItem","position":1,"name":"Strona g\u0142\u00f3wna","item":"https:\/\/pagon24.pl\/"},{"@type":"ListItem","position":2,"name":"Katalog","item":"https:\/\/pagon24.pl\/shop\/"},{"@type":"ListItem","position":3,"name":"Czapka gabardynowa wyj\u015bciowa galowa szeregowy podoficer aspirant Policji"}]},{"@type":"WebSite","@id":"https:\/\/pagon24.pl\/#website","url":"https:\/\/pagon24.pl\/","name":"Pagon24.pl","description":"Sklep mundurowy we Wroc\u0142awiu","publisher":{"@id":"https:\/\/pagon24.pl\/#organization"},"potentialAction":[{"@type":"SearchAction","target":{"@type":"EntryPoint","urlTemplate":"https:\/\/pagon24.pl\/?s={search_term_string}"},"query-input":{"@type":"PropertyValueSpecification","valueRequired":true,"valueName":"search_term_string"}}],"inLanguage":"en-US"},{"@type":"Organization","@id":"https:\/\/pagon24.pl\/#organization","name":"Pagon24.pl","url":"https:\/\/pagon24.pl\/","logo":{"@type":"ImageObject","inLanguage":"en-US","@id":"https:\/\/pagon24.pl\/#\/schema\/logo\/image\/","url":"https:\/\/pagon24.pl\/wp-content\/uploads\/2026\/03\/logo-pagon-granat.png","contentUrl":"https:\/\/pagon24.pl\/wp-content\/uploads\/2026\/03\/logo-pagon-granat.png","width":569,"height":149,"caption":"Pagon24.pl"},"image":{"@id":"https:\/\/pagon24.pl\/#\/schema\/logo\/image\/"}}]}},"_links":{"self":[{"href":"https:\/\/pagon24.pl\/en\/wp-json\/wp\/v2\/product\/29734","targetHints":{"allow":["GET"]}}],"collection":[{"href":"https:\/\/pagon24.pl\/en\/wp-json\/wp\/v2\/product"}],"about":[{"href":"https:\/\/pagon24.pl\/en\/wp-json\/wp\/v2\/types\/product"}],"replies":[{"embeddable":true,"href":"https:\/\/pagon24.pl\/en\/wp-json\/wp\/v2\/comments?post=29734"}],"version-history":[{"count":2,"href":"https:\/\/pagon24.pl\/en\/wp-json\/wp\/v2\/product\/29734\/revisions"}],"predecessor-version":[{"id":32577,"href":"https:\/\/pagon24.pl\/en\/wp-json\/wp\/v2\/product\/29734\/revisions\/32577"}],"wp:featuredmedia":[{"embeddable":true,"href":"https:\/\/pagon24.pl\/en\/wp-json\/wp\/v2\/media\/29095"}],"wp:attachment":[{"href":"https:\/\/pagon24.pl\/en\/wp-json\/wp\/v2\/media?parent=29734"}],"wp:term":[{"taxonomy":"product_brand","embeddable":true,"href":"https:\/\/pagon24.pl\/en\/wp-json\/wp\/v2\/product_brand?post=29734"},{"taxonomy":"product_cat","embeddable":true,"href":"https:\/\/pagon24.pl\/en\/wp-json\/wp\/v2\/product_cat?post=29734"},{"taxonomy":"product_tag","embeddable":true,"href":"https:\/\/pagon24.pl\/en\/wp-json\/wp\/v2\/product_tag?post=29734"}],"curies":[{"name":"wp","href":"https:\/\/api.w.org\/{rel}","templated":true}]}}