{"id":29687,"date":"2026-03-18T14:37:07","date_gmt":"2026-03-18T13:37:07","guid":{"rendered":"https:\/\/pagon24.pl\/?post_type=product&#038;p=29687"},"modified":"2026-03-18T14:37:07","modified_gmt":"2026-03-18T13:37:07","slug":"dystynkcja-policyjna-na-kurtke-softshell-z-rzepem-starszy-sierzant","status":"publish","type":"product","link":"https:\/\/pagon24.pl\/en\/product\/dystynkcja-policyjna-na-kurtke-softshell-z-rzepem-starszy-sierzant\/","title":{"rendered":"Dystynkcja Policyjna na Kurtk\u0119 Softshell z Rzepem \u2013 Starszy Sier\u017cant"},"content":{"rendered":"<h2 class=\"wp-block-heading has-x-large-font-size\">Dystynkcja Policyjna na Kurtk\u0119 Softshell z Rzepem \u2013 Starszy Sier\u017cant<\/h2>\n<p>Oficjalna naszywka z oznaczeniem stopnia\u00a0<strong>Starszego Sier\u017canta<\/strong>, przeznaczona do noszenia na kurtkach typu softshell. Wykonana w oparciu o obowi\u0105zuj\u0105ce przepisy, zapewnia wyra\u017an\u0105\u00a0<strong>identyfikacj\u0119 stopnia s\u0142u\u017cbowego funkcjonariusza.<\/strong><\/p>\n<p><strong>Dystynkcja wykonana z dba\u0142o\u015bci\u0105 o ka\u017cdy detal \u2013 od precyzyjnego haftu po trwa\u0142e mocowanie na rzep!<\/strong><\/p>\n<h3 class=\"wp-block-heading has-x-large-font-size\">Specyfikacja techniczna<\/h3>\n<ul class=\"wp-block-list\">\n<li><strong>Kolor t\u0142a<\/strong>: granatowy<\/li>\n<li><strong>Haft<\/strong>: srebrna ni\u0107 metalizowana<\/li>\n<li><strong>Mocowanie<\/strong>: rzep jednostronny<\/li>\n<li><strong>Materia\u0142<\/strong>: gabardyna<\/li>\n<li><strong>Kolor:<\/strong>\u00a0granatowy<\/li>\n<li><strong>Wymiary:<\/strong>\u00a08 x 6,5 cm<\/li>\n<\/ul>","protected":false},"excerpt":{"rendered":"<p>Oficjalna naszywka z oznaczeniem stopnia Starszego Sier\u017canta, przeznaczona do noszenia na kurtkach typu softshell. Wykonana w oparciu o obowi\u0105zuj\u0105ce przepisy, zapewnia wyra\u017an\u0105 identyfikacj\u0119 stopnia s\u0142u\u017cbowego funkcjonariusza.<\/p>","protected":false},"featured_media":29260,"comment_status":"open","ping_status":"closed","template":"","meta":[],"product_brand":[],"product_cat":[187],"product_tag":[],"class_list":{"0":"post-29687","1":"product","2":"type-product","3":"status-publish","4":"has-post-thumbnail","6":"product_cat-rzep-na-kurtke","8":"first","9":"instock","10":"taxable","11":"shipping-taxable","12":"purchasable","13":"product-type-simple"},"yoast_head":"<!-- This site is optimized with the Yoast SEO plugin v27.5 - https:\/\/yoast.com\/product\/yoast-seo-wordpress\/ -->\n<title>Dystynkcja Policyjna na Kurtk\u0119 Softshell z Rzepem \u2013 Starszy Sier\u017cant - Pagon24.pl<\/title>\n<meta name=\"robots\" content=\"index, follow, max-snippet:-1, max-image-preview:large, max-video-preview:-1\" \/>\n<link rel=\"canonical\" href=\"https:\/\/pagon24.pl\/en\/?product=dystynkcja-policyjna-na-kurtke-softshell-z-rzepem-starszy-sierzant\" \/>\n<meta property=\"og:locale\" content=\"en_US\" \/>\n<meta property=\"og:type\" content=\"article\" \/>\n<meta property=\"og:title\" content=\"Dystynkcja Policyjna na Kurtk\u0119 Softshell z Rzepem \u2013 Starszy Sier\u017cant - Pagon24.pl\" \/>\n<meta property=\"og:description\" content=\"Oficjalna naszywka z oznaczeniem stopnia Starszego Sier\u017canta, przeznaczona do noszenia na kurtkach typu softshell. Wykonana w oparciu o obowi\u0105zuj\u0105ce przepisy, zapewnia wyra\u017an\u0105 identyfikacj\u0119 stopnia s\u0142u\u017cbowego funkcjonariusza.\" \/>\n<meta property=\"og:url\" content=\"https:\/\/pagon24.pl\/en\/?product=dystynkcja-policyjna-na-kurtke-softshell-z-rzepem-starszy-sierzant\" \/>\n<meta property=\"og:site_name\" content=\"Pagon24.pl\" \/>\n<meta property=\"og:image\" content=\"https:\/\/pagon24.pl\/wp-content\/uploads\/2026\/03\/starszy-sierzant-policja-softshelle-rzep.jpg\" \/>\n\t<meta property=\"og:image:width\" content=\"1500\" \/>\n\t<meta property=\"og:image:height\" content=\"1500\" \/>\n\t<meta property=\"og:image:type\" content=\"image\/jpeg\" \/>\n<meta name=\"twitter:card\" content=\"summary_large_image\" \/>\n<meta name=\"twitter:label1\" content=\"Est. reading time\" \/>\n\t<meta name=\"twitter:data1\" content=\"1 minute\" \/>\n<script type=\"application\/ld+json\" class=\"yoast-schema-graph\">{\"@context\":\"https:\\\/\\\/schema.org\",\"@graph\":[{\"@type\":\"WebPage\",\"@id\":\"https:\\\/\\\/pagon24.pl\\\/?product=dystynkcja-policyjna-na-kurtke-softshell-z-rzepem-starszy-sierzant\",\"url\":\"https:\\\/\\\/pagon24.pl\\\/?product=dystynkcja-policyjna-na-kurtke-softshell-z-rzepem-starszy-sierzant\",\"name\":\"Dystynkcja Policyjna na Kurtk\u0119 Softshell z Rzepem \u2013 Starszy Sier\u017cant - Pagon24.pl\",\"isPartOf\":{\"@id\":\"https:\\\/\\\/pagon24.pl\\\/#website\"},\"primaryImageOfPage\":{\"@id\":\"https:\\\/\\\/pagon24.pl\\\/?product=dystynkcja-policyjna-na-kurtke-softshell-z-rzepem-starszy-sierzant#primaryimage\"},\"image\":{\"@id\":\"https:\\\/\\\/pagon24.pl\\\/?product=dystynkcja-policyjna-na-kurtke-softshell-z-rzepem-starszy-sierzant#primaryimage\"},\"thumbnailUrl\":\"https:\\\/\\\/pagon24.pl\\\/wp-content\\\/uploads\\\/2026\\\/03\\\/starszy-sierzant-policja-softshelle-rzep.jpg\",\"datePublished\":\"2026-03-18T13:37:07+00:00\",\"breadcrumb\":{\"@id\":\"https:\\\/\\\/pagon24.pl\\\/?product=dystynkcja-policyjna-na-kurtke-softshell-z-rzepem-starszy-sierzant#breadcrumb\"},\"inLanguage\":\"en-US\",\"potentialAction\":[{\"@type\":\"ReadAction\",\"target\":[\"https:\\\/\\\/pagon24.pl\\\/?product=dystynkcja-policyjna-na-kurtke-softshell-z-rzepem-starszy-sierzant\"]}]},{\"@type\":\"ImageObject\",\"inLanguage\":\"en-US\",\"@id\":\"https:\\\/\\\/pagon24.pl\\\/?product=dystynkcja-policyjna-na-kurtke-softshell-z-rzepem-starszy-sierzant#primaryimage\",\"url\":\"https:\\\/\\\/pagon24.pl\\\/wp-content\\\/uploads\\\/2026\\\/03\\\/starszy-sierzant-policja-softshelle-rzep.jpg\",\"contentUrl\":\"https:\\\/\\\/pagon24.pl\\\/wp-content\\\/uploads\\\/2026\\\/03\\\/starszy-sierzant-policja-softshelle-rzep.jpg\",\"width\":1500,\"height\":1500,\"caption\":\"rzep na kurtk\u0119 policyjny starszy sier\u017cant pagon24\"},{\"@type\":\"BreadcrumbList\",\"@id\":\"https:\\\/\\\/pagon24.pl\\\/?product=dystynkcja-policyjna-na-kurtke-softshell-z-rzepem-starszy-sierzant#breadcrumb\",\"itemListElement\":[{\"@type\":\"ListItem\",\"position\":1,\"name\":\"Strona g\u0142\u00f3wna\",\"item\":\"https:\\\/\\\/pagon24.pl\\\/\"},{\"@type\":\"ListItem\",\"position\":2,\"name\":\"Katalog\",\"item\":\"https:\\\/\\\/pagon24.pl\\\/shop\\\/\"},{\"@type\":\"ListItem\",\"position\":3,\"name\":\"Dystynkcja Policyjna na Kurtk\u0119 Softshell z Rzepem \u2013 Starszy Sier\u017cant\"}]},{\"@type\":\"WebSite\",\"@id\":\"https:\\\/\\\/pagon24.pl\\\/#website\",\"url\":\"https:\\\/\\\/pagon24.pl\\\/\",\"name\":\"Pagon24.pl\",\"description\":\"Sklep mundurowy we Wroc\u0142awiu\",\"publisher\":{\"@id\":\"https:\\\/\\\/pagon24.pl\\\/#organization\"},\"potentialAction\":[{\"@type\":\"SearchAction\",\"target\":{\"@type\":\"EntryPoint\",\"urlTemplate\":\"https:\\\/\\\/pagon24.pl\\\/?s={search_term_string}\"},\"query-input\":{\"@type\":\"PropertyValueSpecification\",\"valueRequired\":true,\"valueName\":\"search_term_string\"}}],\"inLanguage\":\"en-US\"},{\"@type\":\"Organization\",\"@id\":\"https:\\\/\\\/pagon24.pl\\\/#organization\",\"name\":\"Pagon24.pl\",\"url\":\"https:\\\/\\\/pagon24.pl\\\/\",\"logo\":{\"@type\":\"ImageObject\",\"inLanguage\":\"en-US\",\"@id\":\"https:\\\/\\\/pagon24.pl\\\/#\\\/schema\\\/logo\\\/image\\\/\",\"url\":\"https:\\\/\\\/pagon24.pl\\\/wp-content\\\/uploads\\\/2026\\\/03\\\/logo-pagon-granat.png\",\"contentUrl\":\"https:\\\/\\\/pagon24.pl\\\/wp-content\\\/uploads\\\/2026\\\/03\\\/logo-pagon-granat.png\",\"width\":569,\"height\":149,\"caption\":\"Pagon24.pl\"},\"image\":{\"@id\":\"https:\\\/\\\/pagon24.pl\\\/#\\\/schema\\\/logo\\\/image\\\/\"}}]}<\/script>\n<!-- \/ Yoast SEO plugin. -->","yoast_head_json":{"title":"Dystynkcja Policyjna na Kurtk\u0119 Softshell z Rzepem \u2013 Starszy Sier\u017cant - Pagon24.pl","robots":{"index":"index","follow":"follow","max-snippet":"max-snippet:-1","max-image-preview":"max-image-preview:large","max-video-preview":"max-video-preview:-1"},"canonical":"https:\/\/pagon24.pl\/en\/?product=dystynkcja-policyjna-na-kurtke-softshell-z-rzepem-starszy-sierzant","og_locale":"en_US","og_type":"article","og_title":"Dystynkcja Policyjna na Kurtk\u0119 Softshell z Rzepem \u2013 Starszy Sier\u017cant - Pagon24.pl","og_description":"Oficjalna naszywka z oznaczeniem stopnia Starszego Sier\u017canta, przeznaczona do noszenia na kurtkach typu softshell. Wykonana w oparciu o obowi\u0105zuj\u0105ce przepisy, zapewnia wyra\u017an\u0105 identyfikacj\u0119 stopnia s\u0142u\u017cbowego funkcjonariusza.","og_url":"https:\/\/pagon24.pl\/en\/?product=dystynkcja-policyjna-na-kurtke-softshell-z-rzepem-starszy-sierzant","og_site_name":"Pagon24.pl","og_image":[{"width":1500,"height":1500,"url":"https:\/\/pagon24.pl\/wp-content\/uploads\/2026\/03\/starszy-sierzant-policja-softshelle-rzep.jpg","type":"image\/jpeg"}],"twitter_card":"summary_large_image","twitter_misc":{"Est. reading time":"1 minute"},"schema":{"@context":"https:\/\/schema.org","@graph":[{"@type":"WebPage","@id":"https:\/\/pagon24.pl\/?product=dystynkcja-policyjna-na-kurtke-softshell-z-rzepem-starszy-sierzant","url":"https:\/\/pagon24.pl\/?product=dystynkcja-policyjna-na-kurtke-softshell-z-rzepem-starszy-sierzant","name":"Dystynkcja Policyjna na Kurtk\u0119 Softshell z Rzepem \u2013 Starszy Sier\u017cant - Pagon24.pl","isPartOf":{"@id":"https:\/\/pagon24.pl\/#website"},"primaryImageOfPage":{"@id":"https:\/\/pagon24.pl\/?product=dystynkcja-policyjna-na-kurtke-softshell-z-rzepem-starszy-sierzant#primaryimage"},"image":{"@id":"https:\/\/pagon24.pl\/?product=dystynkcja-policyjna-na-kurtke-softshell-z-rzepem-starszy-sierzant#primaryimage"},"thumbnailUrl":"https:\/\/pagon24.pl\/wp-content\/uploads\/2026\/03\/starszy-sierzant-policja-softshelle-rzep.jpg","datePublished":"2026-03-18T13:37:07+00:00","breadcrumb":{"@id":"https:\/\/pagon24.pl\/?product=dystynkcja-policyjna-na-kurtke-softshell-z-rzepem-starszy-sierzant#breadcrumb"},"inLanguage":"en-US","potentialAction":[{"@type":"ReadAction","target":["https:\/\/pagon24.pl\/?product=dystynkcja-policyjna-na-kurtke-softshell-z-rzepem-starszy-sierzant"]}]},{"@type":"ImageObject","inLanguage":"en-US","@id":"https:\/\/pagon24.pl\/?product=dystynkcja-policyjna-na-kurtke-softshell-z-rzepem-starszy-sierzant#primaryimage","url":"https:\/\/pagon24.pl\/wp-content\/uploads\/2026\/03\/starszy-sierzant-policja-softshelle-rzep.jpg","contentUrl":"https:\/\/pagon24.pl\/wp-content\/uploads\/2026\/03\/starszy-sierzant-policja-softshelle-rzep.jpg","width":1500,"height":1500,"caption":"rzep na kurtk\u0119 policyjny starszy sier\u017cant pagon24"},{"@type":"BreadcrumbList","@id":"https:\/\/pagon24.pl\/?product=dystynkcja-policyjna-na-kurtke-softshell-z-rzepem-starszy-sierzant#breadcrumb","itemListElement":[{"@type":"ListItem","position":1,"name":"Strona g\u0142\u00f3wna","item":"https:\/\/pagon24.pl\/"},{"@type":"ListItem","position":2,"name":"Katalog","item":"https:\/\/pagon24.pl\/shop\/"},{"@type":"ListItem","position":3,"name":"Dystynkcja Policyjna na Kurtk\u0119 Softshell z Rzepem \u2013 Starszy Sier\u017cant"}]},{"@type":"WebSite","@id":"https:\/\/pagon24.pl\/#website","url":"https:\/\/pagon24.pl\/","name":"Pagon24.pl","description":"Sklep mundurowy we Wroc\u0142awiu","publisher":{"@id":"https:\/\/pagon24.pl\/#organization"},"potentialAction":[{"@type":"SearchAction","target":{"@type":"EntryPoint","urlTemplate":"https:\/\/pagon24.pl\/?s={search_term_string}"},"query-input":{"@type":"PropertyValueSpecification","valueRequired":true,"valueName":"search_term_string"}}],"inLanguage":"en-US"},{"@type":"Organization","@id":"https:\/\/pagon24.pl\/#organization","name":"Pagon24.pl","url":"https:\/\/pagon24.pl\/","logo":{"@type":"ImageObject","inLanguage":"en-US","@id":"https:\/\/pagon24.pl\/#\/schema\/logo\/image\/","url":"https:\/\/pagon24.pl\/wp-content\/uploads\/2026\/03\/logo-pagon-granat.png","contentUrl":"https:\/\/pagon24.pl\/wp-content\/uploads\/2026\/03\/logo-pagon-granat.png","width":569,"height":149,"caption":"Pagon24.pl"},"image":{"@id":"https:\/\/pagon24.pl\/#\/schema\/logo\/image\/"}}]}},"_links":{"self":[{"href":"https:\/\/pagon24.pl\/en\/wp-json\/wp\/v2\/product\/29687","targetHints":{"allow":["GET"]}}],"collection":[{"href":"https:\/\/pagon24.pl\/en\/wp-json\/wp\/v2\/product"}],"about":[{"href":"https:\/\/pagon24.pl\/en\/wp-json\/wp\/v2\/types\/product"}],"replies":[{"embeddable":true,"href":"https:\/\/pagon24.pl\/en\/wp-json\/wp\/v2\/comments?post=29687"}],"version-history":[{"count":1,"href":"https:\/\/pagon24.pl\/en\/wp-json\/wp\/v2\/product\/29687\/revisions"}],"predecessor-version":[{"id":29688,"href":"https:\/\/pagon24.pl\/en\/wp-json\/wp\/v2\/product\/29687\/revisions\/29688"}],"wp:featuredmedia":[{"embeddable":true,"href":"https:\/\/pagon24.pl\/en\/wp-json\/wp\/v2\/media\/29260"}],"wp:attachment":[{"href":"https:\/\/pagon24.pl\/en\/wp-json\/wp\/v2\/media?parent=29687"}],"wp:term":[{"taxonomy":"product_brand","embeddable":true,"href":"https:\/\/pagon24.pl\/en\/wp-json\/wp\/v2\/product_brand?post=29687"},{"taxonomy":"product_cat","embeddable":true,"href":"https:\/\/pagon24.pl\/en\/wp-json\/wp\/v2\/product_cat?post=29687"},{"taxonomy":"product_tag","embeddable":true,"href":"https:\/\/pagon24.pl\/en\/wp-json\/wp\/v2\/product_tag?post=29687"}],"curies":[{"name":"wp","href":"https:\/\/api.w.org\/{rel}","templated":true}]}}