{"id":29669,"date":"2026-03-18T14:20:01","date_gmt":"2026-03-18T13:20:01","guid":{"rendered":"https:\/\/pagon24.pl\/?post_type=product&#038;p=29669"},"modified":"2026-03-18T14:20:26","modified_gmt":"2026-03-18T13:20:26","slug":"pagony-pochewki-policyjne-nadkomisarz-komplet-2-sztuki","status":"publish","type":"product","link":"https:\/\/pagon24.pl\/en\/product\/pagony-pochewki-policyjne-nadkomisarz-komplet-2-sztuki\/","title":{"rendered":"Pagony pochewki policyjne Nadkomisarz komplet 2 sztuki"},"content":{"rendered":"<h3 class=\"wp-block-heading has-x-large-font-size\"><strong>Pagony pochewki policyjne Nadkomisarz Zestaw 2 Sztuk<\/strong><\/h3>\n<p><strong>Pagony pochewki dla funkcjonariuszy Policji <\/strong>to nieodzowny element umundurowania, <strong>symbolizuj\u0105cy stopie\u0144 s\u0142u\u017cbowy<\/strong> oraz podkre\u015blaj\u0105cy rang\u0119 nosz\u0105cego. Wykonane <strong>z<\/strong> <strong>wysokiej jako\u015bci materia\u0142\u00f3w w kolorze granatowym<\/strong>, zapewniaj\u0105<strong> trwa\u0142o\u015b\u0107 i estetyczny wygl\u0105d<\/strong>. Dzi\u0119ki precyzyjnemu wykonaniu doskonale komponuj\u0105 si\u0119 z mundurem, podkre\u015blaj\u0105c profesjonalizm funkcjonariusza.\u200b<\/p>\n<h3 class=\"wp-block-heading has-x-large-font-size\"><strong>Specyfikacja:<\/strong><\/h3>\n<ul class=\"wp-block-list\">\n<li><strong>Materia\u0142: <\/strong>wysokogatunkowa tkanina odporna na \u015bcieranie\u200b<\/li>\n<li><strong>Kolor:<\/strong> granatowy\u200b<\/li>\n<li><strong>Wymiary:<\/strong> dostosowane do standard\u00f3w policyjnych\u200b<\/li>\n<li><strong>Zapi\u0119cie: <\/strong>solidne mocowanie zapewniaj\u0105ce stabilno\u015b\u0107\u200b<\/li>\n<li><strong>Komplet: 2 sztuki (para)<\/strong><\/li>\n<li><strong>Haft:<\/strong>\u00a0wykonany maszynowo wed\u0142ug wzoru stopnia<\/li>\n<\/ul>","protected":false},"excerpt":{"rendered":"<p>Pagony pochewki Policji \u2013 trwa\u0142e, granatowe, wykonane wed\u0142ug oficjalnych standard\u00f3w. Podkre\u015blaj\u0105 stopie\u0144 s\u0142u\u017cbowy i profesjonalizm funkcjonariusza.<\/p>","protected":false},"featured_media":29269,"comment_status":"open","ping_status":"closed","template":"","meta":[],"product_brand":[],"product_cat":[186],"product_tag":[],"class_list":{"0":"post-29669","1":"product","2":"type-product","3":"status-publish","4":"has-post-thumbnail","6":"product_cat-pagony","8":"first","9":"instock","10":"taxable","11":"shipping-taxable","12":"purchasable","13":"product-type-simple"},"yoast_head":"<!-- This site is optimized with the Yoast SEO plugin v27.5 - https:\/\/yoast.com\/product\/yoast-seo-wordpress\/ -->\n<title>Pagony pochewki policyjne Nadkomisarz komplet 2 sztuki - Pagon24.pl<\/title>\n<meta name=\"robots\" content=\"index, follow, max-snippet:-1, max-image-preview:large, max-video-preview:-1\" \/>\n<link rel=\"canonical\" href=\"https:\/\/pagon24.pl\/en\/?product=pagony-pochewki-policyjne-nadkomisarz-komplet-2-sztuki\" \/>\n<meta property=\"og:locale\" content=\"en_US\" \/>\n<meta property=\"og:type\" content=\"article\" \/>\n<meta property=\"og:title\" content=\"Pagony pochewki policyjne Nadkomisarz komplet 2 sztuki - Pagon24.pl\" \/>\n<meta property=\"og:description\" content=\"Pagony pochewki Policji \u2013 trwa\u0142e, granatowe, wykonane wed\u0142ug oficjalnych standard\u00f3w. Podkre\u015blaj\u0105 stopie\u0144 s\u0142u\u017cbowy i profesjonalizm funkcjonariusza.\" \/>\n<meta property=\"og:url\" content=\"https:\/\/pagon24.pl\/en\/?product=pagony-pochewki-policyjne-nadkomisarz-komplet-2-sztuki\" \/>\n<meta property=\"og:site_name\" content=\"Pagon24.pl\" \/>\n<meta property=\"article:modified_time\" content=\"2026-03-18T13:20:26+00:00\" \/>\n<meta property=\"og:image\" content=\"https:\/\/pagon24.pl\/wp-content\/uploads\/2026\/03\/pochewki-policja-nadkomisarz-pagon-pagony.jpg\" \/>\n\t<meta property=\"og:image:width\" content=\"1280\" \/>\n\t<meta property=\"og:image:height\" content=\"1280\" \/>\n\t<meta property=\"og:image:type\" content=\"image\/jpeg\" \/>\n<meta name=\"twitter:card\" content=\"summary_large_image\" \/>\n<meta name=\"twitter:label1\" content=\"Est. reading time\" \/>\n\t<meta name=\"twitter:data1\" content=\"1 minute\" \/>\n<script type=\"application\/ld+json\" class=\"yoast-schema-graph\">{\"@context\":\"https:\\\/\\\/schema.org\",\"@graph\":[{\"@type\":\"WebPage\",\"@id\":\"https:\\\/\\\/pagon24.pl\\\/?product=pagony-pochewki-policyjne-nadkomisarz-komplet-2-sztuki\",\"url\":\"https:\\\/\\\/pagon24.pl\\\/?product=pagony-pochewki-policyjne-nadkomisarz-komplet-2-sztuki\",\"name\":\"Pagony pochewki policyjne Nadkomisarz komplet 2 sztuki - Pagon24.pl\",\"isPartOf\":{\"@id\":\"https:\\\/\\\/pagon24.pl\\\/#website\"},\"primaryImageOfPage\":{\"@id\":\"https:\\\/\\\/pagon24.pl\\\/?product=pagony-pochewki-policyjne-nadkomisarz-komplet-2-sztuki#primaryimage\"},\"image\":{\"@id\":\"https:\\\/\\\/pagon24.pl\\\/?product=pagony-pochewki-policyjne-nadkomisarz-komplet-2-sztuki#primaryimage\"},\"thumbnailUrl\":\"https:\\\/\\\/pagon24.pl\\\/wp-content\\\/uploads\\\/2026\\\/03\\\/pochewki-policja-nadkomisarz-pagon-pagony.jpg\",\"datePublished\":\"2026-03-18T13:20:01+00:00\",\"dateModified\":\"2026-03-18T13:20:26+00:00\",\"breadcrumb\":{\"@id\":\"https:\\\/\\\/pagon24.pl\\\/?product=pagony-pochewki-policyjne-nadkomisarz-komplet-2-sztuki#breadcrumb\"},\"inLanguage\":\"en-US\",\"potentialAction\":[{\"@type\":\"ReadAction\",\"target\":[\"https:\\\/\\\/pagon24.pl\\\/?product=pagony-pochewki-policyjne-nadkomisarz-komplet-2-sztuki\"]}]},{\"@type\":\"ImageObject\",\"inLanguage\":\"en-US\",\"@id\":\"https:\\\/\\\/pagon24.pl\\\/?product=pagony-pochewki-policyjne-nadkomisarz-komplet-2-sztuki#primaryimage\",\"url\":\"https:\\\/\\\/pagon24.pl\\\/wp-content\\\/uploads\\\/2026\\\/03\\\/pochewki-policja-nadkomisarz-pagon-pagony.jpg\",\"contentUrl\":\"https:\\\/\\\/pagon24.pl\\\/wp-content\\\/uploads\\\/2026\\\/03\\\/pochewki-policja-nadkomisarz-pagon-pagony.jpg\",\"width\":1280,\"height\":1280,\"caption\":\"pagony policyjne nadkomisarz pagon24\"},{\"@type\":\"BreadcrumbList\",\"@id\":\"https:\\\/\\\/pagon24.pl\\\/?product=pagony-pochewki-policyjne-nadkomisarz-komplet-2-sztuki#breadcrumb\",\"itemListElement\":[{\"@type\":\"ListItem\",\"position\":1,\"name\":\"Strona g\u0142\u00f3wna\",\"item\":\"https:\\\/\\\/pagon24.pl\\\/\"},{\"@type\":\"ListItem\",\"position\":2,\"name\":\"Katalog\",\"item\":\"https:\\\/\\\/pagon24.pl\\\/shop\\\/\"},{\"@type\":\"ListItem\",\"position\":3,\"name\":\"Pagony pochewki policyjne Nadkomisarz komplet 2 sztuki\"}]},{\"@type\":\"WebSite\",\"@id\":\"https:\\\/\\\/pagon24.pl\\\/#website\",\"url\":\"https:\\\/\\\/pagon24.pl\\\/\",\"name\":\"Pagon24.pl\",\"description\":\"Sklep mundurowy we Wroc\u0142awiu\",\"publisher\":{\"@id\":\"https:\\\/\\\/pagon24.pl\\\/#organization\"},\"potentialAction\":[{\"@type\":\"SearchAction\",\"target\":{\"@type\":\"EntryPoint\",\"urlTemplate\":\"https:\\\/\\\/pagon24.pl\\\/?s={search_term_string}\"},\"query-input\":{\"@type\":\"PropertyValueSpecification\",\"valueRequired\":true,\"valueName\":\"search_term_string\"}}],\"inLanguage\":\"en-US\"},{\"@type\":\"Organization\",\"@id\":\"https:\\\/\\\/pagon24.pl\\\/#organization\",\"name\":\"Pagon24.pl\",\"url\":\"https:\\\/\\\/pagon24.pl\\\/\",\"logo\":{\"@type\":\"ImageObject\",\"inLanguage\":\"en-US\",\"@id\":\"https:\\\/\\\/pagon24.pl\\\/#\\\/schema\\\/logo\\\/image\\\/\",\"url\":\"https:\\\/\\\/pagon24.pl\\\/wp-content\\\/uploads\\\/2026\\\/03\\\/logo-pagon-granat.png\",\"contentUrl\":\"https:\\\/\\\/pagon24.pl\\\/wp-content\\\/uploads\\\/2026\\\/03\\\/logo-pagon-granat.png\",\"width\":569,\"height\":149,\"caption\":\"Pagon24.pl\"},\"image\":{\"@id\":\"https:\\\/\\\/pagon24.pl\\\/#\\\/schema\\\/logo\\\/image\\\/\"}}]}<\/script>\n<!-- \/ Yoast SEO plugin. -->","yoast_head_json":{"title":"Pagony pochewki policyjne Nadkomisarz komplet 2 sztuki - Pagon24.pl","robots":{"index":"index","follow":"follow","max-snippet":"max-snippet:-1","max-image-preview":"max-image-preview:large","max-video-preview":"max-video-preview:-1"},"canonical":"https:\/\/pagon24.pl\/en\/?product=pagony-pochewki-policyjne-nadkomisarz-komplet-2-sztuki","og_locale":"en_US","og_type":"article","og_title":"Pagony pochewki policyjne Nadkomisarz komplet 2 sztuki - Pagon24.pl","og_description":"Pagony pochewki Policji \u2013 trwa\u0142e, granatowe, wykonane wed\u0142ug oficjalnych standard\u00f3w. Podkre\u015blaj\u0105 stopie\u0144 s\u0142u\u017cbowy i profesjonalizm funkcjonariusza.","og_url":"https:\/\/pagon24.pl\/en\/?product=pagony-pochewki-policyjne-nadkomisarz-komplet-2-sztuki","og_site_name":"Pagon24.pl","article_modified_time":"2026-03-18T13:20:26+00:00","og_image":[{"width":1280,"height":1280,"url":"https:\/\/pagon24.pl\/wp-content\/uploads\/2026\/03\/pochewki-policja-nadkomisarz-pagon-pagony.jpg","type":"image\/jpeg"}],"twitter_card":"summary_large_image","twitter_misc":{"Est. reading time":"1 minute"},"schema":{"@context":"https:\/\/schema.org","@graph":[{"@type":"WebPage","@id":"https:\/\/pagon24.pl\/?product=pagony-pochewki-policyjne-nadkomisarz-komplet-2-sztuki","url":"https:\/\/pagon24.pl\/?product=pagony-pochewki-policyjne-nadkomisarz-komplet-2-sztuki","name":"Pagony pochewki policyjne Nadkomisarz komplet 2 sztuki - Pagon24.pl","isPartOf":{"@id":"https:\/\/pagon24.pl\/#website"},"primaryImageOfPage":{"@id":"https:\/\/pagon24.pl\/?product=pagony-pochewki-policyjne-nadkomisarz-komplet-2-sztuki#primaryimage"},"image":{"@id":"https:\/\/pagon24.pl\/?product=pagony-pochewki-policyjne-nadkomisarz-komplet-2-sztuki#primaryimage"},"thumbnailUrl":"https:\/\/pagon24.pl\/wp-content\/uploads\/2026\/03\/pochewki-policja-nadkomisarz-pagon-pagony.jpg","datePublished":"2026-03-18T13:20:01+00:00","dateModified":"2026-03-18T13:20:26+00:00","breadcrumb":{"@id":"https:\/\/pagon24.pl\/?product=pagony-pochewki-policyjne-nadkomisarz-komplet-2-sztuki#breadcrumb"},"inLanguage":"en-US","potentialAction":[{"@type":"ReadAction","target":["https:\/\/pagon24.pl\/?product=pagony-pochewki-policyjne-nadkomisarz-komplet-2-sztuki"]}]},{"@type":"ImageObject","inLanguage":"en-US","@id":"https:\/\/pagon24.pl\/?product=pagony-pochewki-policyjne-nadkomisarz-komplet-2-sztuki#primaryimage","url":"https:\/\/pagon24.pl\/wp-content\/uploads\/2026\/03\/pochewki-policja-nadkomisarz-pagon-pagony.jpg","contentUrl":"https:\/\/pagon24.pl\/wp-content\/uploads\/2026\/03\/pochewki-policja-nadkomisarz-pagon-pagony.jpg","width":1280,"height":1280,"caption":"pagony policyjne nadkomisarz pagon24"},{"@type":"BreadcrumbList","@id":"https:\/\/pagon24.pl\/?product=pagony-pochewki-policyjne-nadkomisarz-komplet-2-sztuki#breadcrumb","itemListElement":[{"@type":"ListItem","position":1,"name":"Strona g\u0142\u00f3wna","item":"https:\/\/pagon24.pl\/"},{"@type":"ListItem","position":2,"name":"Katalog","item":"https:\/\/pagon24.pl\/shop\/"},{"@type":"ListItem","position":3,"name":"Pagony pochewki policyjne Nadkomisarz komplet 2 sztuki"}]},{"@type":"WebSite","@id":"https:\/\/pagon24.pl\/#website","url":"https:\/\/pagon24.pl\/","name":"Pagon24.pl","description":"Sklep mundurowy we Wroc\u0142awiu","publisher":{"@id":"https:\/\/pagon24.pl\/#organization"},"potentialAction":[{"@type":"SearchAction","target":{"@type":"EntryPoint","urlTemplate":"https:\/\/pagon24.pl\/?s={search_term_string}"},"query-input":{"@type":"PropertyValueSpecification","valueRequired":true,"valueName":"search_term_string"}}],"inLanguage":"en-US"},{"@type":"Organization","@id":"https:\/\/pagon24.pl\/#organization","name":"Pagon24.pl","url":"https:\/\/pagon24.pl\/","logo":{"@type":"ImageObject","inLanguage":"en-US","@id":"https:\/\/pagon24.pl\/#\/schema\/logo\/image\/","url":"https:\/\/pagon24.pl\/wp-content\/uploads\/2026\/03\/logo-pagon-granat.png","contentUrl":"https:\/\/pagon24.pl\/wp-content\/uploads\/2026\/03\/logo-pagon-granat.png","width":569,"height":149,"caption":"Pagon24.pl"},"image":{"@id":"https:\/\/pagon24.pl\/#\/schema\/logo\/image\/"}}]}},"_links":{"self":[{"href":"https:\/\/pagon24.pl\/en\/wp-json\/wp\/v2\/product\/29669","targetHints":{"allow":["GET"]}}],"collection":[{"href":"https:\/\/pagon24.pl\/en\/wp-json\/wp\/v2\/product"}],"about":[{"href":"https:\/\/pagon24.pl\/en\/wp-json\/wp\/v2\/types\/product"}],"replies":[{"embeddable":true,"href":"https:\/\/pagon24.pl\/en\/wp-json\/wp\/v2\/comments?post=29669"}],"version-history":[{"count":1,"href":"https:\/\/pagon24.pl\/en\/wp-json\/wp\/v2\/product\/29669\/revisions"}],"predecessor-version":[{"id":29670,"href":"https:\/\/pagon24.pl\/en\/wp-json\/wp\/v2\/product\/29669\/revisions\/29670"}],"wp:featuredmedia":[{"embeddable":true,"href":"https:\/\/pagon24.pl\/en\/wp-json\/wp\/v2\/media\/29269"}],"wp:attachment":[{"href":"https:\/\/pagon24.pl\/en\/wp-json\/wp\/v2\/media?parent=29669"}],"wp:term":[{"taxonomy":"product_brand","embeddable":true,"href":"https:\/\/pagon24.pl\/en\/wp-json\/wp\/v2\/product_brand?post=29669"},{"taxonomy":"product_cat","embeddable":true,"href":"https:\/\/pagon24.pl\/en\/wp-json\/wp\/v2\/product_cat?post=29669"},{"taxonomy":"product_tag","embeddable":true,"href":"https:\/\/pagon24.pl\/en\/wp-json\/wp\/v2\/product_tag?post=29669"}],"curies":[{"name":"wp","href":"https:\/\/api.w.org\/{rel}","templated":true}]}}