{"id":29633,"date":"2026-03-18T13:33:11","date_gmt":"2026-03-18T12:33:11","guid":{"rendered":"https:\/\/pagon24.pl\/?post_type=product&#038;p=29633"},"modified":"2026-03-18T13:33:12","modified_gmt":"2026-03-18T12:33:12","slug":"granatowy-otok-do-czapki-garnizonowej-policji-aspirant-sztabowy","status":"publish","type":"product","link":"https:\/\/pagon24.pl\/en\/product\/granatowy-otok-do-czapki-garnizonowej-policji-aspirant-sztabowy\/","title":{"rendered":"Granatowy otok do czapki garnizonowej Policji Aspirant Sztabowy"},"content":{"rendered":"<h2 class=\"wp-block-heading has-x-large-font-size\"><strong>Otok do czapki policyjnej przeznaczony dla stopnia \u2013 Aspirant Sztabowy<\/strong><\/h2>\n<p><strong>Granatowy otok<\/strong> <strong>do czapki garnizonowej Policji <\/strong>to wysokiej jako\u015bci akcesorium przeznaczone <strong>dla funkcjonariuszy,<\/strong> kt\u00f3rzy pragn\u0105 od\u015bwie\u017cy\u0107 lub dostosowa\u0107 wygl\u0105d swojej <strong>czapki s\u0142u\u017cbowej.<\/strong> Wykonany z trwa\u0142ego materia\u0142u, gwarantuje estetyczny wygl\u0105d i d\u0142ugotrwa\u0142e u\u017cytkowanie. <strong>Zadba o w\u0142a\u015bciwe oznaczenie funkcji w oparciu o obowi\u0105zuj\u0105ce wzory.<\/strong><\/p>\n<p><strong>Element mocowany jest na czapce s\u0142u\u017cbowej<\/strong> \u2013 odpowiada konkretnemu stopniowi w strukturze formacji. <strong>Otok <\/strong>zosta\u0142 starannie uszyty z materia\u0142\u00f3w odpornych na codzienne u\u017cytkowanie i dzia\u0142anie czynnik\u00f3w atmosferycznych.<\/p>\n<h3 class=\"wp-block-heading has-x-large-font-size\">Specyfikacja<\/h3>\n<ul class=\"wp-block-list\">\n<li><strong>Przeznaczenie<\/strong>: Czapka policyjna garnizonowa<\/li>\n<li><strong>Stopie\u0144 s\u0142u\u017cbowy: Aspirant<\/strong> <strong>Sztabowy<\/strong><\/li>\n<li><strong>Kolor:<\/strong> Granatowy<\/li>\n<li><strong>Materia\u0142:<\/strong> Sukno granatowe<\/li>\n<li><strong>Wyko\u0144czenie:<\/strong> Precyzyjne i estetyczne<\/li>\n<\/ul>","protected":false},"excerpt":{"rendered":"<p>Granatowy otok do czapki garnizonowej Policji to wysokiej jako\u015bci akcesorium przeznaczone dla funkcjonariuszy, kt\u00f3rzy pragn\u0105 od\u015bwie\u017cy\u0107 lub dostosowa\u0107 wygl\u0105d swojej czapki s\u0142u\u017cbowej. Wykonany z trwa\u0142ego materia\u0142u, gwarantuje estetyczny wygl\u0105d i d\u0142ugotrwa\u0142e u\u017cytkowanie. Zadba o w\u0142a\u015bciwe oznaczenie funkcji w oparciu o obowi\u0105zuj\u0105ce wzory.<\/p>","protected":false},"featured_media":29224,"comment_status":"open","ping_status":"closed","template":"","meta":[],"product_brand":[],"product_cat":[185],"product_tag":[],"class_list":{"0":"post-29633","1":"product","2":"type-product","3":"status-publish","4":"has-post-thumbnail","6":"product_cat-otoki","8":"first","9":"instock","10":"taxable","11":"shipping-taxable","12":"purchasable","13":"product-type-simple"},"yoast_head":"<!-- This site is optimized with the Yoast SEO plugin v27.5 - https:\/\/yoast.com\/product\/yoast-seo-wordpress\/ -->\n<title>Granatowy otok do czapki garnizonowej Policji Aspirant Sztabowy - Pagon24.pl<\/title>\n<meta name=\"robots\" content=\"index, follow, max-snippet:-1, max-image-preview:large, max-video-preview:-1\" \/>\n<link rel=\"canonical\" href=\"https:\/\/pagon24.pl\/en\/?product=granatowy-otok-do-czapki-garnizonowej-policji-aspirant-sztabowy\" \/>\n<meta property=\"og:locale\" content=\"en_US\" \/>\n<meta property=\"og:type\" content=\"article\" \/>\n<meta property=\"og:title\" content=\"Granatowy otok do czapki garnizonowej Policji Aspirant Sztabowy - Pagon24.pl\" \/>\n<meta property=\"og:description\" content=\"Granatowy otok do czapki garnizonowej Policji to wysokiej jako\u015bci akcesorium przeznaczone dla funkcjonariuszy, kt\u00f3rzy pragn\u0105 od\u015bwie\u017cy\u0107 lub dostosowa\u0107 wygl\u0105d swojej czapki s\u0142u\u017cbowej. Wykonany z trwa\u0142ego materia\u0142u, gwarantuje estetyczny wygl\u0105d i d\u0142ugotrwa\u0142e u\u017cytkowanie. Zadba o w\u0142a\u015bciwe oznaczenie funkcji w oparciu o obowi\u0105zuj\u0105ce wzory.\" \/>\n<meta property=\"og:url\" content=\"https:\/\/pagon24.pl\/en\/?product=granatowy-otok-do-czapki-garnizonowej-policji-aspirant-sztabowy\" \/>\n<meta property=\"og:site_name\" content=\"Pagon24.pl\" \/>\n<meta property=\"article:modified_time\" content=\"2026-03-18T12:33:12+00:00\" \/>\n<meta property=\"og:image\" content=\"https:\/\/pagon24.pl\/wp-content\/uploads\/2026\/03\/otok-policyjny-do-czapki-gabardyny-aspirant-sztabowy.jpg\" \/>\n\t<meta property=\"og:image:width\" content=\"2056\" \/>\n\t<meta property=\"og:image:height\" content=\"2056\" \/>\n\t<meta property=\"og:image:type\" content=\"image\/jpeg\" \/>\n<meta name=\"twitter:card\" content=\"summary_large_image\" \/>\n<meta name=\"twitter:label1\" content=\"Est. reading time\" \/>\n\t<meta name=\"twitter:data1\" content=\"1 minute\" \/>\n<script type=\"application\/ld+json\" class=\"yoast-schema-graph\">{\"@context\":\"https:\\\/\\\/schema.org\",\"@graph\":[{\"@type\":\"WebPage\",\"@id\":\"https:\\\/\\\/pagon24.pl\\\/?product=granatowy-otok-do-czapki-garnizonowej-policji-aspirant-sztabowy\",\"url\":\"https:\\\/\\\/pagon24.pl\\\/?product=granatowy-otok-do-czapki-garnizonowej-policji-aspirant-sztabowy\",\"name\":\"Granatowy otok do czapki garnizonowej Policji Aspirant Sztabowy - Pagon24.pl\",\"isPartOf\":{\"@id\":\"https:\\\/\\\/pagon24.pl\\\/#website\"},\"primaryImageOfPage\":{\"@id\":\"https:\\\/\\\/pagon24.pl\\\/?product=granatowy-otok-do-czapki-garnizonowej-policji-aspirant-sztabowy#primaryimage\"},\"image\":{\"@id\":\"https:\\\/\\\/pagon24.pl\\\/?product=granatowy-otok-do-czapki-garnizonowej-policji-aspirant-sztabowy#primaryimage\"},\"thumbnailUrl\":\"https:\\\/\\\/pagon24.pl\\\/wp-content\\\/uploads\\\/2026\\\/03\\\/otok-policyjny-do-czapki-gabardyny-aspirant-sztabowy.jpg\",\"datePublished\":\"2026-03-18T12:33:11+00:00\",\"dateModified\":\"2026-03-18T12:33:12+00:00\",\"breadcrumb\":{\"@id\":\"https:\\\/\\\/pagon24.pl\\\/?product=granatowy-otok-do-czapki-garnizonowej-policji-aspirant-sztabowy#breadcrumb\"},\"inLanguage\":\"en-US\",\"potentialAction\":[{\"@type\":\"ReadAction\",\"target\":[\"https:\\\/\\\/pagon24.pl\\\/?product=granatowy-otok-do-czapki-garnizonowej-policji-aspirant-sztabowy\"]}]},{\"@type\":\"ImageObject\",\"inLanguage\":\"en-US\",\"@id\":\"https:\\\/\\\/pagon24.pl\\\/?product=granatowy-otok-do-czapki-garnizonowej-policji-aspirant-sztabowy#primaryimage\",\"url\":\"https:\\\/\\\/pagon24.pl\\\/wp-content\\\/uploads\\\/2026\\\/03\\\/otok-policyjny-do-czapki-gabardyny-aspirant-sztabowy.jpg\",\"contentUrl\":\"https:\\\/\\\/pagon24.pl\\\/wp-content\\\/uploads\\\/2026\\\/03\\\/otok-policyjny-do-czapki-gabardyny-aspirant-sztabowy.jpg\",\"width\":2056,\"height\":2056,\"caption\":\"otok policyjny aspirant sztabowy pagon24\"},{\"@type\":\"BreadcrumbList\",\"@id\":\"https:\\\/\\\/pagon24.pl\\\/?product=granatowy-otok-do-czapki-garnizonowej-policji-aspirant-sztabowy#breadcrumb\",\"itemListElement\":[{\"@type\":\"ListItem\",\"position\":1,\"name\":\"Strona g\u0142\u00f3wna\",\"item\":\"https:\\\/\\\/pagon24.pl\\\/\"},{\"@type\":\"ListItem\",\"position\":2,\"name\":\"Katalog\",\"item\":\"https:\\\/\\\/pagon24.pl\\\/shop\\\/\"},{\"@type\":\"ListItem\",\"position\":3,\"name\":\"Granatowy otok do czapki garnizonowej Policji Aspirant Sztabowy\"}]},{\"@type\":\"WebSite\",\"@id\":\"https:\\\/\\\/pagon24.pl\\\/#website\",\"url\":\"https:\\\/\\\/pagon24.pl\\\/\",\"name\":\"Pagon24.pl\",\"description\":\"Sklep mundurowy we Wroc\u0142awiu\",\"publisher\":{\"@id\":\"https:\\\/\\\/pagon24.pl\\\/#organization\"},\"potentialAction\":[{\"@type\":\"SearchAction\",\"target\":{\"@type\":\"EntryPoint\",\"urlTemplate\":\"https:\\\/\\\/pagon24.pl\\\/?s={search_term_string}\"},\"query-input\":{\"@type\":\"PropertyValueSpecification\",\"valueRequired\":true,\"valueName\":\"search_term_string\"}}],\"inLanguage\":\"en-US\"},{\"@type\":\"Organization\",\"@id\":\"https:\\\/\\\/pagon24.pl\\\/#organization\",\"name\":\"Pagon24.pl\",\"url\":\"https:\\\/\\\/pagon24.pl\\\/\",\"logo\":{\"@type\":\"ImageObject\",\"inLanguage\":\"en-US\",\"@id\":\"https:\\\/\\\/pagon24.pl\\\/#\\\/schema\\\/logo\\\/image\\\/\",\"url\":\"https:\\\/\\\/pagon24.pl\\\/wp-content\\\/uploads\\\/2026\\\/03\\\/logo-pagon-granat.png\",\"contentUrl\":\"https:\\\/\\\/pagon24.pl\\\/wp-content\\\/uploads\\\/2026\\\/03\\\/logo-pagon-granat.png\",\"width\":569,\"height\":149,\"caption\":\"Pagon24.pl\"},\"image\":{\"@id\":\"https:\\\/\\\/pagon24.pl\\\/#\\\/schema\\\/logo\\\/image\\\/\"}}]}<\/script>\n<!-- \/ Yoast SEO plugin. -->","yoast_head_json":{"title":"Granatowy otok do czapki garnizonowej Policji Aspirant Sztabowy - Pagon24.pl","robots":{"index":"index","follow":"follow","max-snippet":"max-snippet:-1","max-image-preview":"max-image-preview:large","max-video-preview":"max-video-preview:-1"},"canonical":"https:\/\/pagon24.pl\/en\/?product=granatowy-otok-do-czapki-garnizonowej-policji-aspirant-sztabowy","og_locale":"en_US","og_type":"article","og_title":"Granatowy otok do czapki garnizonowej Policji Aspirant Sztabowy - Pagon24.pl","og_description":"Granatowy otok do czapki garnizonowej Policji to wysokiej jako\u015bci akcesorium przeznaczone dla funkcjonariuszy, kt\u00f3rzy pragn\u0105 od\u015bwie\u017cy\u0107 lub dostosowa\u0107 wygl\u0105d swojej czapki s\u0142u\u017cbowej. Wykonany z trwa\u0142ego materia\u0142u, gwarantuje estetyczny wygl\u0105d i d\u0142ugotrwa\u0142e u\u017cytkowanie. Zadba o w\u0142a\u015bciwe oznaczenie funkcji w oparciu o obowi\u0105zuj\u0105ce wzory.","og_url":"https:\/\/pagon24.pl\/en\/?product=granatowy-otok-do-czapki-garnizonowej-policji-aspirant-sztabowy","og_site_name":"Pagon24.pl","article_modified_time":"2026-03-18T12:33:12+00:00","og_image":[{"width":2056,"height":2056,"url":"https:\/\/pagon24.pl\/wp-content\/uploads\/2026\/03\/otok-policyjny-do-czapki-gabardyny-aspirant-sztabowy.jpg","type":"image\/jpeg"}],"twitter_card":"summary_large_image","twitter_misc":{"Est. reading time":"1 minute"},"schema":{"@context":"https:\/\/schema.org","@graph":[{"@type":"WebPage","@id":"https:\/\/pagon24.pl\/?product=granatowy-otok-do-czapki-garnizonowej-policji-aspirant-sztabowy","url":"https:\/\/pagon24.pl\/?product=granatowy-otok-do-czapki-garnizonowej-policji-aspirant-sztabowy","name":"Granatowy otok do czapki garnizonowej Policji Aspirant Sztabowy - Pagon24.pl","isPartOf":{"@id":"https:\/\/pagon24.pl\/#website"},"primaryImageOfPage":{"@id":"https:\/\/pagon24.pl\/?product=granatowy-otok-do-czapki-garnizonowej-policji-aspirant-sztabowy#primaryimage"},"image":{"@id":"https:\/\/pagon24.pl\/?product=granatowy-otok-do-czapki-garnizonowej-policji-aspirant-sztabowy#primaryimage"},"thumbnailUrl":"https:\/\/pagon24.pl\/wp-content\/uploads\/2026\/03\/otok-policyjny-do-czapki-gabardyny-aspirant-sztabowy.jpg","datePublished":"2026-03-18T12:33:11+00:00","dateModified":"2026-03-18T12:33:12+00:00","breadcrumb":{"@id":"https:\/\/pagon24.pl\/?product=granatowy-otok-do-czapki-garnizonowej-policji-aspirant-sztabowy#breadcrumb"},"inLanguage":"en-US","potentialAction":[{"@type":"ReadAction","target":["https:\/\/pagon24.pl\/?product=granatowy-otok-do-czapki-garnizonowej-policji-aspirant-sztabowy"]}]},{"@type":"ImageObject","inLanguage":"en-US","@id":"https:\/\/pagon24.pl\/?product=granatowy-otok-do-czapki-garnizonowej-policji-aspirant-sztabowy#primaryimage","url":"https:\/\/pagon24.pl\/wp-content\/uploads\/2026\/03\/otok-policyjny-do-czapki-gabardyny-aspirant-sztabowy.jpg","contentUrl":"https:\/\/pagon24.pl\/wp-content\/uploads\/2026\/03\/otok-policyjny-do-czapki-gabardyny-aspirant-sztabowy.jpg","width":2056,"height":2056,"caption":"otok policyjny aspirant sztabowy pagon24"},{"@type":"BreadcrumbList","@id":"https:\/\/pagon24.pl\/?product=granatowy-otok-do-czapki-garnizonowej-policji-aspirant-sztabowy#breadcrumb","itemListElement":[{"@type":"ListItem","position":1,"name":"Strona g\u0142\u00f3wna","item":"https:\/\/pagon24.pl\/"},{"@type":"ListItem","position":2,"name":"Katalog","item":"https:\/\/pagon24.pl\/shop\/"},{"@type":"ListItem","position":3,"name":"Granatowy otok do czapki garnizonowej Policji Aspirant Sztabowy"}]},{"@type":"WebSite","@id":"https:\/\/pagon24.pl\/#website","url":"https:\/\/pagon24.pl\/","name":"Pagon24.pl","description":"Sklep mundurowy we Wroc\u0142awiu","publisher":{"@id":"https:\/\/pagon24.pl\/#organization"},"potentialAction":[{"@type":"SearchAction","target":{"@type":"EntryPoint","urlTemplate":"https:\/\/pagon24.pl\/?s={search_term_string}"},"query-input":{"@type":"PropertyValueSpecification","valueRequired":true,"valueName":"search_term_string"}}],"inLanguage":"en-US"},{"@type":"Organization","@id":"https:\/\/pagon24.pl\/#organization","name":"Pagon24.pl","url":"https:\/\/pagon24.pl\/","logo":{"@type":"ImageObject","inLanguage":"en-US","@id":"https:\/\/pagon24.pl\/#\/schema\/logo\/image\/","url":"https:\/\/pagon24.pl\/wp-content\/uploads\/2026\/03\/logo-pagon-granat.png","contentUrl":"https:\/\/pagon24.pl\/wp-content\/uploads\/2026\/03\/logo-pagon-granat.png","width":569,"height":149,"caption":"Pagon24.pl"},"image":{"@id":"https:\/\/pagon24.pl\/#\/schema\/logo\/image\/"}}]}},"_links":{"self":[{"href":"https:\/\/pagon24.pl\/en\/wp-json\/wp\/v2\/product\/29633","targetHints":{"allow":["GET"]}}],"collection":[{"href":"https:\/\/pagon24.pl\/en\/wp-json\/wp\/v2\/product"}],"about":[{"href":"https:\/\/pagon24.pl\/en\/wp-json\/wp\/v2\/types\/product"}],"replies":[{"embeddable":true,"href":"https:\/\/pagon24.pl\/en\/wp-json\/wp\/v2\/comments?post=29633"}],"version-history":[{"count":1,"href":"https:\/\/pagon24.pl\/en\/wp-json\/wp\/v2\/product\/29633\/revisions"}],"predecessor-version":[{"id":29634,"href":"https:\/\/pagon24.pl\/en\/wp-json\/wp\/v2\/product\/29633\/revisions\/29634"}],"wp:featuredmedia":[{"embeddable":true,"href":"https:\/\/pagon24.pl\/en\/wp-json\/wp\/v2\/media\/29224"}],"wp:attachment":[{"href":"https:\/\/pagon24.pl\/en\/wp-json\/wp\/v2\/media?parent=29633"}],"wp:term":[{"taxonomy":"product_brand","embeddable":true,"href":"https:\/\/pagon24.pl\/en\/wp-json\/wp\/v2\/product_brand?post=29633"},{"taxonomy":"product_cat","embeddable":true,"href":"https:\/\/pagon24.pl\/en\/wp-json\/wp\/v2\/product_cat?post=29633"},{"taxonomy":"product_tag","embeddable":true,"href":"https:\/\/pagon24.pl\/en\/wp-json\/wp\/v2\/product_tag?post=29633"}],"curies":[{"name":"wp","href":"https:\/\/api.w.org\/{rel}","templated":true}]}}