{"id":29602,"date":"2026-03-18T13:04:12","date_gmt":"2026-03-18T12:04:12","guid":{"rendered":"https:\/\/pagon24.pl\/?post_type=product&#038;p=29602"},"modified":"2026-03-18T13:04:12","modified_gmt":"2026-03-18T12:04:12","slug":"pas-pleciony-policyjny","status":"publish","type":"product","link":"https:\/\/pagon24.pl\/en\/product\/pas-pleciony-policyjny\/","title":{"rendered":"Pas Pleciony Policyjny"},"content":{"rendered":"<h2 class=\"wp-block-heading has-x-large-font-size\"><strong>Pas taktyczny, dwupas z uchwytami do akcesori\u00f3w. Poliamid.<\/strong><\/h2>\n<p>Wysokiej klasy <strong>pas taktyczny<\/strong> wykonany z <strong>g\u0119sto tkanej, wytrzyma\u0142ej ta\u015bmy poliamidowej<\/strong> w <strong>kolorze czarnym<\/strong>, zaprojektowany z my\u015bl\u0105 o u\u017cytkownikach mundurowych i s\u0142u\u017cbach profesjonalnych. Sk\u0142ada si\u0119 z dw\u00f3ch element\u00f3w: <strong>wewn\u0119trznego pasa wk\u0142adanego w szlufki spodni oraz zewn\u0119trznego pasa mocowanego na wewn\u0119trzny systemem mocnego rzepa<\/strong>, co zapewnia stabilno\u015b\u0107 i komfort noszenia nawet przy pe\u0142nym obci\u0105\u017ceniu osprz\u0119tu. Zastosowano tak\u017ce <strong>sztywne szlufki z tworzywa<\/strong>, kt\u00f3re<strong> stabilizuj\u0105 przebieg <\/strong>pasa i zapobiegaj\u0105 jego skr\u0119caniu podczas u\u017cytkowania. Do tego <strong>dwie szlufki materia\u0142owe<\/strong>, wyko\u0144czone <strong>dwoma metalowymi p\u00f3\u0142kolami (D-ringi)<\/strong>, <strong>zabezpieczone solidnymi nitami<\/strong>. Umo\u017cliwiaj\u0105 one <strong>podpi\u0119cie dodatkowych akcesori\u00f3w.<\/strong><\/p>\n<h3 class=\"wp-block-heading has-x-large-font-size\"><strong>Specyfikacja<\/strong><\/h3>\n<ul class=\"wp-block-list\">\n<li><strong>Materia\u0142:<\/strong>\u00a0poliamid<\/li>\n<li><strong>Kolor:<\/strong>\u00a0czarny<\/li>\n<li><strong>Klamra:<\/strong>\u00a0szybka, trzypunktowa<\/li>\n<li><strong>Szeroko\u015b\u0107 pasa:<\/strong>\u00a05 cm<\/li>\n<li><strong>Waga produktu<\/strong>: 220g<\/li>\n<\/ul>","protected":false},"excerpt":{"rendered":"<p>Wytrzyma\u0142y pas taktyczny pleciony w konstrukcji dwupasowej, zaprojektowany do stabilnego przenoszenia podstawowego oporz\u0105dzenia. Wykonany z g\u0119sto tkanej ta\u015bmy poliamidowej, wyposa\u017cony w sztywne prowadnice z tworzywa oraz metalowe D-ringi umo\u017cliwiaj\u0105ce podpi\u0119cie akcesori\u00f3w. Sprawdzi si\u0119 zar\u00f3wno w zastosowaniach s\u0142u\u017cbowych, jak i codziennym u\u017cytkowaniu.<\/p>","protected":false},"featured_media":29287,"comment_status":"open","ping_status":"closed","template":"","meta":[],"product_brand":[],"product_cat":[23],"product_tag":[],"class_list":{"0":"post-29602","1":"product","2":"type-product","3":"status-publish","4":"has-post-thumbnail","6":"product_cat-akcesoria-policyjne","8":"first","9":"instock","10":"taxable","11":"shipping-taxable","12":"purchasable","13":"product-type-variable"},"yoast_head":"<!-- This site is optimized with the Yoast SEO plugin v27.5 - https:\/\/yoast.com\/product\/yoast-seo-wordpress\/ -->\n<title>Pas Pleciony Policyjny - Pagon24.pl<\/title>\n<meta name=\"robots\" content=\"index, follow, max-snippet:-1, max-image-preview:large, max-video-preview:-1\" \/>\n<link rel=\"canonical\" href=\"https:\/\/pagon24.pl\/en\/?product=pas-pleciony-policyjny\" \/>\n<meta property=\"og:locale\" content=\"en_US\" \/>\n<meta property=\"og:type\" content=\"article\" \/>\n<meta property=\"og:title\" content=\"Pas Pleciony Policyjny - Pagon24.pl\" \/>\n<meta property=\"og:description\" content=\"Wytrzyma\u0142y pas taktyczny pleciony w konstrukcji dwupasowej, zaprojektowany do stabilnego przenoszenia podstawowego oporz\u0105dzenia. Wykonany z g\u0119sto tkanej ta\u015bmy poliamidowej, wyposa\u017cony w sztywne prowadnice z tworzywa oraz metalowe D-ringi umo\u017cliwiaj\u0105ce podpi\u0119cie akcesori\u00f3w. Sprawdzi si\u0119 zar\u00f3wno w zastosowaniach s\u0142u\u017cbowych, jak i codziennym u\u017cytkowaniu.\" \/>\n<meta property=\"og:url\" content=\"https:\/\/pagon24.pl\/en\/?product=pas-pleciony-policyjny\" \/>\n<meta property=\"og:site_name\" content=\"Pagon24.pl\" \/>\n<meta property=\"og:image\" content=\"https:\/\/pagon24.pl\/wp-content\/uploads\/2026\/03\/pas-taktyczny-policyjny-parciany-czarny-2.jpg\" \/>\n\t<meta property=\"og:image:width\" content=\"1600\" \/>\n\t<meta property=\"og:image:height\" content=\"1600\" \/>\n\t<meta property=\"og:image:type\" content=\"image\/jpeg\" \/>\n<meta name=\"twitter:card\" content=\"summary_large_image\" \/>\n<meta name=\"twitter:label1\" content=\"Est. reading time\" \/>\n\t<meta name=\"twitter:data1\" content=\"1 minute\" \/>\n<script type=\"application\/ld+json\" class=\"yoast-schema-graph\">{\"@context\":\"https:\\\/\\\/schema.org\",\"@graph\":[{\"@type\":\"WebPage\",\"@id\":\"https:\\\/\\\/pagon24.pl\\\/?product=pas-pleciony-policyjny\",\"url\":\"https:\\\/\\\/pagon24.pl\\\/?product=pas-pleciony-policyjny\",\"name\":\"Pas Pleciony Policyjny - Pagon24.pl\",\"isPartOf\":{\"@id\":\"https:\\\/\\\/pagon24.pl\\\/#website\"},\"primaryImageOfPage\":{\"@id\":\"https:\\\/\\\/pagon24.pl\\\/?product=pas-pleciony-policyjny#primaryimage\"},\"image\":{\"@id\":\"https:\\\/\\\/pagon24.pl\\\/?product=pas-pleciony-policyjny#primaryimage\"},\"thumbnailUrl\":\"https:\\\/\\\/pagon24.pl\\\/wp-content\\\/uploads\\\/2026\\\/03\\\/pas-taktyczny-policyjny-parciany-czarny-2.jpg\",\"datePublished\":\"2026-03-18T12:04:12+00:00\",\"breadcrumb\":{\"@id\":\"https:\\\/\\\/pagon24.pl\\\/?product=pas-pleciony-policyjny#breadcrumb\"},\"inLanguage\":\"en-US\",\"potentialAction\":[{\"@type\":\"ReadAction\",\"target\":[\"https:\\\/\\\/pagon24.pl\\\/?product=pas-pleciony-policyjny\"]}]},{\"@type\":\"ImageObject\",\"inLanguage\":\"en-US\",\"@id\":\"https:\\\/\\\/pagon24.pl\\\/?product=pas-pleciony-policyjny#primaryimage\",\"url\":\"https:\\\/\\\/pagon24.pl\\\/wp-content\\\/uploads\\\/2026\\\/03\\\/pas-taktyczny-policyjny-parciany-czarny-2.jpg\",\"contentUrl\":\"https:\\\/\\\/pagon24.pl\\\/wp-content\\\/uploads\\\/2026\\\/03\\\/pas-taktyczny-policyjny-parciany-czarny-2.jpg\",\"width\":1600,\"height\":1600,\"caption\":\"Pas pleciony policyjny pagon24\"},{\"@type\":\"BreadcrumbList\",\"@id\":\"https:\\\/\\\/pagon24.pl\\\/?product=pas-pleciony-policyjny#breadcrumb\",\"itemListElement\":[{\"@type\":\"ListItem\",\"position\":1,\"name\":\"Strona g\u0142\u00f3wna\",\"item\":\"https:\\\/\\\/pagon24.pl\\\/\"},{\"@type\":\"ListItem\",\"position\":2,\"name\":\"Katalog\",\"item\":\"https:\\\/\\\/pagon24.pl\\\/shop\\\/\"},{\"@type\":\"ListItem\",\"position\":3,\"name\":\"Pas Pleciony Policyjny\"}]},{\"@type\":\"WebSite\",\"@id\":\"https:\\\/\\\/pagon24.pl\\\/#website\",\"url\":\"https:\\\/\\\/pagon24.pl\\\/\",\"name\":\"Pagon24.pl\",\"description\":\"Sklep mundurowy we Wroc\u0142awiu\",\"publisher\":{\"@id\":\"https:\\\/\\\/pagon24.pl\\\/#organization\"},\"potentialAction\":[{\"@type\":\"SearchAction\",\"target\":{\"@type\":\"EntryPoint\",\"urlTemplate\":\"https:\\\/\\\/pagon24.pl\\\/?s={search_term_string}\"},\"query-input\":{\"@type\":\"PropertyValueSpecification\",\"valueRequired\":true,\"valueName\":\"search_term_string\"}}],\"inLanguage\":\"en-US\"},{\"@type\":\"Organization\",\"@id\":\"https:\\\/\\\/pagon24.pl\\\/#organization\",\"name\":\"Pagon24.pl\",\"url\":\"https:\\\/\\\/pagon24.pl\\\/\",\"logo\":{\"@type\":\"ImageObject\",\"inLanguage\":\"en-US\",\"@id\":\"https:\\\/\\\/pagon24.pl\\\/#\\\/schema\\\/logo\\\/image\\\/\",\"url\":\"https:\\\/\\\/pagon24.pl\\\/wp-content\\\/uploads\\\/2026\\\/03\\\/logo-pagon-granat.png\",\"contentUrl\":\"https:\\\/\\\/pagon24.pl\\\/wp-content\\\/uploads\\\/2026\\\/03\\\/logo-pagon-granat.png\",\"width\":569,\"height\":149,\"caption\":\"Pagon24.pl\"},\"image\":{\"@id\":\"https:\\\/\\\/pagon24.pl\\\/#\\\/schema\\\/logo\\\/image\\\/\"}}]}<\/script>\n<!-- \/ Yoast SEO plugin. -->","yoast_head_json":{"title":"Pas Pleciony Policyjny - Pagon24.pl","robots":{"index":"index","follow":"follow","max-snippet":"max-snippet:-1","max-image-preview":"max-image-preview:large","max-video-preview":"max-video-preview:-1"},"canonical":"https:\/\/pagon24.pl\/en\/?product=pas-pleciony-policyjny","og_locale":"en_US","og_type":"article","og_title":"Pas Pleciony Policyjny - Pagon24.pl","og_description":"Wytrzyma\u0142y pas taktyczny pleciony w konstrukcji dwupasowej, zaprojektowany do stabilnego przenoszenia podstawowego oporz\u0105dzenia. Wykonany z g\u0119sto tkanej ta\u015bmy poliamidowej, wyposa\u017cony w sztywne prowadnice z tworzywa oraz metalowe D-ringi umo\u017cliwiaj\u0105ce podpi\u0119cie akcesori\u00f3w. Sprawdzi si\u0119 zar\u00f3wno w zastosowaniach s\u0142u\u017cbowych, jak i codziennym u\u017cytkowaniu.","og_url":"https:\/\/pagon24.pl\/en\/?product=pas-pleciony-policyjny","og_site_name":"Pagon24.pl","og_image":[{"width":1600,"height":1600,"url":"https:\/\/pagon24.pl\/wp-content\/uploads\/2026\/03\/pas-taktyczny-policyjny-parciany-czarny-2.jpg","type":"image\/jpeg"}],"twitter_card":"summary_large_image","twitter_misc":{"Est. reading time":"1 minute"},"schema":{"@context":"https:\/\/schema.org","@graph":[{"@type":"WebPage","@id":"https:\/\/pagon24.pl\/?product=pas-pleciony-policyjny","url":"https:\/\/pagon24.pl\/?product=pas-pleciony-policyjny","name":"Pas Pleciony Policyjny - Pagon24.pl","isPartOf":{"@id":"https:\/\/pagon24.pl\/#website"},"primaryImageOfPage":{"@id":"https:\/\/pagon24.pl\/?product=pas-pleciony-policyjny#primaryimage"},"image":{"@id":"https:\/\/pagon24.pl\/?product=pas-pleciony-policyjny#primaryimage"},"thumbnailUrl":"https:\/\/pagon24.pl\/wp-content\/uploads\/2026\/03\/pas-taktyczny-policyjny-parciany-czarny-2.jpg","datePublished":"2026-03-18T12:04:12+00:00","breadcrumb":{"@id":"https:\/\/pagon24.pl\/?product=pas-pleciony-policyjny#breadcrumb"},"inLanguage":"en-US","potentialAction":[{"@type":"ReadAction","target":["https:\/\/pagon24.pl\/?product=pas-pleciony-policyjny"]}]},{"@type":"ImageObject","inLanguage":"en-US","@id":"https:\/\/pagon24.pl\/?product=pas-pleciony-policyjny#primaryimage","url":"https:\/\/pagon24.pl\/wp-content\/uploads\/2026\/03\/pas-taktyczny-policyjny-parciany-czarny-2.jpg","contentUrl":"https:\/\/pagon24.pl\/wp-content\/uploads\/2026\/03\/pas-taktyczny-policyjny-parciany-czarny-2.jpg","width":1600,"height":1600,"caption":"Pas pleciony policyjny pagon24"},{"@type":"BreadcrumbList","@id":"https:\/\/pagon24.pl\/?product=pas-pleciony-policyjny#breadcrumb","itemListElement":[{"@type":"ListItem","position":1,"name":"Strona g\u0142\u00f3wna","item":"https:\/\/pagon24.pl\/"},{"@type":"ListItem","position":2,"name":"Katalog","item":"https:\/\/pagon24.pl\/shop\/"},{"@type":"ListItem","position":3,"name":"Pas Pleciony Policyjny"}]},{"@type":"WebSite","@id":"https:\/\/pagon24.pl\/#website","url":"https:\/\/pagon24.pl\/","name":"Pagon24.pl","description":"Sklep mundurowy we Wroc\u0142awiu","publisher":{"@id":"https:\/\/pagon24.pl\/#organization"},"potentialAction":[{"@type":"SearchAction","target":{"@type":"EntryPoint","urlTemplate":"https:\/\/pagon24.pl\/?s={search_term_string}"},"query-input":{"@type":"PropertyValueSpecification","valueRequired":true,"valueName":"search_term_string"}}],"inLanguage":"en-US"},{"@type":"Organization","@id":"https:\/\/pagon24.pl\/#organization","name":"Pagon24.pl","url":"https:\/\/pagon24.pl\/","logo":{"@type":"ImageObject","inLanguage":"en-US","@id":"https:\/\/pagon24.pl\/#\/schema\/logo\/image\/","url":"https:\/\/pagon24.pl\/wp-content\/uploads\/2026\/03\/logo-pagon-granat.png","contentUrl":"https:\/\/pagon24.pl\/wp-content\/uploads\/2026\/03\/logo-pagon-granat.png","width":569,"height":149,"caption":"Pagon24.pl"},"image":{"@id":"https:\/\/pagon24.pl\/#\/schema\/logo\/image\/"}}]}},"_links":{"self":[{"href":"https:\/\/pagon24.pl\/en\/wp-json\/wp\/v2\/product\/29602","targetHints":{"allow":["GET"]}}],"collection":[{"href":"https:\/\/pagon24.pl\/en\/wp-json\/wp\/v2\/product"}],"about":[{"href":"https:\/\/pagon24.pl\/en\/wp-json\/wp\/v2\/types\/product"}],"replies":[{"embeddable":true,"href":"https:\/\/pagon24.pl\/en\/wp-json\/wp\/v2\/comments?post=29602"}],"version-history":[{"count":1,"href":"https:\/\/pagon24.pl\/en\/wp-json\/wp\/v2\/product\/29602\/revisions"}],"predecessor-version":[{"id":29610,"href":"https:\/\/pagon24.pl\/en\/wp-json\/wp\/v2\/product\/29602\/revisions\/29610"}],"wp:featuredmedia":[{"embeddable":true,"href":"https:\/\/pagon24.pl\/en\/wp-json\/wp\/v2\/media\/29287"}],"wp:attachment":[{"href":"https:\/\/pagon24.pl\/en\/wp-json\/wp\/v2\/media?parent=29602"}],"wp:term":[{"taxonomy":"product_brand","embeddable":true,"href":"https:\/\/pagon24.pl\/en\/wp-json\/wp\/v2\/product_brand?post=29602"},{"taxonomy":"product_cat","embeddable":true,"href":"https:\/\/pagon24.pl\/en\/wp-json\/wp\/v2\/product_cat?post=29602"},{"taxonomy":"product_tag","embeddable":true,"href":"https:\/\/pagon24.pl\/en\/wp-json\/wp\/v2\/product_tag?post=29602"}],"curies":[{"name":"wp","href":"https:\/\/api.w.org\/{rel}","templated":true}]}}