{"id":29598,"date":"2026-03-18T12:37:00","date_gmt":"2026-03-18T11:37:00","guid":{"rendered":"https:\/\/pagon24.pl\/?post_type=product&#038;p=29598"},"modified":"2026-03-23T15:49:28","modified_gmt":"2026-03-23T14:49:28","slug":"opaska-szybkiego-rozpoznania-na-rzep-policyjna","status":"publish","type":"product","link":"https:\/\/pagon24.pl\/en\/product\/opaska-szybkiego-rozpoznania-na-rzep-policyjna\/","title":{"rendered":"Opaska szybkiego rozpoznania na rzep Policyjna"},"content":{"rendered":"<h2 class=\"wp-block-heading has-x-large-font-size\">Odblaskowa opaska na rami\u0119 dla funkcjonariuszy Policji<\/h2>\n<p><strong>Opaska naramienna POLICJA<\/strong> to <strong>wysokiej jako\u015bci, odblaskowy i regulowany element identyfikacyjny<\/strong>, przeznaczony dla funkcjonariuszy <strong>Policji<\/strong>. <strong>Produkt zosta\u0142 zaprojektowany z my\u015bl\u0105 o bezpiecze\u0144stwie i widoczno\u015bci w dzie\u0144 i w nocy<\/strong> \u2013 idealny podczas dzia\u0142a\u0144 <strong>operacyjnych, patrolowych, \u0107wicze\u0144 czy kontroli ruchu drogowego.<\/strong><\/p>\n<h3 class=\"wp-block-heading has-x-large-font-size\"><strong>Specyfik<\/strong>acja<\/h3>\n<ul class=\"wp-block-list\">\n<li><strong>Kolory opaski:<\/strong> <strong>czarny, \u017c\u00f3\u0142ty, odblask srebrny<\/strong><\/li>\n<li><strong>Mocowanie: rzep<\/strong><\/li>\n<li><strong>D\u0142ugo\u015b\u0107 opaski<\/strong>: 57 cm<\/li>\n<li><strong>Szeroko\u015b\u0107 opaski<\/strong>: 10 cm<\/li>\n<li><strong>Szeroko\u015b\u0107 pola informacyjnego<\/strong>: 9 cm<\/li>\n<li><strong>D\u0142ugo\u015b\u0107 pola informacyjnego<\/strong>: 15 cm<\/li>\n<li><strong>Szeroko\u015b\u0107 odblaskowych pas\u00f3w <\/strong>: 10 mm<\/li>\n<li><strong>Szeroko\u015b\u0107 pola na napis POLICJA<\/strong>: 4,5 cm<\/li>\n<li><strong>D\u0142ugo\u015b\u0107 pola na napis POLICJA<\/strong>: 13 cm<\/li>\n<\/ul>","protected":false},"excerpt":{"rendered":"<p>Odblaskowa opaska naramienna POLICJA z regulowanym rzepem \u2013 szybka identyfikacja funkcjonariusza i lepsza widoczno\u015b\u0107 po zmroku. Lekka, wygodna i gotowa do u\u017cycia w terenie.<\/p>","protected":false},"featured_media":29210,"comment_status":"open","ping_status":"closed","template":"","meta":[],"product_brand":[],"product_cat":[23,284],"product_tag":[],"class_list":{"0":"post-29598","1":"product","2":"type-product","3":"status-publish","4":"has-post-thumbnail","6":"product_cat-akcesoria-policyjne","7":"product_cat-sluzba-kryminalna","9":"first","10":"instock","11":"taxable","12":"shipping-taxable","13":"purchasable","14":"product-type-simple"},"yoast_head":"<!-- This site is optimized with the Yoast SEO plugin v27.5 - https:\/\/yoast.com\/product\/yoast-seo-wordpress\/ -->\n<title>Opaska szybkiego rozpoznania na rzep Policyjna - Pagon24.pl<\/title>\n<meta name=\"robots\" content=\"index, follow, max-snippet:-1, max-image-preview:large, max-video-preview:-1\" \/>\n<link rel=\"canonical\" href=\"https:\/\/pagon24.pl\/en\/?product=opaska-szybkiego-rozpoznania-na-rzep-policyjna\" \/>\n<meta property=\"og:locale\" content=\"en_US\" \/>\n<meta property=\"og:type\" content=\"article\" \/>\n<meta property=\"og:title\" content=\"Opaska szybkiego rozpoznania na rzep Policyjna - Pagon24.pl\" \/>\n<meta property=\"og:description\" content=\"Odblaskowa opaska naramienna POLICJA z regulowanym rzepem \u2013 szybka identyfikacja funkcjonariusza i lepsza widoczno\u015b\u0107 po zmroku. Lekka, wygodna i gotowa do u\u017cycia w terenie.\" \/>\n<meta property=\"og:url\" content=\"https:\/\/pagon24.pl\/en\/?product=opaska-szybkiego-rozpoznania-na-rzep-policyjna\" \/>\n<meta property=\"og:site_name\" content=\"Pagon24.pl\" \/>\n<meta property=\"article:modified_time\" content=\"2026-03-23T14:49:28+00:00\" \/>\n<meta property=\"og:image\" content=\"https:\/\/pagon24.pl\/wp-content\/uploads\/2026\/03\/opaska-szybkiego-rozpoznania-policja-rzep-czarny-1-odblask.jpg\" \/>\n\t<meta property=\"og:image:width\" content=\"1600\" \/>\n\t<meta property=\"og:image:height\" content=\"1600\" \/>\n\t<meta property=\"og:image:type\" content=\"image\/jpeg\" \/>\n<meta name=\"twitter:card\" content=\"summary_large_image\" \/>\n<meta name=\"twitter:label1\" content=\"Est. reading time\" \/>\n\t<meta name=\"twitter:data1\" content=\"1 minute\" \/>\n<script type=\"application\/ld+json\" class=\"yoast-schema-graph\">{\"@context\":\"https:\\\/\\\/schema.org\",\"@graph\":[{\"@type\":\"WebPage\",\"@id\":\"https:\\\/\\\/pagon24.pl\\\/?product=opaska-szybkiego-rozpoznania-na-rzep-policyjna\",\"url\":\"https:\\\/\\\/pagon24.pl\\\/?product=opaska-szybkiego-rozpoznania-na-rzep-policyjna\",\"name\":\"Opaska szybkiego rozpoznania na rzep Policyjna - Pagon24.pl\",\"isPartOf\":{\"@id\":\"https:\\\/\\\/pagon24.pl\\\/#website\"},\"primaryImageOfPage\":{\"@id\":\"https:\\\/\\\/pagon24.pl\\\/?product=opaska-szybkiego-rozpoznania-na-rzep-policyjna#primaryimage\"},\"image\":{\"@id\":\"https:\\\/\\\/pagon24.pl\\\/?product=opaska-szybkiego-rozpoznania-na-rzep-policyjna#primaryimage\"},\"thumbnailUrl\":\"https:\\\/\\\/pagon24.pl\\\/wp-content\\\/uploads\\\/2026\\\/03\\\/opaska-szybkiego-rozpoznania-policja-rzep-czarny-1-odblask.jpg\",\"datePublished\":\"2026-03-18T11:37:00+00:00\",\"dateModified\":\"2026-03-23T14:49:28+00:00\",\"breadcrumb\":{\"@id\":\"https:\\\/\\\/pagon24.pl\\\/?product=opaska-szybkiego-rozpoznania-na-rzep-policyjna#breadcrumb\"},\"inLanguage\":\"en-US\",\"potentialAction\":[{\"@type\":\"ReadAction\",\"target\":[\"https:\\\/\\\/pagon24.pl\\\/?product=opaska-szybkiego-rozpoznania-na-rzep-policyjna\"]}]},{\"@type\":\"ImageObject\",\"inLanguage\":\"en-US\",\"@id\":\"https:\\\/\\\/pagon24.pl\\\/?product=opaska-szybkiego-rozpoznania-na-rzep-policyjna#primaryimage\",\"url\":\"https:\\\/\\\/pagon24.pl\\\/wp-content\\\/uploads\\\/2026\\\/03\\\/opaska-szybkiego-rozpoznania-policja-rzep-czarny-1-odblask.jpg\",\"contentUrl\":\"https:\\\/\\\/pagon24.pl\\\/wp-content\\\/uploads\\\/2026\\\/03\\\/opaska-szybkiego-rozpoznania-policja-rzep-czarny-1-odblask.jpg\",\"width\":1600,\"height\":1600,\"caption\":\"Opaska szybkiego rozpoznania rzep Policyjna pagon24\"},{\"@type\":\"BreadcrumbList\",\"@id\":\"https:\\\/\\\/pagon24.pl\\\/?product=opaska-szybkiego-rozpoznania-na-rzep-policyjna#breadcrumb\",\"itemListElement\":[{\"@type\":\"ListItem\",\"position\":1,\"name\":\"Strona g\u0142\u00f3wna\",\"item\":\"https:\\\/\\\/pagon24.pl\\\/\"},{\"@type\":\"ListItem\",\"position\":2,\"name\":\"Katalog\",\"item\":\"https:\\\/\\\/pagon24.pl\\\/shop\\\/\"},{\"@type\":\"ListItem\",\"position\":3,\"name\":\"Opaska szybkiego rozpoznania na rzep Policyjna\"}]},{\"@type\":\"WebSite\",\"@id\":\"https:\\\/\\\/pagon24.pl\\\/#website\",\"url\":\"https:\\\/\\\/pagon24.pl\\\/\",\"name\":\"Pagon24.pl\",\"description\":\"Sklep mundurowy we Wroc\u0142awiu\",\"publisher\":{\"@id\":\"https:\\\/\\\/pagon24.pl\\\/#organization\"},\"potentialAction\":[{\"@type\":\"SearchAction\",\"target\":{\"@type\":\"EntryPoint\",\"urlTemplate\":\"https:\\\/\\\/pagon24.pl\\\/?s={search_term_string}\"},\"query-input\":{\"@type\":\"PropertyValueSpecification\",\"valueRequired\":true,\"valueName\":\"search_term_string\"}}],\"inLanguage\":\"en-US\"},{\"@type\":\"Organization\",\"@id\":\"https:\\\/\\\/pagon24.pl\\\/#organization\",\"name\":\"Pagon24.pl\",\"url\":\"https:\\\/\\\/pagon24.pl\\\/\",\"logo\":{\"@type\":\"ImageObject\",\"inLanguage\":\"en-US\",\"@id\":\"https:\\\/\\\/pagon24.pl\\\/#\\\/schema\\\/logo\\\/image\\\/\",\"url\":\"https:\\\/\\\/pagon24.pl\\\/wp-content\\\/uploads\\\/2026\\\/03\\\/logo-pagon-granat.png\",\"contentUrl\":\"https:\\\/\\\/pagon24.pl\\\/wp-content\\\/uploads\\\/2026\\\/03\\\/logo-pagon-granat.png\",\"width\":569,\"height\":149,\"caption\":\"Pagon24.pl\"},\"image\":{\"@id\":\"https:\\\/\\\/pagon24.pl\\\/#\\\/schema\\\/logo\\\/image\\\/\"}}]}<\/script>\n<!-- \/ Yoast SEO plugin. -->","yoast_head_json":{"title":"Opaska szybkiego rozpoznania na rzep Policyjna - Pagon24.pl","robots":{"index":"index","follow":"follow","max-snippet":"max-snippet:-1","max-image-preview":"max-image-preview:large","max-video-preview":"max-video-preview:-1"},"canonical":"https:\/\/pagon24.pl\/en\/?product=opaska-szybkiego-rozpoznania-na-rzep-policyjna","og_locale":"en_US","og_type":"article","og_title":"Opaska szybkiego rozpoznania na rzep Policyjna - Pagon24.pl","og_description":"Odblaskowa opaska naramienna POLICJA z regulowanym rzepem \u2013 szybka identyfikacja funkcjonariusza i lepsza widoczno\u015b\u0107 po zmroku. Lekka, wygodna i gotowa do u\u017cycia w terenie.","og_url":"https:\/\/pagon24.pl\/en\/?product=opaska-szybkiego-rozpoznania-na-rzep-policyjna","og_site_name":"Pagon24.pl","article_modified_time":"2026-03-23T14:49:28+00:00","og_image":[{"width":1600,"height":1600,"url":"https:\/\/pagon24.pl\/wp-content\/uploads\/2026\/03\/opaska-szybkiego-rozpoznania-policja-rzep-czarny-1-odblask.jpg","type":"image\/jpeg"}],"twitter_card":"summary_large_image","twitter_misc":{"Est. reading time":"1 minute"},"schema":{"@context":"https:\/\/schema.org","@graph":[{"@type":"WebPage","@id":"https:\/\/pagon24.pl\/?product=opaska-szybkiego-rozpoznania-na-rzep-policyjna","url":"https:\/\/pagon24.pl\/?product=opaska-szybkiego-rozpoznania-na-rzep-policyjna","name":"Opaska szybkiego rozpoznania na rzep Policyjna - Pagon24.pl","isPartOf":{"@id":"https:\/\/pagon24.pl\/#website"},"primaryImageOfPage":{"@id":"https:\/\/pagon24.pl\/?product=opaska-szybkiego-rozpoznania-na-rzep-policyjna#primaryimage"},"image":{"@id":"https:\/\/pagon24.pl\/?product=opaska-szybkiego-rozpoznania-na-rzep-policyjna#primaryimage"},"thumbnailUrl":"https:\/\/pagon24.pl\/wp-content\/uploads\/2026\/03\/opaska-szybkiego-rozpoznania-policja-rzep-czarny-1-odblask.jpg","datePublished":"2026-03-18T11:37:00+00:00","dateModified":"2026-03-23T14:49:28+00:00","breadcrumb":{"@id":"https:\/\/pagon24.pl\/?product=opaska-szybkiego-rozpoznania-na-rzep-policyjna#breadcrumb"},"inLanguage":"en-US","potentialAction":[{"@type":"ReadAction","target":["https:\/\/pagon24.pl\/?product=opaska-szybkiego-rozpoznania-na-rzep-policyjna"]}]},{"@type":"ImageObject","inLanguage":"en-US","@id":"https:\/\/pagon24.pl\/?product=opaska-szybkiego-rozpoznania-na-rzep-policyjna#primaryimage","url":"https:\/\/pagon24.pl\/wp-content\/uploads\/2026\/03\/opaska-szybkiego-rozpoznania-policja-rzep-czarny-1-odblask.jpg","contentUrl":"https:\/\/pagon24.pl\/wp-content\/uploads\/2026\/03\/opaska-szybkiego-rozpoznania-policja-rzep-czarny-1-odblask.jpg","width":1600,"height":1600,"caption":"Opaska szybkiego rozpoznania rzep Policyjna pagon24"},{"@type":"BreadcrumbList","@id":"https:\/\/pagon24.pl\/?product=opaska-szybkiego-rozpoznania-na-rzep-policyjna#breadcrumb","itemListElement":[{"@type":"ListItem","position":1,"name":"Strona g\u0142\u00f3wna","item":"https:\/\/pagon24.pl\/"},{"@type":"ListItem","position":2,"name":"Katalog","item":"https:\/\/pagon24.pl\/shop\/"},{"@type":"ListItem","position":3,"name":"Opaska szybkiego rozpoznania na rzep Policyjna"}]},{"@type":"WebSite","@id":"https:\/\/pagon24.pl\/#website","url":"https:\/\/pagon24.pl\/","name":"Pagon24.pl","description":"Sklep mundurowy we Wroc\u0142awiu","publisher":{"@id":"https:\/\/pagon24.pl\/#organization"},"potentialAction":[{"@type":"SearchAction","target":{"@type":"EntryPoint","urlTemplate":"https:\/\/pagon24.pl\/?s={search_term_string}"},"query-input":{"@type":"PropertyValueSpecification","valueRequired":true,"valueName":"search_term_string"}}],"inLanguage":"en-US"},{"@type":"Organization","@id":"https:\/\/pagon24.pl\/#organization","name":"Pagon24.pl","url":"https:\/\/pagon24.pl\/","logo":{"@type":"ImageObject","inLanguage":"en-US","@id":"https:\/\/pagon24.pl\/#\/schema\/logo\/image\/","url":"https:\/\/pagon24.pl\/wp-content\/uploads\/2026\/03\/logo-pagon-granat.png","contentUrl":"https:\/\/pagon24.pl\/wp-content\/uploads\/2026\/03\/logo-pagon-granat.png","width":569,"height":149,"caption":"Pagon24.pl"},"image":{"@id":"https:\/\/pagon24.pl\/#\/schema\/logo\/image\/"}}]}},"_links":{"self":[{"href":"https:\/\/pagon24.pl\/en\/wp-json\/wp\/v2\/product\/29598","targetHints":{"allow":["GET"]}}],"collection":[{"href":"https:\/\/pagon24.pl\/en\/wp-json\/wp\/v2\/product"}],"about":[{"href":"https:\/\/pagon24.pl\/en\/wp-json\/wp\/v2\/types\/product"}],"replies":[{"embeddable":true,"href":"https:\/\/pagon24.pl\/en\/wp-json\/wp\/v2\/comments?post=29598"}],"version-history":[{"count":1,"href":"https:\/\/pagon24.pl\/en\/wp-json\/wp\/v2\/product\/29598\/revisions"}],"predecessor-version":[{"id":29599,"href":"https:\/\/pagon24.pl\/en\/wp-json\/wp\/v2\/product\/29598\/revisions\/29599"}],"wp:featuredmedia":[{"embeddable":true,"href":"https:\/\/pagon24.pl\/en\/wp-json\/wp\/v2\/media\/29210"}],"wp:attachment":[{"href":"https:\/\/pagon24.pl\/en\/wp-json\/wp\/v2\/media?parent=29598"}],"wp:term":[{"taxonomy":"product_brand","embeddable":true,"href":"https:\/\/pagon24.pl\/en\/wp-json\/wp\/v2\/product_brand?post=29598"},{"taxonomy":"product_cat","embeddable":true,"href":"https:\/\/pagon24.pl\/en\/wp-json\/wp\/v2\/product_cat?post=29598"},{"taxonomy":"product_tag","embeddable":true,"href":"https:\/\/pagon24.pl\/en\/wp-json\/wp\/v2\/product_tag?post=29598"}],"curies":[{"name":"wp","href":"https:\/\/api.w.org\/{rel}","templated":true}]}}