{"id":29596,"date":"2026-03-18T12:34:11","date_gmt":"2026-03-18T11:34:11","guid":{"rendered":"https:\/\/pagon24.pl\/?post_type=product&#038;p=29596"},"modified":"2026-03-23T15:49:28","modified_gmt":"2026-03-23T14:49:28","slug":"opaska-szybkiego-rozpoznania-elastyczna-policyjna","status":"publish","type":"product","link":"https:\/\/pagon24.pl\/en\/product\/opaska-szybkiego-rozpoznania-elastyczna-policyjna\/","title":{"rendered":"Opaska szybkiego rozpoznania elastyczna Policyjna"},"content":{"rendered":"<h2 class=\"wp-block-heading has-x-large-font-size\">Opaska odblaskowa, elastyczna opaska dla funkcjonariuszy Policji<\/h2>\n<p><strong>Odblaskowa opaska elastyczna POLICJA<\/strong> to profesjonalny element identyfikacyjny i bezpiecze\u0144stwa, kt\u00f3ry powinien znale\u017a\u0107 si\u0119 w wyposa\u017ceniu ka\u017cdego funkcjonariusza. Zaprojektowana z my\u015bl\u0105 o<strong> widoczno\u015bci i szybkim rozpoznaniu<\/strong>, opaska wykonana jest z wysokiej jako\u015bci poliestru o <strong>doskona\u0142ych w\u0142a\u015bciwo\u015bciach odblaskowych<\/strong>.<\/p>\n<p>Dzi\u0119ki centralnie umieszczonemu <strong>odblaskowemu napisowi \u201ePOLICJA\u201d<\/strong> oraz <strong>srebrnym paskom odblaskowym<\/strong>, produkt <strong>doskonale odbija \u015bwiat\u0142o w warunkach s\u0142abego o\u015bwietlenia, co zwi\u0119ksza bezpiecze\u0144stwo w ruchu drogowym<\/strong> i <strong>podczas pracy w terenie<\/strong>.<strong> Opaska naramienna Policji<\/strong> to nie tylko element identyfikacyjny, ale tak\u017ce praktyczny dodatek poprawiaj\u0105cy widoczno\u015b\u0107 funkcjonariusza zar\u00f3wno w dzie\u0144, jak i w nocy.<\/p>\n<h3 class=\"wp-block-heading has-x-large-font-size\"><strong>Specyfikacja<\/strong><\/h3>\n<ul class=\"wp-block-list\">\n<li><strong>Kolory opaski:<\/strong> <strong>czarny, \u017c\u00f3\u0142ty, odblask srebrny<\/strong><\/li>\n<li><strong>Mocowanie: elastyczna opaska i rzep<\/strong><\/li>\n<li><strong>Wymiary rzepu POLICJA:<\/strong> 18 x 10 cm<\/li>\n<li><strong>D\u0142ugo\u015b\u0107 dodatkowej opaski<\/strong>: 14 cm<\/li>\n<li><strong>Szeroko\u015b\u0107 opaski<\/strong>: 5 cm<\/li>\n<li><strong>Szeroko\u015b\u0107 odblaskowych pas\u00f3w <\/strong>: 10 mm<\/li>\n<li><strong>Szeroko\u015b\u0107 pola na napis POLICJA<\/strong>: 12 cm<\/li>\n<li><strong>D\u0142ugo\u015b\u0107 pola na napis POLICJA<\/strong>: 4 cm<\/li>\n<\/ul>","protected":false},"excerpt":{"rendered":"<p>Odblaskowa opaska elastyczna na rami\u0119 POLICJA, do szybkiej identyfikacji funkcjonariusza w warunkach terenowych i na s\u0142u\u017cbie. Wykonana z trwa\u0142ych materia\u0142\u00f3w o wysokiej widoczno\u015bci. Dzi\u0119ki du\u017cej powierzchni rzepa i elastycznej gumie cechuje j\u0105 znakomita przyczepno\u015b\u0107 i wysoki komfort w trakcie wykonywania czynno\u015bci s\u0142u\u017cbowych.<\/p>","protected":false},"featured_media":29204,"comment_status":"open","ping_status":"closed","template":"","meta":[],"product_brand":[],"product_cat":[23,284],"product_tag":[],"class_list":{"0":"post-29596","1":"product","2":"type-product","3":"status-publish","4":"has-post-thumbnail","6":"product_cat-akcesoria-policyjne","7":"product_cat-sluzba-kryminalna","9":"first","10":"instock","11":"taxable","12":"shipping-taxable","13":"purchasable","14":"product-type-simple"},"yoast_head":"<!-- This site is optimized with the Yoast SEO plugin v27.5 - https:\/\/yoast.com\/product\/yoast-seo-wordpress\/ -->\n<title>Opaska szybkiego rozpoznania elastyczna Policyjna - Pagon24.pl<\/title>\n<meta name=\"robots\" content=\"index, follow, max-snippet:-1, max-image-preview:large, max-video-preview:-1\" \/>\n<link rel=\"canonical\" href=\"https:\/\/pagon24.pl\/en\/?product=opaska-szybkiego-rozpoznania-elastyczna-policyjna\" \/>\n<meta property=\"og:locale\" content=\"en_US\" \/>\n<meta property=\"og:type\" content=\"article\" \/>\n<meta property=\"og:title\" content=\"Opaska szybkiego rozpoznania elastyczna Policyjna - Pagon24.pl\" \/>\n<meta property=\"og:description\" content=\"Odblaskowa opaska elastyczna na rami\u0119 POLICJA, do szybkiej identyfikacji funkcjonariusza w warunkach terenowych i na s\u0142u\u017cbie. Wykonana z trwa\u0142ych materia\u0142\u00f3w o wysokiej widoczno\u015bci. Dzi\u0119ki du\u017cej powierzchni rzepa i elastycznej gumie cechuje j\u0105 znakomita przyczepno\u015b\u0107 i wysoki komfort w trakcie wykonywania czynno\u015bci s\u0142u\u017cbowych.\" \/>\n<meta property=\"og:url\" content=\"https:\/\/pagon24.pl\/en\/?product=opaska-szybkiego-rozpoznania-elastyczna-policyjna\" \/>\n<meta property=\"og:site_name\" content=\"Pagon24.pl\" \/>\n<meta property=\"article:modified_time\" content=\"2026-03-23T14:49:28+00:00\" \/>\n<meta property=\"og:image\" content=\"https:\/\/pagon24.pl\/wp-content\/uploads\/2026\/03\/opaska-elastyczna-policja-rzep-1-odblask.jpg\" \/>\n\t<meta property=\"og:image:width\" content=\"1600\" \/>\n\t<meta property=\"og:image:height\" content=\"1600\" \/>\n\t<meta property=\"og:image:type\" content=\"image\/jpeg\" \/>\n<meta name=\"twitter:card\" content=\"summary_large_image\" \/>\n<meta name=\"twitter:label1\" content=\"Est. reading time\" \/>\n\t<meta name=\"twitter:data1\" content=\"2 minutes\" \/>\n<script type=\"application\/ld+json\" class=\"yoast-schema-graph\">{\"@context\":\"https:\\\/\\\/schema.org\",\"@graph\":[{\"@type\":\"WebPage\",\"@id\":\"https:\\\/\\\/pagon24.pl\\\/?product=opaska-szybkiego-rozpoznania-elastyczna-policyjna\",\"url\":\"https:\\\/\\\/pagon24.pl\\\/?product=opaska-szybkiego-rozpoznania-elastyczna-policyjna\",\"name\":\"Opaska szybkiego rozpoznania elastyczna Policyjna - Pagon24.pl\",\"isPartOf\":{\"@id\":\"https:\\\/\\\/pagon24.pl\\\/#website\"},\"primaryImageOfPage\":{\"@id\":\"https:\\\/\\\/pagon24.pl\\\/?product=opaska-szybkiego-rozpoznania-elastyczna-policyjna#primaryimage\"},\"image\":{\"@id\":\"https:\\\/\\\/pagon24.pl\\\/?product=opaska-szybkiego-rozpoznania-elastyczna-policyjna#primaryimage\"},\"thumbnailUrl\":\"https:\\\/\\\/pagon24.pl\\\/wp-content\\\/uploads\\\/2026\\\/03\\\/opaska-elastyczna-policja-rzep-1-odblask.jpg\",\"datePublished\":\"2026-03-18T11:34:11+00:00\",\"dateModified\":\"2026-03-23T14:49:28+00:00\",\"breadcrumb\":{\"@id\":\"https:\\\/\\\/pagon24.pl\\\/?product=opaska-szybkiego-rozpoznania-elastyczna-policyjna#breadcrumb\"},\"inLanguage\":\"en-US\",\"potentialAction\":[{\"@type\":\"ReadAction\",\"target\":[\"https:\\\/\\\/pagon24.pl\\\/?product=opaska-szybkiego-rozpoznania-elastyczna-policyjna\"]}]},{\"@type\":\"ImageObject\",\"inLanguage\":\"en-US\",\"@id\":\"https:\\\/\\\/pagon24.pl\\\/?product=opaska-szybkiego-rozpoznania-elastyczna-policyjna#primaryimage\",\"url\":\"https:\\\/\\\/pagon24.pl\\\/wp-content\\\/uploads\\\/2026\\\/03\\\/opaska-elastyczna-policja-rzep-1-odblask.jpg\",\"contentUrl\":\"https:\\\/\\\/pagon24.pl\\\/wp-content\\\/uploads\\\/2026\\\/03\\\/opaska-elastyczna-policja-rzep-1-odblask.jpg\",\"width\":1600,\"height\":1600,\"caption\":\"Opaska policyjna elastyczna pagon24\"},{\"@type\":\"BreadcrumbList\",\"@id\":\"https:\\\/\\\/pagon24.pl\\\/?product=opaska-szybkiego-rozpoznania-elastyczna-policyjna#breadcrumb\",\"itemListElement\":[{\"@type\":\"ListItem\",\"position\":1,\"name\":\"Strona g\u0142\u00f3wna\",\"item\":\"https:\\\/\\\/pagon24.pl\\\/\"},{\"@type\":\"ListItem\",\"position\":2,\"name\":\"Katalog\",\"item\":\"https:\\\/\\\/pagon24.pl\\\/shop\\\/\"},{\"@type\":\"ListItem\",\"position\":3,\"name\":\"Opaska szybkiego rozpoznania elastyczna Policyjna\"}]},{\"@type\":\"WebSite\",\"@id\":\"https:\\\/\\\/pagon24.pl\\\/#website\",\"url\":\"https:\\\/\\\/pagon24.pl\\\/\",\"name\":\"Pagon24.pl\",\"description\":\"Sklep mundurowy we Wroc\u0142awiu\",\"publisher\":{\"@id\":\"https:\\\/\\\/pagon24.pl\\\/#organization\"},\"potentialAction\":[{\"@type\":\"SearchAction\",\"target\":{\"@type\":\"EntryPoint\",\"urlTemplate\":\"https:\\\/\\\/pagon24.pl\\\/?s={search_term_string}\"},\"query-input\":{\"@type\":\"PropertyValueSpecification\",\"valueRequired\":true,\"valueName\":\"search_term_string\"}}],\"inLanguage\":\"en-US\"},{\"@type\":\"Organization\",\"@id\":\"https:\\\/\\\/pagon24.pl\\\/#organization\",\"name\":\"Pagon24.pl\",\"url\":\"https:\\\/\\\/pagon24.pl\\\/\",\"logo\":{\"@type\":\"ImageObject\",\"inLanguage\":\"en-US\",\"@id\":\"https:\\\/\\\/pagon24.pl\\\/#\\\/schema\\\/logo\\\/image\\\/\",\"url\":\"https:\\\/\\\/pagon24.pl\\\/wp-content\\\/uploads\\\/2026\\\/03\\\/logo-pagon-granat.png\",\"contentUrl\":\"https:\\\/\\\/pagon24.pl\\\/wp-content\\\/uploads\\\/2026\\\/03\\\/logo-pagon-granat.png\",\"width\":569,\"height\":149,\"caption\":\"Pagon24.pl\"},\"image\":{\"@id\":\"https:\\\/\\\/pagon24.pl\\\/#\\\/schema\\\/logo\\\/image\\\/\"}}]}<\/script>\n<!-- \/ Yoast SEO plugin. -->","yoast_head_json":{"title":"Opaska szybkiego rozpoznania elastyczna Policyjna - Pagon24.pl","robots":{"index":"index","follow":"follow","max-snippet":"max-snippet:-1","max-image-preview":"max-image-preview:large","max-video-preview":"max-video-preview:-1"},"canonical":"https:\/\/pagon24.pl\/en\/?product=opaska-szybkiego-rozpoznania-elastyczna-policyjna","og_locale":"en_US","og_type":"article","og_title":"Opaska szybkiego rozpoznania elastyczna Policyjna - Pagon24.pl","og_description":"Odblaskowa opaska elastyczna na rami\u0119 POLICJA, do szybkiej identyfikacji funkcjonariusza w warunkach terenowych i na s\u0142u\u017cbie. Wykonana z trwa\u0142ych materia\u0142\u00f3w o wysokiej widoczno\u015bci. Dzi\u0119ki du\u017cej powierzchni rzepa i elastycznej gumie cechuje j\u0105 znakomita przyczepno\u015b\u0107 i wysoki komfort w trakcie wykonywania czynno\u015bci s\u0142u\u017cbowych.","og_url":"https:\/\/pagon24.pl\/en\/?product=opaska-szybkiego-rozpoznania-elastyczna-policyjna","og_site_name":"Pagon24.pl","article_modified_time":"2026-03-23T14:49:28+00:00","og_image":[{"width":1600,"height":1600,"url":"https:\/\/pagon24.pl\/wp-content\/uploads\/2026\/03\/opaska-elastyczna-policja-rzep-1-odblask.jpg","type":"image\/jpeg"}],"twitter_card":"summary_large_image","twitter_misc":{"Est. reading time":"2 minutes"},"schema":{"@context":"https:\/\/schema.org","@graph":[{"@type":"WebPage","@id":"https:\/\/pagon24.pl\/?product=opaska-szybkiego-rozpoznania-elastyczna-policyjna","url":"https:\/\/pagon24.pl\/?product=opaska-szybkiego-rozpoznania-elastyczna-policyjna","name":"Opaska szybkiego rozpoznania elastyczna Policyjna - Pagon24.pl","isPartOf":{"@id":"https:\/\/pagon24.pl\/#website"},"primaryImageOfPage":{"@id":"https:\/\/pagon24.pl\/?product=opaska-szybkiego-rozpoznania-elastyczna-policyjna#primaryimage"},"image":{"@id":"https:\/\/pagon24.pl\/?product=opaska-szybkiego-rozpoznania-elastyczna-policyjna#primaryimage"},"thumbnailUrl":"https:\/\/pagon24.pl\/wp-content\/uploads\/2026\/03\/opaska-elastyczna-policja-rzep-1-odblask.jpg","datePublished":"2026-03-18T11:34:11+00:00","dateModified":"2026-03-23T14:49:28+00:00","breadcrumb":{"@id":"https:\/\/pagon24.pl\/?product=opaska-szybkiego-rozpoznania-elastyczna-policyjna#breadcrumb"},"inLanguage":"en-US","potentialAction":[{"@type":"ReadAction","target":["https:\/\/pagon24.pl\/?product=opaska-szybkiego-rozpoznania-elastyczna-policyjna"]}]},{"@type":"ImageObject","inLanguage":"en-US","@id":"https:\/\/pagon24.pl\/?product=opaska-szybkiego-rozpoznania-elastyczna-policyjna#primaryimage","url":"https:\/\/pagon24.pl\/wp-content\/uploads\/2026\/03\/opaska-elastyczna-policja-rzep-1-odblask.jpg","contentUrl":"https:\/\/pagon24.pl\/wp-content\/uploads\/2026\/03\/opaska-elastyczna-policja-rzep-1-odblask.jpg","width":1600,"height":1600,"caption":"Opaska policyjna elastyczna pagon24"},{"@type":"BreadcrumbList","@id":"https:\/\/pagon24.pl\/?product=opaska-szybkiego-rozpoznania-elastyczna-policyjna#breadcrumb","itemListElement":[{"@type":"ListItem","position":1,"name":"Strona g\u0142\u00f3wna","item":"https:\/\/pagon24.pl\/"},{"@type":"ListItem","position":2,"name":"Katalog","item":"https:\/\/pagon24.pl\/shop\/"},{"@type":"ListItem","position":3,"name":"Opaska szybkiego rozpoznania elastyczna Policyjna"}]},{"@type":"WebSite","@id":"https:\/\/pagon24.pl\/#website","url":"https:\/\/pagon24.pl\/","name":"Pagon24.pl","description":"Sklep mundurowy we Wroc\u0142awiu","publisher":{"@id":"https:\/\/pagon24.pl\/#organization"},"potentialAction":[{"@type":"SearchAction","target":{"@type":"EntryPoint","urlTemplate":"https:\/\/pagon24.pl\/?s={search_term_string}"},"query-input":{"@type":"PropertyValueSpecification","valueRequired":true,"valueName":"search_term_string"}}],"inLanguage":"en-US"},{"@type":"Organization","@id":"https:\/\/pagon24.pl\/#organization","name":"Pagon24.pl","url":"https:\/\/pagon24.pl\/","logo":{"@type":"ImageObject","inLanguage":"en-US","@id":"https:\/\/pagon24.pl\/#\/schema\/logo\/image\/","url":"https:\/\/pagon24.pl\/wp-content\/uploads\/2026\/03\/logo-pagon-granat.png","contentUrl":"https:\/\/pagon24.pl\/wp-content\/uploads\/2026\/03\/logo-pagon-granat.png","width":569,"height":149,"caption":"Pagon24.pl"},"image":{"@id":"https:\/\/pagon24.pl\/#\/schema\/logo\/image\/"}}]}},"_links":{"self":[{"href":"https:\/\/pagon24.pl\/en\/wp-json\/wp\/v2\/product\/29596","targetHints":{"allow":["GET"]}}],"collection":[{"href":"https:\/\/pagon24.pl\/en\/wp-json\/wp\/v2\/product"}],"about":[{"href":"https:\/\/pagon24.pl\/en\/wp-json\/wp\/v2\/types\/product"}],"replies":[{"embeddable":true,"href":"https:\/\/pagon24.pl\/en\/wp-json\/wp\/v2\/comments?post=29596"}],"version-history":[{"count":1,"href":"https:\/\/pagon24.pl\/en\/wp-json\/wp\/v2\/product\/29596\/revisions"}],"predecessor-version":[{"id":29597,"href":"https:\/\/pagon24.pl\/en\/wp-json\/wp\/v2\/product\/29596\/revisions\/29597"}],"wp:featuredmedia":[{"embeddable":true,"href":"https:\/\/pagon24.pl\/en\/wp-json\/wp\/v2\/media\/29204"}],"wp:attachment":[{"href":"https:\/\/pagon24.pl\/en\/wp-json\/wp\/v2\/media?parent=29596"}],"wp:term":[{"taxonomy":"product_brand","embeddable":true,"href":"https:\/\/pagon24.pl\/en\/wp-json\/wp\/v2\/product_brand?post=29596"},{"taxonomy":"product_cat","embeddable":true,"href":"https:\/\/pagon24.pl\/en\/wp-json\/wp\/v2\/product_cat?post=29596"},{"taxonomy":"product_tag","embeddable":true,"href":"https:\/\/pagon24.pl\/en\/wp-json\/wp\/v2\/product_tag?post=29596"}],"curies":[{"name":"wp","href":"https:\/\/api.w.org\/{rel}","templated":true}]}}