{"id":29582,"date":"2026-03-18T12:07:25","date_gmt":"2026-03-18T11:07:25","guid":{"rendered":"https:\/\/pagon24.pl\/?post_type=product&#038;p=29582"},"modified":"2026-03-18T12:07:25","modified_gmt":"2026-03-18T11:07:25","slug":"sznur-galowy-srebrny-do-munduru-galowego-oficer-mlodszy-i-starszy-policji-oficer-zawodowy-sil-zbrojnych","status":"publish","type":"product","link":"https:\/\/pagon24.pl\/en\/product\/sznur-galowy-srebrny-do-munduru-galowego-oficer-mlodszy-i-starszy-policji-oficer-zawodowy-sil-zbrojnych\/","title":{"rendered":"Sznur Galowy Srebrny do Munduru Galowego Oficer M\u0142odszy i Starszy Policji \/ Oficer Zawodowy Si\u0142 Zbrojnych"},"content":{"rendered":"<h3 class=\"wp-block-heading has-x-large-font-size\">Elegancki srebrny sznur galowy przeznaczony do munduru galowego<\/h3>\n<p><strong>Korpus: Oficer\u00f3w M\u0142odszych i Starszych<\/strong><\/p>\n<p><strong>Stopnie Policji: Podkomisarz, Komisarz, Nadkomisarz, Podinspektor, M\u0142odszy Inspektor, Inspektor<\/strong><\/p>\n<p><strong>Stopnie Wojskowe: Podporucznik, Porucznik, Kapitan, Major, Podpu\u0142kownik, Pu\u0142kownik<\/strong><\/p>\n<p>Elegancki srebrny sznur galowy przeznaczony do munduru galowego\u00a0<strong>funkcjonariuszy Policji<\/strong>\u00a0oraz \u017co\u0142nierzy\u00a0<strong>Wojska<\/strong>\u00a0<strong>Polskiego<\/strong>. Wykonany wed\u0142ug\u00a0<strong>oficjalnych norm KGP i MON (wz\u00f3r 803\/MON)<\/strong>, stanowi nieodzowny element stroju na\u00a0<strong>uroczysto\u015bci s\u0142u\u017cbowe, parady, \u015bwi\u0119ta pa\u0144stwowe, apele i defilady<\/strong>.\u00a0<strong>Sznur pleciony w ozdobny warkocz z dodatkowymi sznurkami,<\/strong>\u00a0zako\u0144czony estetyczn\u0105\u00a0<strong>metalow\u0105 bu\u0142aw\u0105<\/strong>, przypinany do ramienia \u2013 podkre\u015bla presti\u017c i rang\u0119 u\u017cytkownika.<\/p>\n<p><strong>Dost\u0119pny w wariantach dla Policji (podoficerowie, aspiranci, oficerowie \u2013 ka\u017cdy w osobnej ofercie) oraz dla Wojska Polskiego (szeregowy \u2013 starszy szeregowy, kapral \u2013 sier\u017cant sztabowy, chor\u0105\u017cy \u2013 starszy chor\u0105\u017cy sztabowy, oficerowie ) \u2013 r\u00f3wnie\u017c z podzia\u0142em na korpusy.<\/strong><\/p>\n<h3 class=\"wp-block-heading has-x-large-font-size\"><strong>Specyfikacja<\/strong><\/h3>\n<ul class=\"wp-block-list\">\n<li><strong>Kolor: srebrny<\/strong><\/li>\n<li><strong>Przeznaczenie: umundurowanie\u00a0galowe Policji\u00a0oraz\u00a0803\/MON<\/strong><\/li>\n<li><strong>Mocowanie: na rami\u0119 (do guzika i naramiennika)<\/strong><\/li>\n<li><strong>Materia\u0142: pleciony sznur z linkami i p\u0119tl\u0105, o wysokiej odporno\u015bci na przetarcia<\/strong><\/li>\n<li><strong>Wykonany wed\u0142ug obowi\u0105zuj\u0105cych przepis\u00f3w mundurowych KGP i MON<\/strong><\/li>\n<\/ul>","protected":false},"excerpt":{"rendered":"<p>Srebrny sznur galowy do munduru galowego Policji i Wojska Polskiego. Pleciony w ozdobny warkocz z dodatkowymi sznurkami, zako\u0144czony metalow\u0105 bu\u0142aw\u0105. Wykonany wed\u0142ug norm KGP i MON \u2013 elegancki element umundurowania na uroczysto\u015bci s\u0142u\u017cbowe i pa\u0144stwowe.<\/p>","protected":false},"featured_media":29378,"comment_status":"open","ping_status":"closed","template":"","meta":[],"product_brand":[],"product_cat":[23],"product_tag":[],"class_list":{"0":"post-29582","1":"product","2":"type-product","3":"status-publish","4":"has-post-thumbnail","6":"product_cat-akcesoria-policyjne","8":"first","9":"instock","10":"taxable","11":"shipping-taxable","12":"purchasable","13":"product-type-simple"},"yoast_head":"<!-- This site is optimized with the Yoast SEO plugin v27.5 - https:\/\/yoast.com\/product\/yoast-seo-wordpress\/ -->\n<title>Sznur Galowy Srebrny do Munduru Galowego Oficer M\u0142odszy i Starszy Policji \/ Oficer Zawodowy Si\u0142 Zbrojnych - Pagon24.pl<\/title>\n<meta name=\"robots\" content=\"index, follow, max-snippet:-1, max-image-preview:large, max-video-preview:-1\" \/>\n<link rel=\"canonical\" href=\"https:\/\/pagon24.pl\/en\/?product=sznur-galowy-srebrny-do-munduru-galowego-oficer-mlodszy-i-starszy-policji-oficer-zawodowy-sil-zbrojnych\" \/>\n<meta property=\"og:locale\" content=\"en_US\" \/>\n<meta property=\"og:type\" content=\"article\" \/>\n<meta property=\"og:title\" content=\"Sznur Galowy Srebrny do Munduru Galowego Oficer M\u0142odszy i Starszy Policji \/ Oficer Zawodowy Si\u0142 Zbrojnych - Pagon24.pl\" \/>\n<meta property=\"og:description\" content=\"Srebrny sznur galowy do munduru galowego Policji i Wojska Polskiego. Pleciony w ozdobny warkocz z dodatkowymi sznurkami, zako\u0144czony metalow\u0105 bu\u0142aw\u0105. Wykonany wed\u0142ug norm KGP i MON \u2013 elegancki element umundurowania na uroczysto\u015bci s\u0142u\u017cbowe i pa\u0144stwowe.\" \/>\n<meta property=\"og:url\" content=\"https:\/\/pagon24.pl\/en\/?product=sznur-galowy-srebrny-do-munduru-galowego-oficer-mlodszy-i-starszy-policji-oficer-zawodowy-sil-zbrojnych\" \/>\n<meta property=\"og:site_name\" content=\"Pagon24.pl\" \/>\n<meta property=\"og:image\" content=\"https:\/\/pagon24.pl\/wp-content\/uploads\/2026\/03\/sznur-galowy-oficer-policja-wojsko-mon-1.jpg\" \/>\n\t<meta property=\"og:image:width\" content=\"2000\" \/>\n\t<meta property=\"og:image:height\" content=\"2000\" \/>\n\t<meta property=\"og:image:type\" content=\"image\/jpeg\" \/>\n<meta name=\"twitter:card\" content=\"summary_large_image\" \/>\n<meta name=\"twitter:label1\" content=\"Est. reading time\" \/>\n\t<meta name=\"twitter:data1\" content=\"2 minutes\" \/>\n<script type=\"application\/ld+json\" class=\"yoast-schema-graph\">{\"@context\":\"https:\\\/\\\/schema.org\",\"@graph\":[{\"@type\":\"WebPage\",\"@id\":\"https:\\\/\\\/pagon24.pl\\\/?product=sznur-galowy-srebrny-do-munduru-galowego-oficer-mlodszy-i-starszy-policji-oficer-zawodowy-sil-zbrojnych\",\"url\":\"https:\\\/\\\/pagon24.pl\\\/?product=sznur-galowy-srebrny-do-munduru-galowego-oficer-mlodszy-i-starszy-policji-oficer-zawodowy-sil-zbrojnych\",\"name\":\"Sznur Galowy Srebrny do Munduru Galowego Oficer M\u0142odszy i Starszy Policji \\\/ Oficer Zawodowy Si\u0142 Zbrojnych - Pagon24.pl\",\"isPartOf\":{\"@id\":\"https:\\\/\\\/pagon24.pl\\\/#website\"},\"primaryImageOfPage\":{\"@id\":\"https:\\\/\\\/pagon24.pl\\\/?product=sznur-galowy-srebrny-do-munduru-galowego-oficer-mlodszy-i-starszy-policji-oficer-zawodowy-sil-zbrojnych#primaryimage\"},\"image\":{\"@id\":\"https:\\\/\\\/pagon24.pl\\\/?product=sznur-galowy-srebrny-do-munduru-galowego-oficer-mlodszy-i-starszy-policji-oficer-zawodowy-sil-zbrojnych#primaryimage\"},\"thumbnailUrl\":\"https:\\\/\\\/pagon24.pl\\\/wp-content\\\/uploads\\\/2026\\\/03\\\/sznur-galowy-oficer-policja-wojsko-mon-1.jpg\",\"datePublished\":\"2026-03-18T11:07:25+00:00\",\"breadcrumb\":{\"@id\":\"https:\\\/\\\/pagon24.pl\\\/?product=sznur-galowy-srebrny-do-munduru-galowego-oficer-mlodszy-i-starszy-policji-oficer-zawodowy-sil-zbrojnych#breadcrumb\"},\"inLanguage\":\"en-US\",\"potentialAction\":[{\"@type\":\"ReadAction\",\"target\":[\"https:\\\/\\\/pagon24.pl\\\/?product=sznur-galowy-srebrny-do-munduru-galowego-oficer-mlodszy-i-starszy-policji-oficer-zawodowy-sil-zbrojnych\"]}]},{\"@type\":\"ImageObject\",\"inLanguage\":\"en-US\",\"@id\":\"https:\\\/\\\/pagon24.pl\\\/?product=sznur-galowy-srebrny-do-munduru-galowego-oficer-mlodszy-i-starszy-policji-oficer-zawodowy-sil-zbrojnych#primaryimage\",\"url\":\"https:\\\/\\\/pagon24.pl\\\/wp-content\\\/uploads\\\/2026\\\/03\\\/sznur-galowy-oficer-policja-wojsko-mon-1.jpg\",\"contentUrl\":\"https:\\\/\\\/pagon24.pl\\\/wp-content\\\/uploads\\\/2026\\\/03\\\/sznur-galowy-oficer-policja-wojsko-mon-1.jpg\",\"width\":2000,\"height\":2000,\"caption\":\"Sznur mundur galowy policyjny oficerski pagon24\"},{\"@type\":\"BreadcrumbList\",\"@id\":\"https:\\\/\\\/pagon24.pl\\\/?product=sznur-galowy-srebrny-do-munduru-galowego-oficer-mlodszy-i-starszy-policji-oficer-zawodowy-sil-zbrojnych#breadcrumb\",\"itemListElement\":[{\"@type\":\"ListItem\",\"position\":1,\"name\":\"Strona g\u0142\u00f3wna\",\"item\":\"https:\\\/\\\/pagon24.pl\\\/\"},{\"@type\":\"ListItem\",\"position\":2,\"name\":\"Katalog\",\"item\":\"https:\\\/\\\/pagon24.pl\\\/shop\\\/\"},{\"@type\":\"ListItem\",\"position\":3,\"name\":\"Sznur Galowy Srebrny do Munduru Galowego Oficer M\u0142odszy i Starszy Policji \\\/ Oficer Zawodowy Si\u0142 Zbrojnych\"}]},{\"@type\":\"WebSite\",\"@id\":\"https:\\\/\\\/pagon24.pl\\\/#website\",\"url\":\"https:\\\/\\\/pagon24.pl\\\/\",\"name\":\"Pagon24.pl\",\"description\":\"Sklep mundurowy we Wroc\u0142awiu\",\"publisher\":{\"@id\":\"https:\\\/\\\/pagon24.pl\\\/#organization\"},\"potentialAction\":[{\"@type\":\"SearchAction\",\"target\":{\"@type\":\"EntryPoint\",\"urlTemplate\":\"https:\\\/\\\/pagon24.pl\\\/?s={search_term_string}\"},\"query-input\":{\"@type\":\"PropertyValueSpecification\",\"valueRequired\":true,\"valueName\":\"search_term_string\"}}],\"inLanguage\":\"en-US\"},{\"@type\":\"Organization\",\"@id\":\"https:\\\/\\\/pagon24.pl\\\/#organization\",\"name\":\"Pagon24.pl\",\"url\":\"https:\\\/\\\/pagon24.pl\\\/\",\"logo\":{\"@type\":\"ImageObject\",\"inLanguage\":\"en-US\",\"@id\":\"https:\\\/\\\/pagon24.pl\\\/#\\\/schema\\\/logo\\\/image\\\/\",\"url\":\"https:\\\/\\\/pagon24.pl\\\/wp-content\\\/uploads\\\/2026\\\/03\\\/logo-pagon-granat.png\",\"contentUrl\":\"https:\\\/\\\/pagon24.pl\\\/wp-content\\\/uploads\\\/2026\\\/03\\\/logo-pagon-granat.png\",\"width\":569,\"height\":149,\"caption\":\"Pagon24.pl\"},\"image\":{\"@id\":\"https:\\\/\\\/pagon24.pl\\\/#\\\/schema\\\/logo\\\/image\\\/\"}}]}<\/script>\n<!-- \/ Yoast SEO plugin. -->","yoast_head_json":{"title":"Sznur Galowy Srebrny do Munduru Galowego Oficer M\u0142odszy i Starszy Policji \/ Oficer Zawodowy Si\u0142 Zbrojnych - Pagon24.pl","robots":{"index":"index","follow":"follow","max-snippet":"max-snippet:-1","max-image-preview":"max-image-preview:large","max-video-preview":"max-video-preview:-1"},"canonical":"https:\/\/pagon24.pl\/en\/?product=sznur-galowy-srebrny-do-munduru-galowego-oficer-mlodszy-i-starszy-policji-oficer-zawodowy-sil-zbrojnych","og_locale":"en_US","og_type":"article","og_title":"Sznur Galowy Srebrny do Munduru Galowego Oficer M\u0142odszy i Starszy Policji \/ Oficer Zawodowy Si\u0142 Zbrojnych - Pagon24.pl","og_description":"Srebrny sznur galowy do munduru galowego Policji i Wojska Polskiego. Pleciony w ozdobny warkocz z dodatkowymi sznurkami, zako\u0144czony metalow\u0105 bu\u0142aw\u0105. Wykonany wed\u0142ug norm KGP i MON \u2013 elegancki element umundurowania na uroczysto\u015bci s\u0142u\u017cbowe i pa\u0144stwowe.","og_url":"https:\/\/pagon24.pl\/en\/?product=sznur-galowy-srebrny-do-munduru-galowego-oficer-mlodszy-i-starszy-policji-oficer-zawodowy-sil-zbrojnych","og_site_name":"Pagon24.pl","og_image":[{"width":2000,"height":2000,"url":"https:\/\/pagon24.pl\/wp-content\/uploads\/2026\/03\/sznur-galowy-oficer-policja-wojsko-mon-1.jpg","type":"image\/jpeg"}],"twitter_card":"summary_large_image","twitter_misc":{"Est. reading time":"2 minutes"},"schema":{"@context":"https:\/\/schema.org","@graph":[{"@type":"WebPage","@id":"https:\/\/pagon24.pl\/?product=sznur-galowy-srebrny-do-munduru-galowego-oficer-mlodszy-i-starszy-policji-oficer-zawodowy-sil-zbrojnych","url":"https:\/\/pagon24.pl\/?product=sznur-galowy-srebrny-do-munduru-galowego-oficer-mlodszy-i-starszy-policji-oficer-zawodowy-sil-zbrojnych","name":"Sznur Galowy Srebrny do Munduru Galowego Oficer M\u0142odszy i Starszy Policji \/ Oficer Zawodowy Si\u0142 Zbrojnych - Pagon24.pl","isPartOf":{"@id":"https:\/\/pagon24.pl\/#website"},"primaryImageOfPage":{"@id":"https:\/\/pagon24.pl\/?product=sznur-galowy-srebrny-do-munduru-galowego-oficer-mlodszy-i-starszy-policji-oficer-zawodowy-sil-zbrojnych#primaryimage"},"image":{"@id":"https:\/\/pagon24.pl\/?product=sznur-galowy-srebrny-do-munduru-galowego-oficer-mlodszy-i-starszy-policji-oficer-zawodowy-sil-zbrojnych#primaryimage"},"thumbnailUrl":"https:\/\/pagon24.pl\/wp-content\/uploads\/2026\/03\/sznur-galowy-oficer-policja-wojsko-mon-1.jpg","datePublished":"2026-03-18T11:07:25+00:00","breadcrumb":{"@id":"https:\/\/pagon24.pl\/?product=sznur-galowy-srebrny-do-munduru-galowego-oficer-mlodszy-i-starszy-policji-oficer-zawodowy-sil-zbrojnych#breadcrumb"},"inLanguage":"en-US","potentialAction":[{"@type":"ReadAction","target":["https:\/\/pagon24.pl\/?product=sznur-galowy-srebrny-do-munduru-galowego-oficer-mlodszy-i-starszy-policji-oficer-zawodowy-sil-zbrojnych"]}]},{"@type":"ImageObject","inLanguage":"en-US","@id":"https:\/\/pagon24.pl\/?product=sznur-galowy-srebrny-do-munduru-galowego-oficer-mlodszy-i-starszy-policji-oficer-zawodowy-sil-zbrojnych#primaryimage","url":"https:\/\/pagon24.pl\/wp-content\/uploads\/2026\/03\/sznur-galowy-oficer-policja-wojsko-mon-1.jpg","contentUrl":"https:\/\/pagon24.pl\/wp-content\/uploads\/2026\/03\/sznur-galowy-oficer-policja-wojsko-mon-1.jpg","width":2000,"height":2000,"caption":"Sznur mundur galowy policyjny oficerski pagon24"},{"@type":"BreadcrumbList","@id":"https:\/\/pagon24.pl\/?product=sznur-galowy-srebrny-do-munduru-galowego-oficer-mlodszy-i-starszy-policji-oficer-zawodowy-sil-zbrojnych#breadcrumb","itemListElement":[{"@type":"ListItem","position":1,"name":"Strona g\u0142\u00f3wna","item":"https:\/\/pagon24.pl\/"},{"@type":"ListItem","position":2,"name":"Katalog","item":"https:\/\/pagon24.pl\/shop\/"},{"@type":"ListItem","position":3,"name":"Sznur Galowy Srebrny do Munduru Galowego Oficer M\u0142odszy i Starszy Policji \/ Oficer Zawodowy Si\u0142 Zbrojnych"}]},{"@type":"WebSite","@id":"https:\/\/pagon24.pl\/#website","url":"https:\/\/pagon24.pl\/","name":"Pagon24.pl","description":"Sklep mundurowy we Wroc\u0142awiu","publisher":{"@id":"https:\/\/pagon24.pl\/#organization"},"potentialAction":[{"@type":"SearchAction","target":{"@type":"EntryPoint","urlTemplate":"https:\/\/pagon24.pl\/?s={search_term_string}"},"query-input":{"@type":"PropertyValueSpecification","valueRequired":true,"valueName":"search_term_string"}}],"inLanguage":"en-US"},{"@type":"Organization","@id":"https:\/\/pagon24.pl\/#organization","name":"Pagon24.pl","url":"https:\/\/pagon24.pl\/","logo":{"@type":"ImageObject","inLanguage":"en-US","@id":"https:\/\/pagon24.pl\/#\/schema\/logo\/image\/","url":"https:\/\/pagon24.pl\/wp-content\/uploads\/2026\/03\/logo-pagon-granat.png","contentUrl":"https:\/\/pagon24.pl\/wp-content\/uploads\/2026\/03\/logo-pagon-granat.png","width":569,"height":149,"caption":"Pagon24.pl"},"image":{"@id":"https:\/\/pagon24.pl\/#\/schema\/logo\/image\/"}}]}},"_links":{"self":[{"href":"https:\/\/pagon24.pl\/en\/wp-json\/wp\/v2\/product\/29582","targetHints":{"allow":["GET"]}}],"collection":[{"href":"https:\/\/pagon24.pl\/en\/wp-json\/wp\/v2\/product"}],"about":[{"href":"https:\/\/pagon24.pl\/en\/wp-json\/wp\/v2\/types\/product"}],"replies":[{"embeddable":true,"href":"https:\/\/pagon24.pl\/en\/wp-json\/wp\/v2\/comments?post=29582"}],"version-history":[{"count":1,"href":"https:\/\/pagon24.pl\/en\/wp-json\/wp\/v2\/product\/29582\/revisions"}],"predecessor-version":[{"id":29583,"href":"https:\/\/pagon24.pl\/en\/wp-json\/wp\/v2\/product\/29582\/revisions\/29583"}],"wp:featuredmedia":[{"embeddable":true,"href":"https:\/\/pagon24.pl\/en\/wp-json\/wp\/v2\/media\/29378"}],"wp:attachment":[{"href":"https:\/\/pagon24.pl\/en\/wp-json\/wp\/v2\/media?parent=29582"}],"wp:term":[{"taxonomy":"product_brand","embeddable":true,"href":"https:\/\/pagon24.pl\/en\/wp-json\/wp\/v2\/product_brand?post=29582"},{"taxonomy":"product_cat","embeddable":true,"href":"https:\/\/pagon24.pl\/en\/wp-json\/wp\/v2\/product_cat?post=29582"},{"taxonomy":"product_tag","embeddable":true,"href":"https:\/\/pagon24.pl\/en\/wp-json\/wp\/v2\/product_tag?post=29582"}],"curies":[{"name":"wp","href":"https:\/\/api.w.org\/{rel}","templated":true}]}}