{"id":29528,"date":"2026-03-18T11:14:18","date_gmt":"2026-03-18T10:14:18","guid":{"rendered":"https:\/\/pagon24.pl\/?post_type=product&#038;p=29528"},"modified":"2026-03-18T11:14:18","modified_gmt":"2026-03-18T10:14:18","slug":"naszywki-na-rekaw-krokiewki-korpusu-oficerow-starszych-policji-komplet","status":"publish","type":"product","link":"https:\/\/pagon24.pl\/en\/product\/naszywki-na-rekaw-krokiewki-korpusu-oficerow-starszych-policji-komplet\/","title":{"rendered":"Naszywki na r\u0119kaw \u2013 krokiewki korpusu Oficer\u00f3w Starszych Policji komplet"},"content":{"rendered":"<h2 class=\"wp-block-heading has-x-large-font-size\"><strong>Naszywki na r\u0119kaw \u2013 krokiewki korpusu Oficer\u00f3w Starszych Policji zestaw<\/strong> 2 sztuk<\/h2>\n<p>Krokiewki policyjne\u00a0to\u00a0kluczowy element\u00a0umundurowania funkcjonariuszy,\u00a0symbolizuj\u0105cy\u00a0przynale\u017cno\u015b\u0107 do okre\u015blonego korpusu w strukturach Policji.<\/p>\n<p>Nasze krokiewki s\u0105\u00a0precyzyjnie wykonane, wed\u0142ug obowi\u0105zuj\u0105cych standard\u00f3w, co gwarantuje ich\u00a0trwa\u0142o\u015b\u0107 i estetyczny wygl\u0105d.<\/p>\n<h3 class=\"wp-block-heading has-x-large-font-size\"><strong>Specyfikacja<\/strong><\/h3>\n<ul class=\"wp-block-list\">\n<li><strong>Przeznaczenie:\u00a0<\/strong>Korpus Oficer\u00f3w Starszych Policji<\/li>\n<li><strong>Stopnie:<\/strong>\u00a0<strong>Podinspektor, M\u0142odszy Inspektor, Inspektor<\/strong><\/li>\n<li><strong>Wymiary:<\/strong>\u00a0Dostosowane do standardowych mundur\u00f3w wyj\u015bciowych Policji\u200b<\/li>\n<li><strong>Mocowanie:\u00a0<\/strong>\u0141atwe przyszycie na r\u0119kawach munduru<\/li>\n<\/ul>","protected":false},"excerpt":{"rendered":"<p>Profesjonalne krokiewki policyjne \u2013 starannie wykonane wed\u0142ug obowi\u0105zuj\u0105cych norm. Wytrzyma\u0142e, eleganckie i przeznaczone do kompletnego umundurowania Policji.<\/p>","protected":false},"featured_media":29529,"comment_status":"open","ping_status":"closed","template":"","meta":[],"product_brand":[],"product_cat":[23],"product_tag":[],"class_list":{"0":"post-29528","1":"product","2":"type-product","3":"status-publish","4":"has-post-thumbnail","6":"product_cat-akcesoria-policyjne","8":"first","9":"instock","10":"taxable","11":"shipping-taxable","12":"purchasable","13":"product-type-simple"},"yoast_head":"<!-- This site is optimized with the Yoast SEO plugin v27.5 - https:\/\/yoast.com\/product\/yoast-seo-wordpress\/ -->\n<title>Naszywki na r\u0119kaw \u2013 krokiewki korpusu Oficer\u00f3w Starszych Policji komplet - Pagon24.pl<\/title>\n<meta name=\"robots\" content=\"index, follow, max-snippet:-1, max-image-preview:large, max-video-preview:-1\" \/>\n<link rel=\"canonical\" href=\"https:\/\/pagon24.pl\/en\/?product=naszywki-na-rekaw-krokiewki-korpusu-oficerow-starszych-policji-komplet\" \/>\n<meta property=\"og:locale\" content=\"en_US\" \/>\n<meta property=\"og:type\" content=\"article\" \/>\n<meta property=\"og:title\" content=\"Naszywki na r\u0119kaw \u2013 krokiewki korpusu Oficer\u00f3w Starszych Policji komplet - Pagon24.pl\" \/>\n<meta property=\"og:description\" content=\"Profesjonalne krokiewki policyjne \u2013 starannie wykonane wed\u0142ug obowi\u0105zuj\u0105cych norm. Wytrzyma\u0142e, eleganckie i przeznaczone do kompletnego umundurowania Policji.\" \/>\n<meta property=\"og:url\" content=\"https:\/\/pagon24.pl\/en\/?product=naszywki-na-rekaw-krokiewki-korpusu-oficerow-starszych-policji-komplet\" \/>\n<meta property=\"og:site_name\" content=\"Pagon24.pl\" \/>\n<meta property=\"og:image\" content=\"https:\/\/pagon24.pl\/wp-content\/uploads\/2026\/03\/korpus-oficerow-starszych-policja.jpg\" \/>\n\t<meta property=\"og:image:width\" content=\"2000\" \/>\n\t<meta property=\"og:image:height\" content=\"2000\" \/>\n\t<meta property=\"og:image:type\" content=\"image\/jpeg\" \/>\n<meta name=\"twitter:card\" content=\"summary_large_image\" \/>\n<meta name=\"twitter:label1\" content=\"Est. reading time\" \/>\n\t<meta name=\"twitter:data1\" content=\"1 minute\" \/>\n<script type=\"application\/ld+json\" class=\"yoast-schema-graph\">{\"@context\":\"https:\\\/\\\/schema.org\",\"@graph\":[{\"@type\":\"WebPage\",\"@id\":\"https:\\\/\\\/pagon24.pl\\\/?product=naszywki-na-rekaw-krokiewki-korpusu-oficerow-starszych-policji-komplet\",\"url\":\"https:\\\/\\\/pagon24.pl\\\/?product=naszywki-na-rekaw-krokiewki-korpusu-oficerow-starszych-policji-komplet\",\"name\":\"Naszywki na r\u0119kaw \u2013 krokiewki korpusu Oficer\u00f3w Starszych Policji komplet - Pagon24.pl\",\"isPartOf\":{\"@id\":\"https:\\\/\\\/pagon24.pl\\\/#website\"},\"primaryImageOfPage\":{\"@id\":\"https:\\\/\\\/pagon24.pl\\\/?product=naszywki-na-rekaw-krokiewki-korpusu-oficerow-starszych-policji-komplet#primaryimage\"},\"image\":{\"@id\":\"https:\\\/\\\/pagon24.pl\\\/?product=naszywki-na-rekaw-krokiewki-korpusu-oficerow-starszych-policji-komplet#primaryimage\"},\"thumbnailUrl\":\"https:\\\/\\\/pagon24.pl\\\/wp-content\\\/uploads\\\/2026\\\/03\\\/korpus-oficerow-starszych-policja.jpg\",\"datePublished\":\"2026-03-18T10:14:18+00:00\",\"breadcrumb\":{\"@id\":\"https:\\\/\\\/pagon24.pl\\\/?product=naszywki-na-rekaw-krokiewki-korpusu-oficerow-starszych-policji-komplet#breadcrumb\"},\"inLanguage\":\"en-US\",\"potentialAction\":[{\"@type\":\"ReadAction\",\"target\":[\"https:\\\/\\\/pagon24.pl\\\/?product=naszywki-na-rekaw-krokiewki-korpusu-oficerow-starszych-policji-komplet\"]}]},{\"@type\":\"ImageObject\",\"inLanguage\":\"en-US\",\"@id\":\"https:\\\/\\\/pagon24.pl\\\/?product=naszywki-na-rekaw-krokiewki-korpusu-oficerow-starszych-policji-komplet#primaryimage\",\"url\":\"https:\\\/\\\/pagon24.pl\\\/wp-content\\\/uploads\\\/2026\\\/03\\\/korpus-oficerow-starszych-policja.jpg\",\"contentUrl\":\"https:\\\/\\\/pagon24.pl\\\/wp-content\\\/uploads\\\/2026\\\/03\\\/korpus-oficerow-starszych-policja.jpg\",\"width\":2000,\"height\":2000,\"caption\":\"Krokiewki policyjne oficer\u00f3w starszych pagon24\"},{\"@type\":\"BreadcrumbList\",\"@id\":\"https:\\\/\\\/pagon24.pl\\\/?product=naszywki-na-rekaw-krokiewki-korpusu-oficerow-starszych-policji-komplet#breadcrumb\",\"itemListElement\":[{\"@type\":\"ListItem\",\"position\":1,\"name\":\"Strona g\u0142\u00f3wna\",\"item\":\"https:\\\/\\\/pagon24.pl\\\/\"},{\"@type\":\"ListItem\",\"position\":2,\"name\":\"Katalog\",\"item\":\"https:\\\/\\\/pagon24.pl\\\/shop\\\/\"},{\"@type\":\"ListItem\",\"position\":3,\"name\":\"Naszywki na r\u0119kaw \u2013 krokiewki korpusu Oficer\u00f3w Starszych Policji komplet\"}]},{\"@type\":\"WebSite\",\"@id\":\"https:\\\/\\\/pagon24.pl\\\/#website\",\"url\":\"https:\\\/\\\/pagon24.pl\\\/\",\"name\":\"Pagon24.pl\",\"description\":\"Sklep mundurowy we Wroc\u0142awiu\",\"publisher\":{\"@id\":\"https:\\\/\\\/pagon24.pl\\\/#organization\"},\"potentialAction\":[{\"@type\":\"SearchAction\",\"target\":{\"@type\":\"EntryPoint\",\"urlTemplate\":\"https:\\\/\\\/pagon24.pl\\\/?s={search_term_string}\"},\"query-input\":{\"@type\":\"PropertyValueSpecification\",\"valueRequired\":true,\"valueName\":\"search_term_string\"}}],\"inLanguage\":\"en-US\"},{\"@type\":\"Organization\",\"@id\":\"https:\\\/\\\/pagon24.pl\\\/#organization\",\"name\":\"Pagon24.pl\",\"url\":\"https:\\\/\\\/pagon24.pl\\\/\",\"logo\":{\"@type\":\"ImageObject\",\"inLanguage\":\"en-US\",\"@id\":\"https:\\\/\\\/pagon24.pl\\\/#\\\/schema\\\/logo\\\/image\\\/\",\"url\":\"https:\\\/\\\/pagon24.pl\\\/wp-content\\\/uploads\\\/2026\\\/03\\\/logo-pagon-granat.png\",\"contentUrl\":\"https:\\\/\\\/pagon24.pl\\\/wp-content\\\/uploads\\\/2026\\\/03\\\/logo-pagon-granat.png\",\"width\":569,\"height\":149,\"caption\":\"Pagon24.pl\"},\"image\":{\"@id\":\"https:\\\/\\\/pagon24.pl\\\/#\\\/schema\\\/logo\\\/image\\\/\"}}]}<\/script>\n<!-- \/ Yoast SEO plugin. -->","yoast_head_json":{"title":"Naszywki na r\u0119kaw \u2013 krokiewki korpusu Oficer\u00f3w Starszych Policji komplet - Pagon24.pl","robots":{"index":"index","follow":"follow","max-snippet":"max-snippet:-1","max-image-preview":"max-image-preview:large","max-video-preview":"max-video-preview:-1"},"canonical":"https:\/\/pagon24.pl\/en\/?product=naszywki-na-rekaw-krokiewki-korpusu-oficerow-starszych-policji-komplet","og_locale":"en_US","og_type":"article","og_title":"Naszywki na r\u0119kaw \u2013 krokiewki korpusu Oficer\u00f3w Starszych Policji komplet - Pagon24.pl","og_description":"Profesjonalne krokiewki policyjne \u2013 starannie wykonane wed\u0142ug obowi\u0105zuj\u0105cych norm. Wytrzyma\u0142e, eleganckie i przeznaczone do kompletnego umundurowania Policji.","og_url":"https:\/\/pagon24.pl\/en\/?product=naszywki-na-rekaw-krokiewki-korpusu-oficerow-starszych-policji-komplet","og_site_name":"Pagon24.pl","og_image":[{"width":2000,"height":2000,"url":"https:\/\/pagon24.pl\/wp-content\/uploads\/2026\/03\/korpus-oficerow-starszych-policja.jpg","type":"image\/jpeg"}],"twitter_card":"summary_large_image","twitter_misc":{"Est. reading time":"1 minute"},"schema":{"@context":"https:\/\/schema.org","@graph":[{"@type":"WebPage","@id":"https:\/\/pagon24.pl\/?product=naszywki-na-rekaw-krokiewki-korpusu-oficerow-starszych-policji-komplet","url":"https:\/\/pagon24.pl\/?product=naszywki-na-rekaw-krokiewki-korpusu-oficerow-starszych-policji-komplet","name":"Naszywki na r\u0119kaw \u2013 krokiewki korpusu Oficer\u00f3w Starszych Policji komplet - Pagon24.pl","isPartOf":{"@id":"https:\/\/pagon24.pl\/#website"},"primaryImageOfPage":{"@id":"https:\/\/pagon24.pl\/?product=naszywki-na-rekaw-krokiewki-korpusu-oficerow-starszych-policji-komplet#primaryimage"},"image":{"@id":"https:\/\/pagon24.pl\/?product=naszywki-na-rekaw-krokiewki-korpusu-oficerow-starszych-policji-komplet#primaryimage"},"thumbnailUrl":"https:\/\/pagon24.pl\/wp-content\/uploads\/2026\/03\/korpus-oficerow-starszych-policja.jpg","datePublished":"2026-03-18T10:14:18+00:00","breadcrumb":{"@id":"https:\/\/pagon24.pl\/?product=naszywki-na-rekaw-krokiewki-korpusu-oficerow-starszych-policji-komplet#breadcrumb"},"inLanguage":"en-US","potentialAction":[{"@type":"ReadAction","target":["https:\/\/pagon24.pl\/?product=naszywki-na-rekaw-krokiewki-korpusu-oficerow-starszych-policji-komplet"]}]},{"@type":"ImageObject","inLanguage":"en-US","@id":"https:\/\/pagon24.pl\/?product=naszywki-na-rekaw-krokiewki-korpusu-oficerow-starszych-policji-komplet#primaryimage","url":"https:\/\/pagon24.pl\/wp-content\/uploads\/2026\/03\/korpus-oficerow-starszych-policja.jpg","contentUrl":"https:\/\/pagon24.pl\/wp-content\/uploads\/2026\/03\/korpus-oficerow-starszych-policja.jpg","width":2000,"height":2000,"caption":"Krokiewki policyjne oficer\u00f3w starszych pagon24"},{"@type":"BreadcrumbList","@id":"https:\/\/pagon24.pl\/?product=naszywki-na-rekaw-krokiewki-korpusu-oficerow-starszych-policji-komplet#breadcrumb","itemListElement":[{"@type":"ListItem","position":1,"name":"Strona g\u0142\u00f3wna","item":"https:\/\/pagon24.pl\/"},{"@type":"ListItem","position":2,"name":"Katalog","item":"https:\/\/pagon24.pl\/shop\/"},{"@type":"ListItem","position":3,"name":"Naszywki na r\u0119kaw \u2013 krokiewki korpusu Oficer\u00f3w Starszych Policji komplet"}]},{"@type":"WebSite","@id":"https:\/\/pagon24.pl\/#website","url":"https:\/\/pagon24.pl\/","name":"Pagon24.pl","description":"Sklep mundurowy we Wroc\u0142awiu","publisher":{"@id":"https:\/\/pagon24.pl\/#organization"},"potentialAction":[{"@type":"SearchAction","target":{"@type":"EntryPoint","urlTemplate":"https:\/\/pagon24.pl\/?s={search_term_string}"},"query-input":{"@type":"PropertyValueSpecification","valueRequired":true,"valueName":"search_term_string"}}],"inLanguage":"en-US"},{"@type":"Organization","@id":"https:\/\/pagon24.pl\/#organization","name":"Pagon24.pl","url":"https:\/\/pagon24.pl\/","logo":{"@type":"ImageObject","inLanguage":"en-US","@id":"https:\/\/pagon24.pl\/#\/schema\/logo\/image\/","url":"https:\/\/pagon24.pl\/wp-content\/uploads\/2026\/03\/logo-pagon-granat.png","contentUrl":"https:\/\/pagon24.pl\/wp-content\/uploads\/2026\/03\/logo-pagon-granat.png","width":569,"height":149,"caption":"Pagon24.pl"},"image":{"@id":"https:\/\/pagon24.pl\/#\/schema\/logo\/image\/"}}]}},"_links":{"self":[{"href":"https:\/\/pagon24.pl\/en\/wp-json\/wp\/v2\/product\/29528","targetHints":{"allow":["GET"]}}],"collection":[{"href":"https:\/\/pagon24.pl\/en\/wp-json\/wp\/v2\/product"}],"about":[{"href":"https:\/\/pagon24.pl\/en\/wp-json\/wp\/v2\/types\/product"}],"replies":[{"embeddable":true,"href":"https:\/\/pagon24.pl\/en\/wp-json\/wp\/v2\/comments?post=29528"}],"version-history":[{"count":1,"href":"https:\/\/pagon24.pl\/en\/wp-json\/wp\/v2\/product\/29528\/revisions"}],"predecessor-version":[{"id":29530,"href":"https:\/\/pagon24.pl\/en\/wp-json\/wp\/v2\/product\/29528\/revisions\/29530"}],"wp:featuredmedia":[{"embeddable":true,"href":"https:\/\/pagon24.pl\/en\/wp-json\/wp\/v2\/media\/29529"}],"wp:attachment":[{"href":"https:\/\/pagon24.pl\/en\/wp-json\/wp\/v2\/media?parent=29528"}],"wp:term":[{"taxonomy":"product_brand","embeddable":true,"href":"https:\/\/pagon24.pl\/en\/wp-json\/wp\/v2\/product_brand?post=29528"},{"taxonomy":"product_cat","embeddable":true,"href":"https:\/\/pagon24.pl\/en\/wp-json\/wp\/v2\/product_cat?post=29528"},{"taxonomy":"product_tag","embeddable":true,"href":"https:\/\/pagon24.pl\/en\/wp-json\/wp\/v2\/product_tag?post=29528"}],"curies":[{"name":"wp","href":"https:\/\/api.w.org\/{rel}","templated":true}]}}