{"id":29514,"date":"2026-03-18T10:44:42","date_gmt":"2026-03-18T09:44:42","guid":{"rendered":"https:\/\/pagon24.pl\/?post_type=product&#038;p=29514"},"modified":"2026-03-18T11:11:54","modified_gmt":"2026-03-18T10:11:54","slug":"krawat-policyjny-bezpieczny-na-klips","status":"publish","type":"product","link":"https:\/\/pagon24.pl\/en\/product\/krawat-policyjny-bezpieczny-na-klips\/","title":{"rendered":"Krawat policyjny bezpieczny na klips"},"content":{"rendered":"<p>&nbsp;<\/p>\n<div class=\"alignwide is-style-minimal wp-block-woocommerce-product-details\" data-block-name=\"woocommerce\/product-details\">\n<div class=\"wc-block-product-description wp-block-woocommerce-product-description is-layout-flow wp-block-woocommerce-product-description-is-layout-flow\" data-block-name=\"woocommerce\/product-description\">\n<h2 class=\"wp-block-heading has-x-large-font-size\"><strong>Krawat bezpieczny na klips granatowy Policja<\/strong><\/h2>\n<p>Elegancki<strong> krawat granatowy\u00a0na klips,\u00a0<\/strong>wykonany\u00a0<strong>wed\u0142ug obowi\u0105zuj\u0105cych norm<\/strong> <strong>KGP<\/strong>. To niezast\u0105piony element umundurowania \u2013<strong> wygodny w zak\u0142adaniu i noszeniu, <\/strong>idealny zar\u00f3wno na codzienne s\u0142u\u017cby, jak i uroczyste okazje. Zapewnia <strong>profesjonalny wygl\u0105d i bezpiecze\u0144stwo u\u017cytkowania.<\/strong><\/p>\n<h3 class=\"wp-block-heading has-x-large-font-size\"><strong>Specyfikacja<\/strong><\/h3>\n<ul class=\"wp-block-list\">\n<li><strong>Kolor<\/strong>: granatowy, pasuje do umundurowania s\u0142u\u017cbowego Policji<\/li>\n<li><strong>Typ<\/strong>:\u00a0bezpieczny (na klips)\u00a0\u2013 zrywa si\u0119 w razie szarpni\u0119cia<\/li>\n<li><strong>Materia\u0142<\/strong>: 100% poliester \u2013 trwa\u0142y, \u0142atwy w czyszczeniu<\/li>\n<li><strong>Zapi\u0119cie<\/strong>: metalowy klips \u2013 szybkie zak\u0142adanie i zdejmowanie<\/li>\n<li><strong>D\u0142ugo\u015b\u0107<\/strong> ca\u0142kowita: ok. 47 cm (rozmiar uniwersalny)<\/li>\n<li><strong>Szeroko\u015b\u0107<\/strong>: ok. 8 cm (w najszerszym miejscu)<\/li>\n<li><strong>Wersja<\/strong>: do koszul s\u0142u\u017cbowych<\/li>\n<\/ul>\n<\/div>\n<\/div>","protected":false},"excerpt":{"rendered":"<p>Elegancki krawat granatowy na klips, wykonany wed\u0142ug obowi\u0105zuj\u0105cych norm KGP.<\/p>","protected":false},"featured_media":29073,"comment_status":"open","ping_status":"closed","template":"","meta":[],"product_brand":[],"product_cat":[23],"product_tag":[],"class_list":{"0":"post-29514","1":"product","2":"type-product","3":"status-publish","4":"has-post-thumbnail","6":"product_cat-akcesoria-policyjne","8":"first","9":"instock","10":"taxable","11":"shipping-taxable","12":"purchasable","13":"product-type-simple"},"yoast_head":"<!-- This site is optimized with the Yoast SEO plugin v27.5 - https:\/\/yoast.com\/product\/yoast-seo-wordpress\/ -->\n<title>Krawat policyjny bezpieczny na klips - Pagon24.pl<\/title>\n<meta name=\"robots\" content=\"index, follow, max-snippet:-1, max-image-preview:large, max-video-preview:-1\" \/>\n<link rel=\"canonical\" href=\"https:\/\/pagon24.pl\/en\/?product=krawat-policyjny-bezpieczny-na-klips\" \/>\n<meta property=\"og:locale\" content=\"en_US\" \/>\n<meta property=\"og:type\" content=\"article\" \/>\n<meta property=\"og:title\" content=\"Krawat policyjny bezpieczny na klips - Pagon24.pl\" \/>\n<meta property=\"og:description\" content=\"Elegancki krawat granatowy na klips, wykonany wed\u0142ug obowi\u0105zuj\u0105cych norm KGP.\" \/>\n<meta property=\"og:url\" content=\"https:\/\/pagon24.pl\/en\/?product=krawat-policyjny-bezpieczny-na-klips\" \/>\n<meta property=\"og:site_name\" content=\"Pagon24.pl\" \/>\n<meta property=\"article:modified_time\" content=\"2026-03-18T10:11:54+00:00\" \/>\n<meta property=\"og:image\" content=\"https:\/\/pagon24.pl\/wp-content\/uploads\/2026\/03\/krawat-granatowy-na-klips-kk.jpg.webp\" \/>\n\t<meta property=\"og:image:width\" content=\"1300\" \/>\n\t<meta property=\"og:image:height\" content=\"1300\" \/>\n\t<meta property=\"og:image:type\" content=\"image\/webp\" \/>\n<meta name=\"twitter:card\" content=\"summary_large_image\" \/>\n<meta name=\"twitter:label1\" content=\"Est. reading time\" \/>\n\t<meta name=\"twitter:data1\" content=\"1 minute\" \/>\n<script type=\"application\/ld+json\" class=\"yoast-schema-graph\">{\"@context\":\"https:\\\/\\\/schema.org\",\"@graph\":[{\"@type\":\"WebPage\",\"@id\":\"https:\\\/\\\/pagon24.pl\\\/?product=krawat-policyjny-bezpieczny-na-klips\",\"url\":\"https:\\\/\\\/pagon24.pl\\\/?product=krawat-policyjny-bezpieczny-na-klips\",\"name\":\"Krawat policyjny bezpieczny na klips - Pagon24.pl\",\"isPartOf\":{\"@id\":\"https:\\\/\\\/pagon24.pl\\\/#website\"},\"primaryImageOfPage\":{\"@id\":\"https:\\\/\\\/pagon24.pl\\\/?product=krawat-policyjny-bezpieczny-na-klips#primaryimage\"},\"image\":{\"@id\":\"https:\\\/\\\/pagon24.pl\\\/?product=krawat-policyjny-bezpieczny-na-klips#primaryimage\"},\"thumbnailUrl\":\"https:\\\/\\\/pagon24.pl\\\/wp-content\\\/uploads\\\/2026\\\/03\\\/krawat-granatowy-na-klips-kk.jpg.webp\",\"datePublished\":\"2026-03-18T09:44:42+00:00\",\"dateModified\":\"2026-03-18T10:11:54+00:00\",\"breadcrumb\":{\"@id\":\"https:\\\/\\\/pagon24.pl\\\/?product=krawat-policyjny-bezpieczny-na-klips#breadcrumb\"},\"inLanguage\":\"en-US\",\"potentialAction\":[{\"@type\":\"ReadAction\",\"target\":[\"https:\\\/\\\/pagon24.pl\\\/?product=krawat-policyjny-bezpieczny-na-klips\"]}]},{\"@type\":\"ImageObject\",\"inLanguage\":\"en-US\",\"@id\":\"https:\\\/\\\/pagon24.pl\\\/?product=krawat-policyjny-bezpieczny-na-klips#primaryimage\",\"url\":\"https:\\\/\\\/pagon24.pl\\\/wp-content\\\/uploads\\\/2026\\\/03\\\/krawat-granatowy-na-klips-kk.jpg.webp\",\"contentUrl\":\"https:\\\/\\\/pagon24.pl\\\/wp-content\\\/uploads\\\/2026\\\/03\\\/krawat-granatowy-na-klips-kk.jpg.webp\",\"width\":1300,\"height\":1300,\"caption\":\"Krawat policyjny na klips bezpieczny Pagon24\"},{\"@type\":\"BreadcrumbList\",\"@id\":\"https:\\\/\\\/pagon24.pl\\\/?product=krawat-policyjny-bezpieczny-na-klips#breadcrumb\",\"itemListElement\":[{\"@type\":\"ListItem\",\"position\":1,\"name\":\"Strona g\u0142\u00f3wna\",\"item\":\"https:\\\/\\\/pagon24.pl\\\/\"},{\"@type\":\"ListItem\",\"position\":2,\"name\":\"Katalog\",\"item\":\"https:\\\/\\\/pagon24.pl\\\/shop\\\/\"},{\"@type\":\"ListItem\",\"position\":3,\"name\":\"Krawat policyjny bezpieczny na klips\"}]},{\"@type\":\"WebSite\",\"@id\":\"https:\\\/\\\/pagon24.pl\\\/#website\",\"url\":\"https:\\\/\\\/pagon24.pl\\\/\",\"name\":\"Pagon24.pl\",\"description\":\"Sklep mundurowy we Wroc\u0142awiu\",\"publisher\":{\"@id\":\"https:\\\/\\\/pagon24.pl\\\/#organization\"},\"potentialAction\":[{\"@type\":\"SearchAction\",\"target\":{\"@type\":\"EntryPoint\",\"urlTemplate\":\"https:\\\/\\\/pagon24.pl\\\/?s={search_term_string}\"},\"query-input\":{\"@type\":\"PropertyValueSpecification\",\"valueRequired\":true,\"valueName\":\"search_term_string\"}}],\"inLanguage\":\"en-US\"},{\"@type\":\"Organization\",\"@id\":\"https:\\\/\\\/pagon24.pl\\\/#organization\",\"name\":\"Pagon24.pl\",\"url\":\"https:\\\/\\\/pagon24.pl\\\/\",\"logo\":{\"@type\":\"ImageObject\",\"inLanguage\":\"en-US\",\"@id\":\"https:\\\/\\\/pagon24.pl\\\/#\\\/schema\\\/logo\\\/image\\\/\",\"url\":\"https:\\\/\\\/pagon24.pl\\\/wp-content\\\/uploads\\\/2026\\\/03\\\/logo-pagon-granat.png\",\"contentUrl\":\"https:\\\/\\\/pagon24.pl\\\/wp-content\\\/uploads\\\/2026\\\/03\\\/logo-pagon-granat.png\",\"width\":569,\"height\":149,\"caption\":\"Pagon24.pl\"},\"image\":{\"@id\":\"https:\\\/\\\/pagon24.pl\\\/#\\\/schema\\\/logo\\\/image\\\/\"}}]}<\/script>\n<!-- \/ Yoast SEO plugin. -->","yoast_head_json":{"title":"Krawat policyjny bezpieczny na klips - Pagon24.pl","robots":{"index":"index","follow":"follow","max-snippet":"max-snippet:-1","max-image-preview":"max-image-preview:large","max-video-preview":"max-video-preview:-1"},"canonical":"https:\/\/pagon24.pl\/en\/?product=krawat-policyjny-bezpieczny-na-klips","og_locale":"en_US","og_type":"article","og_title":"Krawat policyjny bezpieczny na klips - Pagon24.pl","og_description":"Elegancki krawat granatowy na klips, wykonany wed\u0142ug obowi\u0105zuj\u0105cych norm KGP.","og_url":"https:\/\/pagon24.pl\/en\/?product=krawat-policyjny-bezpieczny-na-klips","og_site_name":"Pagon24.pl","article_modified_time":"2026-03-18T10:11:54+00:00","og_image":[{"width":1300,"height":1300,"url":"https:\/\/pagon24.pl\/wp-content\/uploads\/2026\/03\/krawat-granatowy-na-klips-kk.jpg.webp","type":"image\/webp"}],"twitter_card":"summary_large_image","twitter_misc":{"Est. reading time":"1 minute"},"schema":{"@context":"https:\/\/schema.org","@graph":[{"@type":"WebPage","@id":"https:\/\/pagon24.pl\/?product=krawat-policyjny-bezpieczny-na-klips","url":"https:\/\/pagon24.pl\/?product=krawat-policyjny-bezpieczny-na-klips","name":"Krawat policyjny bezpieczny na klips - Pagon24.pl","isPartOf":{"@id":"https:\/\/pagon24.pl\/#website"},"primaryImageOfPage":{"@id":"https:\/\/pagon24.pl\/?product=krawat-policyjny-bezpieczny-na-klips#primaryimage"},"image":{"@id":"https:\/\/pagon24.pl\/?product=krawat-policyjny-bezpieczny-na-klips#primaryimage"},"thumbnailUrl":"https:\/\/pagon24.pl\/wp-content\/uploads\/2026\/03\/krawat-granatowy-na-klips-kk.jpg.webp","datePublished":"2026-03-18T09:44:42+00:00","dateModified":"2026-03-18T10:11:54+00:00","breadcrumb":{"@id":"https:\/\/pagon24.pl\/?product=krawat-policyjny-bezpieczny-na-klips#breadcrumb"},"inLanguage":"en-US","potentialAction":[{"@type":"ReadAction","target":["https:\/\/pagon24.pl\/?product=krawat-policyjny-bezpieczny-na-klips"]}]},{"@type":"ImageObject","inLanguage":"en-US","@id":"https:\/\/pagon24.pl\/?product=krawat-policyjny-bezpieczny-na-klips#primaryimage","url":"https:\/\/pagon24.pl\/wp-content\/uploads\/2026\/03\/krawat-granatowy-na-klips-kk.jpg.webp","contentUrl":"https:\/\/pagon24.pl\/wp-content\/uploads\/2026\/03\/krawat-granatowy-na-klips-kk.jpg.webp","width":1300,"height":1300,"caption":"Krawat policyjny na klips bezpieczny Pagon24"},{"@type":"BreadcrumbList","@id":"https:\/\/pagon24.pl\/?product=krawat-policyjny-bezpieczny-na-klips#breadcrumb","itemListElement":[{"@type":"ListItem","position":1,"name":"Strona g\u0142\u00f3wna","item":"https:\/\/pagon24.pl\/"},{"@type":"ListItem","position":2,"name":"Katalog","item":"https:\/\/pagon24.pl\/shop\/"},{"@type":"ListItem","position":3,"name":"Krawat policyjny bezpieczny na klips"}]},{"@type":"WebSite","@id":"https:\/\/pagon24.pl\/#website","url":"https:\/\/pagon24.pl\/","name":"Pagon24.pl","description":"Sklep mundurowy we Wroc\u0142awiu","publisher":{"@id":"https:\/\/pagon24.pl\/#organization"},"potentialAction":[{"@type":"SearchAction","target":{"@type":"EntryPoint","urlTemplate":"https:\/\/pagon24.pl\/?s={search_term_string}"},"query-input":{"@type":"PropertyValueSpecification","valueRequired":true,"valueName":"search_term_string"}}],"inLanguage":"en-US"},{"@type":"Organization","@id":"https:\/\/pagon24.pl\/#organization","name":"Pagon24.pl","url":"https:\/\/pagon24.pl\/","logo":{"@type":"ImageObject","inLanguage":"en-US","@id":"https:\/\/pagon24.pl\/#\/schema\/logo\/image\/","url":"https:\/\/pagon24.pl\/wp-content\/uploads\/2026\/03\/logo-pagon-granat.png","contentUrl":"https:\/\/pagon24.pl\/wp-content\/uploads\/2026\/03\/logo-pagon-granat.png","width":569,"height":149,"caption":"Pagon24.pl"},"image":{"@id":"https:\/\/pagon24.pl\/#\/schema\/logo\/image\/"}}]}},"_links":{"self":[{"href":"https:\/\/pagon24.pl\/en\/wp-json\/wp\/v2\/product\/29514","targetHints":{"allow":["GET"]}}],"collection":[{"href":"https:\/\/pagon24.pl\/en\/wp-json\/wp\/v2\/product"}],"about":[{"href":"https:\/\/pagon24.pl\/en\/wp-json\/wp\/v2\/types\/product"}],"replies":[{"embeddable":true,"href":"https:\/\/pagon24.pl\/en\/wp-json\/wp\/v2\/comments?post=29514"}],"version-history":[{"count":4,"href":"https:\/\/pagon24.pl\/en\/wp-json\/wp\/v2\/product\/29514\/revisions"}],"predecessor-version":[{"id":29527,"href":"https:\/\/pagon24.pl\/en\/wp-json\/wp\/v2\/product\/29514\/revisions\/29527"}],"wp:featuredmedia":[{"embeddable":true,"href":"https:\/\/pagon24.pl\/en\/wp-json\/wp\/v2\/media\/29073"}],"wp:attachment":[{"href":"https:\/\/pagon24.pl\/en\/wp-json\/wp\/v2\/media?parent=29514"}],"wp:term":[{"taxonomy":"product_brand","embeddable":true,"href":"https:\/\/pagon24.pl\/en\/wp-json\/wp\/v2\/product_brand?post=29514"},{"taxonomy":"product_cat","embeddable":true,"href":"https:\/\/pagon24.pl\/en\/wp-json\/wp\/v2\/product_cat?post=29514"},{"taxonomy":"product_tag","embeddable":true,"href":"https:\/\/pagon24.pl\/en\/wp-json\/wp\/v2\/product_tag?post=29514"}],"curies":[{"name":"wp","href":"https:\/\/api.w.org\/{rel}","templated":true}]}}