{"id":29441,"date":"2026-03-15T21:34:58","date_gmt":"2026-03-15T20:34:58","guid":{"rendered":"https:\/\/pagon24.pl\/?post_type=product&#038;p=29441"},"modified":"2026-03-23T11:56:44","modified_gmt":"2026-03-23T10:56:44","slug":"spodnie-cwiczebne-rip-stop-policja","status":"publish","type":"product","link":"https:\/\/pagon24.pl\/en\/product\/spodnie-cwiczebne-rip-stop-policja\/","title":{"rendered":"Spodnie \u0107wiczebne Rip-Stop"},"content":{"rendered":"<p>Spodnie do umundurowania \u0107wiczebnego Policji. Spodnie z prostymi nogawkami. Wyposa\u017cone w kieszenie typu cargo. W dole nogawek znajduj\u0105 si\u0119 ma\u0142e kieszonki na r\u0119kawiczki lub inne drobiazgi niezb\u0119dne w codziennej s\u0142u\u017cbie.<\/p>\n<p>Pas spodni wyposa\u017cono w szerokie szlufki umo\u017cliwiaj\u0105ce przeci\u0105gni\u0119cie przez nie szerokiego pasa s\u0142u\u017cbowego. Pas wzmocniono materia\u0142em zasadniczym. Dodatkowo szeroko\u015b\u0107 pasa mo\u017cna regulowa\u0107 przy u\u017cyciu pask\u00f3w z metalowymi klamrami.<\/p>\n<p>Na klapach kieszeni wykonano napisy Policja metod\u0105 sitodruku. Gwarantuje to wysok\u0105 odporno\u015b\u0107 na \u015bcieranie oraz wielokrotne pranie. Napisy wykonano w technologii odblaskowej co zapewnia widoczno\u015b\u0107 nawet przy s\u0142abym o\u015bwietleniu<\/p>\n<p>RIPSTOP charakteryzuje wykorzystaniem mocniejszego w\u0142\u00f3kna, pokrytego pow\u0142ok\u0105 oleofobow\u0105 i wodoodporn\u0105. Tkanina zapewnia dobr\u0105 odporno\u015bci\u0105 na przebarwienia. Dodatkowo gwarantuje wytrzyma\u0142o\u015b\u0107 na rozrywanie i rozdzieranie. Konstrukcja, nie powoduje \u017cadnych ucisk\u00f3w ani otar\u0107 cia\u0142a. Nie kr\u0119puje ruch\u00f3w, w zwi\u0105zku z czym zapewnia komfort u\u017cytkowania. Jedn\u0105 z istotniejszych cech RIPSTOPU jest odporno\u015b\u0107 na deformacje (wypychanie) oraz na dzia\u0142anie promieni UV.<\/p>\n<p><strong>Sk\u0142ad tkaniny:\u00a0<\/strong>52% bawe\u0142na |\u00a048% poliester |\u00a0Gramatura 250 g<\/p>\n<p><strong>Pouczenie :<\/strong><\/p>\n<p><strong>Art.\u00a0 227 KK. [Przyw\u0142aszczenie funkcji publicznej]<\/strong><br \/>\nKto, podaj\u0105c si\u0119 za funkcjonariusza publicznego albo wyzyskuj\u0105c b\u0142\u0119dne prze\u015bwiadczenie o tym innej osoby, wykonuje czynno\u015b\u0107 zwi\u0105zan\u0105 z jego funkcj\u0105, podlega grzywnie, karze ograniczenia wolno\u015bci albo pozbawienia wolno\u015bci do roku.<\/p>\n","protected":false},"excerpt":{"rendered":"<p>Spodnie \u0107wiczebne. Spodnie z prostymi nogawkami. Wyposa\u017cone w kieszenie typu cargo. W dole nogawek znajduj\u0105 si\u0119 ma\u0142e kieszonki na r\u0119kawiczki lub inne drobiazgi niezb\u0119dne w codziennej s\u0142u\u017cbie. Szeroko\u015b\u0107 pasa regulowana.\u00a0 Materia\u0142 Rip-Stop.<\/p>","protected":false},"featured_media":30867,"comment_status":"open","ping_status":"closed","template":"","meta":[],"product_brand":[],"product_cat":[79,81],"product_tag":[],"class_list":{"0":"post-29441","1":"product","2":"type-product","3":"status-publish","4":"has-post-thumbnail","6":"product_cat-mundury-cwiczebne-policja","7":"product_cat-spodnie","9":"first","10":"instock","11":"taxable","12":"shipping-taxable","13":"purchasable","14":"product-type-variable"},"yoast_head":"<!-- This site is optimized with the Yoast SEO plugin v27.5 - https:\/\/yoast.com\/product\/yoast-seo-wordpress\/ -->\n<title>Spodnie \u0107wiczebne Rip-Stop - Pagon24.pl<\/title>\n<meta name=\"description\" content=\"Spodnie \u0107wiczebne Policja. Nowy wz\u00f3r. Wysoka jako\u015b\u0107 wykonania. Zgodne z wytycznymi MSWiA. Dost\u0119pne pe\u0142na gama rozmiar\u00f3w. Szeroko\u015b\u0107 pasa regulowana.\" \/>\n<meta name=\"robots\" content=\"index, follow, max-snippet:-1, max-video-preview:-1, noimageindex\" \/>\n<link rel=\"canonical\" href=\"https:\/\/pagon24.pl\/en\/product\/spodnie-cwiczebne-rip-stop-policja\/\" \/>\n<meta property=\"og:locale\" content=\"en_US\" \/>\n<meta property=\"og:type\" content=\"article\" \/>\n<meta property=\"og:title\" content=\"Spodnie \u0107wiczebne Rip-Stop - Pagon24.pl\" \/>\n<meta property=\"og:description\" content=\"Spodnie \u0107wiczebne Policja. Nowy wz\u00f3r. Wysoka jako\u015b\u0107 wykonania. Zgodne z wytycznymi MSWiA. Dost\u0119pne pe\u0142na gama rozmiar\u00f3w. Szeroko\u015b\u0107 pasa regulowana.\" \/>\n<meta property=\"og:url\" content=\"https:\/\/pagon24.pl\/en\/product\/spodnie-cwiczebne-rip-stop-policja\/\" \/>\n<meta property=\"og:site_name\" content=\"Pagon24.pl\" \/>\n<meta property=\"article:modified_time\" content=\"2026-03-23T10:56:44+00:00\" \/>\n<meta property=\"og:image\" content=\"https:\/\/pagon24.pl\/wp-content\/uploads\/2026\/03\/spodnie-cwiczebne-rip-stop-policja-1-1.jpg\" \/>\n\t<meta property=\"og:image:width\" content=\"648\" \/>\n\t<meta property=\"og:image:height\" content=\"648\" \/>\n\t<meta property=\"og:image:type\" content=\"image\/jpeg\" \/>\n<meta name=\"twitter:card\" content=\"summary_large_image\" \/>\n<meta name=\"twitter:label1\" content=\"Est. reading time\" \/>\n\t<meta name=\"twitter:data1\" content=\"2 minutes\" \/>\n<script type=\"application\/ld+json\" class=\"yoast-schema-graph\">{\"@context\":\"https:\\\/\\\/schema.org\",\"@graph\":[{\"@type\":\"WebPage\",\"@id\":\"https:\\\/\\\/pagon24.pl\\\/produkt\\\/spodnie-cwiczebne-rip-stop-policja\\\/\",\"url\":\"https:\\\/\\\/pagon24.pl\\\/produkt\\\/spodnie-cwiczebne-rip-stop-policja\\\/\",\"name\":\"Spodnie \u0107wiczebne Rip-Stop - Pagon24.pl\",\"isPartOf\":{\"@id\":\"https:\\\/\\\/pagon24.pl\\\/#website\"},\"primaryImageOfPage\":{\"@id\":\"https:\\\/\\\/pagon24.pl\\\/produkt\\\/spodnie-cwiczebne-rip-stop-policja\\\/#primaryimage\"},\"image\":{\"@id\":\"https:\\\/\\\/pagon24.pl\\\/produkt\\\/spodnie-cwiczebne-rip-stop-policja\\\/#primaryimage\"},\"thumbnailUrl\":\"https:\\\/\\\/pagon24.pl\\\/wp-content\\\/uploads\\\/2026\\\/03\\\/spodnie-cwiczebne-rip-stop-policja-1-1.jpg\",\"datePublished\":\"2026-03-15T20:34:58+00:00\",\"dateModified\":\"2026-03-23T10:56:44+00:00\",\"description\":\"Spodnie \u0107wiczebne Policja. Nowy wz\u00f3r. Wysoka jako\u015b\u0107 wykonania. Zgodne z wytycznymi MSWiA. Dost\u0119pne pe\u0142na gama rozmiar\u00f3w. Szeroko\u015b\u0107 pasa regulowana.\",\"breadcrumb\":{\"@id\":\"https:\\\/\\\/pagon24.pl\\\/produkt\\\/spodnie-cwiczebne-rip-stop-policja\\\/#breadcrumb\"},\"inLanguage\":\"en-US\",\"potentialAction\":[{\"@type\":\"ReadAction\",\"target\":[\"https:\\\/\\\/pagon24.pl\\\/produkt\\\/spodnie-cwiczebne-rip-stop-policja\\\/\"]}]},{\"@type\":\"ImageObject\",\"inLanguage\":\"en-US\",\"@id\":\"https:\\\/\\\/pagon24.pl\\\/produkt\\\/spodnie-cwiczebne-rip-stop-policja\\\/#primaryimage\",\"url\":\"https:\\\/\\\/pagon24.pl\\\/wp-content\\\/uploads\\\/2026\\\/03\\\/spodnie-cwiczebne-rip-stop-policja-1-1.jpg\",\"contentUrl\":\"https:\\\/\\\/pagon24.pl\\\/wp-content\\\/uploads\\\/2026\\\/03\\\/spodnie-cwiczebne-rip-stop-policja-1-1.jpg\",\"width\":648,\"height\":648},{\"@type\":\"BreadcrumbList\",\"@id\":\"https:\\\/\\\/pagon24.pl\\\/produkt\\\/spodnie-cwiczebne-rip-stop-policja\\\/#breadcrumb\",\"itemListElement\":[{\"@type\":\"ListItem\",\"position\":1,\"name\":\"Strona g\u0142\u00f3wna\",\"item\":\"https:\\\/\\\/pagon24.pl\\\/\"},{\"@type\":\"ListItem\",\"position\":2,\"name\":\"Katalog\",\"item\":\"https:\\\/\\\/pagon24.pl\\\/shop\\\/\"},{\"@type\":\"ListItem\",\"position\":3,\"name\":\"Spodnie \u0107wiczebne Rip-Stop\"}]},{\"@type\":\"WebSite\",\"@id\":\"https:\\\/\\\/pagon24.pl\\\/#website\",\"url\":\"https:\\\/\\\/pagon24.pl\\\/\",\"name\":\"Pagon24.pl\",\"description\":\"Sklep mundurowy we Wroc\u0142awiu\",\"publisher\":{\"@id\":\"https:\\\/\\\/pagon24.pl\\\/#organization\"},\"potentialAction\":[{\"@type\":\"SearchAction\",\"target\":{\"@type\":\"EntryPoint\",\"urlTemplate\":\"https:\\\/\\\/pagon24.pl\\\/?s={search_term_string}\"},\"query-input\":{\"@type\":\"PropertyValueSpecification\",\"valueRequired\":true,\"valueName\":\"search_term_string\"}}],\"inLanguage\":\"en-US\"},{\"@type\":\"Organization\",\"@id\":\"https:\\\/\\\/pagon24.pl\\\/#organization\",\"name\":\"Pagon24.pl\",\"url\":\"https:\\\/\\\/pagon24.pl\\\/\",\"logo\":{\"@type\":\"ImageObject\",\"inLanguage\":\"en-US\",\"@id\":\"https:\\\/\\\/pagon24.pl\\\/#\\\/schema\\\/logo\\\/image\\\/\",\"url\":\"https:\\\/\\\/pagon24.pl\\\/wp-content\\\/uploads\\\/2026\\\/03\\\/logo-pagon-granat.png\",\"contentUrl\":\"https:\\\/\\\/pagon24.pl\\\/wp-content\\\/uploads\\\/2026\\\/03\\\/logo-pagon-granat.png\",\"width\":569,\"height\":149,\"caption\":\"Pagon24.pl\"},\"image\":{\"@id\":\"https:\\\/\\\/pagon24.pl\\\/#\\\/schema\\\/logo\\\/image\\\/\"}}]}<\/script>\n<!-- \/ Yoast SEO plugin. -->","yoast_head_json":{"title":"Spodnie \u0107wiczebne Rip-Stop - Pagon24.pl","description":"Spodnie \u0107wiczebne Policja. Nowy wz\u00f3r. Wysoka jako\u015b\u0107 wykonania. Zgodne z wytycznymi MSWiA. Dost\u0119pne pe\u0142na gama rozmiar\u00f3w. Szeroko\u015b\u0107 pasa regulowana.","robots":{"index":"index","follow":"follow","max-snippet":"max-snippet:-1","max-video-preview":"max-video-preview:-1","imageindex":"noimageindex"},"canonical":"https:\/\/pagon24.pl\/en\/product\/spodnie-cwiczebne-rip-stop-policja\/","og_locale":"en_US","og_type":"article","og_title":"Spodnie \u0107wiczebne Rip-Stop - Pagon24.pl","og_description":"Spodnie \u0107wiczebne Policja. Nowy wz\u00f3r. Wysoka jako\u015b\u0107 wykonania. Zgodne z wytycznymi MSWiA. Dost\u0119pne pe\u0142na gama rozmiar\u00f3w. Szeroko\u015b\u0107 pasa regulowana.","og_url":"https:\/\/pagon24.pl\/en\/product\/spodnie-cwiczebne-rip-stop-policja\/","og_site_name":"Pagon24.pl","article_modified_time":"2026-03-23T10:56:44+00:00","og_image":[{"width":648,"height":648,"url":"https:\/\/pagon24.pl\/wp-content\/uploads\/2026\/03\/spodnie-cwiczebne-rip-stop-policja-1-1.jpg","type":"image\/jpeg"}],"twitter_card":"summary_large_image","twitter_misc":{"Est. reading time":"2 minutes"},"schema":{"@context":"https:\/\/schema.org","@graph":[{"@type":"WebPage","@id":"https:\/\/pagon24.pl\/produkt\/spodnie-cwiczebne-rip-stop-policja\/","url":"https:\/\/pagon24.pl\/produkt\/spodnie-cwiczebne-rip-stop-policja\/","name":"Spodnie \u0107wiczebne Rip-Stop - Pagon24.pl","isPartOf":{"@id":"https:\/\/pagon24.pl\/#website"},"primaryImageOfPage":{"@id":"https:\/\/pagon24.pl\/produkt\/spodnie-cwiczebne-rip-stop-policja\/#primaryimage"},"image":{"@id":"https:\/\/pagon24.pl\/produkt\/spodnie-cwiczebne-rip-stop-policja\/#primaryimage"},"thumbnailUrl":"https:\/\/pagon24.pl\/wp-content\/uploads\/2026\/03\/spodnie-cwiczebne-rip-stop-policja-1-1.jpg","datePublished":"2026-03-15T20:34:58+00:00","dateModified":"2026-03-23T10:56:44+00:00","description":"Spodnie \u0107wiczebne Policja. Nowy wz\u00f3r. Wysoka jako\u015b\u0107 wykonania. Zgodne z wytycznymi MSWiA. Dost\u0119pne pe\u0142na gama rozmiar\u00f3w. Szeroko\u015b\u0107 pasa regulowana.","breadcrumb":{"@id":"https:\/\/pagon24.pl\/produkt\/spodnie-cwiczebne-rip-stop-policja\/#breadcrumb"},"inLanguage":"en-US","potentialAction":[{"@type":"ReadAction","target":["https:\/\/pagon24.pl\/produkt\/spodnie-cwiczebne-rip-stop-policja\/"]}]},{"@type":"ImageObject","inLanguage":"en-US","@id":"https:\/\/pagon24.pl\/produkt\/spodnie-cwiczebne-rip-stop-policja\/#primaryimage","url":"https:\/\/pagon24.pl\/wp-content\/uploads\/2026\/03\/spodnie-cwiczebne-rip-stop-policja-1-1.jpg","contentUrl":"https:\/\/pagon24.pl\/wp-content\/uploads\/2026\/03\/spodnie-cwiczebne-rip-stop-policja-1-1.jpg","width":648,"height":648},{"@type":"BreadcrumbList","@id":"https:\/\/pagon24.pl\/produkt\/spodnie-cwiczebne-rip-stop-policja\/#breadcrumb","itemListElement":[{"@type":"ListItem","position":1,"name":"Strona g\u0142\u00f3wna","item":"https:\/\/pagon24.pl\/"},{"@type":"ListItem","position":2,"name":"Katalog","item":"https:\/\/pagon24.pl\/shop\/"},{"@type":"ListItem","position":3,"name":"Spodnie \u0107wiczebne Rip-Stop"}]},{"@type":"WebSite","@id":"https:\/\/pagon24.pl\/#website","url":"https:\/\/pagon24.pl\/","name":"Pagon24.pl","description":"Sklep mundurowy we Wroc\u0142awiu","publisher":{"@id":"https:\/\/pagon24.pl\/#organization"},"potentialAction":[{"@type":"SearchAction","target":{"@type":"EntryPoint","urlTemplate":"https:\/\/pagon24.pl\/?s={search_term_string}"},"query-input":{"@type":"PropertyValueSpecification","valueRequired":true,"valueName":"search_term_string"}}],"inLanguage":"en-US"},{"@type":"Organization","@id":"https:\/\/pagon24.pl\/#organization","name":"Pagon24.pl","url":"https:\/\/pagon24.pl\/","logo":{"@type":"ImageObject","inLanguage":"en-US","@id":"https:\/\/pagon24.pl\/#\/schema\/logo\/image\/","url":"https:\/\/pagon24.pl\/wp-content\/uploads\/2026\/03\/logo-pagon-granat.png","contentUrl":"https:\/\/pagon24.pl\/wp-content\/uploads\/2026\/03\/logo-pagon-granat.png","width":569,"height":149,"caption":"Pagon24.pl"},"image":{"@id":"https:\/\/pagon24.pl\/#\/schema\/logo\/image\/"}}]}},"_links":{"self":[{"href":"https:\/\/pagon24.pl\/en\/wp-json\/wp\/v2\/product\/29441","targetHints":{"allow":["GET"]}}],"collection":[{"href":"https:\/\/pagon24.pl\/en\/wp-json\/wp\/v2\/product"}],"about":[{"href":"https:\/\/pagon24.pl\/en\/wp-json\/wp\/v2\/types\/product"}],"replies":[{"embeddable":true,"href":"https:\/\/pagon24.pl\/en\/wp-json\/wp\/v2\/comments?post=29441"}],"version-history":[{"count":2,"href":"https:\/\/pagon24.pl\/en\/wp-json\/wp\/v2\/product\/29441\/revisions"}],"predecessor-version":[{"id":29448,"href":"https:\/\/pagon24.pl\/en\/wp-json\/wp\/v2\/product\/29441\/revisions\/29448"}],"wp:featuredmedia":[{"embeddable":true,"href":"https:\/\/pagon24.pl\/en\/wp-json\/wp\/v2\/media\/30867"}],"wp:attachment":[{"href":"https:\/\/pagon24.pl\/en\/wp-json\/wp\/v2\/media?parent=29441"}],"wp:term":[{"taxonomy":"product_brand","embeddable":true,"href":"https:\/\/pagon24.pl\/en\/wp-json\/wp\/v2\/product_brand?post=29441"},{"taxonomy":"product_cat","embeddable":true,"href":"https:\/\/pagon24.pl\/en\/wp-json\/wp\/v2\/product_cat?post=29441"},{"taxonomy":"product_tag","embeddable":true,"href":"https:\/\/pagon24.pl\/en\/wp-json\/wp\/v2\/product_tag?post=29441"}],"curies":[{"name":"wp","href":"https:\/\/api.w.org\/{rel}","templated":true}]}}