{"id":29027,"date":"2026-03-15T14:59:09","date_gmt":"2026-03-15T13:59:09","guid":{"rendered":"https:\/\/wordpress2621569.home.pl\/autoinstalator\/wordpressplus\/?post_type=product&#038;p=29027"},"modified":"2026-04-27T13:41:53","modified_gmt":"2026-04-27T11:41:53","slug":"bluza-cwiczebna-rip-stop","status":"publish","type":"product","link":"https:\/\/pagon24.pl\/en\/product\/bluza-cwiczebna-rip-stop\/","title":{"rendered":"Bluza \u0106wiczebna Rip-Stop"},"content":{"rendered":"\t\t<div data-elementor-type=\"wp-post\" data-elementor-id=\"29027\" class=\"elementor elementor-29027\">\n\t\t\t\t<div class=\"wd-negative-gap elementor-element elementor-element-19b4db35 e-flex e-con-boxed e-con e-parent\" data-id=\"19b4db35\" data-element_type=\"container\" data-e-type=\"container\">\n\t\t\t\t\t<div class=\"e-con-inner\">\n\t\t\t\t<div class=\"elementor-element elementor-element-279b9655 color-scheme-inherit text-left elementor-widget elementor-widget-text-editor\" data-id=\"279b9655\" data-element_type=\"widget\" data-e-type=\"widget\" data-widget_type=\"text-editor.default\">\n\t\t\t\t\t\t\t\t\t<p>Bluza Policyjna \u0106wiczebna zosta\u0142a wykonana z tkaniny Rip-Stop, co zwi\u0119ksza jej wytrzyma\u0142o\u015b\u0107. Bluza jest zabezpieczona przed przetarciami w kluczowych miejscach co czyni j\u0105 trwa\u0142ym elementem umundurowania.\u00a0 Kr\u00f3j i wykonanie jest w pe\u0142ni zgodne z wytycznymi MSWiA.<\/p><p>Bluza wyposa\u017cona \u0142\u0105cznie w 6 kieszeni. Po jednej na ka\u017cdym r\u0119kawie i czterema na klatce piersiowej.<\/p><p>Nadruki Policja zosta\u0142y wykonane w technice sitodruku farb\u0105 odblaskow\u0105. Dzi\u0119ki czemu nadruk jest trwa\u0142y i odporny na wielokrotne pranie oraz dobrze widoczny w warunkach ograniczonego o\u015bwietlenia<\/p><p>RIPSTOP charakteryzuje wykorzystaniem mocniejszego w\u0142\u00f3kna, pokrytego pow\u0142ok\u0105 oleofobow\u0105 i wodoodporn\u0105. Tkanina zapewnia dobr\u0105 odporno\u015bci\u0105 na przebarwienia. Dodatkowo gwarantuje wytrzyma\u0142o\u015b\u0107 na rozrywanie i rozdzieranie. Konstrukcja, nie powoduje \u017cadnych ucisk\u00f3w ani otar\u0107 cia\u0142a. Nie kr\u0119puje ruch\u00f3w, w zwi\u0105zku z czym zapewnia komfort u\u017cytkowania. Jedn\u0105 z istotniejszych cech RIPSTOPU jest odporno\u015b\u0107 na deformacje (wypychanie) oraz na dzia\u0142anie promieni UV.\u00a0<\/p><p><strong>Sk\u0142ad tkaniny:\u00a0<\/strong><span style=\"font-size: 14px; background-color: transparent;\">52% bawe\u0142na |\u00a0<\/span><span style=\"font-size: 14px; background-color: transparent;\">48% poliester |\u00a0<\/span><span style=\"font-size: 14px; background-color: transparent;\">Gramatura 250 g<\/span><\/p><div><p><strong><strong>\u00a0Pouczenie :<\/strong><\/strong><\/p><p><span style=\"text-decoration: underline;\"><strong>Art.\u00a0 227 KK. [Przyw\u0142aszczenie funkcji publicznej]<\/strong><\/span><br \/>\u00a0Kto, podaj\u0105c si\u0119 za funkcjonariusza publicznego albo wyzyskuj\u0105c b\u0142\u0119dne prze\u015bwiadczenie o tym innej osoby, wykonuje czynno\u015b\u0107 zwi\u0105zan\u0105 z jego funkcj\u0105, podlega grzywnie, karze ograniczenia wolno\u015bci albo pozbawienia wolno\u015bci do roku.<\/p><\/div>\t\t\t\t\t\t\t\t<\/div>\n\t\t\t\t\t<\/div>\n\t\t\t\t<\/div>\n\t\t\t\t<\/div>\n\t\t","protected":false},"excerpt":{"rendered":"<p>Bluza Policyjna \u0106wiczebna zosta\u0142a wykonana z tkaniny Rip-Stop, co zwi\u0119ksza jej wytrzyma\u0142o\u015b\u0107. Bluza jest zabezpieczona przed przetarciami w kluczowych miejscach co czyni j\u0105 trwa\u0142ym elementem umundurowania.\u00a0 Kr\u00f3j i wykonanie jest w pe\u0142ni zgodne z wytycznymi MSWiA.<\/p>\n<p>Bluza wyposa\u017cona w \u0142\u0105cznie 6 kieszeni. Po jednej na ka\u017cdym r\u0119kawie i czterema na klatce piersiowej.<\/p>\n<p>Nadruki Policja zosta\u0142y wykonane w technice sitodruku farb\u0105 odblaskow\u0105. Dzi\u0119ki temu nadruk jest trwa\u0142y i odporny na wielokrotne pranie oraz dobrze widoczny w warunkach ograniczonego o\u015bwietlenia.<\/p>","protected":false},"featured_media":30871,"comment_status":"open","ping_status":"closed","template":"","meta":[],"product_brand":[],"product_cat":[79],"product_tag":[],"class_list":{"0":"post-29027","1":"product","2":"type-product","3":"status-publish","4":"has-post-thumbnail","6":"product_cat-mundury-cwiczebne-policja","8":"first","9":"instock","10":"taxable","11":"shipping-taxable","12":"purchasable","13":"product-type-variable"},"yoast_head":"<!-- This site is optimized with the Yoast SEO plugin v27.5 - https:\/\/yoast.com\/product\/yoast-seo-wordpress\/ -->\n<title>Bluza \u0106wiczebna Rip-Stop - Pagon24.pl<\/title>\n<meta name=\"description\" content=\"Bluza \u0107wiczebna Policyjna wykonana zg. z wytycznymi MSWiA. Materia\u0142 Rip-Stop. Wszystkie rozmiary. Zapraszamy do zapoznania si\u0119 z ofert\u0105 sklepu.\" \/>\n<meta name=\"robots\" content=\"index, follow, max-snippet:-1, max-image-preview:large, max-video-preview:-1\" \/>\n<link rel=\"canonical\" href=\"https:\/\/pagon24.pl\/en\/product\/bluza-cwiczebna-rip-stop\/\" \/>\n<meta property=\"og:locale\" content=\"en_US\" \/>\n<meta property=\"og:type\" content=\"article\" \/>\n<meta property=\"og:title\" content=\"Bluza \u0106wiczebna Rip-Stop - Pagon24.pl\" \/>\n<meta property=\"og:description\" content=\"Bluza \u0107wiczebna Policyjna wykonana zg. z wytycznymi MSWiA. Materia\u0142 Rip-Stop. Wszystkie rozmiary. Zapraszamy do zapoznania si\u0119 z ofert\u0105 sklepu.\" \/>\n<meta property=\"og:url\" content=\"https:\/\/pagon24.pl\/en\/product\/bluza-cwiczebna-rip-stop\/\" \/>\n<meta property=\"og:site_name\" content=\"Pagon24.pl\" \/>\n<meta property=\"article:modified_time\" content=\"2026-04-27T11:41:53+00:00\" \/>\n<meta property=\"og:image\" content=\"https:\/\/pagon24.pl\/wp-content\/uploads\/2026\/03\/bluza-rip-stop-Policja-1.jpg\" \/>\n\t<meta property=\"og:image:width\" content=\"600\" \/>\n\t<meta property=\"og:image:height\" content=\"600\" \/>\n\t<meta property=\"og:image:type\" content=\"image\/jpeg\" \/>\n<meta name=\"twitter:card\" content=\"summary_large_image\" \/>\n<meta name=\"twitter:label1\" content=\"Est. reading time\" \/>\n\t<meta name=\"twitter:data1\" content=\"2 minutes\" \/>\n<script type=\"application\/ld+json\" class=\"yoast-schema-graph\">{\"@context\":\"https:\\\/\\\/schema.org\",\"@graph\":[{\"@type\":\"WebPage\",\"@id\":\"https:\\\/\\\/pagon24.pl\\\/produkt\\\/bluza-cwiczebna-rip-stop\\\/\",\"url\":\"https:\\\/\\\/pagon24.pl\\\/produkt\\\/bluza-cwiczebna-rip-stop\\\/\",\"name\":\"Bluza \u0106wiczebna Rip-Stop - Pagon24.pl\",\"isPartOf\":{\"@id\":\"https:\\\/\\\/pagon24.pl\\\/#website\"},\"primaryImageOfPage\":{\"@id\":\"https:\\\/\\\/pagon24.pl\\\/produkt\\\/bluza-cwiczebna-rip-stop\\\/#primaryimage\"},\"image\":{\"@id\":\"https:\\\/\\\/pagon24.pl\\\/produkt\\\/bluza-cwiczebna-rip-stop\\\/#primaryimage\"},\"thumbnailUrl\":\"https:\\\/\\\/pagon24.pl\\\/wp-content\\\/uploads\\\/2026\\\/03\\\/bluza-rip-stop-Policja-1.jpg\",\"datePublished\":\"2026-03-15T13:59:09+00:00\",\"dateModified\":\"2026-04-27T11:41:53+00:00\",\"description\":\"Bluza \u0107wiczebna Policyjna wykonana zg. z wytycznymi MSWiA. Materia\u0142 Rip-Stop. Wszystkie rozmiary. Zapraszamy do zapoznania si\u0119 z ofert\u0105 sklepu.\",\"breadcrumb\":{\"@id\":\"https:\\\/\\\/pagon24.pl\\\/produkt\\\/bluza-cwiczebna-rip-stop\\\/#breadcrumb\"},\"inLanguage\":\"en-US\",\"potentialAction\":[{\"@type\":\"ReadAction\",\"target\":[\"https:\\\/\\\/pagon24.pl\\\/produkt\\\/bluza-cwiczebna-rip-stop\\\/\"]}]},{\"@type\":\"ImageObject\",\"inLanguage\":\"en-US\",\"@id\":\"https:\\\/\\\/pagon24.pl\\\/produkt\\\/bluza-cwiczebna-rip-stop\\\/#primaryimage\",\"url\":\"https:\\\/\\\/pagon24.pl\\\/wp-content\\\/uploads\\\/2026\\\/03\\\/bluza-rip-stop-Policja-1.jpg\",\"contentUrl\":\"https:\\\/\\\/pagon24.pl\\\/wp-content\\\/uploads\\\/2026\\\/03\\\/bluza-rip-stop-Policja-1.jpg\",\"width\":600,\"height\":600},{\"@type\":\"BreadcrumbList\",\"@id\":\"https:\\\/\\\/pagon24.pl\\\/produkt\\\/bluza-cwiczebna-rip-stop\\\/#breadcrumb\",\"itemListElement\":[{\"@type\":\"ListItem\",\"position\":1,\"name\":\"Strona g\u0142\u00f3wna\",\"item\":\"https:\\\/\\\/pagon24.pl\\\/\"},{\"@type\":\"ListItem\",\"position\":2,\"name\":\"Katalog\",\"item\":\"https:\\\/\\\/pagon24.pl\\\/shop\\\/\"},{\"@type\":\"ListItem\",\"position\":3,\"name\":\"Bluza \u0106wiczebna Rip-Stop\"}]},{\"@type\":\"WebSite\",\"@id\":\"https:\\\/\\\/pagon24.pl\\\/#website\",\"url\":\"https:\\\/\\\/pagon24.pl\\\/\",\"name\":\"Pagon24.pl\",\"description\":\"Sklep mundurowy we Wroc\u0142awiu\",\"publisher\":{\"@id\":\"https:\\\/\\\/pagon24.pl\\\/#organization\"},\"potentialAction\":[{\"@type\":\"SearchAction\",\"target\":{\"@type\":\"EntryPoint\",\"urlTemplate\":\"https:\\\/\\\/pagon24.pl\\\/?s={search_term_string}\"},\"query-input\":{\"@type\":\"PropertyValueSpecification\",\"valueRequired\":true,\"valueName\":\"search_term_string\"}}],\"inLanguage\":\"en-US\"},{\"@type\":\"Organization\",\"@id\":\"https:\\\/\\\/pagon24.pl\\\/#organization\",\"name\":\"Pagon24.pl\",\"url\":\"https:\\\/\\\/pagon24.pl\\\/\",\"logo\":{\"@type\":\"ImageObject\",\"inLanguage\":\"en-US\",\"@id\":\"https:\\\/\\\/pagon24.pl\\\/#\\\/schema\\\/logo\\\/image\\\/\",\"url\":\"https:\\\/\\\/pagon24.pl\\\/wp-content\\\/uploads\\\/2026\\\/03\\\/logo-pagon-granat.png\",\"contentUrl\":\"https:\\\/\\\/pagon24.pl\\\/wp-content\\\/uploads\\\/2026\\\/03\\\/logo-pagon-granat.png\",\"width\":569,\"height\":149,\"caption\":\"Pagon24.pl\"},\"image\":{\"@id\":\"https:\\\/\\\/pagon24.pl\\\/#\\\/schema\\\/logo\\\/image\\\/\"}}]}<\/script>\n<!-- \/ Yoast SEO plugin. -->","yoast_head_json":{"title":"Bluza \u0106wiczebna Rip-Stop - Pagon24.pl","description":"Bluza \u0107wiczebna Policyjna wykonana zg. z wytycznymi MSWiA. Materia\u0142 Rip-Stop. Wszystkie rozmiary. Zapraszamy do zapoznania si\u0119 z ofert\u0105 sklepu.","robots":{"index":"index","follow":"follow","max-snippet":"max-snippet:-1","max-image-preview":"max-image-preview:large","max-video-preview":"max-video-preview:-1"},"canonical":"https:\/\/pagon24.pl\/en\/product\/bluza-cwiczebna-rip-stop\/","og_locale":"en_US","og_type":"article","og_title":"Bluza \u0106wiczebna Rip-Stop - Pagon24.pl","og_description":"Bluza \u0107wiczebna Policyjna wykonana zg. z wytycznymi MSWiA. Materia\u0142 Rip-Stop. Wszystkie rozmiary. Zapraszamy do zapoznania si\u0119 z ofert\u0105 sklepu.","og_url":"https:\/\/pagon24.pl\/en\/product\/bluza-cwiczebna-rip-stop\/","og_site_name":"Pagon24.pl","article_modified_time":"2026-04-27T11:41:53+00:00","og_image":[{"width":600,"height":600,"url":"https:\/\/pagon24.pl\/wp-content\/uploads\/2026\/03\/bluza-rip-stop-Policja-1.jpg","type":"image\/jpeg"}],"twitter_card":"summary_large_image","twitter_misc":{"Est. reading time":"2 minutes"},"schema":{"@context":"https:\/\/schema.org","@graph":[{"@type":"WebPage","@id":"https:\/\/pagon24.pl\/produkt\/bluza-cwiczebna-rip-stop\/","url":"https:\/\/pagon24.pl\/produkt\/bluza-cwiczebna-rip-stop\/","name":"Bluza \u0106wiczebna Rip-Stop - Pagon24.pl","isPartOf":{"@id":"https:\/\/pagon24.pl\/#website"},"primaryImageOfPage":{"@id":"https:\/\/pagon24.pl\/produkt\/bluza-cwiczebna-rip-stop\/#primaryimage"},"image":{"@id":"https:\/\/pagon24.pl\/produkt\/bluza-cwiczebna-rip-stop\/#primaryimage"},"thumbnailUrl":"https:\/\/pagon24.pl\/wp-content\/uploads\/2026\/03\/bluza-rip-stop-Policja-1.jpg","datePublished":"2026-03-15T13:59:09+00:00","dateModified":"2026-04-27T11:41:53+00:00","description":"Bluza \u0107wiczebna Policyjna wykonana zg. z wytycznymi MSWiA. Materia\u0142 Rip-Stop. Wszystkie rozmiary. Zapraszamy do zapoznania si\u0119 z ofert\u0105 sklepu.","breadcrumb":{"@id":"https:\/\/pagon24.pl\/produkt\/bluza-cwiczebna-rip-stop\/#breadcrumb"},"inLanguage":"en-US","potentialAction":[{"@type":"ReadAction","target":["https:\/\/pagon24.pl\/produkt\/bluza-cwiczebna-rip-stop\/"]}]},{"@type":"ImageObject","inLanguage":"en-US","@id":"https:\/\/pagon24.pl\/produkt\/bluza-cwiczebna-rip-stop\/#primaryimage","url":"https:\/\/pagon24.pl\/wp-content\/uploads\/2026\/03\/bluza-rip-stop-Policja-1.jpg","contentUrl":"https:\/\/pagon24.pl\/wp-content\/uploads\/2026\/03\/bluza-rip-stop-Policja-1.jpg","width":600,"height":600},{"@type":"BreadcrumbList","@id":"https:\/\/pagon24.pl\/produkt\/bluza-cwiczebna-rip-stop\/#breadcrumb","itemListElement":[{"@type":"ListItem","position":1,"name":"Strona g\u0142\u00f3wna","item":"https:\/\/pagon24.pl\/"},{"@type":"ListItem","position":2,"name":"Katalog","item":"https:\/\/pagon24.pl\/shop\/"},{"@type":"ListItem","position":3,"name":"Bluza \u0106wiczebna Rip-Stop"}]},{"@type":"WebSite","@id":"https:\/\/pagon24.pl\/#website","url":"https:\/\/pagon24.pl\/","name":"Pagon24.pl","description":"Sklep mundurowy we Wroc\u0142awiu","publisher":{"@id":"https:\/\/pagon24.pl\/#organization"},"potentialAction":[{"@type":"SearchAction","target":{"@type":"EntryPoint","urlTemplate":"https:\/\/pagon24.pl\/?s={search_term_string}"},"query-input":{"@type":"PropertyValueSpecification","valueRequired":true,"valueName":"search_term_string"}}],"inLanguage":"en-US"},{"@type":"Organization","@id":"https:\/\/pagon24.pl\/#organization","name":"Pagon24.pl","url":"https:\/\/pagon24.pl\/","logo":{"@type":"ImageObject","inLanguage":"en-US","@id":"https:\/\/pagon24.pl\/#\/schema\/logo\/image\/","url":"https:\/\/pagon24.pl\/wp-content\/uploads\/2026\/03\/logo-pagon-granat.png","contentUrl":"https:\/\/pagon24.pl\/wp-content\/uploads\/2026\/03\/logo-pagon-granat.png","width":569,"height":149,"caption":"Pagon24.pl"},"image":{"@id":"https:\/\/pagon24.pl\/#\/schema\/logo\/image\/"}}]}},"_links":{"self":[{"href":"https:\/\/pagon24.pl\/en\/wp-json\/wp\/v2\/product\/29027","targetHints":{"allow":["GET"]}}],"collection":[{"href":"https:\/\/pagon24.pl\/en\/wp-json\/wp\/v2\/product"}],"about":[{"href":"https:\/\/pagon24.pl\/en\/wp-json\/wp\/v2\/types\/product"}],"replies":[{"embeddable":true,"href":"https:\/\/pagon24.pl\/en\/wp-json\/wp\/v2\/comments?post=29027"}],"version-history":[{"count":13,"href":"https:\/\/pagon24.pl\/en\/wp-json\/wp\/v2\/product\/29027\/revisions"}],"predecessor-version":[{"id":29502,"href":"https:\/\/pagon24.pl\/en\/wp-json\/wp\/v2\/product\/29027\/revisions\/29502"}],"wp:featuredmedia":[{"embeddable":true,"href":"https:\/\/pagon24.pl\/en\/wp-json\/wp\/v2\/media\/30871"}],"wp:attachment":[{"href":"https:\/\/pagon24.pl\/en\/wp-json\/wp\/v2\/media?parent=29027"}],"wp:term":[{"taxonomy":"product_brand","embeddable":true,"href":"https:\/\/pagon24.pl\/en\/wp-json\/wp\/v2\/product_brand?post=29027"},{"taxonomy":"product_cat","embeddable":true,"href":"https:\/\/pagon24.pl\/en\/wp-json\/wp\/v2\/product_cat?post=29027"},{"taxonomy":"product_tag","embeddable":true,"href":"https:\/\/pagon24.pl\/en\/wp-json\/wp\/v2\/product_tag?post=29027"}],"curies":[{"name":"wp","href":"https:\/\/api.w.org\/{rel}","templated":true}]}}