{"id":32336,"date":"2026-03-26T15:53:21","date_gmt":"2026-03-26T14:53:21","guid":{"rendered":"https:\/\/pagon24.pl\/?page_id=32336"},"modified":"2026-03-27T14:53:48","modified_gmt":"2026-03-27T13:53:48","slug":"wysylka","status":"publish","type":"page","link":"https:\/\/pagon24.pl\/en\/wysylka\/","title":{"rendered":"Wysy\u0142ka"},"content":{"rendered":"<div data-elementor-type=\"wp-page\" data-elementor-id=\"32336\" class=\"elementor elementor-32336\">\n\t\t\t\t<div class=\"wd-negative-gap elementor-element elementor-element-14492891 e-flex e-con-boxed e-con e-parent\" data-id=\"14492891\" data-element_type=\"container\" data-e-type=\"container\">\n\t\t\t\t\t<div class=\"e-con-inner\">\n\t\t\t\t<div class=\"elementor-element elementor-element-1e3d6778 color-scheme-inherit text-left elementor-widget elementor-widget-text-editor\" data-id=\"1e3d6778\" data-element_type=\"widget\" data-e-type=\"widget\" data-widget_type=\"text-editor.default\">\n\t\t\t\t\t\t\t\t\t<p><\/p>\n<p>Wszystkie wysy\u0142ki z naszego sklepu realizowane s\u0105 przez firm\u0119 InPost. Op\u0142aty za przesy\u0142k\u0119 s\u0105 zgodne z aktualnym cennikiem firmy InPost i s\u0105 doliczono osobno do kwoty zam\u00f3wienia.\u00a0<\/p>\n<p>Aktualne ceny wysy\u0142ki dla przesy\u0142ek Inpost:\u00a0<\/p>\n<ul>\n<li>Paczkomat\u00a0 :<\/li>\n<li><strong>Gabaryt A:<\/strong> 8x38x64 cm- <strong>16,49z\u0142\u00a0<\/strong><\/li>\n<li><strong>Gabaryt B:<\/strong> 19x38x64 cm &#8211; <strong>18,49z\u0142\u00a0<\/strong><\/li>\n<li><strong>Gabaryt C:<\/strong> 41x38x64 cm &#8211; <strong>20,49z\u0142<\/strong>\u00a0<\/li>\n<\/ul>\n<p><\/p>\n<p>Przy zakupach powy\u017cej 500z\u0142 przesy\u0142ka jest darmowa.<\/p>\n<p><\/p>\n<p>Dost\u0119pne metody dostawy to:<\/p>\n<p><\/p>\n<p>PACZKOMAT &#8211; PACZKOMAT<\/p>\n<p><\/p>\n<p>PACZKOMAT &#8211; KURIER<\/p>\n<p><\/p>\t\t\t\t\t\t\t\t<\/div>\n\t\t\t\t\t<\/div>\n\t\t\t\t<\/div>\n\t\t\t\t<\/div>","protected":false},"excerpt":{"rendered":"<p>Wszystkie wysy\u0142ki z naszego sklepu realizowane s\u0105 przez firm\u0119 InPost. Op\u0142aty za przesy\u0142k\u0119 s\u0105 zgodne z aktualnym cennikiem firmy InPost<\/p>","protected":false},"author":1,"featured_media":0,"parent":0,"menu_order":0,"comment_status":"closed","ping_status":"closed","template":"","meta":{"footnotes":""},"class_list":["post-32336","page","type-page","status-publish","hentry"],"yoast_head":"<!-- This site is optimized with the Yoast SEO plugin v27.5 - https:\/\/yoast.com\/product\/yoast-seo-wordpress\/ -->\n<title>Wysy\u0142ka - Pagon24.pl<\/title>\n<meta name=\"robots\" content=\"index, follow, max-snippet:-1, max-image-preview:large, max-video-preview:-1\" \/>\n<link rel=\"canonical\" href=\"https:\/\/pagon24.pl\/en\/wysylka\/\" \/>\n<meta property=\"og:locale\" content=\"en_US\" \/>\n<meta property=\"og:type\" content=\"article\" \/>\n<meta property=\"og:title\" content=\"Wysy\u0142ka - Pagon24.pl\" \/>\n<meta property=\"og:description\" content=\"Wszystkie wysy\u0142ki z naszego sklepu realizowane s\u0105 przez firm\u0119 InPost. Op\u0142aty za przesy\u0142k\u0119 s\u0105 zgodne z aktualnym cennikiem firmy InPost\" \/>\n<meta property=\"og:url\" content=\"https:\/\/pagon24.pl\/en\/wysylka\/\" \/>\n<meta property=\"og:site_name\" content=\"Pagon24.pl\" \/>\n<meta property=\"article:modified_time\" content=\"2026-03-27T13:53:48+00:00\" \/>\n<meta name=\"twitter:card\" content=\"summary_large_image\" \/>\n<meta name=\"twitter:label1\" content=\"Est. reading time\" \/>\n\t<meta name=\"twitter:data1\" content=\"1 minute\" \/>\n<script type=\"application\/ld+json\" class=\"yoast-schema-graph\">{\"@context\":\"https:\\\/\\\/schema.org\",\"@graph\":[{\"@type\":\"WebPage\",\"@id\":\"https:\\\/\\\/pagon24.pl\\\/wysylka\\\/\",\"url\":\"https:\\\/\\\/pagon24.pl\\\/wysylka\\\/\",\"name\":\"Wysy\u0142ka - Pagon24.pl\",\"isPartOf\":{\"@id\":\"https:\\\/\\\/pagon24.pl\\\/#website\"},\"datePublished\":\"2026-03-26T14:53:21+00:00\",\"dateModified\":\"2026-03-27T13:53:48+00:00\",\"breadcrumb\":{\"@id\":\"https:\\\/\\\/pagon24.pl\\\/wysylka\\\/#breadcrumb\"},\"inLanguage\":\"en-US\",\"potentialAction\":[{\"@type\":\"ReadAction\",\"target\":[\"https:\\\/\\\/pagon24.pl\\\/wysylka\\\/\"]}]},{\"@type\":\"BreadcrumbList\",\"@id\":\"https:\\\/\\\/pagon24.pl\\\/wysylka\\\/#breadcrumb\",\"itemListElement\":[{\"@type\":\"ListItem\",\"position\":1,\"name\":\"Strona g\u0142\u00f3wna\",\"item\":\"https:\\\/\\\/pagon24.pl\\\/\"},{\"@type\":\"ListItem\",\"position\":2,\"name\":\"Wysy\u0142ka\"}]},{\"@type\":\"WebSite\",\"@id\":\"https:\\\/\\\/pagon24.pl\\\/#website\",\"url\":\"https:\\\/\\\/pagon24.pl\\\/\",\"name\":\"Pagon24.pl\",\"description\":\"Sklep mundurowy we Wroc\u0142awiu\",\"publisher\":{\"@id\":\"https:\\\/\\\/pagon24.pl\\\/#organization\"},\"potentialAction\":[{\"@type\":\"SearchAction\",\"target\":{\"@type\":\"EntryPoint\",\"urlTemplate\":\"https:\\\/\\\/pagon24.pl\\\/?s={search_term_string}\"},\"query-input\":{\"@type\":\"PropertyValueSpecification\",\"valueRequired\":true,\"valueName\":\"search_term_string\"}}],\"inLanguage\":\"en-US\"},{\"@type\":\"Organization\",\"@id\":\"https:\\\/\\\/pagon24.pl\\\/#organization\",\"name\":\"Pagon24.pl\",\"url\":\"https:\\\/\\\/pagon24.pl\\\/\",\"logo\":{\"@type\":\"ImageObject\",\"inLanguage\":\"en-US\",\"@id\":\"https:\\\/\\\/pagon24.pl\\\/#\\\/schema\\\/logo\\\/image\\\/\",\"url\":\"https:\\\/\\\/pagon24.pl\\\/wp-content\\\/uploads\\\/2026\\\/03\\\/logo-pagon-granat.png\",\"contentUrl\":\"https:\\\/\\\/pagon24.pl\\\/wp-content\\\/uploads\\\/2026\\\/03\\\/logo-pagon-granat.png\",\"width\":569,\"height\":149,\"caption\":\"Pagon24.pl\"},\"image\":{\"@id\":\"https:\\\/\\\/pagon24.pl\\\/#\\\/schema\\\/logo\\\/image\\\/\"}}]}<\/script>\n<!-- \/ Yoast SEO plugin. -->","yoast_head_json":{"title":"Wysy\u0142ka - Pagon24.pl","robots":{"index":"index","follow":"follow","max-snippet":"max-snippet:-1","max-image-preview":"max-image-preview:large","max-video-preview":"max-video-preview:-1"},"canonical":"https:\/\/pagon24.pl\/en\/wysylka\/","og_locale":"en_US","og_type":"article","og_title":"Wysy\u0142ka - Pagon24.pl","og_description":"Wszystkie wysy\u0142ki z naszego sklepu realizowane s\u0105 przez firm\u0119 InPost. Op\u0142aty za przesy\u0142k\u0119 s\u0105 zgodne z aktualnym cennikiem firmy InPost","og_url":"https:\/\/pagon24.pl\/en\/wysylka\/","og_site_name":"Pagon24.pl","article_modified_time":"2026-03-27T13:53:48+00:00","twitter_card":"summary_large_image","twitter_misc":{"Est. reading time":"1 minute"},"schema":{"@context":"https:\/\/schema.org","@graph":[{"@type":"WebPage","@id":"https:\/\/pagon24.pl\/wysylka\/","url":"https:\/\/pagon24.pl\/wysylka\/","name":"Wysy\u0142ka - Pagon24.pl","isPartOf":{"@id":"https:\/\/pagon24.pl\/#website"},"datePublished":"2026-03-26T14:53:21+00:00","dateModified":"2026-03-27T13:53:48+00:00","breadcrumb":{"@id":"https:\/\/pagon24.pl\/wysylka\/#breadcrumb"},"inLanguage":"en-US","potentialAction":[{"@type":"ReadAction","target":["https:\/\/pagon24.pl\/wysylka\/"]}]},{"@type":"BreadcrumbList","@id":"https:\/\/pagon24.pl\/wysylka\/#breadcrumb","itemListElement":[{"@type":"ListItem","position":1,"name":"Strona g\u0142\u00f3wna","item":"https:\/\/pagon24.pl\/"},{"@type":"ListItem","position":2,"name":"Wysy\u0142ka"}]},{"@type":"WebSite","@id":"https:\/\/pagon24.pl\/#website","url":"https:\/\/pagon24.pl\/","name":"Pagon24.pl","description":"Sklep mundurowy we Wroc\u0142awiu","publisher":{"@id":"https:\/\/pagon24.pl\/#organization"},"potentialAction":[{"@type":"SearchAction","target":{"@type":"EntryPoint","urlTemplate":"https:\/\/pagon24.pl\/?s={search_term_string}"},"query-input":{"@type":"PropertyValueSpecification","valueRequired":true,"valueName":"search_term_string"}}],"inLanguage":"en-US"},{"@type":"Organization","@id":"https:\/\/pagon24.pl\/#organization","name":"Pagon24.pl","url":"https:\/\/pagon24.pl\/","logo":{"@type":"ImageObject","inLanguage":"en-US","@id":"https:\/\/pagon24.pl\/#\/schema\/logo\/image\/","url":"https:\/\/pagon24.pl\/wp-content\/uploads\/2026\/03\/logo-pagon-granat.png","contentUrl":"https:\/\/pagon24.pl\/wp-content\/uploads\/2026\/03\/logo-pagon-granat.png","width":569,"height":149,"caption":"Pagon24.pl"},"image":{"@id":"https:\/\/pagon24.pl\/#\/schema\/logo\/image\/"}}]}},"_links":{"self":[{"href":"https:\/\/pagon24.pl\/en\/wp-json\/wp\/v2\/pages\/32336","targetHints":{"allow":["GET"]}}],"collection":[{"href":"https:\/\/pagon24.pl\/en\/wp-json\/wp\/v2\/pages"}],"about":[{"href":"https:\/\/pagon24.pl\/en\/wp-json\/wp\/v2\/types\/page"}],"author":[{"embeddable":true,"href":"https:\/\/pagon24.pl\/en\/wp-json\/wp\/v2\/users\/1"}],"replies":[{"embeddable":true,"href":"https:\/\/pagon24.pl\/en\/wp-json\/wp\/v2\/comments?post=32336"}],"version-history":[{"count":4,"href":"https:\/\/pagon24.pl\/en\/wp-json\/wp\/v2\/pages\/32336\/revisions"}],"predecessor-version":[{"id":32389,"href":"https:\/\/pagon24.pl\/en\/wp-json\/wp\/v2\/pages\/32336\/revisions\/32389"}],"wp:attachment":[{"href":"https:\/\/pagon24.pl\/en\/wp-json\/wp\/v2\/media?parent=32336"}],"curies":[{"name":"wp","href":"https:\/\/api.w.org\/{rel}","templated":true}]}}