{"id":30474,"date":"2026-03-21T19:16:59","date_gmt":"2026-03-21T18:16:59","guid":{"rendered":"https:\/\/pagon24.pl\/?page_id=30474"},"modified":"2026-03-27T16:21:19","modified_gmt":"2026-03-27T15:21:19","slug":"polityka-prywatnosci-2","status":"publish","type":"page","link":"https:\/\/pagon24.pl\/en\/polityka-prywatnosci-2\/","title":{"rendered":"Polityka prywatno\u015bci"},"content":{"rendered":"<p class=\"wp-block-wd-paragraph wd-659f96b2\"><strong>1. Administrator Danych Osobowych<\/strong><\/p>\n\n\n\n<p class=\"wp-block-wd-paragraph wd-aebb3b7f\">Administratorem Twoich danych osobowych jest <strong>O&amp;M Sp. z O.O.<\/strong> , z siedzib\u0105 w Nowy Dw\u00f3r 34 55-100 Nowy Dw\u00f3r, wpisana do rejestru przedsi\u0119biorc\u00f3w Krajowego Rejestru S\u0105dowego prowadzonego przez S\u0105d Rejonowy we Wroc\u0142awiu \u2013 Fabryczna Bydgoszczy, IX Wydzia\u0142 Gospodarczy Krajowego Rejestru S\u0105dowego pod numerem KRS 0001219569, NIP: 9151838154<br>REGON: 543844329 Kapita\u0142 zak\u0142adowy: 5,000z\u0142 e-mail: sklep@pagon24.pl.<\/p>\n\n\n\n<p class=\"wp-block-wd-paragraph wd-da2256f7\"><strong>Kto b\u0119dzie mia\u0142 dost\u0119p do twoich danych: <\/strong><\/p>\n\n\n\n<p class=\"wp-block-wd-paragraph wd-7e60b208\">Cz\u0142onkowie naszego zespo\u0142u maj\u0105 dost\u0119p do informacji, kt\u00f3re nam podajesz. Np. administratorzy i obs\u0142uga sklepu maj\u0105 dost\u0119p do:<\/p>\n\n\n\n<ul class=\"wp-block-list\">\n<li>Szczeg\u00f3\u0142y zam\u00f3wie\u0144, takie jak kupione pozycje, data zam\u00f3wienia, adres wysy\u0142ki i<\/li>\n\n\n\n<li>Informacje o klientach, takie jak imi\u0119 i nazwisko, adres e-mail i informacje dotycz\u0105ce fakturowania i wysy\u0142ki.<\/li>\n<\/ul>\n\n\n\n<p>Nasz zesp\u00f3\u0142 ma dost\u0119p do tych informacji, aby obs\u0142ugiwa\u0107 zam\u00f3wienia, zwroty oraz oferowa\u0107 wsparcie.<\/p>\n\n\n\n<p class=\"wp-block-wd-paragraph wd-8391dcb6\"><strong>2. Jakie dane b\u0119dziemy przechowywa\u0107: <\/strong><\/p>\n\n\n\n<p class=\"wp-block-wd-paragraph wd-89816338\">Gdy kupujesz w naszym sklepie, poprosimy ci\u0119 o podanie informacji zawieraj\u0105cych imi\u0119 i nazwisko, adresy p\u0142atno\u015bci i wysy\u0142ki, e-mail, telefon, dane p\u0142atno\u015bci lub karty i opcjonalne dane konta: nazwa u\u017cytkownika i has\u0142o. B\u0119dziemy wykorzystywa\u0107 te informacje w poni\u017cszych celach:<\/p>\n\n\n\n<ul class=\"wp-block-list\">\n<li>Przesy\u0142anie informacji o twoim koncie i zam\u00f3wieniach<\/li>\n\n\n\n<li>Odpowiadanie na twoje zg\u0142oszenia, w tym zwroty i reklamacje<\/li>\n\n\n\n<li>Procesowanie p\u0142atno\u015bci i zapobieganie oszustwom<\/li>\n\n\n\n<li>Za\u0142o\u017cenie konta w naszym sklepie<\/li>\n\n\n\n<li>Spe\u0142nienie zobowi\u0105za\u0144 prawnych, np. obliczania podatk\u00f3w<\/li>\n\n\n\n<li>Ulepszanie oferty sklepu<\/li>\n\n\n\n<li>Wysy\u0142anie informacji marketingowych, je\u015bli zgodzisz si\u0119 na ich otrzymywanie<\/li>\n<\/ul>\n\n\n\n<p>Je\u015bli utworzysz konto, zachowamy twoje imi\u0119 i nazwisko, adres, e-mail oraz numer telefonu, kt\u00f3re b\u0119d\u0105 wykorzystane przy sk\u0142adaniu nast\u0119pnych zam\u00f3wie\u0144.<\/p>\n\n\n\n<p class=\"wp-block-wd-paragraph wd-37698aab\"><strong>3. Cel i podstawa przetwarzania danych<\/strong><\/p>\n\n\n\n<p class=\"wp-block-wd-paragraph wd-03969599\">Twoje dane przetwarzamy w celu:<\/p>\n\n\n\n<ul class=\"wp-block-list\">\n<li><strong>Realizacji zam\u00f3wienia<\/strong>&nbsp;(wysy\u0142ka towaru, wystawienie faktury): na podstawie art. 6 ust. 1 lit. b RODO.<\/li>\n\n\n\n<li><strong>Obs\u0142ugi p\u0142atno\u015bci<\/strong>: na podstawie art. 6 ust. 1 lit. b RODO.<\/li>\n\n\n\n<li><strong>Newslettera<\/strong>: na podstawie Twojej dobrowolnej zgody (art. 6 ust. 1 lit. a RODO).<\/li>\n\n\n\n<li><strong>Plik\u00f3w cookie<\/strong>: w celach statystycznych i funkcjonalnych (art. 6 ust. 1 lit. f RODO).<\/li>\n\n\n\n<li><strong>Przegl\u0105dane produkty:<\/strong> u\u017cyjemy tych informacji, aby na przyk\u0142ad pokaza\u0107 ci ostatnio ogl\u0105dane produkty<\/li>\n\n\n\n<li><strong>Lokalizacja, adres IP i przegl\u0105darka: <\/strong>u\u017cyjemy tych danych do oszacowania podatk\u00f3w i koszt\u00f3w wysy\u0142ki<\/li>\n\n\n\n<li><strong>Adres wysy\u0142ki:<\/strong> poprosimy ci\u0119 o wpisanie adresu, aby\u015bmy mogli na przyk\u0142ad oszacowa\u0107 koszty wysy\u0142ki przed z\u0142o\u017ceniem zam\u00f3wienia i wys\u0142a\u0107 zam\u00f3wienie!<\/li>\n\n\n\n<li>B\u0119dziemy r\u00f3wnie\u017c u\u017cywa\u0107 plik\u00f3w cookie do \u015bledzenia zawarto\u015bci koszyka podczas przegl\u0105dania naszej witryny.<\/li>\n<\/ul>\n\n\n\n<p class=\"wp-block-wd-paragraph wd-463efb17\"><strong>4. Odbiorcy danych (Partnerzy)<\/strong><\/p>\n\n\n\n<p class=\"wp-block-wd-paragraph wd-28d82dfe\">Aby zrealizowa\u0107 Twoje zam\u00f3wienie, udost\u0119pniamy dane nast\u0119puj\u0105cym podmiotom:<\/p>\n\n\n\n<ul class=\"wp-block-list\">\n<li><strong>P\u0142atno\u015bci:<\/strong>&nbsp;Operatorem p\u0142atno\u015bci online jest platforma&nbsp;<strong>imoje<\/strong>, obs\u0142ugiwana przez ING Bank \u015al\u0105ski S.A. To tam trafiaj\u0105 Twoje dane w celu autoryzacji p\u0142atno\u015bci&nbsp;<strong>kart\u0105 p\u0142atnicz\u0105<\/strong>&nbsp;lub kodem&nbsp;<strong>BLIK<\/strong>.<\/li>\n\n\n\n<li><strong>Dostawa:<\/strong>&nbsp;Twoje dane adresowe oraz numer telefonu przekazujemy firmie&nbsp;<strong>InPost Sp. z o.o.<\/strong>&nbsp;w celu dostarczenia przesy\u0142ki do Paczkomatu lub pod wskazany adres.<\/li>\n\n\n\n<li><strong>Systemy IT:<\/strong>&nbsp;Dostawcy us\u0142ug hostingowych i system\u00f3w do wysy\u0142ki newslettera.<\/li>\n<\/ul>\n\n\n\n<p class=\"wp-block-wd-paragraph wd-04736cd8\"><strong>5. Pliki Cookie (Ciasteczka)<\/strong><\/p>\n\n\n\n<p class=\"wp-block-wd-paragraph wd-fe012c89\">Strona pagon4.pl korzysta z plik\u00f3w cookie. S\u0105 one zapisywane w pami\u0119ci Twojego urz\u0105dzenia, aby:<\/p>\n\n\n\n<ul class=\"wp-block-list\">\n<li>Umo\u017cliwi\u0107 dzia\u0142anie koszyka zakupowego.<\/li>\n\n\n\n<li>Zbiera\u0107 anonimowe dane statystyczne.<\/li>\n\n\n\n<li>Mo\u017cesz zarz\u0105dza\u0107 ciasteczkami w ustawieniach swojej przegl\u0105darki internetowej.<\/li>\n<\/ul>\n\n\n\n<p class=\"wp-block-wd-paragraph wd-20b1ef29\"><strong>6. Twoje prawa<\/strong><\/p>\n\n\n\n<p class=\"wp-block-wd-paragraph wd-e7bba79b\">W zwi\u0105zku z przetwarzaniem danych masz prawo do:<\/p>\n\n\n\n<ul class=\"wp-block-list\">\n<li>Wgl\u0105du w swoje dane, ich poprawiania lub usuni\u0119cia.<\/li>\n\n\n\n<li>Sprzeciwu wobec przetwarzania oraz przenoszenia danych, jednak wtedy nie b\u0119dziemy w stanie przetworzy\u0107 i zrealizowa\u0107 twojego zam\u00f3wienia w sklepie on-line. <\/li>\n\n\n\n<li>Wycofania zgody na newsletter (link w stopce ka\u017cdego e-maila).<\/li>\n\n\n\n<li>Z\u0142o\u017cenia skargi do Prezesa Urz\u0119du Ochrony Danych Osobowych.<\/li>\n<\/ul>\n\n\n\n<p class=\"wp-block-wd-paragraph wd-10304ddc\"><strong>7. Czas przechowywania danych<\/strong><\/p>\n\n\n\n<p>Dane zwi\u0105zane z zakupami przechowujemy przez czas wymagany przepisami prawa skarbowego (5 lat od ko\u0144ca roku kalendarzowego). Dane do newslettera przechowujemy do momentu Twojej rezygnacji z subskrypcji.<\/p>\n\n\n\n<p><\/p>","protected":false},"excerpt":{"rendered":"<p>Nasz zesp\u00f3\u0142 ma dost\u0119p do tych informacji, aby obs\u0142ugiwa\u0107 zam\u00f3wienia, zwroty oraz oferowa\u0107 wsparcie. Je\u015bli utworzysz konto, zachowamy twoje imi\u0119<\/p>","protected":false},"author":1,"featured_media":0,"parent":0,"menu_order":0,"comment_status":"closed","ping_status":"closed","template":"","meta":{"footnotes":""},"class_list":["post-30474","page","type-page","status-publish","hentry"],"yoast_head":"<!-- This site is optimized with the Yoast SEO plugin v27.5 - https:\/\/yoast.com\/product\/yoast-seo-wordpress\/ -->\n<title>Polityka prywatno\u015bci - Pagon24.pl<\/title>\n<meta name=\"robots\" content=\"index, follow, max-snippet:-1, max-image-preview:large, max-video-preview:-1\" \/>\n<link rel=\"canonical\" href=\"https:\/\/pagon24.pl\/en\/polityka-prywatnosci-2\/\" \/>\n<meta property=\"og:locale\" content=\"en_US\" \/>\n<meta property=\"og:type\" content=\"article\" \/>\n<meta property=\"og:title\" content=\"Polityka prywatno\u015bci - Pagon24.pl\" \/>\n<meta property=\"og:description\" content=\"Nasz zesp\u00f3\u0142 ma dost\u0119p do tych informacji, aby obs\u0142ugiwa\u0107 zam\u00f3wienia, zwroty oraz oferowa\u0107 wsparcie. Je\u015bli utworzysz konto, zachowamy twoje imi\u0119\" \/>\n<meta property=\"og:url\" content=\"https:\/\/pagon24.pl\/en\/polityka-prywatnosci-2\/\" \/>\n<meta property=\"og:site_name\" content=\"Pagon24.pl\" \/>\n<meta property=\"article:modified_time\" content=\"2026-03-27T15:21:19+00:00\" \/>\n<meta name=\"twitter:card\" content=\"summary_large_image\" \/>\n<meta name=\"twitter:label1\" content=\"Est. reading time\" \/>\n\t<meta name=\"twitter:data1\" content=\"4 minutes\" \/>\n<script type=\"application\/ld+json\" class=\"yoast-schema-graph\">{\"@context\":\"https:\\\/\\\/schema.org\",\"@graph\":[{\"@type\":\"WebPage\",\"@id\":\"https:\\\/\\\/pagon24.pl\\\/polityka-prywatnosci-2\\\/\",\"url\":\"https:\\\/\\\/pagon24.pl\\\/polityka-prywatnosci-2\\\/\",\"name\":\"Polityka prywatno\u015bci - Pagon24.pl\",\"isPartOf\":{\"@id\":\"https:\\\/\\\/pagon24.pl\\\/#website\"},\"datePublished\":\"2026-03-21T18:16:59+00:00\",\"dateModified\":\"2026-03-27T15:21:19+00:00\",\"breadcrumb\":{\"@id\":\"https:\\\/\\\/pagon24.pl\\\/polityka-prywatnosci-2\\\/#breadcrumb\"},\"inLanguage\":\"en-US\",\"potentialAction\":[{\"@type\":\"ReadAction\",\"target\":[\"https:\\\/\\\/pagon24.pl\\\/polityka-prywatnosci-2\\\/\"]}]},{\"@type\":\"BreadcrumbList\",\"@id\":\"https:\\\/\\\/pagon24.pl\\\/polityka-prywatnosci-2\\\/#breadcrumb\",\"itemListElement\":[{\"@type\":\"ListItem\",\"position\":1,\"name\":\"Strona g\u0142\u00f3wna\",\"item\":\"https:\\\/\\\/pagon24.pl\\\/\"},{\"@type\":\"ListItem\",\"position\":2,\"name\":\"Polityka prywatno\u015bci\"}]},{\"@type\":\"WebSite\",\"@id\":\"https:\\\/\\\/pagon24.pl\\\/#website\",\"url\":\"https:\\\/\\\/pagon24.pl\\\/\",\"name\":\"Pagon24.pl\",\"description\":\"Sklep mundurowy we Wroc\u0142awiu\",\"publisher\":{\"@id\":\"https:\\\/\\\/pagon24.pl\\\/#organization\"},\"potentialAction\":[{\"@type\":\"SearchAction\",\"target\":{\"@type\":\"EntryPoint\",\"urlTemplate\":\"https:\\\/\\\/pagon24.pl\\\/?s={search_term_string}\"},\"query-input\":{\"@type\":\"PropertyValueSpecification\",\"valueRequired\":true,\"valueName\":\"search_term_string\"}}],\"inLanguage\":\"en-US\"},{\"@type\":\"Organization\",\"@id\":\"https:\\\/\\\/pagon24.pl\\\/#organization\",\"name\":\"Pagon24.pl\",\"url\":\"https:\\\/\\\/pagon24.pl\\\/\",\"logo\":{\"@type\":\"ImageObject\",\"inLanguage\":\"en-US\",\"@id\":\"https:\\\/\\\/pagon24.pl\\\/#\\\/schema\\\/logo\\\/image\\\/\",\"url\":\"https:\\\/\\\/pagon24.pl\\\/wp-content\\\/uploads\\\/2026\\\/03\\\/logo-pagon-granat.png\",\"contentUrl\":\"https:\\\/\\\/pagon24.pl\\\/wp-content\\\/uploads\\\/2026\\\/03\\\/logo-pagon-granat.png\",\"width\":569,\"height\":149,\"caption\":\"Pagon24.pl\"},\"image\":{\"@id\":\"https:\\\/\\\/pagon24.pl\\\/#\\\/schema\\\/logo\\\/image\\\/\"}}]}<\/script>\n<!-- \/ Yoast SEO plugin. -->","yoast_head_json":{"title":"Polityka prywatno\u015bci - Pagon24.pl","robots":{"index":"index","follow":"follow","max-snippet":"max-snippet:-1","max-image-preview":"max-image-preview:large","max-video-preview":"max-video-preview:-1"},"canonical":"https:\/\/pagon24.pl\/en\/polityka-prywatnosci-2\/","og_locale":"en_US","og_type":"article","og_title":"Polityka prywatno\u015bci - Pagon24.pl","og_description":"Nasz zesp\u00f3\u0142 ma dost\u0119p do tych informacji, aby obs\u0142ugiwa\u0107 zam\u00f3wienia, zwroty oraz oferowa\u0107 wsparcie. Je\u015bli utworzysz konto, zachowamy twoje imi\u0119","og_url":"https:\/\/pagon24.pl\/en\/polityka-prywatnosci-2\/","og_site_name":"Pagon24.pl","article_modified_time":"2026-03-27T15:21:19+00:00","twitter_card":"summary_large_image","twitter_misc":{"Est. reading time":"4 minutes"},"schema":{"@context":"https:\/\/schema.org","@graph":[{"@type":"WebPage","@id":"https:\/\/pagon24.pl\/polityka-prywatnosci-2\/","url":"https:\/\/pagon24.pl\/polityka-prywatnosci-2\/","name":"Polityka prywatno\u015bci - Pagon24.pl","isPartOf":{"@id":"https:\/\/pagon24.pl\/#website"},"datePublished":"2026-03-21T18:16:59+00:00","dateModified":"2026-03-27T15:21:19+00:00","breadcrumb":{"@id":"https:\/\/pagon24.pl\/polityka-prywatnosci-2\/#breadcrumb"},"inLanguage":"en-US","potentialAction":[{"@type":"ReadAction","target":["https:\/\/pagon24.pl\/polityka-prywatnosci-2\/"]}]},{"@type":"BreadcrumbList","@id":"https:\/\/pagon24.pl\/polityka-prywatnosci-2\/#breadcrumb","itemListElement":[{"@type":"ListItem","position":1,"name":"Strona g\u0142\u00f3wna","item":"https:\/\/pagon24.pl\/"},{"@type":"ListItem","position":2,"name":"Polityka prywatno\u015bci"}]},{"@type":"WebSite","@id":"https:\/\/pagon24.pl\/#website","url":"https:\/\/pagon24.pl\/","name":"Pagon24.pl","description":"Sklep mundurowy we Wroc\u0142awiu","publisher":{"@id":"https:\/\/pagon24.pl\/#organization"},"potentialAction":[{"@type":"SearchAction","target":{"@type":"EntryPoint","urlTemplate":"https:\/\/pagon24.pl\/?s={search_term_string}"},"query-input":{"@type":"PropertyValueSpecification","valueRequired":true,"valueName":"search_term_string"}}],"inLanguage":"en-US"},{"@type":"Organization","@id":"https:\/\/pagon24.pl\/#organization","name":"Pagon24.pl","url":"https:\/\/pagon24.pl\/","logo":{"@type":"ImageObject","inLanguage":"en-US","@id":"https:\/\/pagon24.pl\/#\/schema\/logo\/image\/","url":"https:\/\/pagon24.pl\/wp-content\/uploads\/2026\/03\/logo-pagon-granat.png","contentUrl":"https:\/\/pagon24.pl\/wp-content\/uploads\/2026\/03\/logo-pagon-granat.png","width":569,"height":149,"caption":"Pagon24.pl"},"image":{"@id":"https:\/\/pagon24.pl\/#\/schema\/logo\/image\/"}}]}},"_links":{"self":[{"href":"https:\/\/pagon24.pl\/en\/wp-json\/wp\/v2\/pages\/30474","targetHints":{"allow":["GET"]}}],"collection":[{"href":"https:\/\/pagon24.pl\/en\/wp-json\/wp\/v2\/pages"}],"about":[{"href":"https:\/\/pagon24.pl\/en\/wp-json\/wp\/v2\/types\/page"}],"author":[{"embeddable":true,"href":"https:\/\/pagon24.pl\/en\/wp-json\/wp\/v2\/users\/1"}],"replies":[{"embeddable":true,"href":"https:\/\/pagon24.pl\/en\/wp-json\/wp\/v2\/comments?post=30474"}],"version-history":[{"count":3,"href":"https:\/\/pagon24.pl\/en\/wp-json\/wp\/v2\/pages\/30474\/revisions"}],"predecessor-version":[{"id":32404,"href":"https:\/\/pagon24.pl\/en\/wp-json\/wp\/v2\/pages\/30474\/revisions\/32404"}],"wp:attachment":[{"href":"https:\/\/pagon24.pl\/en\/wp-json\/wp\/v2\/media?parent=30474"}],"curies":[{"name":"wp","href":"https:\/\/api.w.org\/{rel}","templated":true}]}}